{"id":8543,"date":"2022-05-08T09:31:59","date_gmt":"2022-05-08T12:31:59","guid":{"rendered":"https:\/\/sbfisica.org.br\/v1\/sbf\/?page_id=8543"},"modified":"2025-11-24T10:20:35","modified_gmt":"2025-11-24T13:20:35","slug":"grupos-de-trabalho","status":"publish","type":"page","link":"https:\/\/www.sbfisica.org.br\/v1\/sbf\/comissoes\/grupos-de-trabalho\/","title":{"rendered":"Grupos de Trabalho"},"content":{"rendered":"<style>.elementor-8543 .elementor-element.elementor-element-3e5d7dd:not(.elementor-motion-effects-element-type-background), .elementor-8543 .elementor-element.elementor-element-3e5d7dd > .elementor-motion-effects-container > .elementor-motion-effects-layer{background-color:#FAF9F6;background-image:url(\"https:\/\/www.sbfisica.org.br\/v1\/sbf\/wp-content\/uploads\/2022\/05\/imprecise-data-2021-09-24-03-34-07-utc-1-scaled.jpg\");background-position:center center;background-repeat:no-repeat;background-size:cover;}.elementor-8543 .elementor-element.elementor-element-3e5d7dd > .elementor-background-overlay{background-color:transparent;background-image:linear-gradient(40deg, var( --e-global-color-secondary ) 50%, #FFFFFF00 70%);opacity:0.8;transition:background 0.3s, border-radius 0.3s, opacity 0.3s;}.elementor-8543 .elementor-element.elementor-element-3e5d7dd{transition:background 0.3s, border 0.3s, border-radius 0.3s, box-shadow 0.3s;margin-top:0%;margin-bottom:3%;padding:120px 0px 120px 0px;}.elementor-widget-heading .elementor-heading-title{font-family:var( --e-global-typography-primary-font-family ), raleway;font-weight:var( --e-global-typography-primary-font-weight );color:var( --e-global-color-primary );}.elementor-8543 .elementor-element.elementor-element-78c71b4{text-align:start;}.elementor-8543 .elementor-element.elementor-element-78c71b4 .elementor-heading-title{font-family:\"Kanit\", raleway;font-size:50px;font-weight:600;color:#FFFFFF;}.elementor-8543 .elementor-element.elementor-element-fbdac53:not(.elementor-motion-effects-element-type-background), .elementor-8543 .elementor-element.elementor-element-fbdac53 > .elementor-motion-effects-container > .elementor-motion-effects-layer{background-color:var( --e-global-color-247ad3a );}.elementor-8543 .elementor-element.elementor-element-fbdac53{transition:background 0.3s, border 0.3s, border-radius 0.3s, box-shadow 0.3s;padding:0em 0em 2em 0em;}.elementor-8543 .elementor-element.elementor-element-fbdac53 > .elementor-background-overlay{transition:background 0.3s, border-radius 0.3s, opacity 0.3s;}.elementor-widget-text-editor{font-family:var( --e-global-typography-text-font-family ), raleway;font-weight:var( --e-global-typography-text-font-weight );color:var( --e-global-color-text );}.elementor-widget-text-editor.elementor-drop-cap-view-stacked .elementor-drop-cap{background-color:var( --e-global-color-primary );}.elementor-widget-text-editor.elementor-drop-cap-view-framed .elementor-drop-cap, .elementor-widget-text-editor.elementor-drop-cap-view-default .elementor-drop-cap{color:var( --e-global-color-primary );border-color:var( --e-global-color-primary );}.elementor-8543 .elementor-element.elementor-element-8e0e0cc{text-align:justify;}.elementor-widget-accordion .elementor-accordion-icon, .elementor-widget-accordion .elementor-accordion-title{color:var( --e-global-color-primary );}.elementor-widget-accordion .elementor-accordion-icon svg{fill:var( --e-global-color-primary );}.elementor-widget-accordion .elementor-active .elementor-accordion-icon, .elementor-widget-accordion .elementor-active .elementor-accordion-title{color:var( --e-global-color-accent );}.elementor-widget-accordion .elementor-active .elementor-accordion-icon svg{fill:var( --e-global-color-accent );}.elementor-widget-accordion .elementor-accordion-title{font-family:var( --e-global-typography-primary-font-family ), raleway;font-weight:var( --e-global-typography-primary-font-weight );}.elementor-widget-accordion .elementor-tab-content{color:var( --e-global-color-text );font-family:var( --e-global-typography-text-font-family ), raleway;font-weight:var( --e-global-typography-text-font-weight );}.elementor-8543 .elementor-element.elementor-element-a3ed987 .elementor-accordion-item{border-color:var( --e-global-color-e604687 );}.elementor-8543 .elementor-element.elementor-element-a3ed987 .elementor-accordion-item .elementor-tab-content{border-block-start-color:var( --e-global-color-e604687 );}.elementor-8543 .elementor-element.elementor-element-a3ed987 .elementor-accordion-item .elementor-tab-title.elementor-active{border-block-end-color:var( --e-global-color-e604687 );}.elementor-8543 .elementor-element.elementor-element-a3ed987 .elementor-accordion-icon, .elementor-8543 .elementor-element.elementor-element-a3ed987 .elementor-accordion-title{color:var( --e-global-color-secondary );}.elementor-8543 .elementor-element.elementor-element-a3ed987 .elementor-accordion-icon svg{fill:var( --e-global-color-secondary );}.elementor-8543 .elementor-element.elementor-element-a3ed987 .elementor-active .elementor-accordion-icon, .elementor-8543 .elementor-element.elementor-element-a3ed987 .elementor-active .elementor-accordion-title{color:var( --e-global-color-accent );}.elementor-8543 .elementor-element.elementor-element-a3ed987 .elementor-active .elementor-accordion-icon svg{fill:var( --e-global-color-accent );}.elementor-8543 .elementor-element.elementor-element-a3ed987 .elementor-tab-title .elementor-accordion-icon i:before{color:var( --e-global-color-secondary );}.elementor-8543 .elementor-element.elementor-element-a3ed987 .elementor-tab-title .elementor-accordion-icon svg{fill:var( --e-global-color-secondary );}.elementor-8543 .elementor-element.elementor-element-a3ed987 .elementor-tab-title.elementor-active .elementor-accordion-icon i:before{color:var( --e-global-color-accent );}.elementor-8543 .elementor-element.elementor-element-a3ed987 .elementor-tab-title.elementor-active .elementor-accordion-icon svg{fill:var( --e-global-color-accent );}.elementor-8543 .elementor-element.elementor-element-a3ed987 .elementor-accordion-icon{margin-inline-end:0px;}.elementor-8543 .elementor-element.elementor-element-a3ed987 .elementor-tab-content{color:var( --e-global-color-text );padding:3% 0% 3% 7%;}body.elementor-page-8543:not(.elementor-motion-effects-element-type-background), body.elementor-page-8543 > .elementor-motion-effects-container > .elementor-motion-effects-layer{background-color:var( --e-global-color-247ad3a );}:root{--page-title-display:none;}@media(max-width:1024px){.elementor-8543 .elementor-element.elementor-element-78c71b4 .elementor-heading-title{font-size:40px;}}@media(min-width:1025px){.elementor-8543 .elementor-element.elementor-element-3e5d7dd:not(.elementor-motion-effects-element-type-background), .elementor-8543 .elementor-element.elementor-element-3e5d7dd > .elementor-motion-effects-container > .elementor-motion-effects-layer{background-attachment:scroll;}}@media(max-width:767px){.elementor-8543 .elementor-element.elementor-element-3e5d7dd{padding:50px 0px 50px 0px;}.elementor-8543 .elementor-element.elementor-element-78c71b4 .elementor-heading-title{font-size:25px;}.elementor-8543 .elementor-element.elementor-element-fbdac53{padding:0em 0em 0em 0em;}.elementor-8543 .elementor-element.elementor-element-a3ed987 .elementor-tab-content{padding:2em 0em 0em 3em;}}<\/style>\t\t<div data-elementor-type=\"wp-post\" data-elementor-id=\"8543\" class=\"elementor elementor-8543\" data-elementor-settings=\"{&quot;ha_cmc_init_switcher&quot;:&quot;no&quot;}\" data-elementor-post-type=\"page\">\n\t\t\t\t\t\t<section class=\"elementor-section elementor-top-section elementor-element elementor-element-3e5d7dd banner-page elementor-section-boxed elementor-section-height-default elementor-section-height-default\" data-id=\"3e5d7dd\" data-element_type=\"section\" data-settings=\"{&quot;background_background&quot;:&quot;classic&quot;,&quot;_ha_eqh_enable&quot;:false}\">\n\t\t\t\t\t\t\t<div class=\"elementor-background-overlay\"><\/div>\n\t\t\t\t\t\t\t<div class=\"elementor-container elementor-column-gap-default\">\n\t\t\t\t\t<div class=\"elementor-column elementor-col-100 elementor-top-column elementor-element elementor-element-e41147c\" data-id=\"e41147c\" data-element_type=\"column\">\n\t\t\t<div class=\"elementor-widget-wrap elementor-element-populated\">\n\t\t\t\t\t\t<div class=\"elementor-element elementor-element-78c71b4 elementor-widget elementor-widget-heading\" data-id=\"78c71b4\" data-element_type=\"widget\" data-widget_type=\"heading.default\">\n\t\t\t\t<div class=\"elementor-widget-container\">\n\t\t\t\t\t<h1 class=\"elementor-heading-title elementor-size-default\">Grupos de trabalho<\/h1>\t\t\t\t<\/div>\n\t\t\t\t<\/div>\n\t\t\t\t\t<\/div>\n\t\t<\/div>\n\t\t\t\t\t<\/div>\n\t\t<\/section>\n\t\t\t\t<section class=\"elementor-section elementor-top-section elementor-element elementor-element-fbdac53 elementor-section-boxed elementor-section-height-default elementor-section-height-default\" data-id=\"fbdac53\" data-element_type=\"section\" data-settings=\"{&quot;background_background&quot;:&quot;classic&quot;,&quot;_ha_eqh_enable&quot;:false}\">\n\t\t\t\t\t\t<div class=\"elementor-container elementor-column-gap-default\">\n\t\t\t\t\t<div class=\"elementor-column elementor-col-100 elementor-top-column elementor-element elementor-element-7d67f16\" data-id=\"7d67f16\" data-element_type=\"column\">\n\t\t\t<div class=\"elementor-widget-wrap elementor-element-populated\">\n\t\t\t\t\t\t<div class=\"elementor-element elementor-element-8e0e0cc elementor-widget elementor-widget-text-editor\" data-id=\"8e0e0cc\" data-element_type=\"widget\" data-widget_type=\"text-editor.default\">\n\t\t\t\t<div class=\"elementor-widget-container\">\n\t\t\t\t\t\t\t\t\t<p><span style=\"font-weight: 400;\">Os Grupos de Trabalho atuam dando subs\u00eddios aos \u00f3rg\u00e3os da estrutura b\u00e1sica, por interm\u00e9dio do estudo de tema espec\u00edfico. Entre os objetivos do trabalho est\u00e1 fomentar pol\u00edticas p\u00fablicas, fortalecer os debates acerca de seus respectivos temas e tamb\u00e9m apresentar propostas.<\/span><\/p>\t\t\t\t\t\t\t\t<\/div>\n\t\t\t\t<\/div>\n\t\t\t\t\t<\/div>\n\t\t<\/div>\n\t\t\t\t\t<\/div>\n\t\t<\/section>\n\t\t\t\t<section class=\"elementor-section elementor-top-section elementor-element elementor-element-70c9e19 elementor-section-boxed elementor-section-height-default elementor-section-height-default\" data-id=\"70c9e19\" data-element_type=\"section\" data-settings=\"{&quot;_ha_eqh_enable&quot;:false}\">\n\t\t\t\t\t\t<div class=\"elementor-container elementor-column-gap-default\">\n\t\t\t\t\t<div class=\"elementor-column elementor-col-100 elementor-top-column elementor-element elementor-element-ef7ce41\" data-id=\"ef7ce41\" data-element_type=\"column\">\n\t\t\t<div class=\"elementor-widget-wrap elementor-element-populated\">\n\t\t\t\t\t\t<div class=\"elementor-element elementor-element-a3ed987 elementor-widget elementor-widget-accordion\" data-id=\"a3ed987\" data-element_type=\"widget\" data-widget_type=\"accordion.default\">\n\t\t\t\t<div class=\"elementor-widget-container\">\n\t\t\t\t\t\t\t<div class=\"elementor-accordion\">\n\t\t\t\t\t\t\t<div class=\"elementor-accordion-item\">\n\t\t\t\t\t<div id=\"elementor-tab-title-1711\" class=\"elementor-tab-title\" data-tab=\"1\" role=\"button\" aria-controls=\"elementor-tab-content-1711\" aria-expanded=\"false\">\n\t\t\t\t\t\t\t\t\t\t\t\t\t<span class=\"elementor-accordion-icon elementor-accordion-icon-left\" aria-hidden=\"true\">\n\t\t\t\t\t\t\t\t\t\t\t\t\t\t\t<span class=\"elementor-accordion-icon-closed\"><i class=\"fas fa-plus\"><\/i><\/span>\n\t\t\t\t\t\t\t\t<span class=\"elementor-accordion-icon-opened\"><i class=\"fas fa-minus\"><\/i><\/span>\n\t\t\t\t\t\t\t\t\t\t\t\t\t\t<\/span>\n\t\t\t\t\t\t\t\t\t\t\t\t<a class=\"elementor-accordion-title\" tabindex=\"0\">GT Sa\u00fade<\/a>\n\t\t\t\t\t<\/div>\n\t\t\t\t\t<div id=\"elementor-tab-content-1711\" class=\"elementor-tab-content elementor-clearfix\" data-tab=\"1\" role=\"region\" aria-labelledby=\"elementor-tab-title-1711\"><p>&#8211; Celia Beatriz Anteneodo de Porto<br \/>&#8211; Sylvio Roberto Accioly Canuto<br \/>&#8211; Marcelo Leite Lyra<br \/>&#8211; Otaviano Augusto Marcondes Helene<br \/>&#8211; Roberto Andre Kraenkel<br \/>&#8211; Rubem Luis Sommer<br \/>&#8211; Suani Tavares Rubim de Pinho<br \/>&#8211; Luis Greg\u00f3rio Dias<br \/>&#8211; Jailson Souza de Alcaniz<\/p><\/div>\n\t\t\t\t<\/div>\n\t\t\t\t\t\t\t<div class=\"elementor-accordion-item\">\n\t\t\t\t\t<div id=\"elementor-tab-title-1712\" class=\"elementor-tab-title\" data-tab=\"2\" role=\"button\" aria-controls=\"elementor-tab-content-1712\" aria-expanded=\"false\">\n\t\t\t\t\t\t\t\t\t\t\t\t\t<span class=\"elementor-accordion-icon elementor-accordion-icon-left\" aria-hidden=\"true\">\n\t\t\t\t\t\t\t\t\t\t\t\t\t\t\t<span class=\"elementor-accordion-icon-closed\"><i class=\"fas fa-plus\"><\/i><\/span>\n\t\t\t\t\t\t\t\t<span class=\"elementor-accordion-icon-opened\"><i class=\"fas fa-minus\"><\/i><\/span>\n\t\t\t\t\t\t\t\t\t\t\t\t\t\t<\/span>\n\t\t\t\t\t\t\t\t\t\t\t\t<a class=\"elementor-accordion-title\" tabindex=\"0\">GT Mem\u00f3ria<\/a>\n\t\t\t\t\t<\/div>\n\t\t\t\t\t<div id=\"elementor-tab-content-1712\" class=\"elementor-tab-content elementor-clearfix\" data-tab=\"2\" role=\"region\" aria-labelledby=\"elementor-tab-title-1712\"><p>&#8211; Erasmo Ferreira<br \/>&#8211; Ildeu de Castro Moreira<br \/>&#8211; Silvio Salinas<br \/>&#8211; Iv\u00e3 Gurgel<br \/>&#8211; Indianara Lima Silva<br \/>&#8211; Wanderley Vitorino da Silva Filho<\/p><\/div>\n\t\t\t\t<\/div>\n\t\t\t\t\t\t\t<div class=\"elementor-accordion-item\">\n\t\t\t\t\t<div id=\"elementor-tab-title-1713\" class=\"elementor-tab-title\" data-tab=\"3\" role=\"button\" aria-controls=\"elementor-tab-content-1713\" aria-expanded=\"false\">\n\t\t\t\t\t\t\t\t\t\t\t\t\t<span class=\"elementor-accordion-icon elementor-accordion-icon-left\" aria-hidden=\"true\">\n\t\t\t\t\t\t\t\t\t\t\t\t\t\t\t<span class=\"elementor-accordion-icon-closed\"><i class=\"fas fa-plus\"><\/i><\/span>\n\t\t\t\t\t\t\t\t<span class=\"elementor-accordion-icon-opened\"><i class=\"fas fa-minus\"><\/i><\/span>\n\t\t\t\t\t\t\t\t\t\t\t\t\t\t<\/span>\n\t\t\t\t\t\t\t\t\t\t\t\t<a class=\"elementor-accordion-title\" tabindex=\"0\">GT Ensino de F\u00edsica no Ensino M\u00e9dio<\/a>\n\t\t\t\t\t<\/div>\n\t\t\t\t\t<div id=\"elementor-tab-content-1713\" class=\"elementor-tab-content elementor-clearfix\" data-tab=\"3\" role=\"region\" aria-labelledby=\"elementor-tab-title-1713\"><p>&#8211; Vera Henriques (Coordenadora &#8211; USP)<br \/>&#8211; David Viana (Unb)<br \/>&#8211; Jos\u00e9 Fernandes de Lima (UFS)<br \/>&#8211; Luis Carlos Crispino (UFPA)<br \/>&#8211; Marta Barroso (UFRJ)<\/p><\/div>\n\t\t\t\t<\/div>\n\t\t\t\t\t\t\t<div class=\"elementor-accordion-item\">\n\t\t\t\t\t<div id=\"elementor-tab-title-1714\" class=\"elementor-tab-title\" data-tab=\"4\" role=\"button\" aria-controls=\"elementor-tab-content-1714\" aria-expanded=\"false\">\n\t\t\t\t\t\t\t\t\t\t\t\t\t<span class=\"elementor-accordion-icon elementor-accordion-icon-left\" aria-hidden=\"true\">\n\t\t\t\t\t\t\t\t\t\t\t\t\t\t\t<span class=\"elementor-accordion-icon-closed\"><i class=\"fas fa-plus\"><\/i><\/span>\n\t\t\t\t\t\t\t\t<span class=\"elementor-accordion-icon-opened\"><i class=\"fas fa-minus\"><\/i><\/span>\n\t\t\t\t\t\t\t\t\t\t\t\t\t\t<\/span>\n\t\t\t\t\t\t\t\t\t\t\t\t<a class=\"elementor-accordion-title\" tabindex=\"0\">GT Ano Internacional da Ci\u00eancia e Tecnologia Qu\u00e2nticas (2025)<\/a>\n\t\t\t\t\t<\/div>\n\t\t\t\t\t<div id=\"elementor-tab-content-1714\" class=\"elementor-tab-content elementor-clearfix\" data-tab=\"4\" role=\"region\" aria-labelledby=\"elementor-tab-title-1714\"><p>&#8211; Nelson Studart (Coordenador)<br \/>&#8211; Celso Jorge Villas Boas<br \/>&#8211; Ildeu de Castro Moreira<br \/>&#8211; Marcelo Terra Cunha<br \/>&#8211; Marcelo Paleologo Fran\u00e7a Santos<br \/>&#8211; Olival Freire<br \/>&#8211; Rafaelle Souza<\/p><\/div>\n\t\t\t\t<\/div>\n\t\t\t\t\t\t\t\t<\/div>\n\t\t\t\t\t\t<\/div>\n\t\t\t\t<\/div>\n\t\t\t\t\t<\/div>\n\t\t<\/div>\n\t\t\t\t\t<\/div>\n\t\t<\/section>\n\t\t\t\t<\/div>\n\t\t","protected":false},"excerpt":{"rendered":"<p>Grupos de trabalho Os Grupos de Trabalho atuam dando subs\u00eddios aos \u00f3rg\u00e3os da estrutura b\u00e1sica, por interm\u00e9dio do estudo de tema espec\u00edfico. Entre os objetivos do trabalho est\u00e1 fomentar pol\u00edticas p\u00fablicas, fortalecer os debates acerca de seus respectivos temas e tamb\u00e9m apresentar propostas. GT Sa\u00fade &#8211; Celia Beatriz Anteneodo de Porto&#8211; Sylvio Roberto Accioly Canuto&#8211; [&hellip;]<\/p>\n","protected":false},"author":7,"featured_media":16567,"parent":8322,"menu_order":0,"comment_status":"closed","ping_status":"closed","template":"elementor_header_footer","meta":{"footnotes":""},"class_list":["post-8543","page","type-page","status-publish","has-post-thumbnail","hentry"],"aioseo_notices":[],"_links":{"self":[{"href":"https:\/\/www.sbfisica.org.br\/v1\/sbf\/wp-json\/wp\/v2\/pages\/8543","targetHints":{"allow":["GET"]}}],"collection":[{"href":"https:\/\/www.sbfisica.org.br\/v1\/sbf\/wp-json\/wp\/v2\/pages"}],"about":[{"href":"https:\/\/www.sbfisica.org.br\/v1\/sbf\/wp-json\/wp\/v2\/types\/page"}],"author":[{"embeddable":true,"href":"https:\/\/www.sbfisica.org.br\/v1\/sbf\/wp-json\/wp\/v2\/users\/7"}],"replies":[{"embeddable":true,"href":"https:\/\/www.sbfisica.org.br\/v1\/sbf\/wp-json\/wp\/v2\/comments?post=8543"}],"version-history":[{"count":96,"href":"https:\/\/www.sbfisica.org.br\/v1\/sbf\/wp-json\/wp\/v2\/pages\/8543\/revisions"}],"predecessor-version":[{"id":29604,"href":"https:\/\/www.sbfisica.org.br\/v1\/sbf\/wp-json\/wp\/v2\/pages\/8543\/revisions\/29604"}],"up":[{"embeddable":true,"href":"https:\/\/www.sbfisica.org.br\/v1\/sbf\/wp-json\/wp\/v2\/pages\/8322"}],"wp:featuredmedia":[{"embeddable":true,"href":"https:\/\/www.sbfisica.org.br\/v1\/sbf\/wp-json\/wp\/v2\/media\/16567"}],"wp:attachment":[{"href":"https:\/\/www.sbfisica.org.br\/v1\/sbf\/wp-json\/wp\/v2\/media?parent=8543"}],"curies":[{"name":"wp","href":"https:\/\/api.w.org\/{rel}","templated":true}]}}