{"id":8339,"date":"2022-05-07T22:11:11","date_gmt":"2022-05-08T01:11:11","guid":{"rendered":"https:\/\/sbfisica.org.br\/v1\/sbf\/?page_id=8339"},"modified":"2022-05-14T23:28:50","modified_gmt":"2022-05-15T02:28:50","slug":"opcoes-de-cobertura","status":"publish","type":"page","link":"https:\/\/www.sbfisica.org.br\/v1\/sbf\/socios\/beneficios\/plano-saude-dental\/opcoes-de-cobertura\/","title":{"rendered":"Op\u00e7\u00f5es de Cobertura"},"content":{"rendered":"<style>.elementor-8339 .elementor-element.elementor-element-f2c2b2c:not(.elementor-motion-effects-element-type-background), .elementor-8339 .elementor-element.elementor-element-f2c2b2c > .elementor-motion-effects-container > .elementor-motion-effects-layer{background-color:#FAF9F6;background-image:url(\"https:\/\/www.sbfisica.org.br\/v1\/sbf\/wp-content\/uploads\/2022\/05\/3d-illustration-atom-connection-concept-abstrack-background-science-1.jpg\");background-position:center center;background-repeat:no-repeat;background-size:cover;}.elementor-8339 .elementor-element.elementor-element-f2c2b2c > .elementor-background-overlay{background-color:var( --e-global-color-primary );opacity:0.72;transition:background 0.3s, border-radius 0.3s, opacity 0.3s;}.elementor-8339 .elementor-element.elementor-element-f2c2b2c{transition:background 0.3s, border 0.3s, border-radius 0.3s, box-shadow 0.3s;margin-top:0%;margin-bottom:3%;padding:120px 0px 120px 0px;}.elementor-widget-heading .elementor-heading-title{font-family:var( --e-global-typography-primary-font-family ), raleway;font-weight:var( --e-global-typography-primary-font-weight );color:var( --e-global-color-primary );}.elementor-8339 .elementor-element.elementor-element-b71a2a4{text-align:center;}.elementor-8339 .elementor-element.elementor-element-b71a2a4 .elementor-heading-title{font-family:\"Kanit\", raleway;font-size:50px;font-weight:600;color:var( --e-global-color-e604687 );}.elementor-8339 .elementor-element.elementor-element-1d23d37{text-align:center;}.elementor-8339 .elementor-element.elementor-element-1d23d37 .elementor-heading-title{font-family:var( --e-global-typography-secondary-font-family ), raleway;font-weight:var( --e-global-typography-secondary-font-weight );text-shadow:0px 0px 10px rgba(0, 0, 0, 0.46);color:var( --e-global-color-e604687 );}.elementor-8339 .elementor-element.elementor-element-fbdac53:not(.elementor-motion-effects-element-type-background), .elementor-8339 .elementor-element.elementor-element-fbdac53 > .elementor-motion-effects-container > .elementor-motion-effects-layer{background-color:var( --e-global-color-247ad3a );}.elementor-8339 .elementor-element.elementor-element-fbdac53{transition:background 0.3s, border 0.3s, border-radius 0.3s, box-shadow 0.3s;padding:0px 0px 50px 0px;}.elementor-8339 .elementor-element.elementor-element-fbdac53 > .elementor-background-overlay{transition:background 0.3s, border-radius 0.3s, opacity 0.3s;}.elementor-widget-text-editor{font-family:var( --e-global-typography-text-font-family ), raleway;font-weight:var( --e-global-typography-text-font-weight );color:var( --e-global-color-text );}.elementor-widget-text-editor.elementor-drop-cap-view-stacked .elementor-drop-cap{background-color:var( --e-global-color-primary );}.elementor-widget-text-editor.elementor-drop-cap-view-framed .elementor-drop-cap, .elementor-widget-text-editor.elementor-drop-cap-view-default .elementor-drop-cap{color:var( --e-global-color-primary );border-color:var( --e-global-color-primary );}.elementor-8339 .elementor-element.elementor-element-8e0e0cc{text-align:justify;}:root{--page-title-display:none;}@media(min-width:1025px){.elementor-8339 .elementor-element.elementor-element-f2c2b2c:not(.elementor-motion-effects-element-type-background), .elementor-8339 .elementor-element.elementor-element-f2c2b2c > .elementor-motion-effects-container > .elementor-motion-effects-layer{background-attachment:scroll;}}<\/style>\t\t<div data-elementor-type=\"wp-post\" data-elementor-id=\"8339\" class=\"elementor elementor-8339\" data-elementor-settings=\"{&quot;ha_cmc_init_switcher&quot;:&quot;no&quot;}\" data-elementor-post-type=\"page\">\n\t\t\t\t\t\t<section class=\"elementor-section elementor-top-section elementor-element elementor-element-f2c2b2c elementor-section-full_width elementor-section-height-default elementor-section-height-default\" data-id=\"f2c2b2c\" data-element_type=\"section\" data-settings=\"{&quot;background_background&quot;:&quot;classic&quot;,&quot;_ha_eqh_enable&quot;:false}\">\n\t\t\t\t\t\t\t<div class=\"elementor-background-overlay\"><\/div>\n\t\t\t\t\t\t\t<div class=\"elementor-container elementor-column-gap-default\">\n\t\t\t\t\t<div class=\"elementor-column elementor-col-100 elementor-top-column elementor-element elementor-element-22a3add\" data-id=\"22a3add\" data-element_type=\"column\">\n\t\t\t<div class=\"elementor-widget-wrap elementor-element-populated\">\n\t\t\t\t\t\t<div class=\"elementor-element elementor-element-b71a2a4 elementor-widget elementor-widget-heading\" data-id=\"b71a2a4\" data-element_type=\"widget\" data-widget_type=\"heading.default\">\n\t\t\t\t<div class=\"elementor-widget-container\">\n\t\t\t\t\t<h1 class=\"elementor-heading-title elementor-size-default\">OP\u00c7\u00d5ES DE COBERTURA<\/h1>\t\t\t\t<\/div>\n\t\t\t\t<\/div>\n\t\t\t\t\t<\/div>\n\t\t<\/div>\n\t\t\t\t\t<\/div>\n\t\t<\/section>\n\t\t\t\t<section class=\"elementor-section elementor-top-section elementor-element elementor-element-fbdac53 elementor-section-boxed elementor-section-height-default elementor-section-height-default\" data-id=\"fbdac53\" data-element_type=\"section\" data-settings=\"{&quot;background_background&quot;:&quot;classic&quot;,&quot;_ha_eqh_enable&quot;:false}\">\n\t\t\t\t\t\t<div class=\"elementor-container elementor-column-gap-default\">\n\t\t\t\t\t<div class=\"elementor-column elementor-col-100 elementor-top-column elementor-element elementor-element-7d67f16\" data-id=\"7d67f16\" data-element_type=\"column\">\n\t\t\t<div class=\"elementor-widget-wrap elementor-element-populated\">\n\t\t\t\t\t\t<div class=\"elementor-element elementor-element-8e0e0cc elementor-widget elementor-widget-text-editor\" data-id=\"8e0e0cc\" data-element_type=\"widget\" data-widget_type=\"text-editor.default\">\n\t\t\t\t<div class=\"elementor-widget-container\">\n\t\t\t\t\t\t\t\t\t<p><b>Plano Essencial Plus: <\/b><span style=\"font-weight: 400;\">Inclui toda a cobertura do Rol de Procedimentos previstos pela Ag\u00eancia Nacional de Sa\u00fade Suplementar \u2013 ANS, acrescido de 32 procedimentos que garantem sua sa\u00fade bucal e toda sua fam\u00edlia.\u00a0<\/span><\/p><p><span style=\"font-weight: 400;\">Coberturas oferecidas:\u00a0<\/span><\/p><p><span style=\"font-weight: 400;\">* Consultas<\/span><\/p><p><span style=\"font-weight: 400;\">* Urg\u00eancias 24 Horas<\/span><\/p><p><span style=\"font-weight: 400;\">* Radiologia (Raios X, inclusive panor\u00e2mica)<\/span><\/p><p><span style=\"font-weight: 400;\">* Preven\u00e7\u00e3o (Limpeza, Fl\u00faor, Orienta\u00e7\u00e3o Preventiva)<\/span><\/p><p><span style=\"font-weight: 400;\">* Dent\u00edstica (Restaura\u00e7\u00f5es em Resina e Am\u00e1lgama)<\/span><\/p><p><span style=\"font-weight: 400;\">* Endodontia (Tratamento e Retratamento de Canal)<\/span><\/p><p><span style=\"font-weight: 400;\">* Cirurgia (Extra\u00e7\u00f5es de dentes, inclusive \u201csiso\u201d)<\/span><\/p><p><span style=\"font-weight: 400;\">* Periodontia (Tratamentos de gengiva)<\/span><\/p><p><span style=\"font-weight: 400;\">* Odontopediatria (Tratamento infantil)<\/span><\/p><p>\u00a0<\/p><p><b>Plano Premium Top:<\/b><span style=\"font-weight: 400;\"> Al\u00e9m dos procedimentos inclu\u00eddos no Plano Essencial Plus, oferece cobertura para Ortodontia e Pr\u00f3teses B\u00e1sicas, Unit\u00e1rias e Completas.\u00a0<\/span><\/p><p><span style=\"font-weight: 400;\">Coberturas oferecidas:\u00a0<\/span><\/p><p><span style=\"font-weight: 400;\">* Restaura\u00e7\u00e3o Met\u00e1lica Fundida<\/span><\/p><p><span style=\"font-weight: 400;\">* Coroa Total Met\u00e1lica ou em Cer\u00f4mero<\/span><\/p><p><span style=\"font-weight: 400;\">* Coroa Metalopl\u00e1stica<\/span><\/p><p><span style=\"font-weight: 400;\">* Inlay \/ Onlay em Cer\u00f4mero<\/span><\/p><p><span style=\"font-weight: 400;\">* Pr\u00f3tese Fixa Metalocer\u00e2mica<\/span><\/p><p><span style=\"font-weight: 400;\">* Faceta Laminada em Cer\u00f4mero<\/span><\/p><p><span style=\"font-weight: 400;\">* Instala\u00e7\u00e3o do Aparelho (Fixo ou M\u00f3vel)<\/span><\/p><p><span style=\"font-weight: 400;\">* Documenta\u00e7\u00e3o Ortod\u00f4ntica (B\u00e1sica, Completa ou de Controle)<\/span><\/p><p><span style=\"font-weight: 400;\">* Mensalidade de Manuten\u00e7\u00e3o<\/span><\/p><p><span style=\"font-weight: 400;\">* Conten\u00e7\u00e3o Fixa ou M\u00f3vel<\/span><\/p><p>\u00a0<\/p><p><b>Custo por pessoa do BRADESCO Dental Empresarial-SBF\u00a0<\/b><\/p><p><span style=\"font-weight: 400;\">Essencial Plus<\/span><\/p><p><span style=\"font-weight: 400;\">Contribui\u00e7\u00e3o Mensal: R$ 16,87<\/span><\/p><p><span style=\"font-weight: 400;\">Base: Julho\/2019<\/span><\/p><p><span style=\"font-weight: 400;\">Premium Top<\/span><\/p><p><span style=\"font-weight: 400;\">Contribui\u00e7\u00e3o Mensal: R$ 79,31<\/span><\/p><p><span style=\"font-weight: 400;\">Base: Julho\/2019<\/span><\/p><p><span style=\"font-weight: 400;\">Dependentes Eleg\u00edveis\u00a0<\/span><\/p><p><span style=\"font-weight: 400;\">C\u00f4njuges ou companheiros (as).\u00a0<\/span><\/p><p><span style=\"font-weight: 400;\">Filhos solteiros \u2013 naturais, adotivos ou enteados \u2013 at\u00e9 30 (trinta) anos de idade.\u00a0<\/span><\/p><p><span style=\"font-weight: 400;\">Filhos portadores de necessidades especiais, sem limite de idade.\u00a0<\/span><\/p><p>\u00a0<\/p><p><b>Atendimento na Rede Referenciada:\u00a0<\/b><\/p><p><span style=\"font-weight: 400;\">Quando voc\u00ea optar pelo atendimento de um Referenciado da Bradesco Dental, voc\u00ea ter\u00e1 vantagem de n\u00e3o pagar nenhum valor no ato do atendimento. Selecione o dentista que deseja na Lista de Refer\u00eancia ou consulte a Rede Referenciada no Site do Segurado, pelo Portal Bradesco www.bradescodental.com.br.\u00a0<\/span><\/p><p><span style=\"font-weight: 400;\">Para consulta, \u00e9 necess\u00e1ria a apresenta\u00e7\u00e3o do Cart\u00e3o do Segurado, acompanhado do documento de identidade. O tratamento poder\u00e1 ser iniciado no mesmo dia, sem burocracias. Alguns procedimentos odontol\u00f3gicos eletivos necessitam de autoriza\u00e7\u00e3o pr\u00e9via. Nestes casos, o pr\u00f3prio dentista providenciar\u00e1 a senha de atendimento.<\/span><\/p><p>\u00a0<\/p><p><b>Atendimento por Livre Escolha (Reembolso):\u00a0<\/b><\/p><p><span style=\"font-weight: 400;\">Dispon\u00edvel exclusivamente para profissionais ou cl\u00ednicas que N\u00c3O fa\u00e7am parte da Rede Referenciada Bradesco Dental. Se o Segurado optar pelo atendimento Livre Escolha, ap\u00f3s a realiza\u00e7\u00e3o do tratamento e do respectivo pagamento dos servi\u00e7os diretamente ao dentista, haver\u00e1 a possibilidade de solicitar o reembolso das despesas, em formul\u00e1rio pr\u00f3prio dispon\u00edvel no RH ou atrav\u00e9s do Portal Bradesco Dental, at\u00e9 o limite dos valores de tabela contratados para o plano.\u00a0<\/span><\/p><p>\u00a0<\/p><p><span style=\"font-weight: 400;\">O prazo de reembolso \u00e9 de at\u00e9 30 dias, com dep\u00f3sito na conta corrente cadastrada do titular do plano, desde que a documenta\u00e7\u00e3o esteja completa (recibo original e radiografias, quando necess\u00e1rias) e o formul\u00e1rio corretamente preenchido.\u00a0<\/span><\/p><p>\u00a0<\/p><p><b>Despesas n\u00e3o cobertas\u00a0<\/b><\/p><p><span style=\"font-weight: 400;\">* Tratamentos odontol\u00f3gicos n\u00e3o previstos nas coberturas contratadas<\/span><\/p><p><span style=\"font-weight: 400;\">* Tratamentos odontol\u00f3gicos que exijam interna\u00e7\u00e3o, inclusive despesas hospitalares<\/span><\/p><p><span style=\"font-weight: 400;\">* Implantes, pr\u00f3tese sobre implante e transplantes<\/span><\/p><p><span style=\"font-weight: 400;\">* Tratamentos com finalidade exclusivamente est\u00e9tica<\/span><\/p><p><span style=\"font-weight: 400;\">* Tratamentos realizados antes e ap\u00f3s a vig\u00eancia do plano<\/span><\/p><p><span style=\"font-weight: 400;\">* Exames laboratoriais, exceto histopatol\u00f3gico<\/span><\/p><p><span style=\"font-weight: 400;\">* Tratamento odontol\u00f3gico experimental ou n\u00e3o reconhecido pelo Conselho Federal de Odontologia<\/span><\/p>\t\t\t\t\t\t\t\t<\/div>\n\t\t\t\t<\/div>\n\t\t\t\t\t<\/div>\n\t\t<\/div>\n\t\t\t\t\t<\/div>\n\t\t<\/section>\n\t\t\t\t<\/div>\n\t\t","protected":false},"excerpt":{"rendered":"<p>OP\u00c7\u00d5ES DE COBERTURA Plano Essencial Plus: Inclui toda a cobertura do Rol de Procedimentos previstos pela Ag\u00eancia Nacional de Sa\u00fade Suplementar \u2013 ANS, acrescido de 32 procedimentos que garantem sua sa\u00fade bucal e toda sua fam\u00edlia.\u00a0 Coberturas oferecidas:\u00a0 * Consultas * Urg\u00eancias 24 Horas * Radiologia (Raios X, inclusive panor\u00e2mica) * Preven\u00e7\u00e3o (Limpeza, Fl\u00faor, Orienta\u00e7\u00e3o [&hellip;]<\/p>\n","protected":false},"author":7,"featured_media":16567,"parent":8328,"menu_order":0,"comment_status":"closed","ping_status":"closed","template":"elementor_header_footer","meta":{"footnotes":""},"class_list":["post-8339","page","type-page","status-publish","has-post-thumbnail","hentry"],"aioseo_notices":[],"_links":{"self":[{"href":"https:\/\/www.sbfisica.org.br\/v1\/sbf\/wp-json\/wp\/v2\/pages\/8339","targetHints":{"allow":["GET"]}}],"collection":[{"href":"https:\/\/www.sbfisica.org.br\/v1\/sbf\/wp-json\/wp\/v2\/pages"}],"about":[{"href":"https:\/\/www.sbfisica.org.br\/v1\/sbf\/wp-json\/wp\/v2\/types\/page"}],"author":[{"embeddable":true,"href":"https:\/\/www.sbfisica.org.br\/v1\/sbf\/wp-json\/wp\/v2\/users\/7"}],"replies":[{"embeddable":true,"href":"https:\/\/www.sbfisica.org.br\/v1\/sbf\/wp-json\/wp\/v2\/comments?post=8339"}],"version-history":[{"count":11,"href":"https:\/\/www.sbfisica.org.br\/v1\/sbf\/wp-json\/wp\/v2\/pages\/8339\/revisions"}],"predecessor-version":[{"id":10124,"href":"https:\/\/www.sbfisica.org.br\/v1\/sbf\/wp-json\/wp\/v2\/pages\/8339\/revisions\/10124"}],"up":[{"embeddable":true,"href":"https:\/\/www.sbfisica.org.br\/v1\/sbf\/wp-json\/wp\/v2\/pages\/8328"}],"wp:featuredmedia":[{"embeddable":true,"href":"https:\/\/www.sbfisica.org.br\/v1\/sbf\/wp-json\/wp\/v2\/media\/16567"}],"wp:attachment":[{"href":"https:\/\/www.sbfisica.org.br\/v1\/sbf\/wp-json\/wp\/v2\/media?parent=8339"}],"curies":[{"name":"wp","href":"https:\/\/api.w.org\/{rel}","templated":true}]}}