{"id":8328,"date":"2022-05-07T22:05:29","date_gmt":"2022-05-08T01:05:29","guid":{"rendered":"https:\/\/sbfisica.org.br\/v1\/sbf\/?page_id=8328"},"modified":"2024-08-21T17:55:37","modified_gmt":"2024-08-21T20:55:37","slug":"plano-saude-dental","status":"publish","type":"page","link":"https:\/\/www.sbfisica.org.br\/v1\/sbf\/socios\/beneficios\/plano-saude-dental\/","title":{"rendered":"Plano de Sa\u00fade Dental"},"content":{"rendered":"<style>.elementor-8328 .elementor-element.elementor-element-365eeaa:not(.elementor-motion-effects-element-type-background), .elementor-8328 .elementor-element.elementor-element-365eeaa > .elementor-motion-effects-container > .elementor-motion-effects-layer{background-color:#FAF9F6;background-image:url(\"https:\/\/www.sbfisica.org.br\/v1\/sbf\/wp-content\/uploads\/2022\/05\/radiologist-man-doctor-comparing-medical-teeth-rad-2022-02-03-10-39-14-utc-scaled.jpg\");background-position:center center;background-repeat:no-repeat;background-size:cover;}.elementor-8328 .elementor-element.elementor-element-365eeaa > .elementor-background-overlay{background-color:transparent;background-image:linear-gradient(40deg, var( --e-global-color-secondary ) 50%, #FFFFFF00 70%);opacity:0.8;transition:background 0.3s, border-radius 0.3s, opacity 0.3s;}.elementor-8328 .elementor-element.elementor-element-365eeaa{transition:background 0.3s, border 0.3s, border-radius 0.3s, box-shadow 0.3s;margin-top:0%;margin-bottom:3%;padding:120px 0px 120px 0px;}.elementor-widget-heading .elementor-heading-title{font-family:var( --e-global-typography-primary-font-family ), raleway;font-weight:var( --e-global-typography-primary-font-weight );color:var( --e-global-color-primary );}.elementor-8328 .elementor-element.elementor-element-f04ae19{text-align:start;}.elementor-8328 .elementor-element.elementor-element-f04ae19 .elementor-heading-title{font-family:\"Kanit\", raleway;font-size:50px;font-weight:600;color:#FFFFFF;}.elementor-8328 .elementor-element.elementor-element-fbdac53:not(.elementor-motion-effects-element-type-background), .elementor-8328 .elementor-element.elementor-element-fbdac53 > .elementor-motion-effects-container > .elementor-motion-effects-layer{background-color:var( --e-global-color-247ad3a );}.elementor-8328 .elementor-element.elementor-element-fbdac53{transition:background 0.3s, border 0.3s, border-radius 0.3s, box-shadow 0.3s;}.elementor-8328 .elementor-element.elementor-element-fbdac53 > .elementor-background-overlay{transition:background 0.3s, border-radius 0.3s, opacity 0.3s;}.elementor-widget-text-editor{font-family:var( --e-global-typography-text-font-family ), raleway;font-weight:var( --e-global-typography-text-font-weight );color:var( --e-global-color-text );}.elementor-widget-text-editor.elementor-drop-cap-view-stacked .elementor-drop-cap{background-color:var( --e-global-color-primary );}.elementor-widget-text-editor.elementor-drop-cap-view-framed .elementor-drop-cap, .elementor-widget-text-editor.elementor-drop-cap-view-default .elementor-drop-cap{color:var( --e-global-color-primary );border-color:var( --e-global-color-primary );}.elementor-8328 .elementor-element.elementor-element-8e0e0cc{text-align:justify;}.elementor-8328 .elementor-element.elementor-element-ad6ed7b{text-align:justify;}:root{--page-title-display:none;}@media(max-width:1024px){.elementor-8328 .elementor-element.elementor-element-f04ae19 .elementor-heading-title{font-size:40px;}}@media(min-width:1025px){.elementor-8328 .elementor-element.elementor-element-365eeaa:not(.elementor-motion-effects-element-type-background), .elementor-8328 .elementor-element.elementor-element-365eeaa > .elementor-motion-effects-container > .elementor-motion-effects-layer{background-attachment:scroll;}}@media(max-width:767px){.elementor-8328 .elementor-element.elementor-element-365eeaa{padding:50px 0px 50px 0px;}.elementor-8328 .elementor-element.elementor-element-f04ae19 .elementor-heading-title{font-size:25px;}}\/* Start custom CSS for section, class: .elementor-element-fbdac53 *\/ul {\r\n    list-style-type: disc !important;\r\n}\/* End custom CSS *\/<\/style>\t\t<div data-elementor-type=\"wp-post\" data-elementor-id=\"8328\" class=\"elementor elementor-8328\" data-elementor-settings=\"{&quot;ha_cmc_init_switcher&quot;:&quot;no&quot;}\" data-elementor-post-type=\"page\">\n\t\t\t\t\t\t<section class=\"elementor-section elementor-top-section elementor-element elementor-element-365eeaa banner-page elementor-section-boxed elementor-section-height-default elementor-section-height-default\" data-id=\"365eeaa\" data-element_type=\"section\" data-settings=\"{&quot;background_background&quot;:&quot;classic&quot;,&quot;_ha_eqh_enable&quot;:false}\">\n\t\t\t\t\t\t\t<div class=\"elementor-background-overlay\"><\/div>\n\t\t\t\t\t\t\t<div class=\"elementor-container elementor-column-gap-default\">\n\t\t\t\t\t<div class=\"elementor-column elementor-col-100 elementor-top-column elementor-element elementor-element-78a3610\" data-id=\"78a3610\" data-element_type=\"column\">\n\t\t\t<div class=\"elementor-widget-wrap elementor-element-populated\">\n\t\t\t\t\t\t<div class=\"elementor-element elementor-element-f04ae19 elementor-widget elementor-widget-heading\" data-id=\"f04ae19\" data-element_type=\"widget\" data-widget_type=\"heading.default\">\n\t\t\t\t<div class=\"elementor-widget-container\">\n\t\t\t\t\t<h1 class=\"elementor-heading-title elementor-size-default\">Plano de Sa\u00fade Dental<\/h1>\t\t\t\t<\/div>\n\t\t\t\t<\/div>\n\t\t\t\t\t<\/div>\n\t\t<\/div>\n\t\t\t\t\t<\/div>\n\t\t<\/section>\n\t\t\t\t<section class=\"elementor-section elementor-top-section elementor-element elementor-element-fbdac53 elementor-section-boxed elementor-section-height-default elementor-section-height-default\" data-id=\"fbdac53\" data-element_type=\"section\" data-settings=\"{&quot;background_background&quot;:&quot;classic&quot;,&quot;_ha_eqh_enable&quot;:false}\">\n\t\t\t\t\t\t<div class=\"elementor-container elementor-column-gap-default\">\n\t\t\t\t\t<div class=\"elementor-column elementor-col-100 elementor-top-column elementor-element elementor-element-7d67f16\" data-id=\"7d67f16\" data-element_type=\"column\">\n\t\t\t<div class=\"elementor-widget-wrap elementor-element-populated\">\n\t\t\t\t\t\t<div class=\"elementor-element elementor-element-8e0e0cc elementor-widget elementor-widget-text-editor\" data-id=\"8e0e0cc\" data-element_type=\"widget\" data-widget_type=\"text-editor.default\">\n\t\t\t\t<div class=\"elementor-widget-container\">\n\t\t\t\t\t\t\t\t\t<p>Um sorriso saud\u00e1vel faz parte do bem estar dos associados da SBF. Pensando em voc\u00ea e seus dependentes, a Sociedade Brasileira de F\u00edsica em parceria com o Bradesco Dental, oferece um seguro odontol\u00f3gico de alta qualidade, com a garantia da solidez e da confiabilidade da marca Bradesco.<\/p>\t\t\t\t\t\t\t\t<\/div>\n\t\t\t\t<\/div>\n\t\t\t\t<div class=\"elementor-element elementor-element-ad6ed7b elementor-widget elementor-widget-text-editor\" data-id=\"ad6ed7b\" data-element_type=\"widget\" id=\"main-text-area\" data-widget_type=\"text-editor.default\">\n\t\t\t\t<div class=\"elementor-widget-container\">\n\t\t\t\t\t\t\t\t\t<h2>D\u00favidas \/ Contato:<\/h2><ul><li><a href=\"https:\/\/sbf.aqscorretora.com.br\/\">AQS Corretora<\/a><\/li><\/ul>\t\t\t\t\t\t\t\t<\/div>\n\t\t\t\t<\/div>\n\t\t\t\t\t<\/div>\n\t\t<\/div>\n\t\t\t\t\t<\/div>\n\t\t<\/section>\n\t\t\t\t<\/div>\n\t\t","protected":false},"excerpt":{"rendered":"<p>Plano de Sa\u00fade Dental Um sorriso saud\u00e1vel faz parte do bem estar dos associados da SBF. Pensando em voc\u00ea e seus dependentes, a Sociedade Brasileira de F\u00edsica em parceria com o Bradesco Dental, oferece um seguro odontol\u00f3gico de alta qualidade, com a garantia da solidez e da confiabilidade da marca Bradesco. D\u00favidas \/ Contato: AQS [&hellip;]<\/p>\n","protected":false},"author":7,"featured_media":16567,"parent":8315,"menu_order":0,"comment_status":"closed","ping_status":"closed","template":"elementor_header_footer","meta":{"footnotes":""},"class_list":["post-8328","page","type-page","status-publish","has-post-thumbnail","hentry"],"aioseo_notices":[],"_links":{"self":[{"href":"https:\/\/www.sbfisica.org.br\/v1\/sbf\/wp-json\/wp\/v2\/pages\/8328","targetHints":{"allow":["GET"]}}],"collection":[{"href":"https:\/\/www.sbfisica.org.br\/v1\/sbf\/wp-json\/wp\/v2\/pages"}],"about":[{"href":"https:\/\/www.sbfisica.org.br\/v1\/sbf\/wp-json\/wp\/v2\/types\/page"}],"author":[{"embeddable":true,"href":"https:\/\/www.sbfisica.org.br\/v1\/sbf\/wp-json\/wp\/v2\/users\/7"}],"replies":[{"embeddable":true,"href":"https:\/\/www.sbfisica.org.br\/v1\/sbf\/wp-json\/wp\/v2\/comments?post=8328"}],"version-history":[{"count":143,"href":"https:\/\/www.sbfisica.org.br\/v1\/sbf\/wp-json\/wp\/v2\/pages\/8328\/revisions"}],"predecessor-version":[{"id":23341,"href":"https:\/\/www.sbfisica.org.br\/v1\/sbf\/wp-json\/wp\/v2\/pages\/8328\/revisions\/23341"}],"up":[{"embeddable":true,"href":"https:\/\/www.sbfisica.org.br\/v1\/sbf\/wp-json\/wp\/v2\/pages\/8315"}],"wp:featuredmedia":[{"embeddable":true,"href":"https:\/\/www.sbfisica.org.br\/v1\/sbf\/wp-json\/wp\/v2\/media\/16567"}],"wp:attachment":[{"href":"https:\/\/www.sbfisica.org.br\/v1\/sbf\/wp-json\/wp\/v2\/media?parent=8328"}],"curies":[{"name":"wp","href":"https:\/\/api.w.org\/{rel}","templated":true}]}}