{"id":8315,"date":"2022-05-07T22:00:55","date_gmt":"2022-05-08T01:00:55","guid":{"rendered":"https:\/\/sbfisica.org.br\/v1\/sbf\/?page_id=8315"},"modified":"2024-04-18T18:57:42","modified_gmt":"2024-04-18T21:57:42","slug":"beneficios","status":"publish","type":"page","link":"https:\/\/www.sbfisica.org.br\/v1\/sbf\/socios\/beneficios\/","title":{"rendered":"Benef\u00edcios"},"content":{"rendered":"<style>.elementor-8315 .elementor-element.elementor-element-001e22f:not(.elementor-motion-effects-element-type-background), .elementor-8315 .elementor-element.elementor-element-001e22f > .elementor-motion-effects-container > .elementor-motion-effects-layer{background-color:#FAF9F6;background-image:url(\"https:\/\/www.sbfisica.org.br\/v1\/sbf\/wp-content\/uploads\/2022\/05\/senior-asian-manager-explaining-or-answering-about-2021-09-02-00-02-00-utc-scaled.jpg\");background-position:center center;background-repeat:no-repeat;background-size:cover;}.elementor-8315 .elementor-element.elementor-element-001e22f > .elementor-background-overlay{background-color:transparent;background-image:linear-gradient(40deg, var( --e-global-color-secondary ) 50%, #FFFFFF00 70%);opacity:0.8;transition:background 0.3s, border-radius 0.3s, opacity 0.3s;}.elementor-8315 .elementor-element.elementor-element-001e22f{transition:background 0.3s, border 0.3s, border-radius 0.3s, box-shadow 0.3s;margin-top:0%;margin-bottom:3%;padding:120px 0px 120px 0px;}.elementor-widget-heading .elementor-heading-title{font-family:var( --e-global-typography-primary-font-family ), raleway;font-weight:var( --e-global-typography-primary-font-weight );color:var( --e-global-color-primary );}.elementor-8315 .elementor-element.elementor-element-96a731a{text-align:start;}.elementor-8315 .elementor-element.elementor-element-96a731a .elementor-heading-title{font-family:\"Kanit\", raleway;font-size:50px;font-weight:600;color:#FFFFFF;}.elementor-8315 .elementor-element.elementor-element-4c77fce:not(.elementor-motion-effects-element-type-background), .elementor-8315 .elementor-element.elementor-element-4c77fce > .elementor-motion-effects-container > .elementor-motion-effects-layer{background-color:var( --e-global-color-247ad3a );}.elementor-8315 .elementor-element.elementor-element-4c77fce{transition:background 0.3s, border 0.3s, border-radius 0.3s, box-shadow 0.3s;padding:0px 0px 50px 0px;}.elementor-8315 .elementor-element.elementor-element-4c77fce > .elementor-background-overlay{transition:background 0.3s, border-radius 0.3s, opacity 0.3s;}.elementor-widget-text-editor{font-family:var( --e-global-typography-text-font-family ), raleway;font-weight:var( --e-global-typography-text-font-weight );color:var( --e-global-color-text );}.elementor-widget-text-editor.elementor-drop-cap-view-stacked .elementor-drop-cap{background-color:var( --e-global-color-primary );}.elementor-widget-text-editor.elementor-drop-cap-view-framed .elementor-drop-cap, .elementor-widget-text-editor.elementor-drop-cap-view-default .elementor-drop-cap{color:var( --e-global-color-primary );border-color:var( --e-global-color-primary );}.elementor-widget-icon-list .elementor-icon-list-item:not(:last-child):after{border-color:var( --e-global-color-text );}.elementor-widget-icon-list .elementor-icon-list-icon i{color:var( --e-global-color-primary );}.elementor-widget-icon-list .elementor-icon-list-icon svg{fill:var( --e-global-color-primary );}.elementor-widget-icon-list .elementor-icon-list-item > .elementor-icon-list-text, .elementor-widget-icon-list .elementor-icon-list-item > a{font-family:var( --e-global-typography-text-font-family ), raleway;font-weight:var( --e-global-typography-text-font-weight );}.elementor-widget-icon-list .elementor-icon-list-text{color:var( --e-global-color-secondary );}.elementor-8315 .elementor-element.elementor-element-ffc607c .elementor-icon-list-items:not(.elementor-inline-items) .elementor-icon-list-item:not(:last-child){padding-block-end:calc(13px\/2);}.elementor-8315 .elementor-element.elementor-element-ffc607c .elementor-icon-list-items:not(.elementor-inline-items) .elementor-icon-list-item:not(:first-child){margin-block-start:calc(13px\/2);}.elementor-8315 .elementor-element.elementor-element-ffc607c .elementor-icon-list-items.elementor-inline-items .elementor-icon-list-item{margin-inline:calc(13px\/2);}.elementor-8315 .elementor-element.elementor-element-ffc607c .elementor-icon-list-items.elementor-inline-items{margin-inline:calc(-13px\/2);}.elementor-8315 .elementor-element.elementor-element-ffc607c .elementor-icon-list-items.elementor-inline-items .elementor-icon-list-item:after{inset-inline-end:calc(-13px\/2);}.elementor-8315 .elementor-element.elementor-element-ffc607c .elementor-icon-list-icon i{color:var( --e-global-color-2ec2502 );transition:color 0.3s;}.elementor-8315 .elementor-element.elementor-element-ffc607c .elementor-icon-list-icon svg{fill:var( --e-global-color-2ec2502 );transition:fill 0.3s;}.elementor-8315 .elementor-element.elementor-element-ffc607c{--e-icon-list-icon-size:14px;--e-icon-list-icon-align:right;--e-icon-list-icon-margin:0 0 0 calc(var(--e-icon-list-icon-size, 1em) * 0.25);--icon-vertical-offset:0px;}.elementor-8315 .elementor-element.elementor-element-ffc607c .elementor-icon-list-text{transition:color 0.3s;}:root{--page-title-display:none;}@media(max-width:1024px){.elementor-8315 .elementor-element.elementor-element-96a731a .elementor-heading-title{font-size:40px;}}@media(min-width:1025px){.elementor-8315 .elementor-element.elementor-element-001e22f:not(.elementor-motion-effects-element-type-background), .elementor-8315 .elementor-element.elementor-element-001e22f > .elementor-motion-effects-container > .elementor-motion-effects-layer{background-attachment:scroll;}}@media(max-width:767px){.elementor-8315 .elementor-element.elementor-element-001e22f{padding:50px 0px 50px 0px;}.elementor-8315 .elementor-element.elementor-element-96a731a .elementor-heading-title{font-size:25px;}}\/* Start custom CSS for icon-list, class: .elementor-element-ffc607c *\/.elementor-icon-list-item {\n    align-items: flex-start !important;\n}\n\n.elementor-icon-list-icon {\n    margin-top: 0.5em;\n}\n\n.elementor-icon-list-item a {\n    text-decoration: underline;\n    font-family: var( --e-global-typography-text-font-family ), raleway;\n    font-weight: bold;\n}\n\n.elementor-icon-list-item a:hover {\n    font-family: var( --e-global-typography-text-font-family ), raleway;\n    font-weight: bold;\n}\/* End custom CSS *\/<\/style>\t\t<div data-elementor-type=\"wp-post\" data-elementor-id=\"8315\" class=\"elementor elementor-8315\" data-elementor-settings=\"{&quot;ha_cmc_init_switcher&quot;:&quot;no&quot;}\" data-elementor-post-type=\"page\">\n\t\t\t\t\t\t<section class=\"elementor-section elementor-top-section elementor-element elementor-element-001e22f banner-page elementor-section-boxed elementor-section-height-default elementor-section-height-default\" data-id=\"001e22f\" data-element_type=\"section\" data-settings=\"{&quot;background_background&quot;:&quot;classic&quot;,&quot;_ha_eqh_enable&quot;:false}\">\n\t\t\t\t\t\t\t<div class=\"elementor-background-overlay\"><\/div>\n\t\t\t\t\t\t\t<div class=\"elementor-container elementor-column-gap-default\">\n\t\t\t\t\t<div class=\"elementor-column elementor-col-100 elementor-top-column elementor-element elementor-element-24d8000\" data-id=\"24d8000\" data-element_type=\"column\">\n\t\t\t<div class=\"elementor-widget-wrap elementor-element-populated\">\n\t\t\t\t\t\t<div class=\"elementor-element elementor-element-96a731a elementor-widget elementor-widget-heading\" data-id=\"96a731a\" data-element_type=\"widget\" data-widget_type=\"heading.default\">\n\t\t\t\t<div class=\"elementor-widget-container\">\n\t\t\t\t\t<h1 class=\"elementor-heading-title elementor-size-default\">Benef\u00edcios<\/h1>\t\t\t\t<\/div>\n\t\t\t\t<\/div>\n\t\t\t\t\t<\/div>\n\t\t<\/div>\n\t\t\t\t\t<\/div>\n\t\t<\/section>\n\t\t\t\t<section class=\"elementor-section elementor-top-section elementor-element elementor-element-4c77fce elementor-section-boxed elementor-section-height-default elementor-section-height-default\" data-id=\"4c77fce\" data-element_type=\"section\" data-settings=\"{&quot;background_background&quot;:&quot;classic&quot;,&quot;_ha_eqh_enable&quot;:false}\">\n\t\t\t\t\t\t<div class=\"elementor-container elementor-column-gap-default\">\n\t\t\t\t\t<div class=\"elementor-column elementor-col-100 elementor-top-column elementor-element elementor-element-5009c89\" data-id=\"5009c89\" data-element_type=\"column\">\n\t\t\t<div class=\"elementor-widget-wrap elementor-element-populated\">\n\t\t\t\t\t\t<div class=\"elementor-element elementor-element-5341881 elementor-widget elementor-widget-text-editor\" data-id=\"5341881\" data-element_type=\"widget\" data-widget_type=\"text-editor.default\">\n\t\t\t\t<div class=\"elementor-widget-container\">\n\t\t\t\t\t\t\t\t\t<p>Melhorar o mundo por meio do poder transformador da f\u00edsica. Somos mais fortes em n\u00famero, promovendo o avan\u00e7o do mundo da f\u00edsica e de seus profissionais para o benef\u00edcio da sociedade. Conhe\u00e7a os benef\u00edcios de fazer parte de nossa comunidade:<\/p>\t\t\t\t\t\t\t\t<\/div>\n\t\t\t\t<\/div>\n\t\t\t\t<div class=\"elementor-element elementor-element-ffc607c elementor-align-start elementor-icon-list--layout-traditional elementor-list-item-link-full_width elementor-widget elementor-widget-icon-list\" data-id=\"ffc607c\" data-element_type=\"widget\" data-widget_type=\"icon-list.default\">\n\t\t\t\t<div class=\"elementor-widget-container\">\n\t\t\t\t\t\t\t<ul class=\"elementor-icon-list-items\">\n\t\t\t\t\t\t\t<li class=\"elementor-icon-list-item\">\n\t\t\t\t\t\t\t\t\t\t\t<span class=\"elementor-icon-list-icon\">\n\t\t\t\t\t\t\t<i aria-hidden=\"true\" class=\"fas fa-check\"><\/i>\t\t\t\t\t\t<\/span>\n\t\t\t\t\t\t\t\t\t\t<span class=\"elementor-icon-list-text\"><b><a href=\"\/v1\/sbf\/socios\/beneficios\/plano-saude-dental\/\">Seguro sa\u00fade e odontol\u00f3gico<\/a> <\/b> com vantagem financeira em rela\u00e7\u00e3o ao mercado.<\/span>\n\t\t\t\t\t\t\t\t\t<\/li>\n\t\t\t\t\t\t\t\t<li class=\"elementor-icon-list-item\">\n\t\t\t\t\t\t\t\t\t\t\t<span class=\"elementor-icon-list-icon\">\n\t\t\t\t\t\t\t<i aria-hidden=\"true\" class=\"fas fa-check\"><\/i>\t\t\t\t\t\t<\/span>\n\t\t\t\t\t\t\t\t\t\t<span class=\"elementor-icon-list-text\"><b>Taxas de inscri\u00e7\u00e3o reduzidas em todos os eventos da SBF<\/b>, assim como em todos os eventos da Sociedade Brasileira de Qu\u00edmica (SBQ), da Associa\u00e7\u00e3o Brasileira de F\u00edsica M\u00e9dica (ABFM), da Sociedade Astron\u00f4mica Brasileira (SAB), da Sociedade Brasileira de Matem\u00e1tica Computacional (SBMAC) e da Sociedade Brasileira de Metrologia (SBM).<\/span>\n\t\t\t\t\t\t\t\t\t<\/li>\n\t\t\t\t\t\t\t\t<li class=\"elementor-icon-list-item\">\n\t\t\t\t\t\t\t\t\t\t\t<span class=\"elementor-icon-list-icon\">\n\t\t\t\t\t\t\t<i aria-hidden=\"true\" class=\"fas fa-check\"><\/i>\t\t\t\t\t\t<\/span>\n\t\t\t\t\t\t\t\t\t\t<span class=\"elementor-icon-list-text\"><b>Taxas de inscri\u00e7\u00e3o reduzidas em eventos da American Physical Society (APS)<\/b>, al\u00e9m de oportunidades de mobilidade para estudantes e pesquisadores, mediante acordo entre a SBF e a APS. Taxas de inscri\u00e7\u00e3o reduzidas em eventos da European Physical Society (EPS).<\/span>\n\t\t\t\t\t\t\t\t\t<\/li>\n\t\t\t\t\t\t<\/ul>\n\t\t\t\t\t\t<\/div>\n\t\t\t\t<\/div>\n\t\t\t\t\t<\/div>\n\t\t<\/div>\n\t\t\t\t\t<\/div>\n\t\t<\/section>\n\t\t\t\t<\/div>\n\t\t","protected":false},"excerpt":{"rendered":"<p>Benef\u00edcios Melhorar o mundo por meio do poder transformador da f\u00edsica. Somos mais fortes em n\u00famero, promovendo o avan\u00e7o do mundo da f\u00edsica e de seus profissionais para o benef\u00edcio da sociedade. Conhe\u00e7a os benef\u00edcios de fazer parte de nossa comunidade: Seguro sa\u00fade e odontol\u00f3gico com vantagem financeira em rela\u00e7\u00e3o ao mercado. Taxas de inscri\u00e7\u00e3o [&hellip;]<\/p>\n","protected":false},"author":7,"featured_media":16567,"parent":7950,"menu_order":0,"comment_status":"closed","ping_status":"closed","template":"elementor_header_footer","meta":{"footnotes":""},"class_list":["post-8315","page","type-page","status-publish","has-post-thumbnail","hentry"],"aioseo_notices":[],"_links":{"self":[{"href":"https:\/\/www.sbfisica.org.br\/v1\/sbf\/wp-json\/wp\/v2\/pages\/8315","targetHints":{"allow":["GET"]}}],"collection":[{"href":"https:\/\/www.sbfisica.org.br\/v1\/sbf\/wp-json\/wp\/v2\/pages"}],"about":[{"href":"https:\/\/www.sbfisica.org.br\/v1\/sbf\/wp-json\/wp\/v2\/types\/page"}],"author":[{"embeddable":true,"href":"https:\/\/www.sbfisica.org.br\/v1\/sbf\/wp-json\/wp\/v2\/users\/7"}],"replies":[{"embeddable":true,"href":"https:\/\/www.sbfisica.org.br\/v1\/sbf\/wp-json\/wp\/v2\/comments?post=8315"}],"version-history":[{"count":98,"href":"https:\/\/www.sbfisica.org.br\/v1\/sbf\/wp-json\/wp\/v2\/pages\/8315\/revisions"}],"predecessor-version":[{"id":22029,"href":"https:\/\/www.sbfisica.org.br\/v1\/sbf\/wp-json\/wp\/v2\/pages\/8315\/revisions\/22029"}],"up":[{"embeddable":true,"href":"https:\/\/www.sbfisica.org.br\/v1\/sbf\/wp-json\/wp\/v2\/pages\/7950"}],"wp:featuredmedia":[{"embeddable":true,"href":"https:\/\/www.sbfisica.org.br\/v1\/sbf\/wp-json\/wp\/v2\/media\/16567"}],"wp:attachment":[{"href":"https:\/\/www.sbfisica.org.br\/v1\/sbf\/wp-json\/wp\/v2\/media?parent=8315"}],"curies":[{"name":"wp","href":"https:\/\/api.w.org\/{rel}","templated":true}]}}