{"id":7972,"date":"2022-05-07T01:17:04","date_gmt":"2022-05-07T04:17:04","guid":{"rendered":"https:\/\/sbfisica.org.br\/v1\/sbf\/?page_id=7972"},"modified":"2023-06-19T14:00:08","modified_gmt":"2023-06-19T17:00:08","slug":"eventos","status":"publish","type":"page","link":"https:\/\/www.sbfisica.org.br\/v1\/sbf\/eventos\/","title":{"rendered":"Eventos"},"content":{"rendered":"<style>.elementor-7972 .elementor-element.elementor-element-8431eac:not(.elementor-motion-effects-element-type-background), .elementor-7972 .elementor-element.elementor-element-8431eac > .elementor-motion-effects-container > .elementor-motion-effects-layer{background-image:url(\"https:\/\/www.sbfisica.org.br\/v1\/sbf\/wp-content\/uploads\/2022\/05\/event-seating.jpg\");background-position:center center;background-repeat:no-repeat;}.elementor-7972 .elementor-element.elementor-element-8431eac > .elementor-background-overlay{opacity:0.75;transition:background 0.3s, border-radius 0.3s, opacity 0.3s;}.elementor-7972 .elementor-element.elementor-element-8431eac{transition:background 0.3s, border 0.3s, border-radius 0.3s, box-shadow 0.3s;margin-top:0%;margin-bottom:3%;padding:120px 0px 120px 0px;}.elementor-widget-heading .elementor-heading-title{font-family:var( --e-global-typography-primary-font-family ), raleway;font-weight:var( --e-global-typography-primary-font-weight );color:var( --e-global-color-primary );}.elementor-7972 .elementor-element.elementor-element-044a5ae{text-align:start;}.elementor-7972 .elementor-element.elementor-element-044a5ae .elementor-heading-title{font-family:\"Kanit\", raleway;font-size:50px;font-weight:600;color:#FFFFFF;}.elementor-7972 .elementor-element.elementor-element-fbdac53:not(.elementor-motion-effects-element-type-background), .elementor-7972 .elementor-element.elementor-element-fbdac53 > .elementor-motion-effects-container > .elementor-motion-effects-layer{background-color:var( --e-global-color-247ad3a );}.elementor-7972 .elementor-element.elementor-element-fbdac53{transition:background 0.3s, border 0.3s, border-radius 0.3s, box-shadow 0.3s;padding:0px 0px 0px 0px;}.elementor-7972 .elementor-element.elementor-element-fbdac53 > .elementor-background-overlay{transition:background 0.3s, border-radius 0.3s, opacity 0.3s;}.elementor-widget-text-editor{font-family:var( --e-global-typography-text-font-family ), raleway;font-weight:var( --e-global-typography-text-font-weight );color:var( --e-global-color-text );}.elementor-widget-text-editor.elementor-drop-cap-view-stacked .elementor-drop-cap{background-color:var( --e-global-color-primary );}.elementor-widget-text-editor.elementor-drop-cap-view-framed .elementor-drop-cap, .elementor-widget-text-editor.elementor-drop-cap-view-default .elementor-drop-cap{color:var( --e-global-color-primary );border-color:var( --e-global-color-primary );}.elementor-7972 .elementor-element.elementor-element-8e0e0cc{text-align:justify;}:root{--page-title-display:none;}@media(max-width:1024px){.elementor-7972 .elementor-element.elementor-element-044a5ae .elementor-heading-title{font-size:40px;}}@media(min-width:1025px){.elementor-7972 .elementor-element.elementor-element-8431eac:not(.elementor-motion-effects-element-type-background), .elementor-7972 .elementor-element.elementor-element-8431eac > .elementor-motion-effects-container > .elementor-motion-effects-layer{background-attachment:scroll;}}@media(max-width:767px){.elementor-7972 .elementor-element.elementor-element-8431eac{padding:50px 0px 50px 0px;}.elementor-7972 .elementor-element.elementor-element-044a5ae .elementor-heading-title{font-size:25px;}}<\/style>\t\t<div data-elementor-type=\"wp-post\" data-elementor-id=\"7972\" class=\"elementor elementor-7972\" data-elementor-settings=\"{&quot;ha_cmc_init_switcher&quot;:&quot;no&quot;}\" data-elementor-post-type=\"page\">\n\t\t\t\t\t\t<section class=\"elementor-section elementor-top-section elementor-element elementor-element-8431eac banner-page elementor-section-boxed elementor-section-height-default elementor-section-height-default\" data-id=\"8431eac\" data-element_type=\"section\" data-settings=\"{&quot;background_background&quot;:&quot;classic&quot;,&quot;_ha_eqh_enable&quot;:false}\">\n\t\t\t\t\t\t\t<div class=\"elementor-background-overlay\"><\/div>\n\t\t\t\t\t\t\t<div class=\"elementor-container elementor-column-gap-default\">\n\t\t\t\t\t<div class=\"elementor-column elementor-col-100 elementor-top-column elementor-element elementor-element-f450fb2\" data-id=\"f450fb2\" data-element_type=\"column\">\n\t\t\t<div class=\"elementor-widget-wrap elementor-element-populated\">\n\t\t\t\t\t\t<div class=\"elementor-element elementor-element-044a5ae elementor-widget elementor-widget-heading\" data-id=\"044a5ae\" data-element_type=\"widget\" data-widget_type=\"heading.default\">\n\t\t\t\t<div class=\"elementor-widget-container\">\n\t\t\t\t\t<h1 class=\"elementor-heading-title elementor-size-default\">Eventos<\/h1>\t\t\t\t<\/div>\n\t\t\t\t<\/div>\n\t\t\t\t\t<\/div>\n\t\t<\/div>\n\t\t\t\t\t<\/div>\n\t\t<\/section>\n\t\t\t\t<section class=\"elementor-section elementor-top-section elementor-element elementor-element-fbdac53 elementor-section-boxed elementor-section-height-default elementor-section-height-default\" data-id=\"fbdac53\" data-element_type=\"section\" data-settings=\"{&quot;background_background&quot;:&quot;classic&quot;,&quot;_ha_eqh_enable&quot;:false}\">\n\t\t\t\t\t\t<div class=\"elementor-container elementor-column-gap-default\">\n\t\t\t\t\t<div class=\"elementor-column elementor-col-100 elementor-top-column elementor-element elementor-element-7d67f16\" data-id=\"7d67f16\" data-element_type=\"column\">\n\t\t\t<div class=\"elementor-widget-wrap elementor-element-populated\">\n\t\t\t\t\t\t<div class=\"elementor-element elementor-element-8e0e0cc elementor-widget elementor-widget-text-editor\" data-id=\"8e0e0cc\" data-element_type=\"widget\" data-widget_type=\"text-editor.default\">\n\t\t\t\t<div class=\"elementor-widget-container\">\n\t\t\t\t\t\t\t\t\t<h2><span style=\"font-weight: 400;\">A SBF organiza encontros nacionais tem\u00e1ticos, encontros regionais e escolas. Alguns s\u00e3o anuais e outros bienais, sempre associados a nossas Comiss\u00f5es de \u00c1rea. Confira os detalhes:&nbsp;<\/span><\/h2>\n<p><\/p>\n<p><b>Encontros Anuais<\/b><\/p>\n<p><a href=\"http:\/\/www.sbfisica.org.br\/~enfmc\/xli\/index.php\/pt\/\"><span style=\"font-weight: 400;\">&#8211; Encontro de Outono da SBF &#8211; EOSBF<\/span><\/a><span style=\"font-weight: 400;\">: Promovido pelas comiss\u00f5es de F\u00edsica At\u00f4mica e Molecular (ATO), F\u00edsica Biol\u00f3gica (BIO), F\u00edsica Estat\u00edstica e Computacional (EST), F\u00edsica na Empresa (FEM), F\u00edsica da Mat\u00e9ria Condensada (FMC), F\u00edsica M\u00e9dica (MED) e \u00d3ptica e Fot\u00f4nica (OTI)<\/span><\/p>\n<p><a href=\"http:\/\/www.sbfisica.org.br\/~enfpc\/xxxix\/index.php\/pt\/\"><span style=\"font-weight: 400;\">&#8211; Encontro Nacional de F\u00edsica de Part\u00edculas e Campos &#8211; ENPC<\/span><\/a><span style=\"font-weight: 400;\">: promovido pelas comiss\u00f5es de F\u00edsica de Part\u00edculas e Campos (PTC) e F\u00edsica Matem\u00e1tica (FMA)<\/span><\/p>\n<p><a href=\"http:\/\/www.sbfisica.org.br\/~rtfnb\/xli\/index.php\/en\/\"><span style=\"font-weight: 400;\">&#8211; Reuni\u00e3o de Trabalho sobre F\u00edsica Nuclear no Brasil<\/span><\/a><span style=\"font-weight: 400;\">: promovido pela Comiss\u00e3o de F\u00edsica Nuclear e Aplica\u00e7\u00f5es (NUC)<\/span><\/p>\n<p><a href=\"http:\/\/www.sbfisica.org.br\/~efnne\/xxxiii\/\"><span style=\"font-weight: 400;\">&#8211; Encontro de F\u00edsicos do Norte e Nordeste &#8211; EFNNE<\/span><\/a><\/p>\n<p><\/p>\n<p><b>Encontros Bienais:<\/b><\/p>\n<p><span style=\"font-weight: 400;\">&#8211;<\/span><a href=\"http:\/\/www.sbfisica.org.br\/~epef\/xvii\/\"><span style=\"font-weight: 400;\"> Encontro de Pesquisa em Ensino de F\u00edsica &#8211; EPEF<\/span><\/a><span style=\"font-weight: 400;\">: promovido pela Comiss\u00e3o de Pesquisa em Ensino de F\u00edsica (PEF)<\/span><\/p>\n<p><a href=\"http:\/\/www.sbfisica.org.br\/~fisica2016\/\"><span style=\"font-weight: 400;\">&#8211; Encontro Brasileiro de F\u00edsica dos Plasmas<\/span><\/a><span style=\"font-weight: 400;\">: promovido pela Comiss\u00e3o de F\u00edsica de Plasmas (PLA)<\/span><\/p>\n<p><a href=\"http:\/\/www.sbfisica.org.br\/~snef\/xxiii\/\"><span style=\"font-weight: 400;\">&#8211; Simp\u00f3sio Nacional de Ensino de F\u00edsica &#8211; SNEF<\/span><\/a><span style=\"font-weight: 400;\">: promovido pela Comiss\u00e3o Estatut\u00e1ria de Assuntos de Ensino da SBF<\/span><\/p>\n<p><\/p>\n<p><b>Escolas:<\/b><\/p>\n<p><a href=\"http:\/\/sites.ifi.unicamp.br\/spsasnano\/\"><span style=\"font-weight: 400;\">&#8211; Escola J.A. Swieca de \u00d3tica n\u00e3o-linear e \u00d3tica Qu\u00e2ntica<\/span><\/a><span style=\"font-weight: 400;\">: promovido pela Comiss\u00e3o de \u00d3tica e Fot\u00f4nica (OTI)<\/span><\/p>\n<p><a href=\"https:\/\/sites.google.com\/site\/xviebee\/home\"><span style=\"font-weight: 400;\">&#8211; Escola Brasileira de Estrutura Eletr\u00f4nica<\/span><\/a><span style=\"font-weight: 400;\">: promovido pela Comiss\u00e3o de F\u00edsica da Mat\u00e9ria Condensada (FMC)<\/span><\/p>\n<p><a href=\"http:\/\/www.sbfisica.org.br\/~evjasfne\/xx\/\"><span style=\"font-weight: 400;\">&#8211; Escola J.A. Swieca de F\u00edsica Nuclear Experimental<\/span><\/a><span style=\"font-weight: 400;\">: promovido pela Comiss\u00e3o de F\u00edsica Nuclear e Aplica\u00e7\u00f5es (NUC)<\/span><\/p>\n<p><a href=\"http:\/\/www.sbfisica.org.br\/~evjasfnt\/xviii\/\"><span style=\"font-weight: 400;\">&#8211; Escola J.A. Swieca de F\u00edsica Nuclear Te\u00f3rica <\/span><\/a><span style=\"font-weight: 400;\">: promovido pela Comiss\u00e3o de F\u00edsica Nuclear e Aplica\u00e7\u00f5es (NUC)<\/span><\/p>\n<p><a href=\"http:\/\/www.sbfisica.org.br\/~evjaspc\/xix\/\"><span style=\"font-weight: 400;\">&#8211; Escola J.A. Swieca de F\u00edsica de Part\u00edculas e Campos<\/span><\/a><span style=\"font-weight: 400;\">: promovido pela Comiss\u00e3o de F\u00edsica de Part\u00edculas e Campos (PTC)<\/span><\/p>\n<p><a href=\"http:\/\/www.ufpa.br\/ppgf\/XEBM\/\"><span style=\"font-weight: 400;\">&#8211; Escola Brasileira de Magnetismo<\/span><\/a><span style=\"font-weight: 400;\">: promovido pela Comiss\u00e3o de F\u00edsica da Mat\u00e9ria Condensada (FMC)<\/span><\/p>\n<p><a href=\"http:\/\/www.sbfisica.org.br\/v1\/escolacern\/\"><span style=\"font-weight: 400;\">&#8211; Escola de F\u00edsica CERN<\/span><\/a><span style=\"font-weight: 400;\">: para professores do Ensino M\u00e9dio, promovido pelas Comiss\u00f5es de Pesquisa em Ensino de F\u00edsica (PEF) e F\u00edsica de Part\u00edculas e Campos (PTC)<\/span><\/p>\n<p><\/p>\n<p><b>Comiss\u00e3o de Reuni\u00f5es:<\/b><\/p>\n<p><span style=\"font-weight: 400;\">Susana de Souza Lalic (UFS)<\/span><\/p>\n<p><span style=\"font-weight: 400;\">Thereza Cristina de Lacerda Paiva (UFRJ)<\/span><\/p>\n<p><span style=\"font-weight: 400;\">Marcilei Guazzelli (FEI)<\/span><\/p>\n<p><span style=\"font-weight: 400;\">Ivan Bechtold (UFSC)<\/span><\/p>\n<p><span style=\"font-weight: 400;\">Manoel Messias (UFMA)<\/span><\/p>\n<p><span style=\"font-weight: 400;\">Roberto Nardi (UNESP)<\/span><\/p>\n<p><span style=\"font-weight: 400;\">Marisa Roberto (ITA)<\/span><\/p>\t\t\t\t\t\t\t\t<\/div>\n\t\t\t\t<\/div>\n\t\t\t\t\t<\/div>\n\t\t<\/div>\n\t\t\t\t\t<\/div>\n\t\t<\/section>\n\t\t\t\t<\/div>\n\t\t","protected":false},"excerpt":{"rendered":"<p>Eventos A SBF organiza encontros nacionais tem\u00e1ticos, encontros regionais e escolas. Alguns s\u00e3o anuais e outros bienais, sempre associados a nossas Comiss\u00f5es de \u00c1rea. Confira os detalhes:&nbsp; Encontros Anuais &#8211; Encontro de Outono da SBF &#8211; EOSBF: Promovido pelas comiss\u00f5es de F\u00edsica At\u00f4mica e Molecular (ATO), F\u00edsica Biol\u00f3gica (BIO), F\u00edsica Estat\u00edstica e Computacional (EST), F\u00edsica [&hellip;]<\/p>\n","protected":false},"author":7,"featured_media":16567,"parent":0,"menu_order":0,"comment_status":"closed","ping_status":"closed","template":"elementor_header_footer","meta":{"footnotes":""},"class_list":["post-7972","page","type-page","status-publish","has-post-thumbnail","hentry"],"aioseo_notices":[],"_links":{"self":[{"href":"https:\/\/www.sbfisica.org.br\/v1\/sbf\/wp-json\/wp\/v2\/pages\/7972","targetHints":{"allow":["GET"]}}],"collection":[{"href":"https:\/\/www.sbfisica.org.br\/v1\/sbf\/wp-json\/wp\/v2\/pages"}],"about":[{"href":"https:\/\/www.sbfisica.org.br\/v1\/sbf\/wp-json\/wp\/v2\/types\/page"}],"author":[{"embeddable":true,"href":"https:\/\/www.sbfisica.org.br\/v1\/sbf\/wp-json\/wp\/v2\/users\/7"}],"replies":[{"embeddable":true,"href":"https:\/\/www.sbfisica.org.br\/v1\/sbf\/wp-json\/wp\/v2\/comments?post=7972"}],"version-history":[{"count":32,"href":"https:\/\/www.sbfisica.org.br\/v1\/sbf\/wp-json\/wp\/v2\/pages\/7972\/revisions"}],"predecessor-version":[{"id":20890,"href":"https:\/\/www.sbfisica.org.br\/v1\/sbf\/wp-json\/wp\/v2\/pages\/7972\/revisions\/20890"}],"wp:featuredmedia":[{"embeddable":true,"href":"https:\/\/www.sbfisica.org.br\/v1\/sbf\/wp-json\/wp\/v2\/media\/16567"}],"wp:attachment":[{"href":"https:\/\/www.sbfisica.org.br\/v1\/sbf\/wp-json\/wp\/v2\/media?parent=7972"}],"curies":[{"name":"wp","href":"https:\/\/api.w.org\/{rel}","templated":true}]}}