{"id":7867,"date":"2022-05-06T20:47:01","date_gmt":"2022-05-06T23:47:01","guid":{"rendered":"https:\/\/sbfisica.org.br\/v1\/sbf\/?page_id=7867"},"modified":"2026-03-19T11:51:38","modified_gmt":"2026-03-19T14:51:38","slug":"revistas","status":"publish","type":"page","link":"https:\/\/www.sbfisica.org.br\/v1\/sbf\/publicacoes\/revistas\/","title":{"rendered":"Revistas"},"content":{"rendered":"<style>.elementor-7867 .elementor-element.elementor-element-36de429:not(.elementor-motion-effects-element-type-background), .elementor-7867 .elementor-element.elementor-element-36de429 > .elementor-motion-effects-container > .elementor-motion-effects-layer{background-color:#FAF9F6;background-image:url(\"https:\/\/www.sbfisica.org.br\/v1\/sbf\/wp-content\/uploads\/2022\/05\/magazines-2021-08-26-22-30-01-utc-1-scaled.jpg\");background-position:center left;background-repeat:no-repeat;background-size:cover;}.elementor-7867 .elementor-element.elementor-element-36de429 > .elementor-background-overlay{background-color:transparent;background-image:linear-gradient(40deg, #063267 50%, #FFFFFF00 70%);opacity:0.8;transition:background 0.3s, border-radius 0.3s, opacity 0.3s;}.elementor-7867 .elementor-element.elementor-element-36de429 .elementor-background-overlay{filter:brightness( 100% ) contrast( 100% ) saturate( 100% ) blur( 0px ) hue-rotate( 0deg );}.elementor-7867 .elementor-element.elementor-element-36de429{transition:background 0.3s, border 0.3s, border-radius 0.3s, box-shadow 0.3s;margin-top:0%;margin-bottom:3%;padding:120px 0px 120px 0px;}.elementor-widget-heading .elementor-heading-title{font-family:var( --e-global-typography-primary-font-family ), raleway;font-weight:var( --e-global-typography-primary-font-weight );color:var( --e-global-color-primary );}.elementor-7867 .elementor-element.elementor-element-4ef33c5{text-align:start;}.elementor-7867 .elementor-element.elementor-element-4ef33c5 .elementor-heading-title{font-family:\"Kanit\", raleway;font-size:50px;font-weight:600;color:#FFFFFF;}.elementor-7867 .elementor-element.elementor-element-fbdac53:not(.elementor-motion-effects-element-type-background), .elementor-7867 .elementor-element.elementor-element-fbdac53 > .elementor-motion-effects-container > .elementor-motion-effects-layer{background-color:var( --e-global-color-247ad3a );}.elementor-7867 .elementor-element.elementor-element-fbdac53{transition:background 0.3s, border 0.3s, border-radius 0.3s, box-shadow 0.3s;padding:0px 0px 50px 0px;}.elementor-7867 .elementor-element.elementor-element-fbdac53 > .elementor-background-overlay{transition:background 0.3s, border-radius 0.3s, opacity 0.3s;}.elementor-7867 .elementor-element.elementor-element-42f4460 > .elementor-widget-container{background-color:var( --e-global-color-primary );margin:0px 0px 20px 0px;border-radius:8px 8px 8px 8px;box-shadow:0px 0px 10px 0px rgba(0, 0, 0, 0.2);}.elementor-7867 .elementor-element.elementor-element-42f4460.ha-has-bg-overlay:hover > .elementor-widget-container::before{transition:background 0.3s;}.elementor-7867 .elementor-element.elementor-element-42f4460:hover .elementor-widget-container{box-shadow:0px 0px 15px 0px rgba(0,0,0,0.5);}.elementor-7867 .elementor-element.elementor-element-42f4460 .gsc-career .box-content .box-information{color:var( --e-global-color-da3b823 );font-family:var( --e-global-typography-text-font-family ), raleway;font-weight:var( --e-global-typography-text-font-weight );}.elementor-7867 .elementor-element.elementor-element-33555df > .elementor-widget-container{background-color:var( --e-global-color-primary );margin:0px 0px 20px 0px;border-radius:8px 8px 8px 8px;box-shadow:0px 0px 10px 0px rgba(0, 0, 0, 0.2);}.elementor-7867 .elementor-element.elementor-element-33555df.ha-has-bg-overlay:hover > .elementor-widget-container::before{transition:background 0.3s;}.elementor-7867 .elementor-element.elementor-element-33555df:hover .elementor-widget-container{box-shadow:0px 0px 15px 0px rgba(0,0,0,0.5);}.elementor-7867 .elementor-element.elementor-element-33555df .gsc-career .box-content .box-information{color:var( --e-global-color-da3b823 );font-family:var( --e-global-typography-text-font-family ), raleway;font-weight:var( --e-global-typography-text-font-weight );}.elementor-7867 .elementor-element.elementor-element-0912e74 > .elementor-widget-container{background-color:var( --e-global-color-primary );margin:0px 0px 20px 0px;border-radius:8px 8px 8px 8px;box-shadow:0px 0px 10px 0px rgba(0, 0, 0, 0.2);}.elementor-7867 .elementor-element.elementor-element-0912e74.ha-has-bg-overlay:hover > .elementor-widget-container::before{transition:background 0.3s;}.elementor-7867 .elementor-element.elementor-element-0912e74:hover .elementor-widget-container{box-shadow:0px 0px 15px 0px rgba(0,0,0,0.5);}.elementor-7867 .elementor-element.elementor-element-0912e74 .gsc-career .box-content .box-information{color:var( --e-global-color-da3b823 );font-family:var( --e-global-typography-text-font-family ), raleway;font-weight:var( --e-global-typography-text-font-weight );}.elementor-7867 .elementor-element.elementor-element-902a71e > .elementor-widget-container{background-color:var( --e-global-color-primary );margin:0px 0px 20px 0px;border-radius:8px 8px 8px 8px;box-shadow:0px 0px 10px 0px rgba(0, 0, 0, 0.2);}.elementor-7867 .elementor-element.elementor-element-902a71e.ha-has-bg-overlay:hover > .elementor-widget-container::before{transition:background 0.3s;}.elementor-7867 .elementor-element.elementor-element-902a71e:hover .elementor-widget-container{box-shadow:0px 0px 15px 0px rgba(0,0,0,0.5);}.elementor-7867 .elementor-element.elementor-element-902a71e .gsc-career .box-content .job-type{padding:5px 5px 5px 5px;}.elementor-7867 .elementor-element.elementor-element-902a71e .gsc-career .box-content .box-information{color:var( --e-global-color-da3b823 );font-family:\"Open Sans\", raleway;font-weight:400;}:root{--page-title-display:none;}@media(max-width:1024px){.elementor-7867 .elementor-element.elementor-element-4ef33c5 .elementor-heading-title{font-size:40px;}}@media(min-width:1025px){.elementor-7867 .elementor-element.elementor-element-36de429:not(.elementor-motion-effects-element-type-background), .elementor-7867 .elementor-element.elementor-element-36de429 > .elementor-motion-effects-container > .elementor-motion-effects-layer{background-attachment:scroll;}}@media(max-width:767px){.elementor-7867 .elementor-element.elementor-element-36de429{padding:50px 0px 50px 0px;}.elementor-7867 .elementor-element.elementor-element-4ef33c5 .elementor-heading-title{font-size:25px;}}\/* Start custom CSS for gva-career-block, class: .elementor-element-42f4460 *\/.job-company .icon{\n    display: none;\n}\n\n.fa.fa-map-marker:before{\n    display: none;\n    margin-left: -10px;\n}\/* End custom CSS *\/\n\/* Start custom CSS for gva-career-block, class: .elementor-element-33555df *\/.job-company .icon{\n    display: none;\n}\n\n.fa.fa-map-marker:before{\n    display: none;\n    margin-left: -10px;\n}\/* End custom CSS *\/\n\/* Start custom CSS for gva-career-block, class: .elementor-element-0912e74 *\/.job-company .icon{\n    display: none;\n}\n\n.fa.fa-map-marker:before{\n    display: none;\n    margin-left: -10px;\n}\/* End custom CSS *\/\n\/* Start custom CSS for gva-career-block, class: .elementor-element-902a71e *\/.job-company .icon{\n    display: none;\n}\n\n.fa.fa-map-marker:before{\n    display: none;\n    margin-left: -10px;\n}\/* End custom CSS *\/<\/style>\t\t<div data-elementor-type=\"wp-post\" data-elementor-id=\"7867\" class=\"elementor elementor-7867\" data-elementor-settings=\"{&quot;ha_cmc_init_switcher&quot;:&quot;no&quot;}\" data-elementor-post-type=\"page\">\n\t\t\t\t\t\t<section class=\"elementor-section elementor-top-section elementor-element elementor-element-36de429 banner-page elementor-section-boxed elementor-section-height-default elementor-section-height-default\" data-id=\"36de429\" data-element_type=\"section\" data-settings=\"{&quot;background_background&quot;:&quot;classic&quot;,&quot;_ha_eqh_enable&quot;:false}\">\n\t\t\t\t\t\t\t<div class=\"elementor-background-overlay\"><\/div>\n\t\t\t\t\t\t\t<div class=\"elementor-container elementor-column-gap-default\">\n\t\t\t\t\t<div class=\"elementor-column elementor-col-100 elementor-top-column elementor-element elementor-element-52f81ac\" data-id=\"52f81ac\" data-element_type=\"column\">\n\t\t\t<div class=\"elementor-widget-wrap elementor-element-populated\">\n\t\t\t\t\t\t<div class=\"elementor-element elementor-element-4ef33c5 elementor-widget elementor-widget-heading\" data-id=\"4ef33c5\" data-element_type=\"widget\" data-widget_type=\"heading.default\">\n\t\t\t\t<div class=\"elementor-widget-container\">\n\t\t\t\t\t<h1 class=\"elementor-heading-title elementor-size-default\">Revistas<\/h1>\t\t\t\t<\/div>\n\t\t\t\t<\/div>\n\t\t\t\t\t<\/div>\n\t\t<\/div>\n\t\t\t\t\t<\/div>\n\t\t<\/section>\n\t\t\t\t<section class=\"elementor-section elementor-top-section elementor-element elementor-element-fbdac53 elementor-section-boxed elementor-section-height-default elementor-section-height-default\" data-id=\"fbdac53\" data-element_type=\"section\" data-settings=\"{&quot;background_background&quot;:&quot;classic&quot;,&quot;_ha_eqh_enable&quot;:&quot;yes&quot;,&quot;_ha_eqh_widget&quot;:[&quot;gva-career-block&quot;],&quot;_ha_eqh_to&quot;:&quot;widget&quot;,&quot;_ha_eqh_disable_on_tablet&quot;:&quot;no&quot;,&quot;_ha_eqh_disable_on_mobile&quot;:&quot;yes&quot;}\">\n\t\t\t\t\t\t<div class=\"elementor-container elementor-column-gap-default\">\n\t\t\t\t\t<div class=\"elementor-column elementor-col-50 elementor-top-column elementor-element elementor-element-7d67f16\" data-id=\"7d67f16\" data-element_type=\"column\">\n\t\t\t<div class=\"elementor-widget-wrap elementor-element-populated\">\n\t\t\t\t\t\t<div data-ha-element-link=\"{&quot;url&quot;:&quot;http:\\\/\\\/www.sbfisica.org.br\\\/bjp\\\/&quot;,&quot;is_external&quot;:&quot;on&quot;,&quot;nofollow&quot;:&quot;&quot;}\" style=\"cursor: pointer\" class=\"elementor-element elementor-element-42f4460 ha-has-bg-overlay elementor-widget elementor-widget-gva-career-block\" data-id=\"42f4460\" data-element_type=\"widget\" data-widget_type=\"gva-career-block.default\">\n\t\t\t\t<div class=\"elementor-widget-container\">\n\t\t\t\t\t<div class=\"gva-element-gva-career-block gva-element\">   <div class=\"gsc-career\">\r\n               <div class=\"image-box\"><img decoding=\"async\" data-src=\"https:\/\/sbfisica.org.br\/v1\/sbf\/wp-content\/uploads\/2022\/05\/bjp.fw_.png\" alt=\"Brazilian Journal of Physics &lt;i class=&quot;elementor-icon fa fa-external-link&quot;&gt;&lt;\/i&gt;\" src=\"data:image\/svg+xml;base64,PHN2ZyB3aWR0aD0iMSIgaGVpZ2h0PSIxIiB4bWxucz0iaHR0cDovL3d3dy53My5vcmcvMjAwMC9zdmciPjwvc3ZnPg==\" class=\"lazyload\" \/><\/div>\r\n      \r\n      <div class=\"box-content clearfix\">\r\n                              <h2 class=\"title\">\r\n              <a href=\"http:\/\/www.sbfisica.org.br\/bjp\/\" target=\"_blank\">Brazilian Journal of Physics <i class=\"elementor-icon fa fa-external-link\"><\/i><\/a>            <\/h2>\r\n                  <div class=\"box-information clearfix\">\r\n            <ul>\r\n                                 <li class=\"job-company\">\r\n                     <i class=\"icon fa fa-suitcase\"><\/i>\r\n                     The Brazilian Journal of Physics is published by the Brazilian Physical Society (SBF) since 1971. The Editorial Board includes physicists from Brazil and from other countries.                  <\/li>\r\n                                                <li class=\"job-address\">\r\n                     <i class=\"icon fa fa-map-marker\"><\/i>\r\n                     The Brazilian Journal of Physics \u00e9 um peri\u00f3dico cient\u00edfico da SBF. Antes recebia o nome de Revista Brasileira de F\u00edsica. Publicado desde 1971.                  <\/li>\r\n                           <\/ul>\r\n         <\/div>\r\n      <\/div>   \r\n   <\/div>\r\n<\/div>\t\t\t\t<\/div>\n\t\t\t\t<\/div>\n\t\t\t\t<div data-ha-element-link=\"{&quot;url&quot;:&quot;http:\\\/\\\/www.sbfisica.org.br\\\/rbef&quot;,&quot;is_external&quot;:&quot;on&quot;,&quot;nofollow&quot;:&quot;&quot;}\" style=\"cursor: pointer\" class=\"elementor-element elementor-element-33555df ha-has-bg-overlay elementor-widget elementor-widget-gva-career-block\" data-id=\"33555df\" data-element_type=\"widget\" data-widget_type=\"gva-career-block.default\">\n\t\t\t\t<div class=\"elementor-widget-container\">\n\t\t\t\t\t<div class=\"gva-element-gva-career-block gva-element\">   <div class=\"gsc-career\">\r\n               <div class=\"image-box\"><img decoding=\"async\" data-src=\"https:\/\/sbfisica.org.br\/v1\/sbf\/wp-content\/uploads\/2022\/05\/rbef.fw_.png\" alt=\"Revista Brasileira de Ensino de F\u00edsica &lt;i class=&quot;elementor-icon fa fa-external-link&quot;&gt;&lt;\/i&gt;\" src=\"data:image\/svg+xml;base64,PHN2ZyB3aWR0aD0iMSIgaGVpZ2h0PSIxIiB4bWxucz0iaHR0cDovL3d3dy53My5vcmcvMjAwMC9zdmciPjwvc3ZnPg==\" class=\"lazyload\" \/><\/div>\r\n      \r\n      <div class=\"box-content clearfix\">\r\n                              <h2 class=\"title\">\r\n              <a href=\"http:\/\/www.sbfisica.org.br\/rbef\" target=\"_blank\">Revista Brasileira de Ensino de F\u00edsica <i class=\"elementor-icon fa fa-external-link\"><\/i><\/a>            <\/h2>\r\n                  <div class=\"box-information clearfix\">\r\n            <ul>\r\n                                 <li class=\"job-company\">\r\n                     <i class=\"icon fa fa-suitcase\"><\/i>\r\n                     Publica\u00e7\u00e3o de acesso livre da SBF, voltada \u00e0 melhoria do ensino de F\u00edsica e de ci\u00eancias correlatas em todos os n\u00edveis de escolariza\u00e7\u00e3o.                  <\/li>\r\n                                          <\/ul>\r\n         <\/div>\r\n      <\/div>   \r\n   <\/div>\r\n<\/div>\t\t\t\t<\/div>\n\t\t\t\t<\/div>\n\t\t\t\t\t<\/div>\n\t\t<\/div>\n\t\t\t\t<div class=\"elementor-column elementor-col-50 elementor-top-column elementor-element elementor-element-97ebbf4\" data-id=\"97ebbf4\" data-element_type=\"column\">\n\t\t\t<div class=\"elementor-widget-wrap elementor-element-populated\">\n\t\t\t\t\t\t<div data-ha-element-link=\"{&quot;url&quot;:&quot;http:\\\/\\\/www1.fisica.org.br\\\/fne\\\/&quot;,&quot;is_external&quot;:&quot;on&quot;,&quot;nofollow&quot;:&quot;&quot;}\" style=\"cursor: pointer\" class=\"elementor-element elementor-element-0912e74 ha-has-bg-overlay elementor-widget elementor-widget-gva-career-block\" data-id=\"0912e74\" data-element_type=\"widget\" data-widget_type=\"gva-career-block.default\">\n\t\t\t\t<div class=\"elementor-widget-container\">\n\t\t\t\t\t<div class=\"gva-element-gva-career-block gva-element\">   <div class=\"gsc-career\">\r\n               <div class=\"image-box\"><img decoding=\"async\" data-src=\"https:\/\/sbfisica.org.br\/v1\/sbf\/wp-content\/uploads\/2022\/05\/fne18-1.jpg\" alt=\"A F\u00edsica na Escola &lt;i class=&quot;elementor-icon fa fa-external-link&quot;&gt;&lt;\/i&gt;\" src=\"data:image\/svg+xml;base64,PHN2ZyB3aWR0aD0iMSIgaGVpZ2h0PSIxIiB4bWxucz0iaHR0cDovL3d3dy53My5vcmcvMjAwMC9zdmciPjwvc3ZnPg==\" class=\"lazyload\" \/><\/div>\r\n      \r\n      <div class=\"box-content clearfix\">\r\n                              <h2 class=\"title\">\r\n              <a href=\"http:\/\/www1.fisica.org.br\/fne\/\" target=\"_blank\">A F\u00edsica na Escola <i class=\"elementor-icon fa fa-external-link\"><\/i><\/a>            <\/h2>\r\n                  <div class=\"box-information clearfix\">\r\n            <ul>\r\n                                 <li class=\"job-company\">\r\n                     <i class=\"icon fa fa-suitcase\"><\/i>\r\n                     A FnE \u00e9 uma revista de forma\u00e7\u00e3o e divulga\u00e7\u00e3o sobre a F\u00edsica e o seu ensino, com \u00eanfase na sala de aula. Tem como foco o di\u00e1logo com os professores do Ensino M\u00e9dio.                  <\/li>\r\n                                          <\/ul>\r\n         <\/div>\r\n      <\/div>   \r\n   <\/div>\r\n<\/div>\t\t\t\t<\/div>\n\t\t\t\t<\/div>\n\t\t\t\t<div data-ha-element-link=\"{&quot;url&quot;:&quot;http:\\\/\\\/www.sbfisica.org.br\\\/rfai\\\/&quot;,&quot;is_external&quot;:&quot;on&quot;,&quot;nofollow&quot;:&quot;&quot;}\" style=\"cursor: pointer\" class=\"elementor-element elementor-element-902a71e ha-has-bg-overlay elementor-widget elementor-widget-gva-career-block\" data-id=\"902a71e\" data-element_type=\"widget\" data-widget_type=\"gva-career-block.default\">\n\t\t\t\t<div class=\"elementor-widget-container\">\n\t\t\t\t\t<div class=\"gva-element-gva-career-block gva-element\">   <div class=\"gsc-career\">\r\n               <div class=\"image-box\"><img decoding=\"async\" data-src=\"https:\/\/sbfisica.org.br\/v1\/sbf\/wp-content\/uploads\/2022\/05\/rfa.fw_.png\" alt=\"Revista de F\u00edsica Aplicada e Instrumenta\u00e7\u00e3o &lt;i class=&quot;elementor-icon fa fa-external-link&quot;&gt;&lt;\/i&gt;\" src=\"data:image\/svg+xml;base64,PHN2ZyB3aWR0aD0iMSIgaGVpZ2h0PSIxIiB4bWxucz0iaHR0cDovL3d3dy53My5vcmcvMjAwMC9zdmciPjwvc3ZnPg==\" class=\"lazyload\" \/><\/div>\r\n      \r\n      <div class=\"box-content clearfix\">\r\n                     <span class=\"job-type\">Publicada at\u00e9 2006<\/span>\r\n                              <h2 class=\"title\">\r\n              <a href=\"http:\/\/www.sbfisica.org.br\/rfai\/\" target=\"_blank\">Revista de F\u00edsica Aplicada e Instrumenta\u00e7\u00e3o <i class=\"elementor-icon fa fa-external-link\"><\/i><\/a>            <\/h2>\r\n                  <div class=\"box-information clearfix\">\r\n            <ul>\r\n                                 <li class=\"job-company\">\r\n                     <i class=\"icon fa fa-suitcase\"><\/i>\r\n                     Ao longo dos anos a f\u00edsica tem contribu\u00eddo para o surgimento de novas tecnologias e novos conhecimentos que contribuem imensamente com nossas vidas e essa revista nos trouxe esse recorte da aplicabilidade da F\u00edsica e seus instrumentos.                  <\/li>\r\n                                          <\/ul>\r\n         <\/div>\r\n      <\/div>   \r\n   <\/div>\r\n<\/div>\t\t\t\t<\/div>\n\t\t\t\t<\/div>\n\t\t\t\t\t<\/div>\n\t\t<\/div>\n\t\t\t\t\t<\/div>\n\t\t<\/section>\n\t\t\t\t<\/div>\n\t\t","protected":false},"excerpt":{"rendered":"<p>Revistas Brazilian Journal of Physics The Brazilian Journal of Physics is published by the Brazilian Physical Society (SBF) since 1971. The Editorial Board includes physicists from Brazil and from other countries. The Brazilian Journal of Physics \u00e9 um peri\u00f3dico cient\u00edfico da SBF. Antes recebia o nome de Revista Brasileira de F\u00edsica. Publicado desde 1971. Revista [&hellip;]<\/p>\n","protected":false},"author":7,"featured_media":16567,"parent":7832,"menu_order":0,"comment_status":"closed","ping_status":"closed","template":"elementor_header_footer","meta":{"footnotes":""},"class_list":["post-7867","page","type-page","status-publish","has-post-thumbnail","hentry"],"aioseo_notices":[],"_links":{"self":[{"href":"https:\/\/www.sbfisica.org.br\/v1\/sbf\/wp-json\/wp\/v2\/pages\/7867","targetHints":{"allow":["GET"]}}],"collection":[{"href":"https:\/\/www.sbfisica.org.br\/v1\/sbf\/wp-json\/wp\/v2\/pages"}],"about":[{"href":"https:\/\/www.sbfisica.org.br\/v1\/sbf\/wp-json\/wp\/v2\/types\/page"}],"author":[{"embeddable":true,"href":"https:\/\/www.sbfisica.org.br\/v1\/sbf\/wp-json\/wp\/v2\/users\/7"}],"replies":[{"embeddable":true,"href":"https:\/\/www.sbfisica.org.br\/v1\/sbf\/wp-json\/wp\/v2\/comments?post=7867"}],"version-history":[{"count":100,"href":"https:\/\/www.sbfisica.org.br\/v1\/sbf\/wp-json\/wp\/v2\/pages\/7867\/revisions"}],"predecessor-version":[{"id":30850,"href":"https:\/\/www.sbfisica.org.br\/v1\/sbf\/wp-json\/wp\/v2\/pages\/7867\/revisions\/30850"}],"up":[{"embeddable":true,"href":"https:\/\/www.sbfisica.org.br\/v1\/sbf\/wp-json\/wp\/v2\/pages\/7832"}],"wp:featuredmedia":[{"embeddable":true,"href":"https:\/\/www.sbfisica.org.br\/v1\/sbf\/wp-json\/wp\/v2\/media\/16567"}],"wp:attachment":[{"href":"https:\/\/www.sbfisica.org.br\/v1\/sbf\/wp-json\/wp\/v2\/media?parent=7867"}],"curies":[{"name":"wp","href":"https:\/\/api.w.org\/{rel}","templated":true}]}}