{"id":7832,"date":"2022-05-06T15:17:06","date_gmt":"2022-05-06T18:17:06","guid":{"rendered":"https:\/\/sbfisica.org.br\/v1\/sbf\/?page_id=7832"},"modified":"2022-07-18T23:50:23","modified_gmt":"2022-07-19T02:50:23","slug":"publicacoes","status":"publish","type":"page","link":"https:\/\/www.sbfisica.org.br\/v1\/sbf\/publicacoes\/","title":{"rendered":"Publica\u00e7\u00f5es"},"content":{"rendered":"<style>.elementor-7832 .elementor-element.elementor-element-6c8ef47:not(.elementor-motion-effects-element-type-background), .elementor-7832 .elementor-element.elementor-element-6c8ef47 > .elementor-motion-effects-container > .elementor-motion-effects-layer{background-color:#FAF9F6;background-image:url(\"https:\/\/www.sbfisica.org.br\/v1\/sbf\/wp-content\/uploads\/2022\/05\/molecular-structure-abstract-science-background-3d-illustration.jpg\");background-position:center center;background-repeat:no-repeat;background-size:cover;}.elementor-7832 .elementor-element.elementor-element-6c8ef47 > .elementor-background-overlay{background-color:transparent;background-image:linear-gradient(40deg, #063267 50%, #FFFFFF00 70%);opacity:0.9;transition:background 0.3s, border-radius 0.3s, opacity 0.3s;}.elementor-7832 .elementor-element.elementor-element-6c8ef47 .elementor-background-overlay{filter:brightness( 100% ) contrast( 100% ) saturate( 100% ) blur( 0px ) hue-rotate( 0deg );}.elementor-7832 .elementor-element.elementor-element-6c8ef47{transition:background 0.3s, border 0.3s, border-radius 0.3s, box-shadow 0.3s;margin-top:0%;margin-bottom:3%;padding:120px 0px 120px 0px;}.elementor-widget-heading .elementor-heading-title{font-family:var( --e-global-typography-primary-font-family ), raleway;font-weight:var( --e-global-typography-primary-font-weight );color:var( --e-global-color-primary );}.elementor-7832 .elementor-element.elementor-element-8f2b178{text-align:start;}.elementor-7832 .elementor-element.elementor-element-8f2b178 .elementor-heading-title{font-family:\"Kanit\", raleway;font-size:50px;font-weight:600;color:#FFFFFF;}.elementor-7832 .elementor-element.elementor-element-fbdac53:not(.elementor-motion-effects-element-type-background), .elementor-7832 .elementor-element.elementor-element-fbdac53 > .elementor-motion-effects-container > .elementor-motion-effects-layer{background-color:var( --e-global-color-247ad3a );}.elementor-7832 .elementor-element.elementor-element-fbdac53{transition:background 0.3s, border 0.3s, border-radius 0.3s, box-shadow 0.3s;}.elementor-7832 .elementor-element.elementor-element-fbdac53 > .elementor-background-overlay{transition:background 0.3s, border-radius 0.3s, opacity 0.3s;}.elementor-widget-text-editor{font-family:var( --e-global-typography-text-font-family ), raleway;font-weight:var( --e-global-typography-text-font-weight );color:var( --e-global-color-text );}.elementor-widget-text-editor.elementor-drop-cap-view-stacked .elementor-drop-cap{background-color:var( --e-global-color-primary );}.elementor-widget-text-editor.elementor-drop-cap-view-framed .elementor-drop-cap, .elementor-widget-text-editor.elementor-drop-cap-view-default .elementor-drop-cap{color:var( --e-global-color-primary );border-color:var( --e-global-color-primary );}.elementor-7832 .elementor-element.elementor-element-8e0e0cc{text-align:justify;font-family:var( --e-global-typography-text-font-family ), raleway;font-weight:var( --e-global-typography-text-font-weight );}.elementor-7832 .elementor-element.elementor-element-058a004:not(.elementor-motion-effects-element-type-background), .elementor-7832 .elementor-element.elementor-element-058a004 > .elementor-motion-effects-container > .elementor-motion-effects-layer{background-color:var( --e-global-color-primary );}.elementor-7832 .elementor-element.elementor-element-058a004{transition:background 0.3s, border 0.3s, border-radius 0.3s, box-shadow 0.3s;padding:2% 0% 4% 0%;}.elementor-7832 .elementor-element.elementor-element-058a004 > .elementor-background-overlay{transition:background 0.3s, border-radius 0.3s, opacity 0.3s;}.elementor-widget-ha-card .ha-badge{font-family:var( --e-global-typography-text-font-family ), raleway;font-weight:var( --e-global-typography-text-font-weight );}.elementor-widget-ha-card .ha-card-title{font-family:var( --e-global-typography-secondary-font-family ), raleway;font-weight:var( --e-global-typography-secondary-font-weight );}.elementor-widget-ha-card .ha-card-text{font-family:var( --e-global-typography-text-font-family ), raleway;font-weight:var( --e-global-typography-text-font-weight );}.elementor-widget-ha-card .ha-btn{font-family:var( --e-global-typography-accent-font-family ), raleway;font-weight:var( --e-global-typography-accent-font-weight );}.elementor-7832 .elementor-element.elementor-element-7c10d43 .elementor-widget-container{-webkit-box-orient:vertical;-webkit-box-direction:normal;-ms-flex-direction:column;flex-direction:column;text-align:left;}.elementor-7832 .elementor-element.elementor-element-7c10d43:hover .elementor-widget-container{box-shadow:0px 0px 10px 0px rgba(0,0,0,0.5);}.elementor-7832 .elementor-element.elementor-element-7c10d43 .ha-card-body{padding:30px 30px 30px 30px;}.elementor-7832 .elementor-element.elementor-element-7c10d43 .ha-card-text{margin-bottom:0px;}.elementor-7832 .elementor-element.elementor-element-12f5e66 .elementor-widget-container{-webkit-box-orient:vertical;-webkit-box-direction:normal;-ms-flex-direction:column;flex-direction:column;text-align:left;}.elementor-7832 .elementor-element.elementor-element-12f5e66:hover .elementor-widget-container{box-shadow:0px 0px 10px 0px rgba(0,0,0,0.5);}.elementor-7832 .elementor-element.elementor-element-12f5e66 .ha-card-body{padding:30px 30px 30px 30px;}.elementor-7832 .elementor-element.elementor-element-12f5e66 .ha-card-text{margin-bottom:0px;}.elementor-7832 .elementor-element.elementor-element-88bed10:not(.elementor-motion-effects-element-type-background), .elementor-7832 .elementor-element.elementor-element-88bed10 > .elementor-motion-effects-container > .elementor-motion-effects-layer{background-color:var( --e-global-color-e604687 );}.elementor-7832 .elementor-element.elementor-element-88bed10{transition:background 0.3s, border 0.3s, border-radius 0.3s, box-shadow 0.3s;margin-top:0%;margin-bottom:0%;padding:2% 0% 2% 0%;}.elementor-7832 .elementor-element.elementor-element-88bed10 > .elementor-background-overlay{transition:background 0.3s, border-radius 0.3s, opacity 0.3s;}.elementor-7832 .elementor-element.elementor-element-28ce38f{text-align:justify;color:var( --e-global-color-247ad3a );}.elementor-7832 .elementor-element.elementor-element-798add3:not(.elementor-motion-effects-element-type-background), .elementor-7832 .elementor-element.elementor-element-798add3 > .elementor-motion-effects-container > .elementor-motion-effects-layer{background-color:var( --e-global-color-247ad3a );}.elementor-7832 .elementor-element.elementor-element-798add3{transition:background 0.3s, border 0.3s, border-radius 0.3s, box-shadow 0.3s;padding:50px 0px 50px 0px;}.elementor-7832 .elementor-element.elementor-element-798add3 > .elementor-background-overlay{transition:background 0.3s, border-radius 0.3s, opacity 0.3s;}.elementor-7832 .elementor-element.elementor-element-7529ccb{text-align:justify;font-family:var( --e-global-typography-text-font-family ), raleway;font-weight:var( --e-global-typography-text-font-weight );}body.elementor-page-7832:not(.elementor-motion-effects-element-type-background), body.elementor-page-7832 > .elementor-motion-effects-container > .elementor-motion-effects-layer{background-color:var( --e-global-color-247ad3a );}:root{--page-title-display:none;}@media(max-width:1024px){.elementor-7832 .elementor-element.elementor-element-8f2b178 .elementor-heading-title{font-size:40px;}.elementor-7832 .elementor-element.elementor-element-7c10d43 .elementor-widget-container{-webkit-box-orient:vertical;-webkit-box-direction:normal;-ms-flex-direction:column;flex-direction:column;text-align:left;}.elementor-7832 .elementor-element.elementor-element-7c10d43{--ha-card-image-width:100%;}.elementor-7832 .elementor-element.elementor-element-12f5e66 .elementor-widget-container{-webkit-box-orient:vertical;-webkit-box-direction:normal;-ms-flex-direction:column;flex-direction:column;text-align:left;}.elementor-7832 .elementor-element.elementor-element-12f5e66{--ha-card-image-width:100%;}}@media(min-width:1025px){.elementor-7832 .elementor-element.elementor-element-6c8ef47:not(.elementor-motion-effects-element-type-background), .elementor-7832 .elementor-element.elementor-element-6c8ef47 > .elementor-motion-effects-container > .elementor-motion-effects-layer{background-attachment:scroll;}}@media(max-width:767px){.elementor-7832 .elementor-element.elementor-element-6c8ef47{padding:50px 0px 50px 0px;}.elementor-7832 .elementor-element.elementor-element-8f2b178 .elementor-heading-title{font-size:25px;}.elementor-7832 .elementor-element.elementor-element-7c10d43 .elementor-widget-container{-webkit-box-orient:vertical;-webkit-box-direction:normal;-ms-flex-direction:column;flex-direction:column;text-align:left;}.elementor-7832 .elementor-element.elementor-element-7c10d43{--ha-card-image-width:100%;}.elementor-7832 .elementor-element.elementor-element-12f5e66 .elementor-widget-container{-webkit-box-orient:vertical;-webkit-box-direction:normal;-ms-flex-direction:column;flex-direction:column;text-align:left;}.elementor-7832 .elementor-element.elementor-element-12f5e66{--ha-card-image-width:100%;}}<\/style>\t\t<div data-elementor-type=\"wp-post\" data-elementor-id=\"7832\" class=\"elementor elementor-7832\" data-elementor-settings=\"{&quot;ha_cmc_init_switcher&quot;:&quot;no&quot;}\" data-elementor-post-type=\"page\">\n\t\t\t\t\t\t<section class=\"elementor-section elementor-top-section elementor-element elementor-element-6c8ef47 banner-page elementor-section-boxed elementor-section-height-default elementor-section-height-default\" data-id=\"6c8ef47\" data-element_type=\"section\" data-settings=\"{&quot;background_background&quot;:&quot;classic&quot;,&quot;_ha_eqh_enable&quot;:false}\">\n\t\t\t\t\t\t\t<div class=\"elementor-background-overlay\"><\/div>\n\t\t\t\t\t\t\t<div class=\"elementor-container elementor-column-gap-default\">\n\t\t\t\t\t<div class=\"elementor-column elementor-col-100 elementor-top-column elementor-element elementor-element-24c4bcb\" data-id=\"24c4bcb\" data-element_type=\"column\">\n\t\t\t<div class=\"elementor-widget-wrap elementor-element-populated\">\n\t\t\t\t\t\t<div class=\"elementor-element elementor-element-8f2b178 elementor-widget elementor-widget-heading\" data-id=\"8f2b178\" data-element_type=\"widget\" data-widget_type=\"heading.default\">\n\t\t\t\t<div class=\"elementor-widget-container\">\n\t\t\t\t\t<h1 class=\"elementor-heading-title elementor-size-default\">Publica\u00e7\u00f5es<\/h1>\t\t\t\t<\/div>\n\t\t\t\t<\/div>\n\t\t\t\t\t<\/div>\n\t\t<\/div>\n\t\t\t\t\t<\/div>\n\t\t<\/section>\n\t\t\t\t<section class=\"elementor-section elementor-top-section elementor-element elementor-element-fbdac53 elementor-section-boxed elementor-section-height-default elementor-section-height-default\" data-id=\"fbdac53\" data-element_type=\"section\" data-settings=\"{&quot;background_background&quot;:&quot;classic&quot;,&quot;_ha_eqh_enable&quot;:false}\">\n\t\t\t\t\t\t<div class=\"elementor-container elementor-column-gap-default\">\n\t\t\t\t\t<div class=\"elementor-column elementor-col-100 elementor-top-column elementor-element elementor-element-7d67f16\" data-id=\"7d67f16\" data-element_type=\"column\">\n\t\t\t<div class=\"elementor-widget-wrap elementor-element-populated\">\n\t\t\t\t\t\t<div class=\"elementor-element elementor-element-8e0e0cc elementor-widget elementor-widget-text-editor\" data-id=\"8e0e0cc\" data-element_type=\"widget\" data-widget_type=\"text-editor.default\">\n\t\t\t\t<div class=\"elementor-widget-container\">\n\t\t\t\t\t\t\t\t\t<p>Acompanhe as publica\u00e7\u00f5es peri\u00f3dicas da SBF, e acesse gratuitamente as principais edi\u00e7\u00f5es j\u00e1 publicadas.<\/p>\t\t\t\t\t\t\t\t<\/div>\n\t\t\t\t<\/div>\n\t\t\t\t\t<\/div>\n\t\t<\/div>\n\t\t\t\t\t<\/div>\n\t\t<\/section>\n\t\t\t\t<section class=\"elementor-section elementor-top-section elementor-element elementor-element-058a004 elementor-section-boxed elementor-section-height-default elementor-section-height-default\" data-id=\"058a004\" data-element_type=\"section\" data-settings=\"{&quot;background_background&quot;:&quot;classic&quot;,&quot;_ha_eqh_enable&quot;:&quot;yes&quot;,&quot;_ha_eqh_widget&quot;:[&quot;ha-card&quot;],&quot;_ha_eqh_to&quot;:&quot;widget&quot;,&quot;_ha_eqh_disable_on_tablet&quot;:&quot;no&quot;,&quot;_ha_eqh_disable_on_mobile&quot;:&quot;yes&quot;}\">\n\t\t\t\t\t\t<div class=\"elementor-container elementor-column-gap-default\">\n\t\t\t\t\t<div class=\"elementor-column elementor-col-33 elementor-top-column elementor-element elementor-element-65fa846\" data-id=\"65fa846\" data-element_type=\"column\">\n\t\t\t<div class=\"elementor-widget-wrap elementor-element-populated\">\n\t\t\t\t\t\t<div data-ha-element-link=\"{&quot;url&quot;:&quot;\\\/publicacoes\\\/revistas&quot;,&quot;is_external&quot;:&quot;&quot;,&quot;nofollow&quot;:&quot;&quot;}\" style=\"cursor: pointer\" class=\"elementor-element elementor-element-7c10d43 ha-card--top ha-card--tablet-top ha-card--mobile-top elementor-widget elementor-widget-ha-card happy-addon ha-card\" data-id=\"7c10d43\" data-element_type=\"widget\" data-widget_type=\"ha-card.default\">\n\t\t\t\t<div class=\"elementor-widget-container\">\n\t\t\t\t\t\n\t\t\t\t\t<figure class=\"ha-card-figure\">\n\t\t\t\t<img fetchpriority=\"high\" decoding=\"async\" width=\"750\" height=\"510\" src=\"https:\/\/www.sbfisica.org.br\/v1\/sbf\/wp-content\/uploads\/2022\/05\/scientist-holding-a-molecular-model-750x510.jpg\" class=\"attachment-medium size-medium wp-image-8805\" alt=\"Scientist holding a molecular model\" \/>\t\t\t\t\t\t\t<\/figure>\n\t\t\n\t\t<div class=\"ha-card-body\">\n\n\t\t\t<h2 class=\"ha-card-title\">Revistas<\/h2>\n\t\t\t\n\t\t\t\t\t<\/div>\n\t\t\t\t\t\t<\/div>\n\t\t\t\t<\/div>\n\t\t\t\t\t<\/div>\n\t\t<\/div>\n\t\t\t\t<div class=\"elementor-column elementor-col-33 elementor-top-column elementor-element elementor-element-5d10be8\" data-id=\"5d10be8\" data-element_type=\"column\">\n\t\t\t<div class=\"elementor-widget-wrap elementor-element-populated\">\n\t\t\t\t\t\t<div data-ha-element-link=\"{&quot;url&quot;:&quot;\\\/publicacoes\\\/livros-e-estudos&quot;,&quot;is_external&quot;:&quot;&quot;,&quot;nofollow&quot;:&quot;&quot;}\" style=\"cursor: pointer\" class=\"elementor-element elementor-element-12f5e66 ha-card--top ha-card--tablet-top ha-card--mobile-top elementor-widget elementor-widget-ha-card happy-addon ha-card\" data-id=\"12f5e66\" data-element_type=\"widget\" data-widget_type=\"ha-card.default\">\n\t\t\t\t<div class=\"elementor-widget-container\">\n\t\t\t\t\t\n\t\t\t\t\t<figure class=\"ha-card-figure\">\n\t\t\t\t<img decoding=\"async\" width=\"750\" height=\"510\" data-src=\"https:\/\/www.sbfisica.org.br\/v1\/sbf\/wp-content\/uploads\/2022\/05\/new-chemical-formula-750x510.jpg\" class=\"attachment-medium size-medium wp-image-7613 lazyload\" alt=\"\" src=\"data:image\/svg+xml;base64,PHN2ZyB3aWR0aD0iMSIgaGVpZ2h0PSIxIiB4bWxucz0iaHR0cDovL3d3dy53My5vcmcvMjAwMC9zdmciPjwvc3ZnPg==\" style=\"--smush-placeholder-width: 750px; --smush-placeholder-aspect-ratio: 750\/510;\" \/>\t\t\t\t\t\t\t<\/figure>\n\t\t\n\t\t<div class=\"ha-card-body\">\n\n\t\t\t<h2 class=\"ha-card-title\">Livros e Estudos<\/h2>\n\t\t\t\n\t\t\t\t\t<\/div>\n\t\t\t\t\t\t<\/div>\n\t\t\t\t<\/div>\n\t\t\t\t\t<\/div>\n\t\t<\/div>\n\t\t\t\t<div class=\"elementor-column elementor-col-33 elementor-top-column elementor-element elementor-element-9b2dfba\" data-id=\"9b2dfba\" data-element_type=\"column\">\n\t\t\t<div class=\"elementor-widget-wrap\">\n\t\t\t\t\t\t\t<\/div>\n\t\t<\/div>\n\t\t\t\t\t<\/div>\n\t\t<\/section>\n\t\t\t\t<section class=\"elementor-section elementor-top-section elementor-element elementor-element-88bed10 elementor-section-boxed elementor-section-height-default elementor-section-height-default\" data-id=\"88bed10\" data-element_type=\"section\" data-settings=\"{&quot;background_background&quot;:&quot;classic&quot;,&quot;_ha_eqh_enable&quot;:false}\">\n\t\t\t\t\t\t<div class=\"elementor-container elementor-column-gap-default\">\n\t\t\t\t\t<div class=\"elementor-column elementor-col-100 elementor-top-column elementor-element elementor-element-db9bc07\" data-id=\"db9bc07\" data-element_type=\"column\">\n\t\t\t<div class=\"elementor-widget-wrap elementor-element-populated\">\n\t\t\t\t\t\t<div class=\"elementor-element elementor-element-a09c389 elementor-widget elementor-widget-heading\" data-id=\"a09c389\" data-element_type=\"widget\" data-widget_type=\"heading.default\">\n\t\t\t\t<div class=\"elementor-widget-container\">\n\t\t\t\t\t<h2 class=\"elementor-heading-title elementor-size-default\">Comiss\u00e3o Editorial<\/h2>\t\t\t\t<\/div>\n\t\t\t\t<\/div>\n\t\t\t\t<div class=\"elementor-element elementor-element-28ce38f elementor-widget elementor-widget-text-editor\" data-id=\"28ce38f\" data-element_type=\"widget\" data-widget_type=\"text-editor.default\">\n\t\t\t\t<div class=\"elementor-widget-container\">\n\t\t\t\t\t\t\t\t\t<p>Ant\u00f4nio Martins Figueiredo Neto<br \/>Caio Lewenkopf<br \/>Cid Bartolomeu de Ara\u00fajo<br \/>Katemari Diogo da Rosa<br \/>Nelson Studart F\u00ba<br \/>Silvio Roberto de Azevedo Salinas<\/p>\t\t\t\t\t\t\t\t<\/div>\n\t\t\t\t<\/div>\n\t\t\t\t\t<\/div>\n\t\t<\/div>\n\t\t\t\t\t<\/div>\n\t\t<\/section>\n\t\t\t\t<section class=\"elementor-section elementor-top-section elementor-element elementor-element-798add3 elementor-section-boxed elementor-section-height-default elementor-section-height-default\" data-id=\"798add3\" data-element_type=\"section\" data-settings=\"{&quot;background_background&quot;:&quot;classic&quot;,&quot;_ha_eqh_enable&quot;:false}\">\n\t\t\t\t\t\t<div class=\"elementor-container elementor-column-gap-default\">\n\t\t\t\t\t<div class=\"elementor-column elementor-col-100 elementor-top-column elementor-element elementor-element-54ed2d2\" data-id=\"54ed2d2\" data-element_type=\"column\">\n\t\t\t<div class=\"elementor-widget-wrap elementor-element-populated\">\n\t\t\t\t\t\t<div class=\"elementor-element elementor-element-7529ccb elementor-widget elementor-widget-text-editor\" data-id=\"7529ccb\" data-element_type=\"widget\" data-widget_type=\"text-editor.default\">\n\t\t\t\t<div class=\"elementor-widget-container\">\n\t\t\t\t\t\t\t\t\t<p>Procura por livros para compra? Os melhores t\u00edtulos est\u00e3o dispon\u00edveis na <a href=\"https:\/\/www.livrariadafisica.com.br\/default.aspx\">Livraria da F\u00edsica<\/a>.<\/p>\t\t\t\t\t\t\t\t<\/div>\n\t\t\t\t<\/div>\n\t\t\t\t\t<\/div>\n\t\t<\/div>\n\t\t\t\t\t<\/div>\n\t\t<\/section>\n\t\t\t\t<\/div>\n\t\t","protected":false},"excerpt":{"rendered":"<p>Publica\u00e7\u00f5es Acompanhe as publica\u00e7\u00f5es peri\u00f3dicas da SBF, e acesse gratuitamente as principais edi\u00e7\u00f5es j\u00e1 publicadas. Revistas Livros e Estudos Comiss\u00e3o Editorial Ant\u00f4nio Martins Figueiredo NetoCaio LewenkopfCid Bartolomeu de Ara\u00fajoKatemari Diogo da RosaNelson Studart F\u00baSilvio Roberto de Azevedo Salinas Procura por livros para compra? Os melhores t\u00edtulos est\u00e3o dispon\u00edveis na Livraria da F\u00edsica.<\/p>\n","protected":false},"author":7,"featured_media":16567,"parent":0,"menu_order":0,"comment_status":"closed","ping_status":"closed","template":"elementor_header_footer","meta":{"footnotes":""},"class_list":["post-7832","page","type-page","status-publish","has-post-thumbnail","hentry"],"aioseo_notices":[],"_links":{"self":[{"href":"https:\/\/www.sbfisica.org.br\/v1\/sbf\/wp-json\/wp\/v2\/pages\/7832","targetHints":{"allow":["GET"]}}],"collection":[{"href":"https:\/\/www.sbfisica.org.br\/v1\/sbf\/wp-json\/wp\/v2\/pages"}],"about":[{"href":"https:\/\/www.sbfisica.org.br\/v1\/sbf\/wp-json\/wp\/v2\/types\/page"}],"author":[{"embeddable":true,"href":"https:\/\/www.sbfisica.org.br\/v1\/sbf\/wp-json\/wp\/v2\/users\/7"}],"replies":[{"embeddable":true,"href":"https:\/\/www.sbfisica.org.br\/v1\/sbf\/wp-json\/wp\/v2\/comments?post=7832"}],"version-history":[{"count":41,"href":"https:\/\/www.sbfisica.org.br\/v1\/sbf\/wp-json\/wp\/v2\/pages\/7832\/revisions"}],"predecessor-version":[{"id":15946,"href":"https:\/\/www.sbfisica.org.br\/v1\/sbf\/wp-json\/wp\/v2\/pages\/7832\/revisions\/15946"}],"wp:featuredmedia":[{"embeddable":true,"href":"https:\/\/www.sbfisica.org.br\/v1\/sbf\/wp-json\/wp\/v2\/media\/16567"}],"wp:attachment":[{"href":"https:\/\/www.sbfisica.org.br\/v1\/sbf\/wp-json\/wp\/v2\/media?parent=7832"}],"curies":[{"name":"wp","href":"https:\/\/api.w.org\/{rel}","templated":true}]}}