{"id":7310,"date":"2022-05-04T11:38:17","date_gmt":"2022-05-04T14:38:17","guid":{"rendered":"https:\/\/sbfisica.org.br\/v1\/sbf\/?page_id=7310"},"modified":"2022-07-19T00:03:42","modified_gmt":"2022-07-19T03:03:42","slug":"doe","status":"publish","type":"page","link":"https:\/\/www.sbfisica.org.br\/v1\/sbf\/doe\/","title":{"rendered":"Doe"},"content":{"rendered":"<style>.elementor-7310 .elementor-element.elementor-element-bc492da:not(.elementor-motion-effects-element-type-background), .elementor-7310 .elementor-element.elementor-element-bc492da > .elementor-motion-effects-container > .elementor-motion-effects-layer{background-image:url(\"https:\/\/www.sbfisica.org.br\/v1\/sbf\/wp-content\/uploads\/2022\/05\/hands-of-a-multi-ethnic-group-of-friends-joined-to-2021-09-02-23-21-20-utc-1-scaled.jpg\");background-position:center center;background-repeat:no-repeat;background-size:cover;}.elementor-7310 .elementor-element.elementor-element-bc492da > .elementor-background-overlay{background-color:transparent;background-image:linear-gradient(40deg, var( --e-global-color-secondary ) 50%, #FFFFFF00 70%);opacity:0.8;transition:background 0.3s, border-radius 0.3s, opacity 0.3s;}.elementor-7310 .elementor-element.elementor-element-bc492da{transition:background 0.3s, border 0.3s, border-radius 0.3s, box-shadow 0.3s;margin-top:0%;margin-bottom:3%;padding:120px 0px 120px 0px;}.elementor-widget-heading .elementor-heading-title{font-family:var( --e-global-typography-primary-font-family ), raleway;font-weight:var( --e-global-typography-primary-font-weight );color:var( --e-global-color-primary );}.elementor-7310 .elementor-element.elementor-element-9170624{text-align:start;}.elementor-7310 .elementor-element.elementor-element-9170624 .elementor-heading-title{font-family:\"Kanit\", raleway;font-size:50px;font-weight:600;}.elementor-7310 .elementor-element.elementor-element-57628b9:not(.elementor-motion-effects-element-type-background), .elementor-7310 .elementor-element.elementor-element-57628b9 > .elementor-motion-effects-container > .elementor-motion-effects-layer{background-color:var( --e-global-color-247ad3a );}.elementor-7310 .elementor-element.elementor-element-57628b9{transition:background 0.3s, border 0.3s, border-radius 0.3s, box-shadow 0.3s;}.elementor-7310 .elementor-element.elementor-element-57628b9 > .elementor-background-overlay{transition:background 0.3s, border-radius 0.3s, opacity 0.3s;}.elementor-widget-text-editor{font-family:var( --e-global-typography-text-font-family ), raleway;font-weight:var( --e-global-typography-text-font-weight );color:var( --e-global-color-text );}.elementor-widget-text-editor.elementor-drop-cap-view-stacked .elementor-drop-cap{background-color:var( --e-global-color-primary );}.elementor-widget-text-editor.elementor-drop-cap-view-framed .elementor-drop-cap, .elementor-widget-text-editor.elementor-drop-cap-view-default .elementor-drop-cap{color:var( --e-global-color-primary );border-color:var( --e-global-color-primary );}.elementor-7310 .elementor-element.elementor-element-e76e6aa{text-align:justify;}.elementor-widget-ha-card .ha-badge{font-family:var( --e-global-typography-text-font-family ), raleway;font-weight:var( --e-global-typography-text-font-weight );}.elementor-widget-ha-card .ha-card-title{font-family:var( --e-global-typography-secondary-font-family ), raleway;font-weight:var( --e-global-typography-secondary-font-weight );}.elementor-widget-ha-card .ha-card-text{font-family:var( --e-global-typography-text-font-family ), raleway;font-weight:var( --e-global-typography-text-font-weight );}.elementor-widget-ha-card .ha-btn{font-family:var( --e-global-typography-accent-font-family ), raleway;font-weight:var( --e-global-typography-accent-font-weight );}.elementor-7310 .elementor-element.elementor-element-b9b59dc .elementor-widget-container{-webkit-box-orient:horizontal;-webkit-box-direction:normal;-ms-flex-direction:row;flex-direction:row;text-align:left;}.elementor-7310 .elementor-element.elementor-element-b9b59dc{--ha-card-image-width:200px;}.elementor-7310 .elementor-element.elementor-element-b9b59dc .ha-card-figure{height:200px;}.elementor-7310 .elementor-element.elementor-element-b9b59dc .ha-card-figure img{padding:6% 6% 6% 6%;}.elementor-7310 .elementor-element.elementor-element-b9b59dc .ha-card-body{padding:30px 30px 30px 30px;}.elementor-7310 .elementor-element.elementor-element-b9b59dc .ha-card-text{margin-bottom:0px;}.elementor-7310 .elementor-element.elementor-element-a3c7106{text-align:justify;}.elementor-7310 .elementor-element.elementor-element-bccf5c8 .elementor-heading-title{font-family:var( --e-global-typography-primary-font-family ), raleway;font-weight:var( --e-global-typography-primary-font-weight );color:var( --e-global-color-e604687 );}body.elementor-page-7310:not(.elementor-motion-effects-element-type-background), body.elementor-page-7310 > .elementor-motion-effects-container > .elementor-motion-effects-layer{background-color:#FEF9EB;}@media(max-width:1024px){.elementor-7310 .elementor-element.elementor-element-9170624 .elementor-heading-title{font-size:40px;}.elementor-7310 .elementor-element.elementor-element-b9b59dc .elementor-widget-container{-webkit-box-orient:vertical;-webkit-box-direction:normal;-ms-flex-direction:column;flex-direction:column;text-align:left;}.elementor-7310 .elementor-element.elementor-element-b9b59dc{--ha-card-image-width:20%;}}@media(min-width:1025px){.elementor-7310 .elementor-element.elementor-element-bc492da:not(.elementor-motion-effects-element-type-background), .elementor-7310 .elementor-element.elementor-element-bc492da > .elementor-motion-effects-container > .elementor-motion-effects-layer{background-attachment:scroll;}}@media(max-width:767px){.elementor-7310 .elementor-element.elementor-element-bc492da{padding:50px 0px 50px 0px;}.elementor-7310 .elementor-element.elementor-element-9170624 .elementor-heading-title{font-size:25px;}.elementor-7310 .elementor-element.elementor-element-b9b59dc .elementor-widget-container{-webkit-box-orient:vertical;-webkit-box-direction:normal;-ms-flex-direction:column;flex-direction:column;text-align:left;}.elementor-7310 .elementor-element.elementor-element-b9b59dc{--ha-card-image-width:80%;}}<\/style>\t\t<div data-elementor-type=\"wp-page\" data-elementor-id=\"7310\" class=\"elementor elementor-7310\" data-elementor-settings=\"{&quot;ha_cmc_init_switcher&quot;:&quot;no&quot;}\" data-elementor-post-type=\"page\">\n\t\t\t\t\t\t<section class=\"elementor-section elementor-top-section elementor-element elementor-element-bc492da banner-page elementor-section-boxed elementor-section-height-default elementor-section-height-default\" data-id=\"bc492da\" data-element_type=\"section\" data-settings=\"{&quot;background_background&quot;:&quot;classic&quot;,&quot;_ha_eqh_enable&quot;:false}\">\n\t\t\t\t\t\t\t<div class=\"elementor-background-overlay\"><\/div>\n\t\t\t\t\t\t\t<div class=\"elementor-container elementor-column-gap-default\">\n\t\t\t\t\t<div class=\"elementor-column elementor-col-100 elementor-top-column elementor-element elementor-element-08751c7\" data-id=\"08751c7\" data-element_type=\"column\">\n\t\t\t<div class=\"elementor-widget-wrap elementor-element-populated\">\n\t\t\t\t\t\t<div class=\"elementor-element elementor-element-9170624 elementor-widget elementor-widget-heading\" data-id=\"9170624\" data-element_type=\"widget\" data-widget_type=\"heading.default\">\n\t\t\t\t<div class=\"elementor-widget-container\">\n\t\t\t\t\t<h1 class=\"elementor-heading-title elementor-size-default\">Doe<\/h1>\t\t\t\t<\/div>\n\t\t\t\t<\/div>\n\t\t\t\t\t<\/div>\n\t\t<\/div>\n\t\t\t\t\t<\/div>\n\t\t<\/section>\n\t\t\t\t<section class=\"elementor-section elementor-top-section elementor-element elementor-element-57628b9 elementor-section-boxed elementor-section-height-default elementor-section-height-default\" data-id=\"57628b9\" data-element_type=\"section\" data-settings=\"{&quot;background_background&quot;:&quot;classic&quot;,&quot;_ha_eqh_enable&quot;:false}\">\n\t\t\t\t\t\t<div class=\"elementor-container elementor-column-gap-default\">\n\t\t\t\t\t<div class=\"elementor-column elementor-col-100 elementor-top-column elementor-element elementor-element-91b09d7\" data-id=\"91b09d7\" data-element_type=\"column\">\n\t\t\t<div class=\"elementor-widget-wrap elementor-element-populated\">\n\t\t\t\t\t\t<div class=\"elementor-element elementor-element-e76e6aa elementor-widget elementor-widget-text-editor\" data-id=\"e76e6aa\" data-element_type=\"widget\" data-widget_type=\"text-editor.default\">\n\t\t\t\t<div class=\"elementor-widget-container\">\n\t\t\t\t\t\t\t\t\t<p>A SBF \u00e9 uma Associa\u00e7\u00e3o sem fins lucrativos.\u00a0<span style=\"color: var( --e-global-color-text ); font-family: var( --e-global-typography-text-font-family ), raleway; font-weight: var( --e-global-typography-text-font-weight ); background-color: var( --e-global-color-247ad3a );\">O artigo 49 do nosso Estatuto permite \u201cdoa\u00e7\u00f5es que lhe sejam destinados por quaisquer pessoas f\u00edsicas ou jur\u00eddicas, de direito p\u00fablico ou privado, nacional ou internacional quando realizadas para fim espec\u00edfico ou n\u00e3o\u201d.\u00a0<\/span><span style=\"background-color: var( --e-global-color-247ad3a ); color: var( --e-global-color-text ); font-family: var( --e-global-typography-text-font-family ), raleway; font-weight: var( --e-global-typography-text-font-weight );\">Temos como principais objetivos fortalecer e defender a\u00e7\u00f5es vinculadas ao desenvolvimento da f\u00edsica em suas diversas frentes no Brasil.<\/span><\/p><p>Todo o trabalho de Diretoria, Conselhos, Comiss\u00f5es, Corpo Editorial e Grupos de Trabalho da SBF \u00e9 realizado de forma volunt\u00e1ria. A SBF conta com uma equipe de funcion\u00e1rios para assessorar a implementa\u00e7\u00e3o de suas atividades.<\/p><p>Caso voc\u00ea esteja interessado em apoiar as atividades da SBF por favor entre em contato com <span style=\"color: #063267;\">presidencia@sbfisica.org.br<\/span>.<\/p><p>Voc\u00ea pode tamb\u00e9m fazer diretamente uma contribui\u00e7\u00e3o na conta utlizando os dados a seguir:<\/p>\t\t\t\t\t\t\t\t<\/div>\n\t\t\t\t<\/div>\n\t\t\t\t<div class=\"elementor-element elementor-element-b9b59dc ha-card--left ha-card--tablet-top ha-card--mobile-top elementor-widget elementor-widget-ha-card happy-addon ha-card\" data-id=\"b9b59dc\" data-element_type=\"widget\" data-widget_type=\"ha-card.default\">\n\t\t\t\t<div class=\"elementor-widget-container\">\n\t\t\t\t\t\n\t\t\n\t\t<div class=\"ha-card-body\">\n\n\t\t\t\n\t\t\t\t\t\t\t<div class=\"ha-card-text\">\n\t\t\t\t\t<p>Sociedade Brasileira de F\u00edsica\n<br>\nCNPJ: 52.444.700\/0001-79\n<br>\nBanco do Brasil\n<br>\nAg\u00eancia: 4328-1\n<br>\nConta: 60.000-8<\/p>\n\t\t\t\t<\/div>\n\t\t\t\n\t\t\t\t\t<\/div>\n\t\t\t\t\t\t<\/div>\n\t\t\t\t<\/div>\n\t\t\t\t<div class=\"elementor-element elementor-element-a3c7106 elementor-widget elementor-widget-text-editor\" data-id=\"a3c7106\" data-element_type=\"widget\" data-widget_type=\"text-editor.default\">\n\t\t\t\t<div class=\"elementor-widget-container\">\n\t\t\t\t\t\t\t\t\t<p>Mandando um comprovante para o email (<span style=\"color: var( --e-global-color-text ); font-family: var( --e-global-typography-text-font-family ), raleway; font-weight: var( --e-global-typography-text-font-weight ); background-color: var( --e-global-color-247ad3a );\">presidencia@sbfisica.org.br)<\/span><span style=\"color: var( --e-global-color-text ); font-family: var( --e-global-typography-text-font-family ), raleway; font-weight: var( --e-global-typography-text-font-weight ); background-color: var( --e-global-color-247ad3a );\">\u00a0voc\u00ea receber\u00e1 um certificado de agradecimento da SBF.<\/span><\/p>\t\t\t\t\t\t\t\t<\/div>\n\t\t\t\t<\/div>\n\t\t\t\t<div class=\"elementor-element elementor-element-bccf5c8 elementor-widget elementor-widget-heading\" data-id=\"bccf5c8\" data-element_type=\"widget\" data-widget_type=\"heading.default\">\n\t\t\t\t<div class=\"elementor-widget-container\">\n\t\t\t\t\t<h2 class=\"elementor-heading-title elementor-size-default\">A F\u00edsica brasileira agradece seu apoio!<\/h2>\t\t\t\t<\/div>\n\t\t\t\t<\/div>\n\t\t\t\t\t<\/div>\n\t\t<\/div>\n\t\t\t\t\t<\/div>\n\t\t<\/section>\n\t\t\t\t<\/div>\n\t\t","protected":false},"excerpt":{"rendered":"<p>Doe A SBF \u00e9 uma Associa\u00e7\u00e3o sem fins lucrativos.\u00a0O artigo 49 do nosso Estatuto permite \u201cdoa\u00e7\u00f5es que lhe sejam destinados por quaisquer pessoas f\u00edsicas ou jur\u00eddicas, de direito p\u00fablico ou privado, nacional ou internacional quando realizadas para fim espec\u00edfico ou n\u00e3o\u201d.\u00a0Temos como principais objetivos fortalecer e defender a\u00e7\u00f5es vinculadas ao desenvolvimento da f\u00edsica em suas [&hellip;]<\/p>\n","protected":false},"author":7,"featured_media":16567,"parent":0,"menu_order":0,"comment_status":"closed","ping_status":"closed","template":"elementor_header_footer","meta":{"footnotes":""},"class_list":["post-7310","page","type-page","status-publish","has-post-thumbnail","hentry"],"aioseo_notices":[],"_links":{"self":[{"href":"https:\/\/www.sbfisica.org.br\/v1\/sbf\/wp-json\/wp\/v2\/pages\/7310","targetHints":{"allow":["GET"]}}],"collection":[{"href":"https:\/\/www.sbfisica.org.br\/v1\/sbf\/wp-json\/wp\/v2\/pages"}],"about":[{"href":"https:\/\/www.sbfisica.org.br\/v1\/sbf\/wp-json\/wp\/v2\/types\/page"}],"author":[{"embeddable":true,"href":"https:\/\/www.sbfisica.org.br\/v1\/sbf\/wp-json\/wp\/v2\/users\/7"}],"replies":[{"embeddable":true,"href":"https:\/\/www.sbfisica.org.br\/v1\/sbf\/wp-json\/wp\/v2\/comments?post=7310"}],"version-history":[{"count":137,"href":"https:\/\/www.sbfisica.org.br\/v1\/sbf\/wp-json\/wp\/v2\/pages\/7310\/revisions"}],"predecessor-version":[{"id":15979,"href":"https:\/\/www.sbfisica.org.br\/v1\/sbf\/wp-json\/wp\/v2\/pages\/7310\/revisions\/15979"}],"wp:featuredmedia":[{"embeddable":true,"href":"https:\/\/www.sbfisica.org.br\/v1\/sbf\/wp-json\/wp\/v2\/media\/16567"}],"wp:attachment":[{"href":"https:\/\/www.sbfisica.org.br\/v1\/sbf\/wp-json\/wp\/v2\/media?parent=7310"}],"curies":[{"name":"wp","href":"https:\/\/api.w.org\/{rel}","templated":true}]}}