{"id":7249,"date":"2022-05-03T23:50:52","date_gmt":"2022-05-04T02:50:52","guid":{"rendered":"https:\/\/sbfisica.org.br\/v1\/sbf\/?page_id=7249"},"modified":"2023-07-05T16:12:11","modified_gmt":"2023-07-05T19:12:11","slug":"sobre-nos","status":"publish","type":"page","link":"https:\/\/www.sbfisica.org.br\/v1\/sbf\/sobre-nos\/","title":{"rendered":"A Sociedade Brasileira de F\u00edsica?"},"content":{"rendered":"<style>.elementor-7249 .elementor-element.elementor-element-f2c2b2c:not(.elementor-motion-effects-element-type-background), .elementor-7249 .elementor-element.elementor-element-f2c2b2c > .elementor-motion-effects-container > .elementor-motion-effects-layer{background-color:#FAF9F6;background-image:url(\"https:\/\/www.sbfisica.org.br\/v1\/sbf\/wp-content\/uploads\/2022\/05\/group-of-diverse-people-2021-09-02-06-06-30-utc-scaled.jpg\");background-position:center center;background-repeat:no-repeat;background-size:cover;}.elementor-7249 .elementor-element.elementor-element-f2c2b2c > .elementor-background-overlay{background-color:transparent;background-image:linear-gradient(40deg, var( --e-global-color-secondary ) 50%, #FFFFFF00 70%);opacity:0.8;transition:background 0.3s, border-radius 0.3s, opacity 0.3s;}.elementor-7249 .elementor-element.elementor-element-f2c2b2c{transition:background 0.3s, border 0.3s, border-radius 0.3s, box-shadow 0.3s;margin-top:0%;margin-bottom:3%;padding:120px 0px 120px 0px;}.elementor-widget-heading .elementor-heading-title{font-family:var( --e-global-typography-primary-font-family ), raleway;font-weight:var( --e-global-typography-primary-font-weight );color:var( --e-global-color-primary );}.elementor-7249 .elementor-element.elementor-element-b71a2a4{text-align:start;}.elementor-7249 .elementor-element.elementor-element-b71a2a4 .elementor-heading-title{font-family:\"Kanit\", raleway;font-size:50px;font-weight:600;color:#FFFFFF;}.elementor-7249 .elementor-element.elementor-element-fbdac53:not(.elementor-motion-effects-element-type-background), .elementor-7249 .elementor-element.elementor-element-fbdac53 > .elementor-motion-effects-container > .elementor-motion-effects-layer{background-color:var( --e-global-color-247ad3a );}.elementor-7249 .elementor-element.elementor-element-fbdac53{transition:background 0.3s, border 0.3s, border-radius 0.3s, box-shadow 0.3s;padding:0px 0px 0px 0px;}.elementor-7249 .elementor-element.elementor-element-fbdac53 > .elementor-background-overlay{transition:background 0.3s, border-radius 0.3s, opacity 0.3s;}.elementor-widget-text-editor{font-family:var( --e-global-typography-text-font-family ), raleway;font-weight:var( --e-global-typography-text-font-weight );color:var( --e-global-color-text );}.elementor-widget-text-editor.elementor-drop-cap-view-stacked .elementor-drop-cap{background-color:var( --e-global-color-primary );}.elementor-widget-text-editor.elementor-drop-cap-view-framed .elementor-drop-cap, .elementor-widget-text-editor.elementor-drop-cap-view-default .elementor-drop-cap{color:var( --e-global-color-primary );border-color:var( --e-global-color-primary );}.elementor-7249 .elementor-element.elementor-element-8e0e0cc{text-align:justify;}.elementor-7249 .elementor-element.elementor-element-1295c05:not(.elementor-motion-effects-element-type-background), .elementor-7249 .elementor-element.elementor-element-1295c05 > .elementor-motion-effects-container > .elementor-motion-effects-layer{background-color:var( --e-global-color-247ad3a );}.elementor-7249 .elementor-element.elementor-element-1295c05{transition:background 0.3s, border 0.3s, border-radius 0.3s, box-shadow 0.3s;margin-top:0%;margin-bottom:3%;padding:2% 0% 2% 0%;}.elementor-7249 .elementor-element.elementor-element-1295c05 > .elementor-background-overlay{transition:background 0.3s, border-radius 0.3s, opacity 0.3s;}.elementor-7249 .elementor-element.elementor-element-ea04542 > .elementor-element-populated{padding:0px 15px 0px 15px;}.elementor-widget-ha-card .ha-badge{font-family:var( --e-global-typography-text-font-family ), raleway;font-weight:var( --e-global-typography-text-font-weight );}.elementor-widget-ha-card .ha-card-title{font-family:var( --e-global-typography-secondary-font-family ), raleway;font-weight:var( --e-global-typography-secondary-font-weight );}.elementor-widget-ha-card .ha-card-text{font-family:var( --e-global-typography-text-font-family ), raleway;font-weight:var( --e-global-typography-text-font-weight );}.elementor-widget-ha-card .ha-btn{font-family:var( --e-global-typography-accent-font-family ), raleway;font-weight:var( --e-global-typography-accent-font-weight );}.elementor-7249 .elementor-element.elementor-element-e35799a .elementor-widget-container{-webkit-box-orient:vertical;-webkit-box-direction:normal;-ms-flex-direction:column;flex-direction:column;text-align:left;}.elementor-7249 .elementor-element.elementor-element-e35799a:hover .elementor-widget-container{box-shadow:0px 0px 32px -3px rgba(0,0,0,0.5);}.elementor-7249 .elementor-element.elementor-element-e35799a .ha-card-body{padding:30px 30px 30px 30px;}.elementor-7249 .elementor-element.elementor-element-e35799a .ha-card-text{margin-bottom:0px;color:var( --e-global-color-da3b823 );}.elementor-7249 .elementor-element.elementor-element-40adae3 > .elementor-element-populated{padding:0px 15px 0px 15px;}.elementor-7249 .elementor-element.elementor-element-b85a5bd .elementor-widget-container{-webkit-box-orient:vertical;-webkit-box-direction:normal;-ms-flex-direction:column;flex-direction:column;text-align:left;}.elementor-7249 .elementor-element.elementor-element-b85a5bd:hover .elementor-widget-container{box-shadow:0px 0px 32px -3px rgba(0,0,0,0.5);}.elementor-7249 .elementor-element.elementor-element-b85a5bd .ha-card-body{padding:30px 30px 30px 30px;}.elementor-7249 .elementor-element.elementor-element-b85a5bd .ha-card-text{margin-bottom:0px;color:var( --e-global-color-da3b823 );}.elementor-7249 .elementor-element.elementor-element-c4dcd1c:not(.elementor-motion-effects-element-type-background), .elementor-7249 .elementor-element.elementor-element-c4dcd1c > .elementor-motion-effects-container > .elementor-motion-effects-layer{background-color:var( --e-global-color-secondary );}.elementor-7249 .elementor-element.elementor-element-c4dcd1c{transition:background 0.3s, border 0.3s, border-radius 0.3s, box-shadow 0.3s;margin-top:1%;margin-bottom:1%;padding:4% 4% 4% 4%;}.elementor-7249 .elementor-element.elementor-element-c4dcd1c > .elementor-background-overlay{transition:background 0.3s, border-radius 0.3s, opacity 0.3s;}.elementor-7249 .elementor-element.elementor-element-f1ba77b{text-align:justify;color:#FAF9F6;}.elementor-widget-button .elementor-button{background-color:var( --e-global-color-accent );font-family:var( --e-global-typography-accent-font-family ), raleway;font-weight:var( --e-global-typography-accent-font-weight );}.elementor-7249 .elementor-element.elementor-element-3be000e .elementor-button{background-color:#55250F00;font-family:\"Open Sans\", raleway;font-size:1.1em;font-weight:400;text-decoration:underline;fill:var( --e-global-color-247ad3a );color:var( --e-global-color-247ad3a );}.elementor-7249 .elementor-element.elementor-element-3be000e .elementor-button:hover, .elementor-7249 .elementor-element.elementor-element-3be000e .elementor-button:focus{background-color:var( --e-global-color-primary );color:var( --e-global-color-secondary );}.elementor-7249 .elementor-element.elementor-element-3be000e .elementor-button:hover svg, .elementor-7249 .elementor-element.elementor-element-3be000e .elementor-button:focus svg{fill:var( --e-global-color-secondary );}body.elementor-page-7249:not(.elementor-motion-effects-element-type-background), body.elementor-page-7249 > .elementor-motion-effects-container > .elementor-motion-effects-layer{background-color:var( --e-global-color-247ad3a );}:root{--page-title-display:none;}@media(max-width:1024px){.elementor-7249 .elementor-element.elementor-element-b71a2a4 .elementor-heading-title{font-size:40px;}.elementor-7249 .elementor-element.elementor-element-e35799a .elementor-widget-container{-webkit-box-orient:vertical;-webkit-box-direction:normal;-ms-flex-direction:column;flex-direction:column;text-align:left;}.elementor-7249 .elementor-element.elementor-element-e35799a{--ha-card-image-width:100%;}.elementor-7249 .elementor-element.elementor-element-b85a5bd .elementor-widget-container{-webkit-box-orient:vertical;-webkit-box-direction:normal;-ms-flex-direction:column;flex-direction:column;text-align:left;}.elementor-7249 .elementor-element.elementor-element-b85a5bd{--ha-card-image-width:100%;}}@media(min-width:1025px){.elementor-7249 .elementor-element.elementor-element-f2c2b2c:not(.elementor-motion-effects-element-type-background), .elementor-7249 .elementor-element.elementor-element-f2c2b2c > .elementor-motion-effects-container > .elementor-motion-effects-layer{background-attachment:scroll;}}@media(max-width:767px){.elementor-7249 .elementor-element.elementor-element-f2c2b2c{padding:50px 0px 50px 0px;}.elementor-7249 .elementor-element.elementor-element-b71a2a4 .elementor-heading-title{font-size:25px;}.elementor-7249 .elementor-element.elementor-element-e35799a .elementor-widget-container{-webkit-box-orient:vertical;-webkit-box-direction:normal;-ms-flex-direction:column;flex-direction:column;text-align:left;}.elementor-7249 .elementor-element.elementor-element-e35799a{--ha-card-image-width:100%;}.elementor-7249 .elementor-element.elementor-element-40adae3 > .elementor-element-populated{padding:10px 15px 0px 15px;}.elementor-7249 .elementor-element.elementor-element-b85a5bd .elementor-widget-container{-webkit-box-orient:vertical;-webkit-box-direction:normal;-ms-flex-direction:column;flex-direction:column;text-align:left;}.elementor-7249 .elementor-element.elementor-element-b85a5bd{--ha-card-image-width:100%;}.elementor-7249 .elementor-element.elementor-element-f1ba77b{text-align:start;}.elementor-7249 .elementor-element.elementor-element-3be000e .elementor-button{line-height:1.5em;}}<\/style>\t\t<div data-elementor-type=\"wp-post\" data-elementor-id=\"7249\" class=\"elementor elementor-7249\" data-elementor-settings=\"{&quot;ha_cmc_init_switcher&quot;:&quot;no&quot;}\" data-elementor-post-type=\"page\">\n\t\t\t\t\t\t<section class=\"elementor-section elementor-top-section elementor-element elementor-element-f2c2b2c banner-page elementor-section-boxed elementor-section-height-default elementor-section-height-default\" data-id=\"f2c2b2c\" data-element_type=\"section\" data-settings=\"{&quot;background_background&quot;:&quot;classic&quot;,&quot;_ha_eqh_enable&quot;:false}\">\n\t\t\t\t\t\t\t<div class=\"elementor-background-overlay\"><\/div>\n\t\t\t\t\t\t\t<div class=\"elementor-container elementor-column-gap-default\">\n\t\t\t\t\t<div class=\"elementor-column elementor-col-100 elementor-top-column elementor-element elementor-element-22a3add\" data-id=\"22a3add\" data-element_type=\"column\">\n\t\t\t<div class=\"elementor-widget-wrap elementor-element-populated\">\n\t\t\t\t\t\t<div class=\"elementor-element elementor-element-b71a2a4 elementor-widget elementor-widget-heading\" data-id=\"b71a2a4\" data-element_type=\"widget\" data-widget_type=\"heading.default\">\n\t\t\t\t<div class=\"elementor-widget-container\">\n\t\t\t\t\t<h1 class=\"elementor-heading-title elementor-size-default\">A Sociedade Brasileira de F\u00edsica<\/h1>\t\t\t\t<\/div>\n\t\t\t\t<\/div>\n\t\t\t\t\t<\/div>\n\t\t<\/div>\n\t\t\t\t\t<\/div>\n\t\t<\/section>\n\t\t\t\t<section class=\"elementor-section elementor-top-section elementor-element elementor-element-fbdac53 elementor-section-boxed elementor-section-height-default elementor-section-height-default\" data-id=\"fbdac53\" data-element_type=\"section\" data-settings=\"{&quot;background_background&quot;:&quot;classic&quot;,&quot;_ha_eqh_enable&quot;:false}\">\n\t\t\t\t\t\t<div class=\"elementor-container elementor-column-gap-default\">\n\t\t\t\t\t<div class=\"elementor-column elementor-col-100 elementor-top-column elementor-element elementor-element-7d67f16\" data-id=\"7d67f16\" data-element_type=\"column\">\n\t\t\t<div class=\"elementor-widget-wrap elementor-element-populated\">\n\t\t\t\t\t\t<div class=\"elementor-element elementor-element-8e0e0cc elementor-widget elementor-widget-text-editor\" data-id=\"8e0e0cc\" data-element_type=\"widget\" data-widget_type=\"text-editor.default\">\n\t\t\t\t<div class=\"elementor-widget-container\">\n\t\t\t\t\t\t\t\t\t<p>A Sociedade Brasileira de F\u00edsica \u00e9 a entidade representativa dos f\u00edsicos do Brasil. A SBF congrega a comunidade de f\u00edsicos em defesa da pesquisa, do ensino, da forma\u00e7\u00e3o e da carreira dos profissionais.\u00a0<\/p><p>Mais de 13 mil associados fazem parte da nossa hist\u00f3ria. A SBF foi criada em 1966, durante a 18\u00ba Reuni\u00e3o Anual da Sociedade Brasileira para o Progresso da Ci\u00eancia (SBPC). O ato de funda\u00e7\u00e3o foi em seguida, no dia 14 de julho do mesmo ano.\u00a0<\/p><p>A SBF tem participa\u00e7\u00e3o chave nas mais importantes quest\u00f5es relacionadas \u00e0 f\u00edsica na pol\u00edtica cient\u00edfica nacional.\u00a0<\/p><p>Nossos associados t\u00eam acesso a uma s\u00e9rie de benef\u00edcios e passam a fazer parte desta que \u00e9 uma das mais renomadas sociedades cient\u00edficas do pa\u00eds.<\/p><p>\u00a0<\/p><p>Confira nossos relat\u00f3rios mais recentes:<\/p>\t\t\t\t\t\t\t\t<\/div>\n\t\t\t\t<\/div>\n\t\t\t\t\t<\/div>\n\t\t<\/div>\n\t\t\t\t\t<\/div>\n\t\t<\/section>\n\t\t\t\t<section class=\"elementor-section elementor-top-section elementor-element elementor-element-1295c05 elementor-section-boxed elementor-section-height-default elementor-section-height-default\" data-id=\"1295c05\" data-element_type=\"section\" data-settings=\"{&quot;background_background&quot;:&quot;classic&quot;,&quot;_ha_eqh_enable&quot;:&quot;yes&quot;,&quot;_ha_eqh_widget&quot;:[&quot;ha-card&quot;],&quot;_ha_eqh_to&quot;:&quot;widget&quot;,&quot;_ha_eqh_disable_on_tablet&quot;:&quot;no&quot;,&quot;_ha_eqh_disable_on_mobile&quot;:&quot;yes&quot;}\">\n\t\t\t\t\t\t<div class=\"elementor-container elementor-column-gap-default\">\n\t\t\t\t\t<div class=\"elementor-column elementor-col-50 elementor-top-column elementor-element elementor-element-ea04542\" data-id=\"ea04542\" data-element_type=\"column\">\n\t\t\t<div class=\"elementor-widget-wrap elementor-element-populated\">\n\t\t\t\t\t\t<div data-ha-element-link=\"{&quot;url&quot;:&quot;https:\\\/\\\/sbfisica.org.br\\\/v1\\\/sbf\\\/wp-content\\\/uploads\\\/2023\\\/07\\\/Relatorio-Comissao-Fiscal-da-SBF-2022.pdf&quot;,&quot;is_external&quot;:&quot;on&quot;,&quot;nofollow&quot;:&quot;&quot;}\" style=\"cursor: pointer\" class=\"elementor-element elementor-element-e35799a ha-card--top ha-card--tablet-top ha-card--mobile-top elementor-widget elementor-widget-ha-card happy-addon ha-card\" data-id=\"e35799a\" data-element_type=\"widget\" data-widget_type=\"ha-card.default\">\n\t\t\t\t<div class=\"elementor-widget-container\">\n\t\t\t\t\t\n\t\t\n\t\t<div class=\"ha-card-body\">\n\n\t\t\t<h2 class=\"ha-card-title\">Relat\u00f3rio Comiss\u00e3o Fiscal 2022<\/h2>\n\t\t\t\t\t\t\t<div class=\"ha-card-text\">\n\t\t\t\t\t<p>Relat\u00f3rio de presta\u00e7\u00e3o de contas da diretoria de Julho de 2022<\/p>\n\t\t\t\t<\/div>\n\t\t\t\n\t\t\t\t\t<\/div>\n\t\t\t\t\t\t<\/div>\n\t\t\t\t<\/div>\n\t\t\t\t\t<\/div>\n\t\t<\/div>\n\t\t\t\t<div class=\"elementor-column elementor-col-50 elementor-top-column elementor-element elementor-element-40adae3\" data-id=\"40adae3\" data-element_type=\"column\">\n\t\t\t<div class=\"elementor-widget-wrap elementor-element-populated\">\n\t\t\t\t\t\t<div data-ha-element-link=\"{&quot;url&quot;:&quot;https:\\\/\\\/sbfisica.org.br\\\/v1\\\/sbf\\\/wp-content\\\/uploads\\\/2022\\\/09\\\/RelatorioGestao2021.pdf&quot;,&quot;is_external&quot;:&quot;on&quot;,&quot;nofollow&quot;:&quot;&quot;}\" style=\"cursor: pointer\" class=\"elementor-element elementor-element-b85a5bd ha-card--top ha-card--tablet-top ha-card--mobile-top elementor-widget elementor-widget-ha-card happy-addon ha-card\" data-id=\"b85a5bd\" data-element_type=\"widget\" data-widget_type=\"ha-card.default\">\n\t\t\t\t<div class=\"elementor-widget-container\">\n\t\t\t\t\t\n\t\t\n\t\t<div class=\"ha-card-body\">\n\n\t\t\t<h2 class=\"ha-card-title\">Relat\u00f3rio de Gest\u00e3o 2021<\/h2>\n\t\t\t\t\t\t\t<div class=\"ha-card-text\">\n\t\t\t\t\t<p>Veja nosso  relat\u00f3rio anual de Janeiro de 2021 at\u00e9 Dezembro de 2021<\/p>\n\t\t\t\t<\/div>\n\t\t\t\n\t\t\t\t\t<\/div>\n\t\t\t\t\t\t<\/div>\n\t\t\t\t<\/div>\n\t\t\t\t\t<\/div>\n\t\t<\/div>\n\t\t\t\t\t<\/div>\n\t\t<\/section>\n\t\t\t\t<section class=\"elementor-section elementor-top-section elementor-element elementor-element-c4dcd1c elementor-section-boxed elementor-section-height-default elementor-section-height-default\" data-id=\"c4dcd1c\" data-element_type=\"section\" data-settings=\"{&quot;background_background&quot;:&quot;classic&quot;,&quot;_ha_eqh_enable&quot;:false}\">\n\t\t\t\t\t\t<div class=\"elementor-container elementor-column-gap-default\">\n\t\t\t\t\t<div class=\"elementor-column elementor-col-100 elementor-top-column elementor-element elementor-element-18bcb7b\" data-id=\"18bcb7b\" data-element_type=\"column\">\n\t\t\t<div class=\"elementor-widget-wrap elementor-element-populated\">\n\t\t\t\t\t\t<div class=\"elementor-element elementor-element-96c2e0b elementor-widget elementor-widget-heading\" data-id=\"96c2e0b\" data-element_type=\"widget\" data-widget_type=\"heading.default\">\n\t\t\t\t<div class=\"elementor-widget-container\">\n\t\t\t\t\t<h2 class=\"elementor-heading-title elementor-size-default\">Diretrizes \u00c9ticas<\/h2>\t\t\t\t<\/div>\n\t\t\t\t<\/div>\n\t\t\t\t<div class=\"elementor-element elementor-element-f1ba77b elementor-widget elementor-widget-text-editor\" data-id=\"f1ba77b\" data-element_type=\"widget\" data-widget_type=\"text-editor.default\">\n\t\t\t\t<div class=\"elementor-widget-container\">\n\t\t\t\t\t\t\t\t\tA SBF \u00e9 reconhecida internacionalmente por seu trabalho \u00e9tico e consistente. Temos expertise e excel\u00eancia na promo\u00e7\u00e3o de eventos, publica\u00e7\u00e3o de revistas cient\u00edficas e estudos, e no ensino da f\u00edsica.\t\t\t\t\t\t\t\t<\/div>\n\t\t\t\t<\/div>\n\t\t\t\t<div class=\"elementor-element elementor-element-3be000e elementor-widget elementor-widget-button\" data-id=\"3be000e\" data-element_type=\"widget\" data-widget_type=\"button.default\">\n\t\t\t\t<div class=\"elementor-widget-container\">\n\t\t\t\t\t\t\t\t\t<div class=\"elementor-button-wrapper\">\n\t\t\t\t\t<a class=\"elementor-button elementor-button-link elementor-size-sm\" href=\"https:\/\/sbfisica.org.br\/v1\/sbf\/sobre-nos\/diretrizes-eticas\/\">\n\t\t\t\t\t\t<span class=\"elementor-button-content-wrapper\">\n\t\t\t\t\t\t\t\t\t<span class=\"elementor-button-text\">Veja aqui as normas de conduta recomendadas ao f\u00edsico e ao t\u00e9cnico do laborat\u00f3rio de f\u00edsica no trabalho profissional<\/span>\n\t\t\t\t\t<\/span>\n\t\t\t\t\t<\/a>\n\t\t\t\t<\/div>\n\t\t\t\t\t\t\t\t<\/div>\n\t\t\t\t<\/div>\n\t\t\t\t\t<\/div>\n\t\t<\/div>\n\t\t\t\t\t<\/div>\n\t\t<\/section>\n\t\t\t\t<\/div>\n\t\t","protected":false},"excerpt":{"rendered":"<p>A Sociedade Brasileira de F\u00edsica A Sociedade Brasileira de F\u00edsica \u00e9 a entidade representativa dos f\u00edsicos do Brasil. A SBF congrega a comunidade de f\u00edsicos em defesa da pesquisa, do ensino, da forma\u00e7\u00e3o e da carreira dos profissionais.\u00a0 Mais de 13 mil associados fazem parte da nossa hist\u00f3ria. A SBF foi criada em 1966, durante [&hellip;]<\/p>\n","protected":false},"author":7,"featured_media":15535,"parent":0,"menu_order":0,"comment_status":"closed","ping_status":"closed","template":"elementor_header_footer","meta":{"footnotes":""},"class_list":["post-7249","page","type-page","status-publish","has-post-thumbnail","hentry"],"aioseo_notices":[],"_links":{"self":[{"href":"https:\/\/www.sbfisica.org.br\/v1\/sbf\/wp-json\/wp\/v2\/pages\/7249","targetHints":{"allow":["GET"]}}],"collection":[{"href":"https:\/\/www.sbfisica.org.br\/v1\/sbf\/wp-json\/wp\/v2\/pages"}],"about":[{"href":"https:\/\/www.sbfisica.org.br\/v1\/sbf\/wp-json\/wp\/v2\/types\/page"}],"author":[{"embeddable":true,"href":"https:\/\/www.sbfisica.org.br\/v1\/sbf\/wp-json\/wp\/v2\/users\/7"}],"replies":[{"embeddable":true,"href":"https:\/\/www.sbfisica.org.br\/v1\/sbf\/wp-json\/wp\/v2\/comments?post=7249"}],"version-history":[{"count":261,"href":"https:\/\/www.sbfisica.org.br\/v1\/sbf\/wp-json\/wp\/v2\/pages\/7249\/revisions"}],"predecessor-version":[{"id":21024,"href":"https:\/\/www.sbfisica.org.br\/v1\/sbf\/wp-json\/wp\/v2\/pages\/7249\/revisions\/21024"}],"wp:featuredmedia":[{"embeddable":true,"href":"https:\/\/www.sbfisica.org.br\/v1\/sbf\/wp-json\/wp\/v2\/media\/15535"}],"wp:attachment":[{"href":"https:\/\/www.sbfisica.org.br\/v1\/sbf\/wp-json\/wp\/v2\/media?parent=7249"}],"curies":[{"name":"wp","href":"https:\/\/api.w.org\/{rel}","templated":true}]}}