{"id":4858,"date":"2021-11-08T16:44:47","date_gmt":"2021-11-08T19:44:47","guid":{"rendered":"https:\/\/sbfisica.org.br\/v1\/sbf\/2021\/11\/08\/premio-anselmo-salles-paschoa\/"},"modified":"2025-11-27T10:23:44","modified_gmt":"2025-11-27T13:23:44","slug":"premio-anselmo-salles-paschoa","status":"publish","type":"page","link":"https:\/\/www.sbfisica.org.br\/v1\/sbf\/premios\/premio-anselmo-salles-paschoa\/","title":{"rendered":"Pr\u00eamio Anselmo Salles Paschoa"},"content":{"rendered":"<style>.elementor-4858 .elementor-element.elementor-element-f60c37b:not(.elementor-motion-effects-element-type-background), .elementor-4858 .elementor-element.elementor-element-f60c37b > .elementor-motion-effects-container > .elementor-motion-effects-layer{background-color:#F9B233;background-image:url(\"https:\/\/www.sbfisica.org.br\/v1\/sbf\/wp-content\/uploads\/2023\/07\/premio-asp-acontece.png\");background-position:center right;background-repeat:no-repeat;background-size:contain;}.elementor-4858 .elementor-element.elementor-element-f60c37b{transition:background 0.3s, border 0.3s, border-radius 0.3s, box-shadow 0.3s;margin-top:0%;margin-bottom:3%;padding:120px 0px 120px 0px;}.elementor-4858 .elementor-element.elementor-element-f60c37b > .elementor-background-overlay{transition:background 0.3s, border-radius 0.3s, opacity 0.3s;}.elementor-widget-heading .elementor-heading-title{font-family:var( --e-global-typography-primary-font-family ), raleway;font-weight:var( --e-global-typography-primary-font-weight );color:var( --e-global-color-primary );}.elementor-4858 .elementor-element.elementor-element-0e10012{text-align:start;}.elementor-4858 .elementor-element.elementor-element-0e10012 .elementor-heading-title{font-family:\"Kanit\", raleway;font-size:50px;font-weight:600;color:#FFFFFF;}.elementor-4858 .elementor-element.elementor-element-f3be967:not(.elementor-motion-effects-element-type-background), .elementor-4858 .elementor-element.elementor-element-f3be967 > .elementor-motion-effects-container > .elementor-motion-effects-layer{background-color:var( --e-global-color-247ad3a );}.elementor-4858 .elementor-element.elementor-element-f3be967{transition:background 0.3s, border 0.3s, border-radius 0.3s, box-shadow 0.3s;margin-top:0px;margin-bottom:0px;}.elementor-4858 .elementor-element.elementor-element-f3be967 > .elementor-background-overlay{transition:background 0.3s, border-radius 0.3s, opacity 0.3s;}.elementor-widget-text-editor{font-family:var( --e-global-typography-text-font-family ), raleway;font-weight:var( --e-global-typography-text-font-weight );color:var( --e-global-color-text );}.elementor-widget-text-editor.elementor-drop-cap-view-stacked .elementor-drop-cap{background-color:var( --e-global-color-primary );}.elementor-widget-text-editor.elementor-drop-cap-view-framed .elementor-drop-cap, .elementor-widget-text-editor.elementor-drop-cap-view-default .elementor-drop-cap{color:var( --e-global-color-primary );border-color:var( --e-global-color-primary );}.elementor-4858 .elementor-element.elementor-element-2aa1f2e{text-align:justify;}.elementor-widget-ha-card .ha-badge{font-family:var( --e-global-typography-text-font-family ), raleway;font-weight:var( --e-global-typography-text-font-weight );}.elementor-widget-ha-card .ha-card-title{font-family:var( --e-global-typography-secondary-font-family ), raleway;font-weight:var( --e-global-typography-secondary-font-weight );}.elementor-widget-ha-card .ha-card-text{font-family:var( --e-global-typography-text-font-family ), raleway;font-weight:var( --e-global-typography-text-font-weight );}.elementor-widget-ha-card .ha-btn{font-family:var( --e-global-typography-accent-font-family ), raleway;font-weight:var( --e-global-typography-accent-font-weight );}.elementor-4858 .elementor-element.elementor-element-0c4bc3d .elementor-widget-container{-webkit-box-orient:vertical;-webkit-box-direction:normal;-ms-flex-direction:column;flex-direction:column;text-align:left;}.elementor-4858 .elementor-element.elementor-element-0c4bc3d > .elementor-widget-container{box-shadow:0px 0px 10px 0px rgba(0,0,0,0.5);}.elementor-4858 .elementor-element.elementor-element-0c4bc3d:hover .elementor-widget-container{box-shadow:0px 0px 20px 0px rgba(0,0,0,0.5);}.elementor-4858 .elementor-element.elementor-element-0c4bc3d .ha-card-title{margin-bottom:11px;}.elementor-4858 .elementor-element.elementor-element-0c4bc3d .ha-card-text{margin-bottom:0px;}.elementor-4858 .elementor-element.elementor-element-e31b1b9:not(.elementor-motion-effects-element-type-background), .elementor-4858 .elementor-element.elementor-element-e31b1b9 > .elementor-motion-effects-container > .elementor-motion-effects-layer{background-color:#E2E2E2;}.elementor-4858 .elementor-element.elementor-element-e31b1b9 > .elementor-background-overlay{background-color:#02010100;opacity:0;transition:background 0.3s, border-radius 0.3s, opacity 0.3s;}.elementor-4858 .elementor-element.elementor-element-e31b1b9{box-shadow:0px 0px 10px 0px rgba(0,0,0,0.5);transition:background 0.3s, border 0.3s, border-radius 0.3s, box-shadow 0.3s;margin-top:2%;margin-bottom:0%;padding:2em 2em 2em 2em;}.elementor-widget-image-box .elementor-image-box-title{font-family:var( --e-global-typography-primary-font-family ), raleway;font-weight:var( --e-global-typography-primary-font-weight );color:var( --e-global-color-primary );}.elementor-widget-image-box:has(:hover) .elementor-image-box-title,\n\t\t\t\t\t .elementor-widget-image-box:has(:focus) .elementor-image-box-title{color:var( --e-global-color-primary );}.elementor-widget-image-box .elementor-image-box-description{font-family:var( --e-global-typography-text-font-family ), raleway;font-weight:var( --e-global-typography-text-font-weight );color:var( --e-global-color-text );}.elementor-4858 .elementor-element.elementor-element-c4badb1 > .elementor-widget-container{margin:3% 0% 0% 0%;}.elementor-4858 .elementor-element.elementor-element-c4badb1 .elementor-image-box-wrapper{text-align:justify;}.elementor-4858 .elementor-element.elementor-element-c4badb1 .elementor-image-box-title{font-family:\"Kanit\", raleway;font-weight:600;color:#000000;}.elementor-4858 .elementor-element.elementor-element-c4badb1 .elementor-image-box-description{color:#000000;}.elementor-4858 .elementor-element.elementor-element-de6a60a{margin-top:40px;margin-bottom:0px;}.elementor-widget-toggle .elementor-toggle-title, .elementor-widget-toggle .elementor-toggle-icon{color:var( --e-global-color-primary );}.elementor-widget-toggle .elementor-toggle-icon svg{fill:var( --e-global-color-primary );}.elementor-widget-toggle .elementor-tab-title.elementor-active a, .elementor-widget-toggle .elementor-tab-title.elementor-active .elementor-toggle-icon{color:var( --e-global-color-accent );}.elementor-widget-toggle .elementor-toggle-title{font-family:var( --e-global-typography-primary-font-family ), raleway;font-weight:var( --e-global-typography-primary-font-weight );}.elementor-widget-toggle .elementor-tab-content{color:var( --e-global-color-text );font-family:var( --e-global-typography-text-font-family ), raleway;font-weight:var( --e-global-typography-text-font-weight );}.elementor-4858 .elementor-element.elementor-element-b60cc9f .elementor-tab-title{background-color:#8A9BAA;}.elementor-4858 .elementor-element.elementor-element-b60cc9f .elementor-tab-title.elementor-active a, .elementor-4858 .elementor-element.elementor-element-b60cc9f .elementor-tab-title.elementor-active .elementor-toggle-icon{color:#FFFFFF;}@media(max-width:1024px){.elementor-4858 .elementor-element.elementor-element-0e10012 .elementor-heading-title{font-size:40px;}.elementor-4858 .elementor-element.elementor-element-0c4bc3d .elementor-widget-container{-webkit-box-orient:vertical;-webkit-box-direction:normal;-ms-flex-direction:column;flex-direction:column;text-align:left;}.elementor-4858 .elementor-element.elementor-element-0c4bc3d{--ha-card-image-width:100%;}}@media(max-width:767px){.elementor-4858 .elementor-element.elementor-element-f60c37b{padding:50px 0px 50px 0px;}.elementor-4858 .elementor-element.elementor-element-0e10012 .elementor-heading-title{font-size:25px;}.elementor-4858 .elementor-element.elementor-element-0c4bc3d .elementor-widget-container{-webkit-box-orient:vertical;-webkit-box-direction:normal;-ms-flex-direction:column;flex-direction:column;text-align:left;}.elementor-4858 .elementor-element.elementor-element-0c4bc3d{--ha-card-image-width:100%;}.elementor-4858 .elementor-element.elementor-element-e31b1b9{padding:1em 1em 1em 1em;}}\/* Start custom CSS for section, class: .elementor-element-f60c37b *\/.banner-page .elementor-background-overlay {\n    opacity: 0% !important;\n}\/* End custom CSS *\/<\/style>\t\t<div data-elementor-type=\"wp-page\" data-elementor-id=\"4858\" class=\"elementor elementor-4858\" data-elementor-settings=\"{&quot;ha_cmc_init_switcher&quot;:&quot;no&quot;}\" data-elementor-post-type=\"page\">\n\t\t\t\t\t\t<section class=\"elementor-section elementor-top-section elementor-element elementor-element-f60c37b banner-page elementor-section-boxed elementor-section-height-default elementor-section-height-default\" data-id=\"f60c37b\" data-element_type=\"section\" data-settings=\"{&quot;background_background&quot;:&quot;classic&quot;,&quot;_ha_eqh_enable&quot;:false}\">\n\t\t\t\t\t\t<div class=\"elementor-container elementor-column-gap-default\">\n\t\t\t\t\t<div class=\"elementor-column elementor-col-100 elementor-top-column elementor-element elementor-element-6d8652a\" data-id=\"6d8652a\" data-element_type=\"column\">\n\t\t\t<div class=\"elementor-widget-wrap elementor-element-populated\">\n\t\t\t\t\t\t<div class=\"elementor-element elementor-element-0e10012 elementor-widget elementor-widget-heading\" data-id=\"0e10012\" data-element_type=\"widget\" data-widget_type=\"heading.default\">\n\t\t\t\t<div class=\"elementor-widget-container\">\n\t\t\t\t\t<h1 class=\"elementor-heading-title elementor-size-default\">Pr\u00eamio<br>Anselmo Salles Paschoa<\/h1>\t\t\t\t<\/div>\n\t\t\t\t<\/div>\n\t\t\t\t\t<\/div>\n\t\t<\/div>\n\t\t\t\t\t<\/div>\n\t\t<\/section>\n\t\t\t\t<section class=\"elementor-section elementor-top-section elementor-element elementor-element-f3be967 elementor-section-boxed elementor-section-height-default elementor-section-height-default\" data-id=\"f3be967\" data-element_type=\"section\" data-settings=\"{&quot;background_background&quot;:&quot;classic&quot;,&quot;_ha_eqh_enable&quot;:false}\">\n\t\t\t\t\t\t<div class=\"elementor-container elementor-column-gap-default\">\n\t\t\t\t\t<div class=\"elementor-column elementor-col-100 elementor-top-column elementor-element elementor-element-aca115a\" data-id=\"aca115a\" data-element_type=\"column\">\n\t\t\t<div class=\"elementor-widget-wrap elementor-element-populated\">\n\t\t\t\t\t\t<div class=\"elementor-element elementor-element-2aa1f2e elementor-widget elementor-widget-text-editor\" data-id=\"2aa1f2e\" data-element_type=\"widget\" data-widget_type=\"text-editor.default\">\n\t\t\t\t<div class=\"elementor-widget-container\">\n\t\t\t\t\t\t\t\t\t<p>O pr\u00eamio visa estimular, valorizar e dar visibilidade a pessoas negras que realizam pesquisa de excel\u00eancia nas diferentes \u00e1reas da F\u00edsica.<\/p>\n<p>O reconhecimento \u00e9 uma forma de diminuir a sub-representa\u00e7\u00e3o e a desigualdade racial na comunidade cient\u00edfica.<\/p>\n<p>O pr\u00eamio ser\u00e1 outorgado a pesquisadoras negras e pesquisadores negros em f\u00edsica, em in\u00edcio da carreira, cujo trabalho de pesquisa tenha contribu\u00eddo de forma significativa para o avan\u00e7o da f\u00edsica ou do ensino de f\u00edsica no Pa\u00eds. Os candidatos devem ter atuado em institui\u00e7\u00f5es brasileiras pelo menos 70% do tempo entre o t\u00e9rmino do doutorado e o ano da premia\u00e7\u00e3o, e devem ter no m\u00e1ximo 10 anos de conclus\u00e3o do doutorado.<\/p>\n<p>O pr\u00eamio \u00e9 uma homenagem ao <span style=\"text-decoration: underline;\"><a href=\"#SobreAnselmo\">Professor Anselmo Salles Paschoa<\/a><\/span>, que foi um Cientista brasileiro muito ativo e com contribui\u00e7\u00f5es significativas para a F\u00edsica brasileira.<\/p>\n<p>As indica\u00e7\u00f5es podem ser encaminhadas para o e-mail <a href=\"mailto:premioanselmopaschoa@sbfisica.org.br\">premioanselmopaschoa@sbfisica.org.br<\/a>.<\/p>\n<p>Para este pr\u00eamio, as indica\u00e7\u00f5es devem ser enviadas at\u00e9 o dia 06\/03\/2026.<\/p>\n<p><b>Vencedora de 2023<br><\/b>Rita de C\u00e1ssia dos Anjos<\/p>\t\t\t\t\t\t\t\t<\/div>\n\t\t\t\t<\/div>\n\t\t\t\t<section class=\"elementor-section elementor-inner-section elementor-element elementor-element-5fe3f3d elementor-section-boxed elementor-section-height-default elementor-section-height-default\" data-id=\"5fe3f3d\" data-element_type=\"section\" data-settings=\"{&quot;_ha_eqh_enable&quot;:false}\">\n\t\t\t\t\t\t<div class=\"elementor-container elementor-column-gap-default\">\n\t\t\t\t\t<div class=\"elementor-column elementor-col-50 elementor-inner-column elementor-element elementor-element-bb9d193\" data-id=\"bb9d193\" data-element_type=\"column\">\n\t\t\t<div class=\"elementor-widget-wrap elementor-element-populated\">\n\t\t\t\t\t\t<div data-ha-element-link=\"{&quot;url&quot;:&quot;https:\\\/\\\/sbfisica.org.br\\\/v1\\\/sbf\\\/wp-content\\\/uploads\\\/2021\\\/11\\\/Regulamento-do-Premio-Anselmo-Paschoa.pdf&quot;,&quot;is_external&quot;:&quot;on&quot;,&quot;nofollow&quot;:&quot;&quot;}\" style=\"cursor: pointer\" class=\"elementor-element elementor-element-0c4bc3d ha-card--top ha-card--tablet-top ha-card--mobile-top elementor-widget elementor-widget-ha-card happy-addon ha-card\" data-id=\"0c4bc3d\" data-element_type=\"widget\" data-widget_type=\"ha-card.default\">\n\t\t\t\t<div class=\"elementor-widget-container\">\n\t\t\t\t\t\n\t\t\n\t\t<div class=\"ha-card-body\">\n\n\t\t\t<h2 class=\"ha-card-title\">Regulamento<\/h2>\n\t\t\t\t\t\t\t<div class=\"ha-card-text\">\n\t\t\t\t\t<p>Veja o regulamento completo do pr\u00eamio<\/p>\n\t\t\t\t<\/div>\n\t\t\t\n\t\t\t\t\t<\/div>\n\t\t\t\t\t\t<\/div>\n\t\t\t\t<\/div>\n\t\t\t\t\t<\/div>\n\t\t<\/div>\n\t\t\t\t<div class=\"elementor-column elementor-col-50 elementor-inner-column elementor-element elementor-element-bad2c61\" data-id=\"bad2c61\" data-element_type=\"column\">\n\t\t\t<div class=\"elementor-widget-wrap\">\n\t\t\t\t\t\t\t<\/div>\n\t\t<\/div>\n\t\t\t\t\t<\/div>\n\t\t<\/section>\n\t\t\t\t\t<\/div>\n\t\t<\/div>\n\t\t\t\t\t<\/div>\n\t\t<\/section>\n\t\t\t\t<section class=\"elementor-section elementor-top-section elementor-element elementor-element-e31b1b9 elementor-section-boxed elementor-section-height-default elementor-section-height-default\" data-id=\"e31b1b9\" data-element_type=\"section\" data-settings=\"{&quot;background_background&quot;:&quot;classic&quot;,&quot;_ha_eqh_enable&quot;:false}\">\n\t\t\t\t\t\t\t<div class=\"elementor-background-overlay\"><\/div>\n\t\t\t\t\t\t\t<div class=\"elementor-container elementor-column-gap-default\">\n\t\t\t\t\t<div class=\"elementor-column elementor-col-100 elementor-top-column elementor-element elementor-element-7071a40\" data-id=\"7071a40\" data-element_type=\"column\">\n\t\t\t<div class=\"elementor-widget-wrap elementor-element-populated\">\n\t\t\t\t\t\t<div class=\"elementor-element elementor-element-3d97835 elementor-widget elementor-widget-menu-anchor\" data-id=\"3d97835\" data-element_type=\"widget\" data-widget_type=\"menu-anchor.default\">\n\t\t\t\t<div class=\"elementor-widget-container\">\n\t\t\t\t\t\t\t<div class=\"elementor-menu-anchor\" id=\"SobreAnselmo\"><\/div>\n\t\t\t\t\t\t<\/div>\n\t\t\t\t<\/div>\n\t\t\t\t<div class=\"elementor-element elementor-element-c4badb1 elementor-vertical-align-top elementor-widget elementor-widget-image-box\" data-id=\"c4badb1\" data-element_type=\"widget\" data-widget_type=\"image-box.default\">\n\t\t\t\t<div class=\"elementor-widget-container\">\n\t\t\t\t\t<div class=\"elementor-image-box-wrapper\"><div class=\"elementor-image-box-content\"><h3 class=\"elementor-image-box-title\">Pr\u00eamio Anselmo Salles Paschoa<\/h3><p class=\"elementor-image-box-description\">Anselmo Salles Paschoa graduou-se em F\u00edsica (Bacharelado e Licenciatura) pela antiga Faculdade Nacional de Filosofia da Universidade do Brasil, atual UFRJ   com Mestrado em Radiological Health e PhD em Nuclear Sciences and Engineering pela New York University.\n<br><br>\nAtuou como professor da PUC-RIO, da Universidade do Estado do Rio de Janeiro, professor Visitante da University of Utah e Cientista Convidado no Brookhaven National Laboratory, na d\u00e9cada 80. Foi Diretor de Radioprote\u00e7\u00e3o, Seguran\u00e7a Nuclear e Salvaguardas da Comiss\u00e3o Nacional de Energia Nuclear. Foi Governador Alternativo do Brasil na Junta de Governadores da AIEA, Vice-Presidente da International Radiation Physics Society, Diretor da Natural Radiation Environment Association.\n<br><br>\nAnselmo Salles publicou dezenas de artigos, livros e cap\u00edtulos de livros. Orientou teses de doutorado e disserta\u00e7\u00f5es de mestrado. Faleceu em 2011, ap\u00f3s uma crise card\u00edaca durante uma reuni\u00e3o da Comiss\u00e3o de Acompanhamento do Programa Nuclear Brasileiro, na sede da Sociedade Brasileira de F\u00edsica.<\/p><\/div><\/div>\t\t\t\t<\/div>\n\t\t\t\t<\/div>\n\t\t\t\t\t<\/div>\n\t\t<\/div>\n\t\t\t\t\t<\/div>\n\t\t<\/section>\n\t\t\t\t<section class=\"elementor-section elementor-top-section elementor-element elementor-element-de6a60a elementor-section-boxed elementor-section-height-default elementor-section-height-default\" data-id=\"de6a60a\" data-element_type=\"section\" data-settings=\"{&quot;_ha_eqh_enable&quot;:false}\">\n\t\t\t\t\t\t<div class=\"elementor-container elementor-column-gap-default\">\n\t\t\t\t\t<div class=\"elementor-column elementor-col-100 elementor-top-column elementor-element elementor-element-663ae02\" data-id=\"663ae02\" data-element_type=\"column\">\n\t\t\t<div class=\"elementor-widget-wrap elementor-element-populated\">\n\t\t\t\t\t\t<div class=\"elementor-element elementor-element-b60cc9f elementor-widget elementor-widget-toggle\" data-id=\"b60cc9f\" data-element_type=\"widget\" data-widget_type=\"toggle.default\">\n\t\t\t\t<div class=\"elementor-widget-container\">\n\t\t\t\t\t\t\t<div class=\"elementor-toggle\">\n\t\t\t\t\t\t\t<div class=\"elementor-toggle-item\">\n\t\t\t\t\t<div id=\"elementor-tab-title-1901\" class=\"elementor-tab-title\" data-tab=\"1\" role=\"button\" aria-controls=\"elementor-tab-content-1901\" aria-expanded=\"false\">\n\t\t\t\t\t\t\t\t\t\t\t\t<span class=\"elementor-toggle-icon elementor-toggle-icon-left\" aria-hidden=\"true\">\n\t\t\t\t\t\t\t\t\t\t\t\t\t\t\t<span class=\"elementor-toggle-icon-closed\"><i class=\"fas fa-caret-right\"><\/i><\/span>\n\t\t\t\t\t\t\t\t<span class=\"elementor-toggle-icon-opened\"><i class=\"elementor-toggle-icon-opened fas fa-caret-up\"><\/i><\/span>\n\t\t\t\t\t\t\t\t\t\t\t\t\t<\/span>\n\t\t\t\t\t\t\t\t\t\t\t\t<a class=\"elementor-toggle-title\" tabindex=\"0\">Pasp 2025<\/a>\n\t\t\t\t\t<\/div>\n\n\t\t\t\t\t<div id=\"elementor-tab-content-1901\" class=\"elementor-tab-content elementor-clearfix\" data-tab=\"1\" role=\"region\" aria-labelledby=\"elementor-tab-title-1901\"><p>\u00c9der Jos\u00e9 Guidelli<\/p><\/div>\n\t\t\t\t<\/div>\n\t\t\t\t\t\t\t<div class=\"elementor-toggle-item\">\n\t\t\t\t\t<div id=\"elementor-tab-title-1902\" class=\"elementor-tab-title\" data-tab=\"2\" role=\"button\" aria-controls=\"elementor-tab-content-1902\" aria-expanded=\"false\">\n\t\t\t\t\t\t\t\t\t\t\t\t<span class=\"elementor-toggle-icon elementor-toggle-icon-left\" aria-hidden=\"true\">\n\t\t\t\t\t\t\t\t\t\t\t\t\t\t\t<span class=\"elementor-toggle-icon-closed\"><i class=\"fas fa-caret-right\"><\/i><\/span>\n\t\t\t\t\t\t\t\t<span class=\"elementor-toggle-icon-opened\"><i class=\"elementor-toggle-icon-opened fas fa-caret-up\"><\/i><\/span>\n\t\t\t\t\t\t\t\t\t\t\t\t\t<\/span>\n\t\t\t\t\t\t\t\t\t\t\t\t<a class=\"elementor-toggle-title\" tabindex=\"0\">Pasp 2024<\/a>\n\t\t\t\t\t<\/div>\n\n\t\t\t\t\t<div id=\"elementor-tab-content-1902\" class=\"elementor-tab-content elementor-clearfix\" data-tab=\"2\" role=\"region\" aria-labelledby=\"elementor-tab-title-1902\"><p><strong>Prof. Neilo Trindade (IFUSP)<\/strong><\/p><p><strong>Comit\u00ea de Avalia\u00e7\u00e3o<\/strong>: Antonio Carlos Fontes dos Santos (UFRJ), Alan Alves Brito (UFRGS), Antonio Ferreira (UFBA) Monyke dos Santos F\u00f4nseca (UESB).<\/p><\/div>\n\t\t\t\t<\/div>\n\t\t\t\t\t\t\t<div class=\"elementor-toggle-item\">\n\t\t\t\t\t<div id=\"elementor-tab-title-1903\" class=\"elementor-tab-title\" data-tab=\"3\" role=\"button\" aria-controls=\"elementor-tab-content-1903\" aria-expanded=\"false\">\n\t\t\t\t\t\t\t\t\t\t\t\t<span class=\"elementor-toggle-icon elementor-toggle-icon-left\" aria-hidden=\"true\">\n\t\t\t\t\t\t\t\t\t\t\t\t\t\t\t<span class=\"elementor-toggle-icon-closed\"><i class=\"fas fa-caret-right\"><\/i><\/span>\n\t\t\t\t\t\t\t\t<span class=\"elementor-toggle-icon-opened\"><i class=\"elementor-toggle-icon-opened fas fa-caret-up\"><\/i><\/span>\n\t\t\t\t\t\t\t\t\t\t\t\t\t<\/span>\n\t\t\t\t\t\t\t\t\t\t\t\t<a class=\"elementor-toggle-title\" tabindex=\"0\">Pasp 2023<\/a>\n\t\t\t\t\t<\/div>\n\n\t\t\t\t\t<div id=\"elementor-tab-content-1903\" class=\"elementor-tab-content elementor-clearfix\" data-tab=\"3\" role=\"region\" aria-labelledby=\"elementor-tab-title-1903\"><p><strong>Rita de C\u00e1ssia dos Anjos<\/strong><\/p><\/div>\n\t\t\t\t<\/div>\n\t\t\t\t\t\t\t\t<\/div>\n\t\t\t\t\t\t<\/div>\n\t\t\t\t<\/div>\n\t\t\t\t\t<\/div>\n\t\t<\/div>\n\t\t\t\t\t<\/div>\n\t\t<\/section>\n\t\t\t\t<\/div>\n\t\t","protected":false},"excerpt":{"rendered":"<p>Pr\u00eamioAnselmo Salles Paschoa O pr\u00eamio visa estimular, valorizar e dar visibilidade a pessoas negras que realizam pesquisa de excel\u00eancia nas diferentes \u00e1reas da F\u00edsica. O reconhecimento \u00e9 uma forma de diminuir a sub-representa\u00e7\u00e3o e a desigualdade racial na comunidade cient\u00edfica. O pr\u00eamio ser\u00e1 outorgado a pesquisadoras negras e pesquisadores negros em f\u00edsica, em in\u00edcio da [&hellip;]<\/p>\n","protected":false},"author":3,"featured_media":16567,"parent":10073,"menu_order":49,"comment_status":"open","ping_status":"closed","template":"elementor_header_footer","meta":{"footnotes":""},"class_list":["post-4858","page","type-page","status-publish","has-post-thumbnail","hentry"],"aioseo_notices":[],"_links":{"self":[{"href":"https:\/\/www.sbfisica.org.br\/v1\/sbf\/wp-json\/wp\/v2\/pages\/4858","targetHints":{"allow":["GET"]}}],"collection":[{"href":"https:\/\/www.sbfisica.org.br\/v1\/sbf\/wp-json\/wp\/v2\/pages"}],"about":[{"href":"https:\/\/www.sbfisica.org.br\/v1\/sbf\/wp-json\/wp\/v2\/types\/page"}],"author":[{"embeddable":true,"href":"https:\/\/www.sbfisica.org.br\/v1\/sbf\/wp-json\/wp\/v2\/users\/3"}],"replies":[{"embeddable":true,"href":"https:\/\/www.sbfisica.org.br\/v1\/sbf\/wp-json\/wp\/v2\/comments?post=4858"}],"version-history":[{"count":172,"href":"https:\/\/www.sbfisica.org.br\/v1\/sbf\/wp-json\/wp\/v2\/pages\/4858\/revisions"}],"predecessor-version":[{"id":29641,"href":"https:\/\/www.sbfisica.org.br\/v1\/sbf\/wp-json\/wp\/v2\/pages\/4858\/revisions\/29641"}],"up":[{"embeddable":true,"href":"https:\/\/www.sbfisica.org.br\/v1\/sbf\/wp-json\/wp\/v2\/pages\/10073"}],"wp:featuredmedia":[{"embeddable":true,"href":"https:\/\/www.sbfisica.org.br\/v1\/sbf\/wp-json\/wp\/v2\/media\/16567"}],"wp:attachment":[{"href":"https:\/\/www.sbfisica.org.br\/v1\/sbf\/wp-json\/wp\/v2\/media?parent=4858"}],"curies":[{"name":"wp","href":"https:\/\/api.w.org\/{rel}","templated":true}]}}