{"id":4600,"date":"2020-10-15T13:37:50","date_gmt":"2020-10-15T16:37:50","guid":{"rendered":"https:\/\/sbfisica.org.br\/v1\/sbf\/2020\/10\/15\/premio-ernesto-hamburger-2\/"},"modified":"2025-11-27T10:34:42","modified_gmt":"2025-11-27T13:34:42","slug":"premio-ernesto-hamburger","status":"publish","type":"page","link":"https:\/\/www.sbfisica.org.br\/v1\/sbf\/premios\/premio-ernesto-hamburger\/","title":{"rendered":"Pr\u00eamio Ernesto Hamburger"},"content":{"rendered":"<style>.elementor-4600 .elementor-element.elementor-element-4988925:not(.elementor-motion-effects-element-type-background), .elementor-4600 .elementor-element.elementor-element-4988925 > .elementor-motion-effects-container > .elementor-motion-effects-layer{background-color:#FFFFFF;background-image:url(\"https:\/\/www.sbfisica.org.br\/v1\/sbf\/wp-content\/uploads\/2022\/05\/acontece-2018-08-28.jpg\");background-position:center right;background-repeat:no-repeat;background-size:contain;}.elementor-4600 .elementor-element.elementor-element-4988925{transition:background 0.3s, border 0.3s, border-radius 0.3s, box-shadow 0.3s;margin-top:0%;margin-bottom:3%;padding:120px 0px 120px 0px;}.elementor-4600 .elementor-element.elementor-element-4988925 > .elementor-background-overlay{transition:background 0.3s, border-radius 0.3s, opacity 0.3s;}.elementor-widget-heading .elementor-heading-title{font-family:var( --e-global-typography-primary-font-family ), raleway;font-weight:var( --e-global-typography-primary-font-weight );color:var( --e-global-color-primary );}.elementor-4600 .elementor-element.elementor-element-4482b1d{text-align:start;}.elementor-4600 .elementor-element.elementor-element-4482b1d .elementor-heading-title{font-family:\"Kanit\", raleway;font-size:50px;font-weight:600;color:var( --e-global-color-secondary );}.elementor-4600 .elementor-element.elementor-element-c96d428:not(.elementor-motion-effects-element-type-background), .elementor-4600 .elementor-element.elementor-element-c96d428 > .elementor-motion-effects-container > .elementor-motion-effects-layer{background-color:var( --e-global-color-247ad3a );}.elementor-4600 .elementor-element.elementor-element-c96d428{transition:background 0.3s, border 0.3s, border-radius 0.3s, box-shadow 0.3s;margin-top:0px;margin-bottom:50px;}.elementor-4600 .elementor-element.elementor-element-c96d428 > .elementor-background-overlay{transition:background 0.3s, border-radius 0.3s, opacity 0.3s;}.elementor-widget-text-editor{font-family:var( --e-global-typography-text-font-family ), raleway;font-weight:var( --e-global-typography-text-font-weight );color:var( --e-global-color-text );}.elementor-widget-text-editor.elementor-drop-cap-view-stacked .elementor-drop-cap{background-color:var( --e-global-color-primary );}.elementor-widget-text-editor.elementor-drop-cap-view-framed .elementor-drop-cap, .elementor-widget-text-editor.elementor-drop-cap-view-default .elementor-drop-cap{color:var( --e-global-color-primary );border-color:var( --e-global-color-primary );}.elementor-4600 .elementor-element.elementor-element-1a0d1b5{text-align:justify;}.elementor-widget-ha-card .ha-badge{font-family:var( --e-global-typography-text-font-family ), raleway;font-weight:var( --e-global-typography-text-font-weight );}.elementor-widget-ha-card .ha-card-title{font-family:var( --e-global-typography-secondary-font-family ), raleway;font-weight:var( --e-global-typography-secondary-font-weight );}.elementor-widget-ha-card .ha-card-text{font-family:var( --e-global-typography-text-font-family ), raleway;font-weight:var( --e-global-typography-text-font-weight );}.elementor-widget-ha-card .ha-btn{font-family:var( --e-global-typography-accent-font-family ), raleway;font-weight:var( --e-global-typography-accent-font-weight );}.elementor-4600 .elementor-element.elementor-element-246114a .elementor-widget-container{-webkit-box-orient:vertical;-webkit-box-direction:normal;-ms-flex-direction:column;flex-direction:column;text-align:left;}.elementor-4600 .elementor-element.elementor-element-246114a > .elementor-widget-container{box-shadow:0px 0px 10px 0px rgba(0,0,0,0.5);}.elementor-4600 .elementor-element.elementor-element-246114a:hover .elementor-widget-container{box-shadow:0px 0px 20px 0px rgba(0,0,0,0.5);}.elementor-4600 .elementor-element.elementor-element-246114a .ha-card-title{margin-bottom:11px;}.elementor-4600 .elementor-element.elementor-element-246114a .ha-card-text{margin-bottom:0px;}.elementor-4600 .elementor-element.elementor-element-954707e{font-family:\"Open Sans\", raleway;font-weight:400;}.elementor-4600 .elementor-element.elementor-element-2ae5a18:not(.elementor-motion-effects-element-type-background), .elementor-4600 .elementor-element.elementor-element-2ae5a18 > .elementor-motion-effects-container > .elementor-motion-effects-layer{background-color:var( --e-global-color-e604687 );}.elementor-4600 .elementor-element.elementor-element-2ae5a18{transition:background 0.3s, border 0.3s, border-radius 0.3s, box-shadow 0.3s;padding:3% 3% 3% 3%;}.elementor-4600 .elementor-element.elementor-element-2ae5a18 > .elementor-background-overlay{transition:background 0.3s, border-radius 0.3s, opacity 0.3s;}.elementor-widget-toggle .elementor-toggle-title, .elementor-widget-toggle .elementor-toggle-icon{color:var( --e-global-color-primary );}.elementor-widget-toggle .elementor-toggle-icon svg{fill:var( --e-global-color-primary );}.elementor-widget-toggle .elementor-tab-title.elementor-active a, .elementor-widget-toggle .elementor-tab-title.elementor-active .elementor-toggle-icon{color:var( --e-global-color-accent );}.elementor-widget-toggle .elementor-toggle-title{font-family:var( --e-global-typography-primary-font-family ), raleway;font-weight:var( --e-global-typography-primary-font-weight );}.elementor-widget-toggle .elementor-tab-content{color:var( --e-global-color-text );font-family:var( --e-global-typography-text-font-family ), raleway;font-weight:var( --e-global-typography-text-font-weight );}.elementor-4600 .elementor-element.elementor-element-49014fc .elementor-tab-content{border-block-end-color:var( --e-global-color-247ad3a );color:#FAF9F6;}.elementor-4600 .elementor-element.elementor-element-49014fc .elementor-tab-title{border-color:var( --e-global-color-247ad3a );}.elementor-4600 .elementor-element.elementor-element-49014fc .elementor-toggle-title, .elementor-4600 .elementor-element.elementor-element-49014fc .elementor-toggle-icon{color:var( --e-global-color-247ad3a );}.elementor-4600 .elementor-element.elementor-element-49014fc .elementor-toggle-icon svg{fill:var( --e-global-color-247ad3a );}.elementor-4600 .elementor-element.elementor-element-49014fc .elementor-tab-title.elementor-active a, .elementor-4600 .elementor-element.elementor-element-49014fc .elementor-tab-title.elementor-active .elementor-toggle-icon{color:var( --e-global-color-247ad3a );}@media(min-width:1025px){.elementor-4600 .elementor-element.elementor-element-4988925:not(.elementor-motion-effects-element-type-background), .elementor-4600 .elementor-element.elementor-element-4988925 > .elementor-motion-effects-container > .elementor-motion-effects-layer{background-attachment:scroll;}}@media(max-width:1024px){.elementor-4600 .elementor-element.elementor-element-4988925:not(.elementor-motion-effects-element-type-background), .elementor-4600 .elementor-element.elementor-element-4988925 > .elementor-motion-effects-container > .elementor-motion-effects-layer{background-position:100vw 0px;}.elementor-4600 .elementor-element.elementor-element-4482b1d .elementor-heading-title{font-size:40px;}.elementor-4600 .elementor-element.elementor-element-246114a .elementor-widget-container{-webkit-box-orient:vertical;-webkit-box-direction:normal;-ms-flex-direction:column;flex-direction:column;text-align:left;}.elementor-4600 .elementor-element.elementor-element-246114a{--ha-card-image-width:100%;}}@media(max-width:767px){.elementor-4600 .elementor-element.elementor-element-4988925:not(.elementor-motion-effects-element-type-background), .elementor-4600 .elementor-element.elementor-element-4988925 > .elementor-motion-effects-container > .elementor-motion-effects-layer{background-position:100vw 0px;}.elementor-4600 .elementor-element.elementor-element-4988925{padding:50px 0px 50px 0px;}.elementor-4600 .elementor-element.elementor-element-4482b1d .elementor-heading-title{font-size:25px;}.elementor-4600 .elementor-element.elementor-element-246114a .elementor-widget-container{-webkit-box-orient:vertical;-webkit-box-direction:normal;-ms-flex-direction:column;flex-direction:column;text-align:left;}.elementor-4600 .elementor-element.elementor-element-246114a{--ha-card-image-width:100%;}}\/* Start custom CSS for section, class: .elementor-element-4988925 *\/.banner-page .elementor-background-overlay {\n    opacity: 0% !important;\n}\/* End custom CSS *\/\n\/* Start custom CSS for section, class: .elementor-element-2ae5a18 *\/.elementor-tab-content > a > svg {\n    fill: #ffffff;\n}\n\n.elementor-tab-content > a> svg:hover {\n    fill: #A60707;\n}\/* End custom CSS *\/<\/style>\t\t<div data-elementor-type=\"wp-page\" data-elementor-id=\"4600\" class=\"elementor elementor-4600\" data-elementor-settings=\"{&quot;ha_cmc_init_switcher&quot;:&quot;no&quot;}\" data-elementor-post-type=\"page\">\n\t\t\t\t\t\t<section class=\"elementor-section elementor-top-section elementor-element elementor-element-4988925 banner-page elementor-section-boxed elementor-section-height-default elementor-section-height-default\" data-id=\"4988925\" data-element_type=\"section\" data-settings=\"{&quot;background_background&quot;:&quot;classic&quot;,&quot;_ha_eqh_enable&quot;:false}\">\n\t\t\t\t\t\t<div class=\"elementor-container elementor-column-gap-default\">\n\t\t\t\t\t<div class=\"elementor-column elementor-col-100 elementor-top-column elementor-element elementor-element-e194f32\" data-id=\"e194f32\" data-element_type=\"column\">\n\t\t\t<div class=\"elementor-widget-wrap elementor-element-populated\">\n\t\t\t\t\t\t<div class=\"elementor-element elementor-element-4482b1d elementor-widget elementor-widget-heading\" data-id=\"4482b1d\" data-element_type=\"widget\" data-widget_type=\"heading.default\">\n\t\t\t\t<div class=\"elementor-widget-container\">\n\t\t\t\t\t<h1 class=\"elementor-heading-title elementor-size-default\">Pr\u00eamio Ernesto Hamburger<\/h1>\t\t\t\t<\/div>\n\t\t\t\t<\/div>\n\t\t\t\t\t<\/div>\n\t\t<\/div>\n\t\t\t\t\t<\/div>\n\t\t<\/section>\n\t\t\t\t<section class=\"elementor-section elementor-top-section elementor-element elementor-element-c96d428 elementor-section-boxed elementor-section-height-default elementor-section-height-default\" data-id=\"c96d428\" data-element_type=\"section\" data-settings=\"{&quot;background_background&quot;:&quot;classic&quot;,&quot;_ha_eqh_enable&quot;:false}\">\n\t\t\t\t\t\t<div class=\"elementor-container elementor-column-gap-default\">\n\t\t\t\t\t<div class=\"elementor-column elementor-col-100 elementor-top-column elementor-element elementor-element-8651716\" data-id=\"8651716\" data-element_type=\"column\">\n\t\t\t<div class=\"elementor-widget-wrap elementor-element-populated\">\n\t\t\t\t\t\t<div class=\"elementor-element elementor-element-1a0d1b5 elementor-widget elementor-widget-text-editor\" data-id=\"1a0d1b5\" data-element_type=\"widget\" data-widget_type=\"text-editor.default\">\n\t\t\t\t<div class=\"elementor-widget-container\">\n\t\t\t\t\t\t\t\t\t<p><span style=\"font-weight: 400;\">O Pr\u00eamio tem o prop\u00f3sito de reconhecer, estimular, valorizar e dar visibilidade a iniciativas e atividades de populariza\u00e7\u00e3o de Ci\u00eancias F\u00edsicas. \u00c9 outorgado a pessoas, grupos ou institui\u00e7\u00f5es que tenham desenvolvido atividades de destaque neste sentido.&nbsp;<\/span><\/p>\n<p><span style=\"font-weight: 400;\">O pr\u00eamio \u00e9 uma homenagem ao f\u00edsico e divulgador de ci\u00eancias brasileiro Ernesto Wolfgang Hamburger, s\u00f3cio fundador da SBF e seu vice-presidente de 1971 a 1973.&nbsp;&nbsp;<\/span><\/p>\n<p><span style=\"font-weight: 400;\">O premiado recebe um diploma, passagem a\u00e9rea e hospedagem para participar da Reuni\u00e3o Anual da Sociedade Brasileira de F\u00edsica, durante a reuni\u00e3o da Sociedade Brasileira para o Progresso da Ci\u00eancia.&nbsp;<\/span><\/p>\n<p><span style=\"font-weight: 400;\">O ganhador ministrar\u00e1 confer\u00eancia na programa\u00e7\u00e3o da SBPC acerca da atividade de divulga\u00e7\u00e3o desenvolvida.<\/span><\/p>\n<p><span style=\"font-weight: 400;\">Os trabalhos ser\u00e3o avaliados levando em considera\u00e7\u00e3o a qualidade, relev\u00e2ncia e abrang\u00eancia da contribui\u00e7\u00e3o para a \u00e1rea de Divulga\u00e7\u00e3o de Ci\u00eancias F\u00edsicas.<\/span><\/p>\n<p><span style=\"text-align: left;\">As indica\u00e7\u00f5es podem ser encaminhadas para o email&nbsp;<\/span><a style=\"background-color: #faf9f6; font-family: var( --e-global-typography-primary-font-family ), raleway; font-weight: var( --e-global-typography-primary-font-weight ); outline: none; transition: all 0.35s ease 0s; cursor: pointer; text-align: left;\" href=\"mailto:premioernestohamburger@sbfisica.org.br\">premioernestohamburger@sbfisica.org.br<\/a><span style=\"font-weight: 400;\"><br><\/span><\/p>\n<p style=\"text-align: left;\">Para este pr\u00eamio, as indica\u00e7\u00f5es devem ser enviadas at\u00e9 o dia 31\/12\/2025<\/p>\t\t\t\t\t\t\t\t<\/div>\n\t\t\t\t<\/div>\n\t\t\t\t<section class=\"elementor-section elementor-inner-section elementor-element elementor-element-3524fa9 elementor-section-boxed elementor-section-height-default elementor-section-height-default\" data-id=\"3524fa9\" data-element_type=\"section\" data-settings=\"{&quot;_ha_eqh_enable&quot;:false}\">\n\t\t\t\t\t\t<div class=\"elementor-container elementor-column-gap-default\">\n\t\t\t\t\t<div class=\"elementor-column elementor-col-50 elementor-inner-column elementor-element elementor-element-42906a4\" data-id=\"42906a4\" data-element_type=\"column\">\n\t\t\t<div class=\"elementor-widget-wrap elementor-element-populated\">\n\t\t\t\t\t\t<div data-ha-element-link=\"{&quot;url&quot;:&quot;https:\\\/\\\/sbfisica.org.br\\\/v1\\\/sbf\\\/wp-content\\\/uploads\\\/2022\\\/06\\\/Regulamento-Ernesto-Hamburger.pdf&quot;,&quot;is_external&quot;:&quot;on&quot;,&quot;nofollow&quot;:&quot;&quot;}\" style=\"cursor: pointer\" class=\"elementor-element elementor-element-246114a ha-card--top ha-card--tablet-top ha-card--mobile-top elementor-widget elementor-widget-ha-card happy-addon ha-card\" data-id=\"246114a\" data-element_type=\"widget\" data-widget_type=\"ha-card.default\">\n\t\t\t\t<div class=\"elementor-widget-container\">\n\t\t\t\t\t\n\t\t\n\t\t<div class=\"ha-card-body\">\n\n\t\t\t<h2 class=\"ha-card-title\">Regulamento<\/h2>\n\t\t\t\t\t\t\t<div class=\"ha-card-text\">\n\t\t\t\t\t<p>Veja o regulamento completo do pr\u00eamio<\/p>\n\t\t\t\t<\/div>\n\t\t\t\n\t\t\t\t\t<\/div>\n\t\t\t\t\t\t<\/div>\n\t\t\t\t<\/div>\n\t\t\t\t\t<\/div>\n\t\t<\/div>\n\t\t\t\t<div class=\"elementor-column elementor-col-50 elementor-inner-column elementor-element elementor-element-256f5a8\" data-id=\"256f5a8\" data-element_type=\"column\">\n\t\t\t<div class=\"elementor-widget-wrap\">\n\t\t\t\t\t\t\t<\/div>\n\t\t<\/div>\n\t\t\t\t\t<\/div>\n\t\t<\/section>\n\t\t\t\t\t<\/div>\n\t\t<\/div>\n\t\t\t\t\t<\/div>\n\t\t<\/section>\n\t\t\t\t<section class=\"elementor-section elementor-top-section elementor-element elementor-element-2ae5a18 elementor-section-boxed elementor-section-height-default elementor-section-height-default\" data-id=\"2ae5a18\" data-element_type=\"section\" data-settings=\"{&quot;background_background&quot;:&quot;classic&quot;,&quot;_ha_eqh_enable&quot;:false}\">\n\t\t\t\t\t\t<div class=\"elementor-container elementor-column-gap-default\">\n\t\t\t\t\t<div class=\"elementor-column elementor-col-100 elementor-top-column elementor-element elementor-element-3686135\" data-id=\"3686135\" data-element_type=\"column\">\n\t\t\t<div class=\"elementor-widget-wrap elementor-element-populated\">\n\t\t\t\t\t\t<div class=\"elementor-element elementor-element-49014fc elementor-widget elementor-widget-toggle\" data-id=\"49014fc\" data-element_type=\"widget\" data-widget_type=\"toggle.default\">\n\t\t\t\t<div class=\"elementor-widget-container\">\n\t\t\t\t\t\t\t<div class=\"elementor-toggle\">\n\t\t\t\t\t\t\t<div class=\"elementor-toggle-item\">\n\t\t\t\t\t<div id=\"elementor-tab-title-7651\" class=\"elementor-tab-title\" data-tab=\"1\" role=\"button\" aria-controls=\"elementor-tab-content-7651\" aria-expanded=\"false\">\n\t\t\t\t\t\t\t\t\t\t\t\t<span class=\"elementor-toggle-icon elementor-toggle-icon-left\" aria-hidden=\"true\">\n\t\t\t\t\t\t\t\t\t\t\t\t\t\t\t<span class=\"elementor-toggle-icon-closed\"><i class=\"fas fa-caret-right\"><\/i><\/span>\n\t\t\t\t\t\t\t\t<span class=\"elementor-toggle-icon-opened\"><i class=\"elementor-toggle-icon-opened fas fa-caret-up\"><\/i><\/span>\n\t\t\t\t\t\t\t\t\t\t\t\t\t<\/span>\n\t\t\t\t\t\t\t\t\t\t\t\t<a class=\"elementor-toggle-title\" tabindex=\"0\">Vencedor de 2023<\/a>\n\t\t\t\t\t<\/div>\n\n\t\t\t\t\t<div id=\"elementor-tab-content-7651\" class=\"elementor-tab-content elementor-clearfix\" data-tab=\"1\" role=\"region\" aria-labelledby=\"elementor-tab-title-7651\"><p>Antonio Jos\u00e9 Silva Oliveira<\/p><\/div>\n\t\t\t\t<\/div>\n\t\t\t\t\t\t\t<div class=\"elementor-toggle-item\">\n\t\t\t\t\t<div id=\"elementor-tab-title-7652\" class=\"elementor-tab-title\" data-tab=\"2\" role=\"button\" aria-controls=\"elementor-tab-content-7652\" aria-expanded=\"false\">\n\t\t\t\t\t\t\t\t\t\t\t\t<span class=\"elementor-toggle-icon elementor-toggle-icon-left\" aria-hidden=\"true\">\n\t\t\t\t\t\t\t\t\t\t\t\t\t\t\t<span class=\"elementor-toggle-icon-closed\"><i class=\"fas fa-caret-right\"><\/i><\/span>\n\t\t\t\t\t\t\t\t<span class=\"elementor-toggle-icon-opened\"><i class=\"elementor-toggle-icon-opened fas fa-caret-up\"><\/i><\/span>\n\t\t\t\t\t\t\t\t\t\t\t\t\t<\/span>\n\t\t\t\t\t\t\t\t\t\t\t\t<a class=\"elementor-toggle-title\" tabindex=\"0\">Vencedor de 2022<\/a>\n\t\t\t\t\t<\/div>\n\n\t\t\t\t\t<div id=\"elementor-tab-content-7652\" class=\"elementor-tab-content elementor-clearfix\" data-tab=\"2\" role=\"region\" aria-labelledby=\"elementor-tab-title-7652\"><p>Fernando Lang da Silveira &#8211; IF &#8211; UFRGS<\/p><\/div>\n\t\t\t\t<\/div>\n\t\t\t\t\t\t\t<div class=\"elementor-toggle-item\">\n\t\t\t\t\t<div id=\"elementor-tab-title-7653\" class=\"elementor-tab-title\" data-tab=\"3\" role=\"button\" aria-controls=\"elementor-tab-content-7653\" aria-expanded=\"false\">\n\t\t\t\t\t\t\t\t\t\t\t\t<span class=\"elementor-toggle-icon elementor-toggle-icon-left\" aria-hidden=\"true\">\n\t\t\t\t\t\t\t\t\t\t\t\t\t\t\t<span class=\"elementor-toggle-icon-closed\"><i class=\"fas fa-caret-right\"><\/i><\/span>\n\t\t\t\t\t\t\t\t<span class=\"elementor-toggle-icon-opened\"><i class=\"elementor-toggle-icon-opened fas fa-caret-up\"><\/i><\/span>\n\t\t\t\t\t\t\t\t\t\t\t\t\t<\/span>\n\t\t\t\t\t\t\t\t\t\t\t\t<a class=\"elementor-toggle-title\" tabindex=\"0\">Vencedor de 2021<\/a>\n\t\t\t\t\t<\/div>\n\n\t\t\t\t\t<div id=\"elementor-tab-content-7653\" class=\"elementor-tab-content elementor-clearfix\" data-tab=\"3\" role=\"region\" aria-labelledby=\"elementor-tab-title-7653\"><p><span style=\"font-weight: 400;\">Mikiya Muramatsu &#8211; Instituto de F\u00edsica &#8211; USP<\/span><\/p><\/div>\n\t\t\t\t<\/div>\n\t\t\t\t\t\t\t<div class=\"elementor-toggle-item\">\n\t\t\t\t\t<div id=\"elementor-tab-title-7654\" class=\"elementor-tab-title\" data-tab=\"4\" role=\"button\" aria-controls=\"elementor-tab-content-7654\" aria-expanded=\"false\">\n\t\t\t\t\t\t\t\t\t\t\t\t<span class=\"elementor-toggle-icon elementor-toggle-icon-left\" aria-hidden=\"true\">\n\t\t\t\t\t\t\t\t\t\t\t\t\t\t\t<span class=\"elementor-toggle-icon-closed\"><i class=\"fas fa-caret-right\"><\/i><\/span>\n\t\t\t\t\t\t\t\t<span class=\"elementor-toggle-icon-opened\"><i class=\"elementor-toggle-icon-opened fas fa-caret-up\"><\/i><\/span>\n\t\t\t\t\t\t\t\t\t\t\t\t\t<\/span>\n\t\t\t\t\t\t\t\t\t\t\t\t<a class=\"elementor-toggle-title\" tabindex=\"0\">Vencedor de 2020<\/a>\n\t\t\t\t\t<\/div>\n\n\t\t\t\t\t<div id=\"elementor-tab-content-7654\" class=\"elementor-tab-content elementor-clearfix\" data-tab=\"4\" role=\"region\" aria-labelledby=\"elementor-tab-title-7654\"><p>Lu\u00eds Carlos Bassalo Crispino &#8211; Faculdade de F\u00edsica &#8211; UFPA<\/p><\/div>\n\t\t\t\t<\/div>\n\t\t\t\t\t\t\t<div class=\"elementor-toggle-item\">\n\t\t\t\t\t<div id=\"elementor-tab-title-7655\" class=\"elementor-tab-title\" data-tab=\"5\" role=\"button\" aria-controls=\"elementor-tab-content-7655\" aria-expanded=\"false\">\n\t\t\t\t\t\t\t\t\t\t\t\t<span class=\"elementor-toggle-icon elementor-toggle-icon-left\" aria-hidden=\"true\">\n\t\t\t\t\t\t\t\t\t\t\t\t\t\t\t<span class=\"elementor-toggle-icon-closed\"><i class=\"fas fa-caret-right\"><\/i><\/span>\n\t\t\t\t\t\t\t\t<span class=\"elementor-toggle-icon-opened\"><i class=\"elementor-toggle-icon-opened fas fa-caret-up\"><\/i><\/span>\n\t\t\t\t\t\t\t\t\t\t\t\t\t<\/span>\n\t\t\t\t\t\t\t\t\t\t\t\t<a class=\"elementor-toggle-title\" tabindex=\"0\">Vencedor de 2019<\/a>\n\t\t\t\t\t<\/div>\n\n\t\t\t\t\t<div id=\"elementor-tab-content-7655\" class=\"elementor-tab-content elementor-clearfix\" data-tab=\"5\" role=\"region\" aria-labelledby=\"elementor-tab-title-7655\"><p>Adilson Jesus Aparecido de Oliveira &#8211; Departamento de F\u00edsica &#8211; Universidade Federal de S\u00e3o Carlos<\/p><\/div>\n\t\t\t\t<\/div>\n\t\t\t\t\t\t\t\t<\/div>\n\t\t\t\t\t\t<\/div>\n\t\t\t\t<\/div>\n\t\t\t\t\t<\/div>\n\t\t<\/div>\n\t\t\t\t\t<\/div>\n\t\t<\/section>\n\t\t\t\t<\/div>\n\t\t","protected":false},"excerpt":{"rendered":"<p>Pr\u00eamio Ernesto Hamburger O Pr\u00eamio tem o prop\u00f3sito de reconhecer, estimular, valorizar e dar visibilidade a iniciativas e atividades de populariza\u00e7\u00e3o de Ci\u00eancias F\u00edsicas. \u00c9 outorgado a pessoas, grupos ou institui\u00e7\u00f5es que tenham desenvolvido atividades de destaque neste sentido.&nbsp; O pr\u00eamio \u00e9 uma homenagem ao f\u00edsico e divulgador de ci\u00eancias brasileiro Ernesto Wolfgang Hamburger, s\u00f3cio [&hellip;]<\/p>\n","protected":false},"author":3,"featured_media":16567,"parent":10073,"menu_order":217,"comment_status":"open","ping_status":"closed","template":"elementor_header_footer","meta":{"footnotes":""},"class_list":["post-4600","page","type-page","status-publish","has-post-thumbnail","hentry"],"aioseo_notices":[],"_links":{"self":[{"href":"https:\/\/www.sbfisica.org.br\/v1\/sbf\/wp-json\/wp\/v2\/pages\/4600","targetHints":{"allow":["GET"]}}],"collection":[{"href":"https:\/\/www.sbfisica.org.br\/v1\/sbf\/wp-json\/wp\/v2\/pages"}],"about":[{"href":"https:\/\/www.sbfisica.org.br\/v1\/sbf\/wp-json\/wp\/v2\/types\/page"}],"author":[{"embeddable":true,"href":"https:\/\/www.sbfisica.org.br\/v1\/sbf\/wp-json\/wp\/v2\/users\/3"}],"replies":[{"embeddable":true,"href":"https:\/\/www.sbfisica.org.br\/v1\/sbf\/wp-json\/wp\/v2\/comments?post=4600"}],"version-history":[{"count":124,"href":"https:\/\/www.sbfisica.org.br\/v1\/sbf\/wp-json\/wp\/v2\/pages\/4600\/revisions"}],"predecessor-version":[{"id":29644,"href":"https:\/\/www.sbfisica.org.br\/v1\/sbf\/wp-json\/wp\/v2\/pages\/4600\/revisions\/29644"}],"up":[{"embeddable":true,"href":"https:\/\/www.sbfisica.org.br\/v1\/sbf\/wp-json\/wp\/v2\/pages\/10073"}],"wp:featuredmedia":[{"embeddable":true,"href":"https:\/\/www.sbfisica.org.br\/v1\/sbf\/wp-json\/wp\/v2\/media\/16567"}],"wp:attachment":[{"href":"https:\/\/www.sbfisica.org.br\/v1\/sbf\/wp-json\/wp\/v2\/media?parent=4600"}],"curies":[{"name":"wp","href":"https:\/\/api.w.org\/{rel}","templated":true}]}}