{"id":4159,"date":"2018-07-30T14:47:47","date_gmt":"2018-07-30T17:47:47","guid":{"rendered":"https:\/\/sbfisica.org.br\/v1\/sbf\/2018\/07\/30\/relatorios\/"},"modified":"2025-09-05T14:57:49","modified_gmt":"2025-09-05T17:57:49","slug":"relatorios","status":"publish","type":"page","link":"https:\/\/www.sbfisica.org.br\/v1\/sbf\/sobre-nos\/estatutos-atas-relatorios\/relatorios\/","title":{"rendered":"Relat\u00f3rios"},"content":{"rendered":"<style>.elementor-4159 .elementor-element.elementor-element-faf845d:not(.elementor-motion-effects-element-type-background), .elementor-4159 .elementor-element.elementor-element-faf845d > .elementor-motion-effects-container > .elementor-motion-effects-layer{background-color:#FAF9F6;background-image:url(\"https:\/\/www.sbfisica.org.br\/v1\/sbf\/wp-content\/uploads\/2022\/05\/pen-and-document-2021-08-26-20-11-10-utc-scaled.jpg\");background-position:center center;background-repeat:no-repeat;background-size:cover;}.elementor-4159 .elementor-element.elementor-element-faf845d > .elementor-background-overlay{opacity:0;transition:background 0.3s, border-radius 0.3s, opacity 0.3s;}.elementor-4159 .elementor-element.elementor-element-faf845d{transition:background 0.3s, border 0.3s, border-radius 0.3s, box-shadow 0.3s;margin-top:0%;margin-bottom:3%;padding:120px 0px 120px 0px;}.elementor-widget-heading .elementor-heading-title{font-family:var( --e-global-typography-primary-font-family ), raleway;font-weight:var( --e-global-typography-primary-font-weight );color:var( --e-global-color-primary );}.elementor-4159 .elementor-element.elementor-element-7df5e7d{text-align:start;}.elementor-4159 .elementor-element.elementor-element-7df5e7d .elementor-heading-title{font-family:\"Kanit\", raleway;font-size:50px;font-weight:600;color:var( --e-global-color-secondary );}.elementor-4159 .elementor-element.elementor-element-60ef3e2 .elementor-heading-title{font-family:\"Kanit\", raleway;font-weight:600;text-decoration:underline;-webkit-text-stroke-width:0px;stroke-width:0px;-webkit-text-stroke-color:#000;stroke:#000;color:#000000;}.elementor-widget-text-editor{font-family:var( --e-global-typography-text-font-family ), raleway;font-weight:var( --e-global-typography-text-font-weight );color:var( --e-global-color-text );}.elementor-widget-text-editor.elementor-drop-cap-view-stacked .elementor-drop-cap{background-color:var( --e-global-color-primary );}.elementor-widget-text-editor.elementor-drop-cap-view-framed .elementor-drop-cap, .elementor-widget-text-editor.elementor-drop-cap-view-default .elementor-drop-cap{color:var( --e-global-color-primary );border-color:var( --e-global-color-primary );}.elementor-4159 .elementor-element.elementor-element-56bb1da .elementor-heading-title{font-family:\"Kanit\", raleway;font-weight:600;text-decoration:underline;color:#000000;}.elementor-4159 .elementor-element.elementor-element-5b81803 .elementor-heading-title{font-family:\"Kanit\", raleway;font-weight:600;text-decoration:underline;color:#000000;}.elementor-4159 .elementor-element.elementor-element-909770d .elementor-heading-title{font-family:\"Kanit\", raleway;font-weight:600;text-decoration:underline;color:#000000;}.elementor-4159 .elementor-element.elementor-element-1bb35b6 .elementor-heading-title{font-family:\"Kanit\", raleway;font-weight:600;text-decoration:underline;color:#000000;}.elementor-4159 .elementor-element.elementor-element-9bd5ee8 .elementor-heading-title{font-family:\"Kanit\", raleway;font-weight:600;text-decoration:underline;color:#000000;}@media(max-width:1024px){.elementor-4159 .elementor-element.elementor-element-7df5e7d .elementor-heading-title{font-size:40px;}}@media(min-width:1025px){.elementor-4159 .elementor-element.elementor-element-faf845d:not(.elementor-motion-effects-element-type-background), .elementor-4159 .elementor-element.elementor-element-faf845d > .elementor-motion-effects-container > .elementor-motion-effects-layer{background-attachment:scroll;}}@media(max-width:767px){.elementor-4159 .elementor-element.elementor-element-faf845d{padding:50px 0px 50px 0px;}.elementor-4159 .elementor-element.elementor-element-7df5e7d .elementor-heading-title{font-size:25px;}}<\/style>\t\t<div data-elementor-type=\"wp-page\" data-elementor-id=\"4159\" class=\"elementor elementor-4159\" data-elementor-settings=\"{&quot;ha_cmc_init_switcher&quot;:&quot;no&quot;}\" data-elementor-post-type=\"page\">\n\t\t\t\t\t\t<section class=\"elementor-section elementor-top-section elementor-element elementor-element-faf845d banner-page elementor-section-boxed elementor-section-height-default elementor-section-height-default\" data-id=\"faf845d\" data-element_type=\"section\" data-settings=\"{&quot;background_background&quot;:&quot;classic&quot;,&quot;_ha_eqh_enable&quot;:false}\">\n\t\t\t\t\t\t\t<div class=\"elementor-background-overlay\"><\/div>\n\t\t\t\t\t\t\t<div class=\"elementor-container elementor-column-gap-default\">\n\t\t\t\t\t<div class=\"elementor-column elementor-col-100 elementor-top-column elementor-element elementor-element-2644e18\" data-id=\"2644e18\" data-element_type=\"column\">\n\t\t\t<div class=\"elementor-widget-wrap elementor-element-populated\">\n\t\t\t\t\t\t<div class=\"elementor-element elementor-element-7df5e7d elementor-widget elementor-widget-heading\" data-id=\"7df5e7d\" data-element_type=\"widget\" data-widget_type=\"heading.default\">\n\t\t\t\t<div class=\"elementor-widget-container\">\n\t\t\t\t\t<h1 class=\"elementor-heading-title elementor-size-default\">Relat\u00f3rios<\/h1>\t\t\t\t<\/div>\n\t\t\t\t<\/div>\n\t\t\t\t\t<\/div>\n\t\t<\/div>\n\t\t\t\t\t<\/div>\n\t\t<\/section>\n\t\t\t\t<section class=\"elementor-section elementor-top-section elementor-element elementor-element-9247d5a elementor-section-boxed elementor-section-height-default elementor-section-height-default\" data-id=\"9247d5a\" data-element_type=\"section\" data-settings=\"{&quot;_ha_eqh_enable&quot;:false}\">\n\t\t\t\t\t\t<div class=\"elementor-container elementor-column-gap-default\">\n\t\t\t\t\t<div class=\"elementor-column elementor-col-100 elementor-top-column elementor-element elementor-element-70fa7b46\" data-id=\"70fa7b46\" data-element_type=\"column\">\n\t\t\t<div class=\"elementor-widget-wrap elementor-element-populated\">\n\t\t\t\t\t\t<div class=\"elementor-element elementor-element-60ef3e2 elementor-widget elementor-widget-heading\" data-id=\"60ef3e2\" data-element_type=\"widget\" data-widget_type=\"heading.default\">\n\t\t\t\t<div class=\"elementor-widget-container\">\n\t\t\t\t\t<h2 class=\"elementor-heading-title elementor-size-default\">Relat\u00f3rios de Gest\u00e3o<\/h2>\t\t\t\t<\/div>\n\t\t\t\t<\/div>\n\t\t\t\t<div class=\"elementor-element elementor-element-8d7bbc3 elementor-widget elementor-widget-text-editor\" data-id=\"8d7bbc3\" data-element_type=\"widget\" data-widget_type=\"text-editor.default\">\n\t\t\t\t<div class=\"elementor-widget-container\">\n\t\t\t\t\t\t\t\t\t<ol><li><a href=\"https:\/\/www.sbfisica.org.br\/v1\/sbf\/wp-content\/uploads\/2025\/07\/relatorio-de-gestao-2024.pdf\" target=\"_blank\" rel=\"noopener\">Relat\u00f3rio de Gest\u00e3o (2024)<\/a><\/li><li><a href=\"https:\/\/www.sbfisica.org.br\/v1\/sbf\/wp-content\/uploads\/2024\/07\/relatorio-de-gestao-2023.pdf\" target=\"_blank\" rel=\"noopener\">Relat\u00f3rio de Gest\u00e3o (2023)<\/a><\/li><li><a href=\"https:\/\/www.sbfisica.org.br\/v1\/sbf\/wp-content\/uploads\/2024\/05\/relatorio-de-gestao-2022.pdf\" target=\"_blank\" rel=\"noopener\">Relat\u00f3rio de Gest\u00e3o (2022)<\/a><\/li><li><a href=\"\/v1\/sbf\/wp-content\/uploads\/2022\/09\/RelatorioGestao2021.pdf\" target=\"_blank\" rel=\"noopener\">Relat\u00f3rio de Gest\u00e3o (2021)<\/a><\/li><li><a href=\"\/v1\/sbf\/wp-content\/uploads\/2022\/05\/RelatorioGestao2020.pdf\" target=\"_blank\" rel=\"noopener\">Relat\u00f3rio de Gest\u00e3o (2020)<\/a><\/li><li><a href=\"\/v1\/sbf\/wp-content\/uploads\/2022\/05\/relatorio-gestao-2019.pdf\" target=\"_blank\" rel=\"noopener\">Relat\u00f3rio de Gest\u00e3o (2019)<\/a><\/li><li><a href=\"https:\/\/www.sbfisica.org.br\/v1\/sbf\/wp-content\/uploads\/2022\/08\/SBF-50-anos.pdf\">Relat\u00f3rio de Gest\u00e3o (2016)<\/a><\/li><li><a href=\"https:\/\/www.sbfisica.org.br\/v1\/sbf\/wp-content\/uploads\/2024\/08\/Relatorio-Gestao-2011-2012.pdf\">Relat\u00f3rio de Gest\u00e3o (2012)<\/a><\/li><li><a href=\"\/v1\/sbf\/wp-content\/uploads\/2022\/08\/Relatorio-agosto-2010-Julho-2011.pdf\" target=\"_blank\" rel=\"noopener\">Relat\u00f3rio de Gest\u00e3o (2011)<\/a><\/li><li><a href=\"\/v1\/sbf\/wp-content\/uploads\/2022\/08\/RelatoJul2010.pdf\" target=\"_blank\" rel=\"noopener\">Relat\u00f3rio de Gest\u00e3o (2010)<\/a><\/li><\/ol>\t\t\t\t\t\t\t\t<\/div>\n\t\t\t\t<\/div>\n\t\t\t\t<div class=\"elementor-element elementor-element-56bb1da elementor-widget elementor-widget-heading\" data-id=\"56bb1da\" data-element_type=\"widget\" data-widget_type=\"heading.default\">\n\t\t\t\t<div class=\"elementor-widget-container\">\n\t\t\t\t\t<h2 class=\"elementor-heading-title elementor-size-default\">Relat\u00f3rios Anuais<\/h2>\t\t\t\t<\/div>\n\t\t\t\t<\/div>\n\t\t\t\t<div class=\"elementor-element elementor-element-aff82ee elementor-widget elementor-widget-text-editor\" data-id=\"aff82ee\" data-element_type=\"widget\" data-widget_type=\"text-editor.default\">\n\t\t\t\t<div class=\"elementor-widget-container\">\n\t\t\t\t\t\t\t\t\t<ol><li><a href=\"\/v1\/sbf\/wp-content\/uploads\/2022\/05\/relatorio-anual-SBF_2019_ONLINE.pdf\" target=\"_blank\" rel=\"noopener\">Relat\u00f3rio Anual (2019)<\/a><\/li><li><a href=\"\/v1\/sbf\/wp-content\/uploads\/2022\/05\/relatorio-SBF_2014_revisao-final_NOVISSIMA-1.pdf\" target=\"_blank\" rel=\"noopener\">Relat\u00f3rio Anual (2014)<\/a><\/li><\/ol>\t\t\t\t\t\t\t\t<\/div>\n\t\t\t\t<\/div>\n\t\t\t\t<div class=\"elementor-element elementor-element-5b81803 elementor-widget elementor-widget-heading\" data-id=\"5b81803\" data-element_type=\"widget\" data-widget_type=\"heading.default\">\n\t\t\t\t<div class=\"elementor-widget-container\">\n\t\t\t\t\t<h2 class=\"elementor-heading-title elementor-size-default\">Auditorias<\/h2>\t\t\t\t<\/div>\n\t\t\t\t<\/div>\n\t\t\t\t<div class=\"elementor-element elementor-element-cf0a37f elementor-widget elementor-widget-text-editor\" data-id=\"cf0a37f\" data-element_type=\"widget\" data-widget_type=\"text-editor.default\">\n\t\t\t\t<div class=\"elementor-widget-container\">\n\t\t\t\t\t\t\t\t\t<ol><li><a href=\"https:\/\/www.sbfisica.org.br\/v1\/sbf\/wp-content\/uploads\/2025\/09\/Relatorio-de-Auditoria-2024.pdf\">Relat\u00f3rio Auditoria (2024)<\/a><\/li><li><a href=\"https:\/\/www.sbfisica.org.br\/v1\/sbf\/wp-content\/uploads\/2025\/09\/Relatorio-de-Auditoria-2023.pdf\">Relat\u00f3rio Auditoria (2023)<\/a><\/li><li><a href=\"https:\/\/www.sbfisica.org.br\/v1\/sbf\/wp-content\/uploads\/2024\/05\/relatorio-final-auditoria-SBF-2022.pdf\" target=\"_blank\" rel=\"noopener\">Relat\u00f3rio Auditoria (2022)<\/a><\/li><li><a href=\"https:\/\/www.sbfisica.org.br\/v1\/sbf\/wp-content\/uploads\/2024\/05\/SBF-relatorio-auditoria-2021.pdf\" target=\"_blank\" rel=\"noopener\">Relat\u00f3rio Auditoria (2021)<\/a><\/li><li><a href=\"\/v1\/sbf\/wp-content\/uploads\/2022\/05\/relatorio-auditoria-2021.pdf\">Parecer Auditoria (2021)<\/a><\/li><li><a href=\"https:\/\/www.sbfisica.org.br\/v1\/sbf\/wp-content\/uploads\/2024\/08\/Relatorio-2020-SGS.pdf\">Relat\u00f3rio de Auditoria (2020)<\/a><\/li><li><a href=\"https:\/\/www.sbfisica.org.br\/v1\/sbf\/wp-content\/uploads\/2024\/08\/Relatorio-SGS-2019.pdf\">Relat\u00f3rio de Auditoria (2019)<\/a><\/li><li><a href=\"https:\/\/www.sbfisica.org.br\/v1\/sbf\/wp-content\/uploads\/2024\/06\/Relatorio-2018-sgs.pdf\">Relat\u00f3rio de Auditoria (2018)<\/a><\/li><li><a href=\"https:\/\/www.sbfisica.org.br\/v1\/sbf\/wp-content\/uploads\/2024\/06\/Relatorio-2017-sgs.pdf\">Relat\u00f3rio de Auditoria (2017)<\/a><\/li><li><a href=\"https:\/\/www.sbfisica.org.br\/v1\/sbf\/wp-content\/uploads\/2024\/06\/Relatorio-2016-sgs.pdf\">Relat\u00f3rio de Auditoria (2016)<\/a><\/li><li><a href=\"https:\/\/www.sbfisica.org.br\/v1\/sbf\/wp-content\/uploads\/2024\/08\/Relatorio-2015-SGS.pdf\">Relat\u00f3rio de Auditoria (2015)<\/a><\/li><li><a href=\"https:\/\/www.sbfisica.org.br\/v1\/sbf\/wp-content\/uploads\/2024\/06\/Relatorio-2014-sgs.pdf\">Relat\u00f3rio de Auditoria (2014)<\/a><\/li><li><a href=\"https:\/\/www.sbfisica.org.br\/v1\/sbf\/wp-content\/uploads\/2024\/06\/Relatorio-2013-sgs.pdf\">Relat\u00f3rio de Auditoria (2013)<\/a><\/li><li><a href=\"https:\/\/www.sbfisica.org.br\/v1\/sbf\/wp-content\/uploads\/2024\/08\/Relatorio-2012-SGS.pdf\">Relat\u00f3rio de Auditoria (2012)<\/a><\/li><\/ol>\t\t\t\t\t\t\t\t<\/div>\n\t\t\t\t<\/div>\n\t\t\t\t<div class=\"elementor-element elementor-element-909770d elementor-widget elementor-widget-heading\" data-id=\"909770d\" data-element_type=\"widget\" data-widget_type=\"heading.default\">\n\t\t\t\t<div class=\"elementor-widget-container\">\n\t\t\t\t\t<h2 class=\"elementor-heading-title elementor-size-default\">Relat\u00f3rios Fiscais e Financeiros<\/h2>\t\t\t\t<\/div>\n\t\t\t\t<\/div>\n\t\t\t\t<div class=\"elementor-element elementor-element-5bb82a3 elementor-widget elementor-widget-text-editor\" data-id=\"5bb82a3\" data-element_type=\"widget\" data-widget_type=\"text-editor.default\">\n\t\t\t\t<div class=\"elementor-widget-container\">\n\t\t\t\t\t\t\t\t\t<ol><li><a href=\"\/v1\/sbf\/wp-content\/uploads\/2022\/05\/Relatorio-Comissao-Fiscal-da-SBF-2020-2021.pdf\" target=\"_blank\" rel=\"noopener\">Relat\u00f3rio Comiss\u00e3o Fiscal (2020-2021)<\/a><\/li><li><a href=\"\/v1\/sbf\/wp-content\/uploads\/2022\/05\/relatorio-financeiro-2019.pdf\" target=\"_blank\" rel=\"noopener\">Relat\u00f3rio Financeiro (2019)<\/a><\/li><li><a href=\"\/v1\/sbf\/wp-content\/uploads\/2022\/05\/relatorio_19072013.pdf\" target=\"_blank\" rel=\"noopener\">Relat\u00f3rio da Comiss\u00e3o Fiscal (julho 2013)<\/a><\/li><\/ol>\t\t\t\t\t\t\t\t<\/div>\n\t\t\t\t<\/div>\n\t\t\t\t<div class=\"elementor-element elementor-element-1bb35b6 elementor-widget elementor-widget-heading\" data-id=\"1bb35b6\" data-element_type=\"widget\" data-widget_type=\"heading.default\">\n\t\t\t\t<div class=\"elementor-widget-container\">\n\t\t\t\t\t<h2 class=\"elementor-heading-title elementor-size-default\">Relat\u00f3rios e Pareceres de Comiss\u00f5es<\/h2>\t\t\t\t<\/div>\n\t\t\t\t<\/div>\n\t\t\t\t<div class=\"elementor-element elementor-element-bd348bd elementor-widget elementor-widget-text-editor\" data-id=\"bd348bd\" data-element_type=\"widget\" data-widget_type=\"text-editor.default\">\n\t\t\t\t<div class=\"elementor-widget-container\">\n\t\t\t\t\t\t\t\t\t<ol><li><a href=\"\/v1\/sbf\/wp-content\/uploads\/2022\/05\/RelNuclear2007.pdf\" target=\"_blank\" rel=\"noopener\">Relat\u00f3rio da Comiss\u00e3o de Acompanhamento do Programa Nuclear Brasileiro (2007)<\/a><\/li><li><a href=\"\/v1\/sbf\/wp-content\/uploads\/2022\/05\/RelNuclear2009.pdf\" target=\"_blank\" rel=\"noopener\">Relat\u00f3rio da Comiss\u00e3o de Acompanhamento do Programa Nuclear Brasileiro (2009)<\/a><\/li><li><a href=\"\/v1\/sbf\/wp-content\/uploads\/2022\/05\/relatorioComNuclear2011.pdf\" target=\"_blank\" rel=\"noopener\">Relat\u00f3rio da Comiss\u00e3o de Acompanhamento do Programa Nuclear Brasileiro (2011)<\/a><\/li><li><a href=\"\/v1\/sbf\/wp-content\/uploads\/2022\/05\/relatoriofinaldacomissaoespacial.pdf\" target=\"_blank\" rel=\"noopener\">Relat\u00f3rio da Comiss\u00e3o para Acompanhamento do Programa Espacial Brasileiro (2011)<\/a><\/li><li><a href=\"\/v1\/sbf\/wp-content\/uploads\/2022\/05\/ParecerBrasil-ESO_com-plasma_.pdf\" target=\"_blank\" rel=\"noopener\">Parecer da Comiss\u00e3o de F\u00edsica de Plasmas sobre Acordo Brasil \/ ESO (2011)<\/a><\/li><li><a href=\"\/v1\/sbf\/wp-content\/uploads\/2022\/05\/BrasilESO-_doc.com-particulas_.pdf\" target=\"_blank\" rel=\"noopener\">Parecer da Comiss\u00e3o de F\u00edsica de Part\u00edculas e Campos sobre Acordo Brasil \/ ESO (2011)<\/a><\/li><li><a href=\"\/v1\/sbf\/wp-content\/uploads\/2022\/05\/BrasilCERN-IoavWaga.pdf\" target=\"_blank\" rel=\"noopener\">Parecer da Comiss\u00e3o de F\u00edsica de Part\u00edculas e Campos sobre o acordo Brasil-CERN (2011)<\/a><\/li><li><a href=\"http:\/\/www.sbfisica.org.br\/v1\/index.php?option=com_content&amp;view=article&amp;id=317%3Arelatorios-genero&amp;catid=70&amp;Itemid=286\">Relat\u00f3rio da Comiss\u00e3o de Rela\u00e7\u00f5es de G\u00eanero (2003 &#8211; 2010)<\/a><\/li><\/ol>\t\t\t\t\t\t\t\t<\/div>\n\t\t\t\t<\/div>\n\t\t\t\t<div class=\"elementor-element elementor-element-9bd5ee8 elementor-widget elementor-widget-heading\" data-id=\"9bd5ee8\" data-element_type=\"widget\" data-widget_type=\"heading.default\">\n\t\t\t\t<div class=\"elementor-widget-container\">\n\t\t\t\t\t<h2 class=\"elementor-heading-title elementor-size-default\">Relat\u00f3rios Gerais<\/h2>\t\t\t\t<\/div>\n\t\t\t\t<\/div>\n\t\t\t\t<div class=\"elementor-element elementor-element-23876aab elementor-widget elementor-widget-text-editor\" data-id=\"23876aab\" data-element_type=\"widget\" data-widget_type=\"text-editor.default\">\n\t\t\t\t<div class=\"elementor-widget-container\">\n\t\t\t\t\t\t\t\t\t<ol><li><a href=\"\/v1\/sbf\/wp-content\/uploads\/2022\/05\/Relatorio_SBF.pdf\" target=\"_blank\" rel=\"noopener\">A F\u00edsica e o desenvolvimento nacional<\/a><\/li><li><a href=\"https:\/\/www.if.ufrgs.br\/~barbosa\/Publications\/Gender\/barbosa-SCIENCEIMPACT-WOMEN-2013.pdf\" target=\"_blank\" rel=\"noopener\">Science Impact &#8211; A special report on physics in Brazil &#8211; Annual review 2013<\/a><\/li><\/ol>\t\t\t\t\t\t\t\t<\/div>\n\t\t\t\t<\/div>\n\t\t\t\t\t<\/div>\n\t\t<\/div>\n\t\t\t\t\t<\/div>\n\t\t<\/section>\n\t\t\t\t<\/div>\n\t\t","protected":false},"excerpt":{"rendered":"<p>Relat\u00f3rios Relat\u00f3rios de Gest\u00e3o Relat\u00f3rio de Gest\u00e3o (2024) Relat\u00f3rio de Gest\u00e3o (2023) Relat\u00f3rio de Gest\u00e3o (2022) Relat\u00f3rio de Gest\u00e3o (2021) Relat\u00f3rio de Gest\u00e3o (2020) Relat\u00f3rio de Gest\u00e3o (2019) Relat\u00f3rio de Gest\u00e3o (2016) Relat\u00f3rio de Gest\u00e3o (2012) Relat\u00f3rio de Gest\u00e3o (2011) Relat\u00f3rio de Gest\u00e3o (2010) Relat\u00f3rios Anuais Relat\u00f3rio Anual (2019) Relat\u00f3rio Anual (2014) Auditorias Relat\u00f3rio Auditoria [&hellip;]<\/p>\n","protected":false},"author":3,"featured_media":16567,"parent":5442,"menu_order":9,"comment_status":"open","ping_status":"closed","template":"elementor_header_footer","meta":{"footnotes":""},"class_list":["post-4159","page","type-page","status-publish","has-post-thumbnail","hentry"],"aioseo_notices":[],"_links":{"self":[{"href":"https:\/\/www.sbfisica.org.br\/v1\/sbf\/wp-json\/wp\/v2\/pages\/4159","targetHints":{"allow":["GET"]}}],"collection":[{"href":"https:\/\/www.sbfisica.org.br\/v1\/sbf\/wp-json\/wp\/v2\/pages"}],"about":[{"href":"https:\/\/www.sbfisica.org.br\/v1\/sbf\/wp-json\/wp\/v2\/types\/page"}],"author":[{"embeddable":true,"href":"https:\/\/www.sbfisica.org.br\/v1\/sbf\/wp-json\/wp\/v2\/users\/3"}],"replies":[{"embeddable":true,"href":"https:\/\/www.sbfisica.org.br\/v1\/sbf\/wp-json\/wp\/v2\/comments?post=4159"}],"version-history":[{"count":86,"href":"https:\/\/www.sbfisica.org.br\/v1\/sbf\/wp-json\/wp\/v2\/pages\/4159\/revisions"}],"predecessor-version":[{"id":28764,"href":"https:\/\/www.sbfisica.org.br\/v1\/sbf\/wp-json\/wp\/v2\/pages\/4159\/revisions\/28764"}],"up":[{"embeddable":true,"href":"https:\/\/www.sbfisica.org.br\/v1\/sbf\/wp-json\/wp\/v2\/pages\/5442"}],"wp:featuredmedia":[{"embeddable":true,"href":"https:\/\/www.sbfisica.org.br\/v1\/sbf\/wp-json\/wp\/v2\/media\/16567"}],"wp:attachment":[{"href":"https:\/\/www.sbfisica.org.br\/v1\/sbf\/wp-json\/wp\/v2\/media?parent=4159"}],"curies":[{"name":"wp","href":"https:\/\/api.w.org\/{rel}","templated":true}]}}