{"id":4056,"date":"2017-10-27T10:49:10","date_gmt":"2017-10-27T12:49:10","guid":{"rendered":"https:\/\/sbfisica.org.br\/v1\/sbf\/2017\/10\/27\/ptc-fisica-de-particulas-e-campos-2\/"},"modified":"2025-06-30T17:12:39","modified_gmt":"2025-06-30T20:12:39","slug":"ca-ptc-fisica-de-particulas-e-campos","status":"publish","type":"page","link":"https:\/\/www.sbfisica.org.br\/v1\/sbf\/comissoes\/comissoes-de-area\/ca-ptc-fisica-de-particulas-e-campos\/","title":{"rendered":"PTC: F\u00edsica de Part\u00edculas e Campos"},"content":{"rendered":"<style>.elementor-4056 .elementor-element.elementor-element-92bc31d:not(.elementor-motion-effects-element-type-background), .elementor-4056 .elementor-element.elementor-element-92bc31d > .elementor-motion-effects-container > .elementor-motion-effects-layer{background-image:url(\"https:\/\/www.sbfisica.org.br\/v1\/sbf\/wp-content\/uploads\/2022\/05\/3d-illustration-atom-connection-concept-abstrack-background-science-1.jpg\");background-position:center center;background-repeat:no-repeat;background-size:cover;}.elementor-4056 .elementor-element.elementor-element-92bc31d > .elementor-background-overlay{background-color:transparent;background-image:linear-gradient(40deg, var( --e-global-color-secondary ) 40%, #FFFFFF00 100%);opacity:0.8;transition:background 0.3s, border-radius 0.3s, opacity 0.3s;}.elementor-4056 .elementor-element.elementor-element-92bc31d{transition:background 0.3s, border 0.3s, border-radius 0.3s, box-shadow 0.3s;margin-top:0%;margin-bottom:3%;padding:120px 0px 120px 0px;}.elementor-widget-heading .elementor-heading-title{font-family:var( --e-global-typography-primary-font-family ), raleway;font-weight:var( --e-global-typography-primary-font-weight );color:var( --e-global-color-primary );}.elementor-4056 .elementor-element.elementor-element-fdf646d{text-align:start;}.elementor-4056 .elementor-element.elementor-element-fdf646d .elementor-heading-title{font-family:\"Kanit\", raleway;font-size:50px;font-weight:600;color:var( --e-global-color-primary );}.elementor-4056 .elementor-element.elementor-element-c790a32 .elementor-heading-title{color:var( --e-global-color-secondary );}.elementor-widget-text-editor{font-family:var( --e-global-typography-text-font-family ), raleway;font-weight:var( --e-global-typography-text-font-weight );color:var( --e-global-color-text );}.elementor-widget-text-editor.elementor-drop-cap-view-stacked .elementor-drop-cap{background-color:var( --e-global-color-primary );}.elementor-widget-text-editor.elementor-drop-cap-view-framed .elementor-drop-cap, .elementor-widget-text-editor.elementor-drop-cap-view-default .elementor-drop-cap{color:var( --e-global-color-primary );border-color:var( --e-global-color-primary );}@media(max-width:1024px){.elementor-4056 .elementor-element.elementor-element-fdf646d .elementor-heading-title{font-size:40px;}}@media(min-width:1025px){.elementor-4056 .elementor-element.elementor-element-92bc31d:not(.elementor-motion-effects-element-type-background), .elementor-4056 .elementor-element.elementor-element-92bc31d > .elementor-motion-effects-container > .elementor-motion-effects-layer{background-attachment:scroll;}}@media(max-width:767px){.elementor-4056 .elementor-element.elementor-element-92bc31d{padding:50px 0px 50px 0px;}.elementor-4056 .elementor-element.elementor-element-fdf646d .elementor-heading-title{font-size:25px;}}<\/style>\t\t<div data-elementor-type=\"wp-page\" data-elementor-id=\"4056\" class=\"elementor elementor-4056\" data-elementor-settings=\"{&quot;ha_cmc_init_switcher&quot;:&quot;no&quot;}\" data-elementor-post-type=\"page\">\n\t\t\t\t\t\t<section class=\"elementor-section elementor-top-section elementor-element elementor-element-92bc31d banner-page elementor-section-boxed elementor-section-height-default elementor-section-height-default\" data-id=\"92bc31d\" data-element_type=\"section\" data-settings=\"{&quot;background_background&quot;:&quot;classic&quot;,&quot;_ha_eqh_enable&quot;:false}\">\n\t\t\t\t\t\t\t<div class=\"elementor-background-overlay\"><\/div>\n\t\t\t\t\t\t\t<div class=\"elementor-container elementor-column-gap-default\">\n\t\t\t\t\t<div class=\"elementor-column elementor-col-100 elementor-top-column elementor-element elementor-element-386ef45\" data-id=\"386ef45\" data-element_type=\"column\">\n\t\t\t<div class=\"elementor-widget-wrap elementor-element-populated\">\n\t\t\t\t\t\t<div class=\"elementor-element elementor-element-fdf646d elementor-widget elementor-widget-heading\" data-id=\"fdf646d\" data-element_type=\"widget\" data-widget_type=\"heading.default\">\n\t\t\t\t<div class=\"elementor-widget-container\">\n\t\t\t\t\t<h1 class=\"elementor-heading-title elementor-size-default\">PTC: F\u00edsica de Part\u00edculas e Campos<\/h1>\t\t\t\t<\/div>\n\t\t\t\t<\/div>\n\t\t\t\t\t<\/div>\n\t\t<\/div>\n\t\t\t\t\t<\/div>\n\t\t<\/section>\n\t\t\t\t<section class=\"elementor-section elementor-top-section elementor-element elementor-element-44278bdb elementor-section-boxed elementor-section-height-default elementor-section-height-default\" data-id=\"44278bdb\" data-element_type=\"section\" data-settings=\"{&quot;_ha_eqh_enable&quot;:false}\">\n\t\t\t\t\t\t<div class=\"elementor-container elementor-column-gap-default\">\n\t\t\t\t\t<div class=\"elementor-column elementor-col-100 elementor-top-column elementor-element elementor-element-1a09f17a\" data-id=\"1a09f17a\" data-element_type=\"column\">\n\t\t\t<div class=\"elementor-widget-wrap elementor-element-populated\">\n\t\t\t\t\t\t<div class=\"elementor-element elementor-element-c790a32 elementor-widget elementor-widget-heading\" data-id=\"c790a32\" data-element_type=\"widget\" data-widget_type=\"heading.default\">\n\t\t\t\t<div class=\"elementor-widget-container\">\n\t\t\t\t\t<h2 class=\"elementor-heading-title elementor-size-default\">Composi\u00e7\u00e3o:<\/h2>\t\t\t\t<\/div>\n\t\t\t\t<\/div>\n\t\t\t\t<div class=\"elementor-element elementor-element-4376a43d elementor-widget elementor-widget-text-editor\" data-id=\"4376a43d\" data-element_type=\"widget\" data-widget_type=\"text-editor.default\">\n\t\t\t\t<div class=\"elementor-widget-container\">\n\t\t\t\t\t\t\t\t\t<p>Farinaldo da Silva Queiroz<br \/>Raissa Fernandes Pessoa Mendes<br \/>Rog\u00e9rio Rosenfeld<br \/>Azadeh Mohammadi<br \/>Helena Brand\u00e3o Malbouisson<\/p><p><strong><span lang=\"PT-BR\">Objetivo:<\/span><\/strong><\/p><p><span lang=\"PT-BR\">A Comiss\u00e3o de Part\u00edculas e Campos tem por objetivo agregar os pesquisadores atuando nas \u00e1reas de F\u00edsica de Part\u00edculas, Teoria Qu\u00e2ntica de Campos, Cosmologia e\u00a0 Gravita\u00e7\u00e3o e represent\u00e1-los junto \u00e0 comunidade cient\u00edfica, em especial junto \u00e0 Sociedade Brasileira de F\u00edsica (SBF), promovendo os interesses da \u00e1rea.<\/span><\/p><p><span lang=\"PT-BR\">A CPC \u00e9 composta por dois representantes de cada\u00a0sub-\u00e1rea\u00a0(titular e suplente) al\u00e9m de um coordenador e\u00a0vice-coodernador\u00a0todos com mandato de 2 anos. Seu funcionamento \u00e9 regulado pelo\u00a0<a href=\"http:\/\/sbfisica.org.br\/~cpc\/estatuto.htm\" target=\"_blank\" rel=\"noopener\">regimento<\/a>\u00a0aprovado pela assembl\u00e9ia do XXII ENFPC (<a href=\"http:\/\/sbfisica.org.br\/~cpc\/docs\/SBF.ps\">ver carta de encaminhamento<\/a>) e pelo conselho da SBF em 19 de fevereiro de 2003.<\/span><\/p><p><strong>Comiss\u00f5es anteriores:<\/strong><\/p><p><strong>Membros da Comiss\u00e3o CPC-VIII:<\/strong><br \/>Coordenador: Manoel M. Ferreira Jr. (UFMA) 07\/2018<br \/>Teoria de Campos e F\u00edsica Matem\u00e1tica: Ilya Shapiro (UFJF) at\u00e9 07\/2020<br \/>F\u00edsica Experimental de Altas Energias: Andre Sznajder (UERJ) at\u00e9 07\/2020<br \/>Fenomenologia de Part\u00edculas Elementares: Eduardo Fraga (UFRJ) at\u00e9 07\/2018<br \/>Cosmologia e Gravita\u00e7\u00e3o: Sergio Joras (UFRJ) at\u00e9 07\/2018<\/p><p><strong>Membros da Comiss\u00e3o CPC-VII:<\/strong><br \/>Coordenador: Rog\u00e9rio Rosenfeld (IFT\/UNESP) at\u00e9 07\/2016<br \/>Teoria de Campos e F\u00edsica Matem\u00e1tica: Manoel M. Ferreira Jr. (UFMA) 07\/2018<br \/>F\u00edsica Experimental de Altas Energias: Carla Gobel (PUC\/Rio) at\u00e9 07\/2016<br \/>Fenomenologia de Part\u00edculas Elementares: Eduardo Fraga (UFRJ) at\u00e9 07\/2018<br \/>Cosmologia e Gravita\u00e7\u00e3o: Sergio Joras (UFRJ) at\u00e9 07\/2018<\/p><p><strong>Membros da Comiss\u00e3o CPC-VI:<\/strong><br \/>Presidente: Jo\u00e3o Ramos Torres de Mello Neto (UFRJ)<br \/>Fenomenologia: Rog\u00e9rio Rosenfeld (IFT\/UNESP)<br \/>Altas Energias: Carla Gobel (PUC\/Rio)<br \/>Gravita\u00e7\u00e3o e Cosmologia: Saulo Carneiro de Souza Silva (UFBA)<br \/>Teoria de Campos: Dionisio Bazeia Filho (UFPB)<\/p><p><strong>Membros da Comiss\u00e3o CPC-V:<br \/><\/strong>Coordenador: Ioav Waga (UFRJ)<br \/>Teoria de Campos e F\u00edsica Matem\u00e1tica: Dionisio Bazeia (UFPB)<br \/>F\u00edsica Experimental de Altas Energias: Joao R. Torres de Mello Neto (UFRJ)<br \/>Fenomenologia de Part\u00edculas Elementares: Orlando Luis Goulart Peres (UNICAMP)Cosmologia e Gravita\u00e7\u00e3o: Saulo Carneiro (UFBA)<\/p><p><strong>Membros da Comiss\u00e3o CPC-IV:<br \/><\/strong>Coordenador: Victor de Oliveira Rivelles (USP)<br \/>Vice-coordenador: Ioav Waga (UFRJ)<br \/>Teoria de Campos e F\u00edsica Matem\u00e1tica: Nathan Berkovits (IFT) e Carlos Alberto S. S. Almeida (UFC)<br \/>F\u00edsica Experimental de Part\u00edculas: Jun Takahashi (UNICAMP) e Ignacio Bediaga (CBPF)<br \/>Fenomenologia de Part\u00edculas Elementares: Carlos Pires (UFPB) e Orlando Luis Goulart Peres (UNICAMP)<br \/>Cosmologia e Gravita\u00e7\u00e3o: Luis Carlos Bassalo Crispino (UFPA) e Odylio Aguiar (INPE)<\/p><p><strong>Membros da Comiss\u00e3o CPC-III:<br \/><\/strong>Coordenador: Takeshi Kodama (IF\/UFRJ)<br \/>Vice-coordenador: Victor O. Rivelles (IF\/USP)<br \/>Teoria de Campos e F\u00edsica Matem\u00e1tica: Dion\u00edsio Bazeia (UFPb) e Maria Teresa Climaco dos Santos Thomaz (UFF)<br \/>F\u00edsica Experimental de Part\u00edculas: Jun Takahashi (UNICAMP) e Arthur Kos Antunes Maciel (CBPF)<br \/>Fenomenologia de Part\u00edculas Elementares: Rog\u00e9rio Rosenfeld (IFT\/UNESP) e Maria Beatriz Gay Ducati (UFRGS)<br \/>Cosmologia e Gravita\u00e7\u00e3o: Jos\u00e9 Ademir Sales de Lima (IAG\/USP) e Maria Em\u00edlia Xavier Guimar\u00e3es (UFF)<\/p><p><strong>Membros da Comiss\u00e3o CPC-I:<br \/><\/strong>Coordenador: Alberto F. S. Santoro (UERJ)<br \/>Vice-coordenador: Oscar J. P. \u00c9boli (USP)<br \/>Gravita\u00e7\u00e3o e Cosmologia: M\u00e1rio Novello (CBPF)<br \/>Fenomenologia de Part\u00edculas: Gast\u00e3o Krein (UNESP)<br \/>Teoria de Campos e F\u00edsica Matem\u00e1tica: Victor O. Rivelles (USP)<br \/>F\u00edsica Experimental de Altas Energias: S\u00e9rgio F. Novaes (UNESP)<\/p><p>4\u00aa Confer\u00eancia Nacional de Ci\u00eancia, Tecnologia e Inova\u00e7\u00e3o<br \/><a href=\"\/v1\/sbf\/wp-content\/uploads\/2022\/05\/particulas-e-campos.pdf\" target=\"_blank\" rel=\"noopener\">Documento de \u00c1rea &#8211; F\u00edsica de Part\u00edculas e Campos<\/a>\u00a0(PDF)<\/p><p><a style=\"background-color: #faf9f6;\" href=\"https:\/\/www.sbfisica.org.br\/v1\/sbf\/wp-content\/uploads\/2025\/06\/RELATORIO-2024_Atualizado.pdf\" target=\"_blank\" rel=\"noopener\">Relat\u00f3rio 2024<\/a>\u00a0(PDF)<br \/><a href=\"\/v1\/sbf\/wp-content\/uploads\/2024\/01\/PTC-2023.pdf\" target=\"_blank\" rel=\"noopener\">Relat\u00f3rio 2023<\/a>\u00a0(PDF)<br \/><a href=\"\/v1\/sbf\/wp-content\/uploads\/2024\/01\/PTC-2022.pdf\" target=\"_blank\" rel=\"noopener\">Relat\u00f3rio 2022<\/a>\u00a0(PDF)<br \/><a href=\"\/v1\/sbf\/wp-content\/uploads\/2022\/05\/PTC-2019.pdf\" target=\"_blank\" rel=\"noopener\">Relat\u00f3rio 2019<\/a> (PDF)<br \/><a href=\"\/v1\/sbf\/wp-content\/uploads\/2022\/05\/PTC-BrasileESO.pdf\" target=\"_blank\" rel=\"noopener\">Relat\u00f3rio sobre a entrada do Brasil no ESO<\/a> (PDF)<br \/><a href=\"\/v1\/sbf\/wp-content\/uploads\/2022\/05\/PTC-BrasileCERN.pdf\" target=\"_blank\" rel=\"noopener\">Relat\u00f3rio sobre o Acordo Brasil-CERN<\/a> (PDF)<br \/><a href=\"\/v1\/sbf\/wp-content\/uploads\/2022\/05\/PTC-2019.pdf\" target=\"_blank\" rel=\"noopener\">Relat\u00f3rio 2019<\/a> (PDF)<br \/><a href=\"\/v1\/sbf\/wp-content\/uploads\/2022\/05\/PTC-BrasileESO.pdf\" target=\"_blank\" rel=\"noopener\">Relat\u00f3rio sobre a entrada do Brasil no ESO<\/a> (PDF)<br \/><a href=\"\/v1\/sbf\/wp-content\/uploads\/2022\/05\/PTC-BrasileCERN.pdf\" target=\"_blank\" rel=\"noopener\">Relat\u00f3rio sobre o Acordo Brasil-CERN<\/a> (PDF)<\/p>\t\t\t\t\t\t\t\t<\/div>\n\t\t\t\t<\/div>\n\t\t\t\t\t<\/div>\n\t\t<\/div>\n\t\t\t\t\t<\/div>\n\t\t<\/section>\n\t\t\t\t<\/div>\n\t\t","protected":false},"excerpt":{"rendered":"<p>PTC: F\u00edsica de Part\u00edculas e Campos Composi\u00e7\u00e3o: Farinaldo da Silva QueirozRaissa Fernandes Pessoa MendesRog\u00e9rio RosenfeldAzadeh MohammadiHelena Brand\u00e3o Malbouisson Objetivo: A Comiss\u00e3o de Part\u00edculas e Campos tem por objetivo agregar os pesquisadores atuando nas \u00e1reas de F\u00edsica de Part\u00edculas, Teoria Qu\u00e2ntica de Campos, Cosmologia e\u00a0 Gravita\u00e7\u00e3o e represent\u00e1-los junto \u00e0 comunidade cient\u00edfica, em especial junto \u00e0 [&hellip;]<\/p>\n","protected":false},"author":4,"featured_media":16567,"parent":8578,"menu_order":12,"comment_status":"open","ping_status":"closed","template":"elementor_header_footer","meta":{"footnotes":""},"class_list":["post-4056","page","type-page","status-publish","has-post-thumbnail","hentry"],"aioseo_notices":[],"_links":{"self":[{"href":"https:\/\/www.sbfisica.org.br\/v1\/sbf\/wp-json\/wp\/v2\/pages\/4056","targetHints":{"allow":["GET"]}}],"collection":[{"href":"https:\/\/www.sbfisica.org.br\/v1\/sbf\/wp-json\/wp\/v2\/pages"}],"about":[{"href":"https:\/\/www.sbfisica.org.br\/v1\/sbf\/wp-json\/wp\/v2\/types\/page"}],"author":[{"embeddable":true,"href":"https:\/\/www.sbfisica.org.br\/v1\/sbf\/wp-json\/wp\/v2\/users\/4"}],"replies":[{"embeddable":true,"href":"https:\/\/www.sbfisica.org.br\/v1\/sbf\/wp-json\/wp\/v2\/comments?post=4056"}],"version-history":[{"count":40,"href":"https:\/\/www.sbfisica.org.br\/v1\/sbf\/wp-json\/wp\/v2\/pages\/4056\/revisions"}],"predecessor-version":[{"id":27720,"href":"https:\/\/www.sbfisica.org.br\/v1\/sbf\/wp-json\/wp\/v2\/pages\/4056\/revisions\/27720"}],"up":[{"embeddable":true,"href":"https:\/\/www.sbfisica.org.br\/v1\/sbf\/wp-json\/wp\/v2\/pages\/8578"}],"wp:featuredmedia":[{"embeddable":true,"href":"https:\/\/www.sbfisica.org.br\/v1\/sbf\/wp-json\/wp\/v2\/media\/16567"}],"wp:attachment":[{"href":"https:\/\/www.sbfisica.org.br\/v1\/sbf\/wp-json\/wp\/v2\/media?parent=4056"}],"curies":[{"name":"wp","href":"https:\/\/api.w.org\/{rel}","templated":true}]}}