{"id":3755,"date":"2017-11-21T15:21:50","date_gmt":"2017-11-21T17:21:50","guid":{"rendered":"https:\/\/sbfisica.org.br\/v1\/sbf\/2017\/11\/21\/assistencia-pessoal\/"},"modified":"2022-06-13T22:10:28","modified_gmt":"2022-06-14T01:10:28","slug":"assistencia-pessoal","status":"publish","type":"page","link":"https:\/\/www.sbfisica.org.br\/v1\/sbf\/socios\/beneficios\/assistencia-pessoal\/","title":{"rendered":"Assist\u00eancia Pessoal"},"content":{"rendered":"<style>.elementor-3755 .elementor-element.elementor-element-dabddc8:not(.elementor-motion-effects-element-type-background), .elementor-3755 .elementor-element.elementor-element-dabddc8 > .elementor-motion-effects-container > .elementor-motion-effects-layer{background-color:#FAF9F6;background-image:url(\"https:\/\/www.sbfisica.org.br\/v1\/sbf\/wp-content\/uploads\/2022\/05\/3d-illustration-atom-connection-concept-abstrack-background-science-1.jpg\");background-position:center center;background-repeat:no-repeat;background-size:cover;}.elementor-3755 .elementor-element.elementor-element-dabddc8 > .elementor-background-overlay{background-color:var( --e-global-color-primary );opacity:0.72;transition:background 0.3s, border-radius 0.3s, opacity 0.3s;}.elementor-3755 .elementor-element.elementor-element-dabddc8{transition:background 0.3s, border 0.3s, border-radius 0.3s, box-shadow 0.3s;padding:120px 0px 120px 0px;}.elementor-widget-heading .elementor-heading-title{font-family:var( --e-global-typography-primary-font-family ), raleway;font-weight:var( --e-global-typography-primary-font-weight );color:var( --e-global-color-primary );}.elementor-3755 .elementor-element.elementor-element-3d953e5{text-align:center;}.elementor-3755 .elementor-element.elementor-element-3d953e5 .elementor-heading-title{font-family:\"Kanit\", raleway;font-size:50px;font-weight:600;color:var( --e-global-color-e604687 );}.elementor-3755 .elementor-element.elementor-element-678bff2{text-align:center;}.elementor-3755 .elementor-element.elementor-element-678bff2 .elementor-heading-title{font-family:var( --e-global-typography-secondary-font-family ), raleway;font-weight:var( --e-global-typography-secondary-font-weight );text-shadow:0px 0px 10px rgba(0, 0, 0, 0.46);color:var( --e-global-color-e604687 );}.elementor-widget-text-editor{font-family:var( --e-global-typography-text-font-family ), raleway;font-weight:var( --e-global-typography-text-font-weight );color:var( --e-global-color-text );}.elementor-widget-text-editor.elementor-drop-cap-view-stacked .elementor-drop-cap{background-color:var( --e-global-color-primary );}.elementor-widget-text-editor.elementor-drop-cap-view-framed .elementor-drop-cap, .elementor-widget-text-editor.elementor-drop-cap-view-default .elementor-drop-cap{color:var( --e-global-color-primary );border-color:var( --e-global-color-primary );}@media(min-width:1025px){.elementor-3755 .elementor-element.elementor-element-dabddc8:not(.elementor-motion-effects-element-type-background), .elementor-3755 .elementor-element.elementor-element-dabddc8 > .elementor-motion-effects-container > .elementor-motion-effects-layer{background-attachment:scroll;}}<\/style>\t\t<div data-elementor-type=\"wp-page\" data-elementor-id=\"3755\" class=\"elementor elementor-3755\" data-elementor-settings=\"{&quot;ha_cmc_init_switcher&quot;:&quot;no&quot;}\" data-elementor-post-type=\"page\">\n\t\t\t\t\t\t<section class=\"elementor-section elementor-top-section elementor-element elementor-element-dabddc8 elementor-section-full_width elementor-section-height-default elementor-section-height-default\" data-id=\"dabddc8\" data-element_type=\"section\" data-settings=\"{&quot;background_background&quot;:&quot;classic&quot;,&quot;_ha_eqh_enable&quot;:false}\">\n\t\t\t\t\t\t\t<div class=\"elementor-background-overlay\"><\/div>\n\t\t\t\t\t\t\t<div class=\"elementor-container elementor-column-gap-default\">\n\t\t\t\t\t<div class=\"elementor-column elementor-col-100 elementor-top-column elementor-element elementor-element-cfff726\" data-id=\"cfff726\" data-element_type=\"column\">\n\t\t\t<div class=\"elementor-widget-wrap elementor-element-populated\">\n\t\t\t\t\t\t<div class=\"elementor-element elementor-element-3d953e5 elementor-widget elementor-widget-heading\" data-id=\"3d953e5\" data-element_type=\"widget\" data-widget_type=\"heading.default\">\n\t\t\t\t<div class=\"elementor-widget-container\">\n\t\t\t\t\t<h1 class=\"elementor-heading-title elementor-size-default\">ASSIT\u00caNCIA PESSOAL<\/h1>\t\t\t\t<\/div>\n\t\t\t\t<\/div>\n\t\t\t\t\t<\/div>\n\t\t<\/div>\n\t\t\t\t\t<\/div>\n\t\t<\/section>\n\t\t\t\t<section class=\"elementor-section elementor-top-section elementor-element elementor-element-1a503097 elementor-section-boxed elementor-section-height-default elementor-section-height-default\" data-id=\"1a503097\" data-element_type=\"section\" data-settings=\"{&quot;_ha_eqh_enable&quot;:false}\">\n\t\t\t\t\t\t<div class=\"elementor-container elementor-column-gap-default\">\n\t\t\t\t\t<div class=\"elementor-column elementor-col-100 elementor-top-column elementor-element elementor-element-4fc83d4f\" data-id=\"4fc83d4f\" data-element_type=\"column\">\n\t\t\t<div class=\"elementor-widget-wrap elementor-element-populated\">\n\t\t\t\t\t\t<div class=\"elementor-element elementor-element-1db9c171 elementor-widget elementor-widget-text-editor\" data-id=\"1db9c171\" data-element_type=\"widget\" data-widget_type=\"text-editor.default\">\n\t\t\t\t<div class=\"elementor-widget-container\">\n\t\t\t\t\t\t\t\t\t<p>ASSIST\u00caNCIA PESSOAL SA\u00daDE BRADESCO ORIENTA\u00c7\u00d5ES AO SEGURADO<\/p>\r\n<p>Este texto orienta quanto \u00e0 utiliza\u00e7\u00e3o da Assist\u00eancia Pessoal Sa\u00fade Bradesco e de como agir em situa\u00e7\u00f5es de emerg\u00eancia.<\/p>\r\n<p>Para conhecer os tipos de atendimento que s\u00e3o colocados \u00e0 sua disposi\u00e7\u00e3o e as circunst\u00e2ncias em que ele ser\u00e1 prestado, \u00e9 fundamental a leitura cuidadosa das condi\u00e7\u00f5es que acompanham a sua ap\u00f3lice, pois s\u00e3o elas que definem, para todos os fins e efeitos, os direitos e as obriga\u00e7\u00f5es das partes.<\/p>\r\n<p><br \/>1. ALGUMAS INFORMA\u00c7\u00d5ES IMPORTANTES&nbsp;<br \/>A Assist\u00eancia Pessoal \u00e9 prestada em caso de acidente, acontecimentos imprevistos ou doen\u00e7a com manifesta\u00e7\u00e3o s\u00fabita e aguda, ao Segurado titular dos Seguros Sa\u00fade Bradesco e seus dependentes inclu\u00eddos na ap\u00f3lice.<\/p>\r\n<p>Voc\u00ea pode acionar as Centrais de Alarme da Assist\u00eancia Pessoal a qualquer hora do dia e da noite, inclusive s\u00e1bados, domingos e feriados, para resolver as situa\u00e7\u00f5es de emerg\u00eancia, bastando um simples telefonema (veja os telefones ao final deste material).<\/p>\r\n<p><br \/>Tenha sempre em m\u00e3os o cart\u00e3o Assist\u00eancia Pessoal. Nele est\u00e3o impressos os telefones das Centrais de Alarme e o n\u00famero de sua ap\u00f3lice, dados que voc\u00ea precisa fornecer para ser atendido.&nbsp;<br \/>Qualquer pessoa que o represente poder\u00e1 acionar a Central de Alarme caso voc\u00ea esteja impossibilitado de se comunicar.&nbsp;<br \/>No caso de situa\u00e7\u00e3o que envolva risco de vida, o Segurado dever\u00e1, primeiramente, tomar as provid\u00eancias que o caso requerer e, assim que poss\u00edvel, contactar a Central de Alarme.&nbsp;<br \/>As liga\u00e7\u00f5es de qualquer parte do mundo s\u00e3o gratuitas, atrav\u00e9s do sistema de chamada a cobrar.<\/p>\r\n<p>Se a liga\u00e7\u00e3o a cobrar n\u00e3o for poss\u00edvel, as despesas de comunica\u00e7\u00e3o com a Central de Alarme ser\u00e3o reembolsadas contra apresenta\u00e7\u00e3o dos comprovantes originais dos gastos telef\u00f4nicos.<\/p>\r\n<p><br \/>A Assist\u00eancia Pessoal poder\u00e1 ser acionada, a crit\u00e9rio exclusivo do Segurado, mesmo que o evento esteja tamb\u00e9m abrangido pela cobertura do Seguro de Reembolso de Despesas de Assist\u00eancia M\u00e9dica e\/ou Hospitalar do qual voc\u00ea faz parte. Em caso de op\u00e7\u00e3o pela Assist\u00eancia, o referido seguro complementar\u00e1, se for o caso e at\u00e9 os limites previstos na ap\u00f3lice, os valores relativos \u00e0s despesas cobertas.<\/p>\r\n<p><br \/>2. CONDI\u00c7OES PARA ATENDIMENTO<br \/>A Assist\u00eancia Pessoal ser\u00e1 prestada:<\/p>\r\n<p><br \/>desde que o pagamento do seu Seguro Sa\u00fade esteja em dia;<\/p>\r\n<p>desde que voc\u00ea se encontre em viagem ao Exterior ou em viagem ao Brasil, a uma dist\u00e2ncia m\u00ednima de 100 (cem) quil\u00f4metros de seu munic\u00edpio de resid\u00eancia permanente;<\/p>\r\n<p>desde que o caso n\u00e3o se enquadre em alguma das restri\u00e7\u00f5es ou limita\u00e7\u00f5es previstas nos itens desta cobertura; e<\/p>\r\n<p>de acordo com a infra&shy;estrutura do local, com os costumes e regulamentos do pa\u00eds, localiza\u00e7\u00e3o e hor\u00e1rio, natureza e urg\u00eancia do atendimento necess\u00e1rio e requerido.<\/p>\r\n<p>3.COBERTURAS<br \/>A Assist\u00eancia Pessoal Sa\u00fade Bradesco oferece:<\/p>\r\n<p><br \/>No Brasil e no Exterior<\/p>\r\n<p><br \/>Remo\u00e7\u00e3o M\u00e9dica;&nbsp;<br \/>Regresso Domiciliar por Raz\u00e3o M\u00e9dica;&nbsp;<br \/>Localiza\u00e7\u00e3o e Encaminhamento de Bagagem Extraviada;&nbsp;<br \/>Ajuda Financeira por Extravio de Bagagem;&nbsp;<br \/>Passagem A\u00e9rea para Visita de Parente do Segurado;&nbsp;<br \/>Hospedagem de Parente do Segurado;&nbsp;<br \/>Garantia de Viagem de Regresso; e&nbsp;<br \/>Traslado de corpo<\/p>\r\n<p>Exclusivamente no Exterior<br \/>Al\u00e9m das coberturas citadas anteriormente, a Assist\u00eancia Pessoal Sa\u00fade Bradesco oferece:<\/p>\r\n<p><br \/>Assist\u00eancia M\u00e9dica&nbsp;<br \/>Adiantamento de Fian\u00e7a;&nbsp;<br \/>Indica\u00e7\u00e3o de Assist\u00eancia jur\u00eddica;&nbsp;<br \/>Regresso Antecipado por Morte de Parente de 1\u00ba Grau;&nbsp;<br \/>Embarque de Menores de 14 Anos;&nbsp;<br \/>Adiantamento Financeiro em Caso de Roubo ou Furto de Dinheiro;&nbsp;<br \/>Repatriamento de Familiar;&nbsp;<br \/>Orienta\u00e7\u00e3o em Caso de Perda de Documentos; e Prolongamento de Estada em Hotel.&nbsp;<br \/>O conte\u00fado e os limites destas garantias est\u00e3o descritos nos itens com iguais t\u00edtulos, constantes das condi\u00e7\u00f5es da Assist\u00eancia Pessoal, que acompanham sua ap\u00f3lice de Seguro Sa\u00fade.<\/p>\r\n<p><br \/>4. TELEFONES PARA SOLICITA\u00c7\u00c3O DE ASSIST\u00caNCIA&nbsp;<br \/>Centrais de Alarme (quando em viagem no Exterior):<\/p>\r\n<p><br \/>Chicago: (1&shy;312) 454&shy;1041&nbsp;<br \/>Lisboa: (351.1) 352&shy;8161&nbsp;<br \/>Paris: (33.1) 41&shy;141212&nbsp;<br \/>Cingapura: (65) 737&shy;5333&nbsp;<br \/>S\u00e3o Paulo: (55.11) 210&shy;8868<\/p>\r\n<p>Solicita\u00e7\u00e3o de Assist\u00eancia Nacional (chamada de qualquer parte do Brasil): acionar exclusivamente a Central de S\u00e3o Paulo: (9011) 210&shy;8868<\/p>\r\n<p><br \/>5. PROCEDIMENTO PARA ACIONAR A ASSIST\u00caNCIA PESSOAL<br \/>Em caso de emerg\u00eancia, e antes de tomar qualquer medida, telefonar a cobrar para a Central de Alarme de sua conveni\u00eancia, informando:<\/p>\r\n<p><br \/>a) seu nome e n\u00famero do cart\u00e3o;&nbsp;<br \/>b) local e n\u00famero do telefone onde poder\u00e1 ser encontrado para receber o atendimento; e&nbsp;<br \/>c) tipo de emerg\u00eancia e de ajuda de que necessita.<\/p>\r\n<p><br \/>ASSIST\u00caNCIA PESSOAL SA\u00daDE BRADESCO<\/p>\r\n<p>Nem voc\u00ea pensou em fazer tanto por voc\u00ea.<\/p>\t\t\t\t\t\t\t\t<\/div>\n\t\t\t\t<\/div>\n\t\t\t\t\t<\/div>\n\t\t<\/div>\n\t\t\t\t\t<\/div>\n\t\t<\/section>\n\t\t\t\t<\/div>\n\t\t","protected":false},"excerpt":{"rendered":"<p>ASSIT\u00caNCIA PESSOAL ASSIST\u00caNCIA PESSOAL SA\u00daDE BRADESCO ORIENTA\u00c7\u00d5ES AO SEGURADO Este texto orienta quanto \u00e0 utiliza\u00e7\u00e3o da Assist\u00eancia Pessoal Sa\u00fade Bradesco e de como agir em situa\u00e7\u00f5es de emerg\u00eancia. Para conhecer os tipos de atendimento que s\u00e3o colocados \u00e0 sua disposi\u00e7\u00e3o e as circunst\u00e2ncias em que ele ser\u00e1 prestado, \u00e9 fundamental a leitura cuidadosa das condi\u00e7\u00f5es [&hellip;]<\/p>\n","protected":false},"author":8,"featured_media":16567,"parent":8315,"menu_order":2,"comment_status":"open","ping_status":"closed","template":"elementor_header_footer","meta":{"footnotes":""},"class_list":["post-3755","page","type-page","status-publish","has-post-thumbnail","hentry"],"aioseo_notices":[],"_links":{"self":[{"href":"https:\/\/www.sbfisica.org.br\/v1\/sbf\/wp-json\/wp\/v2\/pages\/3755","targetHints":{"allow":["GET"]}}],"collection":[{"href":"https:\/\/www.sbfisica.org.br\/v1\/sbf\/wp-json\/wp\/v2\/pages"}],"about":[{"href":"https:\/\/www.sbfisica.org.br\/v1\/sbf\/wp-json\/wp\/v2\/types\/page"}],"author":[{"embeddable":true,"href":"https:\/\/www.sbfisica.org.br\/v1\/sbf\/wp-json\/wp\/v2\/users\/8"}],"replies":[{"embeddable":true,"href":"https:\/\/www.sbfisica.org.br\/v1\/sbf\/wp-json\/wp\/v2\/comments?post=3755"}],"version-history":[{"count":7,"href":"https:\/\/www.sbfisica.org.br\/v1\/sbf\/wp-json\/wp\/v2\/pages\/3755\/revisions"}],"predecessor-version":[{"id":15469,"href":"https:\/\/www.sbfisica.org.br\/v1\/sbf\/wp-json\/wp\/v2\/pages\/3755\/revisions\/15469"}],"up":[{"embeddable":true,"href":"https:\/\/www.sbfisica.org.br\/v1\/sbf\/wp-json\/wp\/v2\/pages\/8315"}],"wp:featuredmedia":[{"embeddable":true,"href":"https:\/\/www.sbfisica.org.br\/v1\/sbf\/wp-json\/wp\/v2\/media\/16567"}],"wp:attachment":[{"href":"https:\/\/www.sbfisica.org.br\/v1\/sbf\/wp-json\/wp\/v2\/media?parent=3755"}],"curies":[{"name":"wp","href":"https:\/\/api.w.org\/{rel}","templated":true}]}}