{"id":3753,"date":"2017-11-21T15:14:22","date_gmt":"2017-11-21T17:14:22","guid":{"rendered":"https:\/\/sbfisica.org.br\/v1\/sbf\/2017\/11\/21\/antigo-plano\/"},"modified":"2022-08-29T02:23:20","modified_gmt":"2022-08-29T05:23:20","slug":"antigo-plano","status":"publish","type":"page","link":"https:\/\/www.sbfisica.org.br\/v1\/sbf\/socios\/beneficios\/plano-saude-dental\/antigo-plano\/","title":{"rendered":"Plano Antigo"},"content":{"rendered":"<style>.elementor-3753 .elementor-element.elementor-element-b99dcce:not(.elementor-motion-effects-element-type-background), .elementor-3753 .elementor-element.elementor-element-b99dcce > .elementor-motion-effects-container > .elementor-motion-effects-layer{background-color:#FAF9F6;background-image:url(\"https:\/\/www.sbfisica.org.br\/v1\/sbf\/wp-content\/uploads\/2022\/05\/3d-illustration-atom-connection-concept-abstrack-background-science-1.jpg\");background-position:center center;background-repeat:no-repeat;background-size:cover;}.elementor-3753 .elementor-element.elementor-element-b99dcce > .elementor-background-overlay{background-color:var( --e-global-color-primary );opacity:0.72;transition:background 0.3s, border-radius 0.3s, opacity 0.3s;}.elementor-3753 .elementor-element.elementor-element-b99dcce{transition:background 0.3s, border 0.3s, border-radius 0.3s, box-shadow 0.3s;padding:120px 0px 120px 0px;}.elementor-widget-heading .elementor-heading-title{font-family:var( --e-global-typography-primary-font-family ), raleway;font-weight:var( --e-global-typography-primary-font-weight );color:var( --e-global-color-primary );}.elementor-3753 .elementor-element.elementor-element-da053ee{text-align:center;}.elementor-3753 .elementor-element.elementor-element-da053ee .elementor-heading-title{font-family:\"Kanit\", raleway;font-size:50px;font-weight:600;color:var( --e-global-color-e604687 );}.elementor-3753 .elementor-element.elementor-element-e8311c4{text-align:center;}.elementor-3753 .elementor-element.elementor-element-e8311c4 .elementor-heading-title{font-family:var( --e-global-typography-secondary-font-family ), raleway;font-weight:var( --e-global-typography-secondary-font-weight );text-shadow:0px 0px 10px rgba(0, 0, 0, 0.46);color:var( --e-global-color-e604687 );}.elementor-widget-text-editor{font-family:var( --e-global-typography-text-font-family ), raleway;font-weight:var( --e-global-typography-text-font-weight );color:var( --e-global-color-text );}.elementor-widget-text-editor.elementor-drop-cap-view-stacked .elementor-drop-cap{background-color:var( --e-global-color-primary );}.elementor-widget-text-editor.elementor-drop-cap-view-framed .elementor-drop-cap, .elementor-widget-text-editor.elementor-drop-cap-view-default .elementor-drop-cap{color:var( --e-global-color-primary );border-color:var( --e-global-color-primary );}@media(min-width:1025px){.elementor-3753 .elementor-element.elementor-element-b99dcce:not(.elementor-motion-effects-element-type-background), .elementor-3753 .elementor-element.elementor-element-b99dcce > .elementor-motion-effects-container > .elementor-motion-effects-layer{background-attachment:scroll;}}<\/style>\t\t<div data-elementor-type=\"wp-page\" data-elementor-id=\"3753\" class=\"elementor elementor-3753\" data-elementor-settings=\"{&quot;ha_cmc_init_switcher&quot;:&quot;no&quot;}\" data-elementor-post-type=\"page\">\n\t\t\t\t\t\t<section class=\"elementor-section elementor-top-section elementor-element elementor-element-b99dcce elementor-section-full_width elementor-section-height-default elementor-section-height-default\" data-id=\"b99dcce\" data-element_type=\"section\" data-settings=\"{&quot;background_background&quot;:&quot;classic&quot;,&quot;_ha_eqh_enable&quot;:false}\">\n\t\t\t\t\t\t\t<div class=\"elementor-background-overlay\"><\/div>\n\t\t\t\t\t\t\t<div class=\"elementor-container elementor-column-gap-default\">\n\t\t\t\t\t<div class=\"elementor-column elementor-col-100 elementor-top-column elementor-element elementor-element-1349fe0\" data-id=\"1349fe0\" data-element_type=\"column\">\n\t\t\t<div class=\"elementor-widget-wrap elementor-element-populated\">\n\t\t\t\t\t\t<div class=\"elementor-element elementor-element-da053ee elementor-widget elementor-widget-heading\" data-id=\"da053ee\" data-element_type=\"widget\" data-widget_type=\"heading.default\">\n\t\t\t\t<div class=\"elementor-widget-container\">\n\t\t\t\t\t<h1 class=\"elementor-heading-title elementor-size-default\">ANTIGO PLANO<\/h1>\t\t\t\t<\/div>\n\t\t\t\t<\/div>\n\t\t\t\t\t<\/div>\n\t\t<\/div>\n\t\t\t\t\t<\/div>\n\t\t<\/section>\n\t\t\t\t<section class=\"elementor-section elementor-top-section elementor-element elementor-element-2b5ed6fc elementor-section-boxed elementor-section-height-default elementor-section-height-default\" data-id=\"2b5ed6fc\" data-element_type=\"section\" data-settings=\"{&quot;_ha_eqh_enable&quot;:false}\">\n\t\t\t\t\t\t<div class=\"elementor-container elementor-column-gap-default\">\n\t\t\t\t\t<div class=\"elementor-column elementor-col-100 elementor-top-column elementor-element elementor-element-4932aea0\" data-id=\"4932aea0\" data-element_type=\"column\">\n\t\t\t<div class=\"elementor-widget-wrap elementor-element-populated\">\n\t\t\t\t\t\t<div class=\"elementor-element elementor-element-268451e2 elementor-widget elementor-widget-text-editor\" data-id=\"268451e2\" data-element_type=\"widget\" data-widget_type=\"text-editor.default\">\n\t\t\t\t<div class=\"elementor-widget-container\">\n\t\t\t\t\t\t\t\t\t<p><strong>A partir de 01\/10\/2012 N\u00e3o mais Comercializado.\u00a0<\/strong><\/p><p>Contrato Sa\u00fade Bradesco\/SBF (<a href=\"\/v1\/sbf\/wp-content\/uploads\/2022\/05\/apolice_seguro_saude.pdf\" target=\"_blank\" rel=\"noopener\">PDF<\/a>)\u00a0 Ap\u00f3lice 7799 (Antigo Plano)<\/p><p>BRADESCO SA\u00daDE EMPRESARIAL &#8211; SBF<\/p><p>1 &#8211; O que \u00e9 o BRADESCO Sa\u00fade Empresarial-SBF?<br \/>Trata-se de um Seguro Sa\u00fade com todas as coberturas previstas pela ANS \u2013 Agencia Nacional de Sa\u00fade Suplementar, uma autarquia, vinculada ao Minist\u00e9rio da Sa\u00fade e adaptado \u00e0 Lei 9656\/98.<\/p><p>2 &#8211; Quais as diferen\u00e7as b\u00e1sicas entre Seguro Sa\u00fade e outros planos de Assist\u00eancia M\u00e9dica:<br \/>Planos de assist\u00eancia medica geralmente atende apenas nos hospitais e clinicas pr\u00f3prias, principalmente nos casos de interna\u00e7\u00e3o, n\u00e3o possibilitando a livre escolha.<\/p><p>No Seguro Sa\u00fade Bradesco\/SBF n\u00e3o existe rede pr\u00f3pria e s\u00e3o ofertadas uma ampla rede de prestadores nacional e ainda a possibilidade do segurado optar pela livre escolha de m\u00e9dicos e outros procedimentos. Nestes casos ser\u00e3o reembolsados conforme \u201ctabela de m\u00faltiplo de reembolso\u201d conforme o plano escolhido.<\/p><p>3 &#8211; Como \u00e9 o BRADESCO Sa\u00fade Empresarial-SBF?<br \/>\u00c9 um seguro sa\u00fade feito para atender as necessidades dos associados da SBF e Co-irm\u00e3s com caracter\u00edsticas, pre\u00e7os e condi\u00e7\u00f5es diferenciadas do mercado. Buscando o melhor para os associados e seus dependentes.<\/p><p>4 &#8211; Coberturas do BRADESCO Sa\u00fade Empresarial-SBF:<\/p><p>* CONSULTAS M\u00c9DICAS &#8211; sem limites, ou seja, quantas forem precisas;<br \/>* EXAMES COMPLEMENTARES &#8211; decorrentes da consulta m\u00e9dica para diagn\u00f3stico e controle de doen\u00e7as, sem limites;<br \/>* INTERNA\u00c7\u00c3O &#8211; tanto em quarto particular como em UTI, 365 dias por ano;<br \/>* URG\u00caNCIAS CL\u00cdNICAS;<br \/>* PEQUENOS ATENDIMENTOS;<br \/>* REMO\u00c7\u00c3O DE PACIENTE EM AMBUL\u00c2NCIA \u2013 sem limite de quilometragem entre hospitais;<br \/>* RADIOTERAPIA, QUIMIOTERAPIA E IMUNOTERAPIA &#8211; para neoplasmas;<br \/>* FISIOTERAPIA &#8211; decorrente de acidentes e\/ou doen\u00e7as: indicadas pelo m\u00e9dico assistente at\u00e9 90 (noventa) dias ap\u00f3s o acidente ou doen\u00e7a, sem limite de sess\u00f5es;<br \/>* HEMODI\u00c1LISE E DI\u00c1LISE PERITONIAL \u2013 em todos os casos, sem limite de sess\u00f5es;<br \/>* DESPESAS COM MARCA-PASSO;<br \/>* LENTE INTRA-OCULAR;<br \/>* CIRURGIA REFRATIVA OFTALMOL\u00d3GICA \u2013 independentemente do grau;<br \/>* TRATAMENTO CIR\u00daRGICO DE ESTERILIDADE;<br \/>* CONCESS\u00c3O DE PERMAN\u00caNCIA DOS DEPENDENTES EM CASO DE MORTE DO TITULAR;<br \/>* DESPESAS COM O DOADOR EM CASOS DE TRANSPLANTES;<br \/>* DESPESAS COM ACIDENTES DE TRABALHO;<br \/>* ASSIST\u00caNCIA PESSOAL &#8211; cobertura no Brasil e exterior<br \/>* REMISS\u00c3O POR MORTE DO TITULAR (car\u00eancia de 6 meses)<br \/>* AIDS (atualmente com car\u00eancia de 30 meses)<br \/>* GRAVIDEZ E PARTO (atualmente com car\u00eancia de 10 meses)<br \/>* PR\u00c9 EXIST\u00caNCIA (24 meses)\u00a0<\/p><p>* Novas Coberturas que passaram a vigorar desde 02.04.2008<br \/>* Consulta\/Sess\u00e3o de Nutri\u00e7\u00e3o \u2013 limitada a 6 sess\u00f5es\/ano<br \/>* Consulta\/Sess\u00e3o de Terapia Ocupacional \u2013 limitada a 6 sess\u00f5es\/ano<br \/>* Sess\u00e3o de Psicoterapia \u2013 limitada a 12 sess\u00f5es\/ano<br \/>* Consulta\/Sess\u00e3o de Fonoaudiologia \u2013 limitada a 6 sess\u00f5es\/ano<\/p><p>Procedimentos para Anticoncep\u00e7\u00e3o<\/p><p>* Inser\u00e7\u00e3o de Diu (inclusive o dispositivo)<br \/>* Vasectomia<br \/>* Ligadura Tub\u00e1ria<\/p><p>Procedimentos cir\u00fargicos e invasivos<\/p><p>* Dermolipectomia (Cirurgia Pl\u00e1tica) Para corre\u00e7\u00e3o de abdome ap\u00f3s tratamento de obesidade m\u00f3rbida<br \/>* Coloca\u00e7\u00e3o de Banda G\u00e1strica para obesidade m\u00f3rbida com \u00edndice de massa corporal (IMC) superior A 35<br \/>* Transplante Aut\u00f3logo de Medula \u00d3ssea, incluindo a conserva\u00e7\u00e3o do material at\u00e9 2 Anos.<br \/>* Tratamento Cir\u00fargico da Epilepsia<br \/>* Tratamento Pr\u00e9-Natal das hidrocefalias e cistos cerebrais<br \/>* Emboliza\u00e7\u00e3o de Art\u00e9ria Uterina para tratamentos de Miomas<\/p><p>Exames laboratoriais (com diretrizes especificas de utiliza\u00e7\u00e3o)<\/p><p>* An\u00e1lise de DNA para diversas doen\u00e7as gen\u00e9ticas<br \/>* Teste Quantitativo de Hepatite B<br \/>* Genotipagem de Hepatite C<br \/>* Mamografia Digital<\/p><p>5 &#8211; De que forma o segurado ter\u00e1 acesso aos servi\u00e7os?<br \/>Nos m\u00e9dicos, hospitais e laborat\u00f3rios da rede referenciada, basta marcar a consulta e apresentar a carteira de identidade (RG) e o cart\u00e3o de BRADESCO SA\u00daDE &#8211; SBF.<\/p><p>Quando se utilizar de livre escolha, o servi\u00e7o dever\u00e1 ser pago pelo segurado, e de posse da nota fiscal com quita\u00e7\u00e3o e CGC\/CNPJ ou recibo assinado e carimbado com CRM e CPF do m\u00e9dico, com todos os procedimentos m\u00e9dicos adotados no evento, solicitar o reembolso junto \u00e0 Seguradora atrav\u00e9s de qualquer ag\u00eancia BRADESCO ou encaminhando para a Secretaria Geral da SBF.<\/p><p>6 &#8211; Qual a abrang\u00eancia do seguro em termos territoriais?<br \/>O segurado ter\u00e1 acesso a toda rede referenciada do BRADESCO SA\u00daDE EMPRESARIAL em n\u00edvel nacional, assim como ao seguro de ASSIST\u00caNCIA PESSOAL, e no exterior o atendimento emergencial ser\u00e1 dado pela cobertura ASSIST\u00caNCIA PESSOAL. O sistema da BRADESCO SA\u00daDE est\u00e1 interligado inteiramente em &#8220;on-line\/real time&#8221; permitindo um atendimento r\u00e1pido e preciso.<\/p><p>7 &#8211; Remiss\u00e3o por falecimento do Segurado Titular<br \/>Garante em caso de falecimento do Segurado Titular, a continuidade de cobertura dos seus dependentes pelo per\u00edodo de at\u00e9 um ano sem a necessidade de pagamento de pr\u00eamio.<br \/>Ao t\u00e9rmino deste per\u00edodo \u00e9 poss\u00edvel a perman\u00eancia dos dependentes no plano, desde que os custos fiquem de responsabilidade dos mesmos.<\/p><p><strong>8 &#8211; Custo por pessoa do BRADESCO Sa\u00fade Empresarial-SBF:<\/strong><\/p><p>TPPE \u2013 Top Preferencial Plus Enfermaria (Regional S\u00e3o Paulo\/Rio de Janeiro) R$ 729,63<br \/>C\u00f3dogp ANS: 465.232\/11-1<\/p><p>TPPQ \u2013 Top Preferencial Plus Quarto (Regional S\u00e3o Paulo\/Rio de Janeiro) R$ 1.351,25<br \/>C\u00f3dogp ANS: 465.234\/11-7<\/p><p>TNE \u2013 Top Nacional Enfermaria (Nacional) R$ 1.354,04<br \/>C\u00f3dogp ANS: 465.665\/11-2<\/p><p>TNQ \u2013 Top Nacional Quarto (Nacional) R$ 1.932,71<br \/>C\u00f3dogp ANS: 463.903\/11-1<\/p><p>9 &#8211; Ap\u00f3s o segurado completar 50 anos ele ser\u00e1 desligado do grupo?<\/p><p>N\u00e3o. Ele continuar\u00e1 a integrar o grupo, pagando o mesmo valor.<\/p><p>10 &#8211; Como ser\u00e1 realizada a cobran\u00e7a do seguro?<br \/>Atrav\u00e9s de d\u00e9bito em qualquer cart\u00e3o de cr\u00e9dito VISA e MASTERCARD.<\/p><p>11 &#8211; Como est\u00e1 atualmente o Seguro BRADESCO Sa\u00fade Empresarial-SBF?<br \/>Conta hoje com cerca de 2500 segurados, entre titulares e dependentes, por todo o territ\u00f3rio nacional.<\/p><p>12 &#8211; Como \u00e9 reajustado o Seguro Sa\u00fade Bradesco\/SBF.<br \/>Conforme as condi\u00e7\u00f5es gerais e em conformidade com a ANS \u2013 Agencia Nacional de Sa\u00fade Suplementar s\u00e3o duas possibilidades de reajuste:<\/p><p>* Reajuste Financeiro \u2013 VCMH (Varia\u00e7\u00e3o dos Custos M\u00e9dicos e Hospitalares), aplicado a cada 12 (doze) meses, normalmente em outubro.<\/p><p>Este \u00edndice \u00e9 aplicado por todas as operadoras de sa\u00fade e \u00e9 monitorado pela ANS.<\/p><p>* Reajuste por Sinistralidade \u2013 Este \u00edndice \u00e9 a rela\u00e7\u00e3o Sinistro (utiliza\u00e7\u00e3o) e Pr\u00eamio (pagamento para a seguradora). A analise \u00e9 realizada anualmente em outubro e \u00e9 aplicado por todas as cong\u00eaneres do mercado securit\u00e1rio.<\/p><p>Este reajuste possibilita manter o equil\u00edbrio t\u00e9cnico-atuarial da ap\u00f3lice.<\/p><p>O analise \u00e9 realizado anualmente podendo indicar reajuste ou desconto conforme a rela\u00e7\u00e3o sinistro x premio do per\u00edodo.<\/p><p><strong>D\u00favidas \/ Telefone para contato:<\/strong><br \/>Ransom \u2013 (0xx11) 2984-1515<br \/>Whatsapp : 11-98643,8410<br \/>sbf@ransom.com.br<br \/><a href=\"mailto:sbf1@ransom.com.br\">sbf1@ransom.com.br<\/a><\/p><p><strong>Sociedade Brasileira de F\u00edsica<\/strong><br \/>Caixa Postal 66328<br \/>05314-970 &#8211; S\u00e3o Paulo, SP<br \/>email: <a href=\"mailto:seguros@sbfisica.org.br\">seguros@sbfisica.org.br<\/a><\/p>\t\t\t\t\t\t\t\t<\/div>\n\t\t\t\t<\/div>\n\t\t\t\t\t<\/div>\n\t\t<\/div>\n\t\t\t\t\t<\/div>\n\t\t<\/section>\n\t\t\t\t<\/div>\n\t\t","protected":false},"excerpt":{"rendered":"<p>ANTIGO PLANO A partir de 01\/10\/2012 N\u00e3o mais Comercializado.\u00a0 Contrato Sa\u00fade Bradesco\/SBF (PDF)\u00a0 Ap\u00f3lice 7799 (Antigo Plano) BRADESCO SA\u00daDE EMPRESARIAL &#8211; SBF 1 &#8211; O que \u00e9 o BRADESCO Sa\u00fade Empresarial-SBF?Trata-se de um Seguro Sa\u00fade com todas as coberturas previstas pela ANS \u2013 Agencia Nacional de Sa\u00fade Suplementar, uma autarquia, vinculada ao Minist\u00e9rio da Sa\u00fade [&hellip;]<\/p>\n","protected":false},"author":3,"featured_media":16567,"parent":8328,"menu_order":4,"comment_status":"open","ping_status":"closed","template":"elementor_header_footer","meta":{"footnotes":""},"class_list":["post-3753","page","type-page","status-publish","has-post-thumbnail","hentry"],"aioseo_notices":[],"_links":{"self":[{"href":"https:\/\/www.sbfisica.org.br\/v1\/sbf\/wp-json\/wp\/v2\/pages\/3753","targetHints":{"allow":["GET"]}}],"collection":[{"href":"https:\/\/www.sbfisica.org.br\/v1\/sbf\/wp-json\/wp\/v2\/pages"}],"about":[{"href":"https:\/\/www.sbfisica.org.br\/v1\/sbf\/wp-json\/wp\/v2\/types\/page"}],"author":[{"embeddable":true,"href":"https:\/\/www.sbfisica.org.br\/v1\/sbf\/wp-json\/wp\/v2\/users\/3"}],"replies":[{"embeddable":true,"href":"https:\/\/www.sbfisica.org.br\/v1\/sbf\/wp-json\/wp\/v2\/comments?post=3753"}],"version-history":[{"count":20,"href":"https:\/\/www.sbfisica.org.br\/v1\/sbf\/wp-json\/wp\/v2\/pages\/3753\/revisions"}],"predecessor-version":[{"id":19279,"href":"https:\/\/www.sbfisica.org.br\/v1\/sbf\/wp-json\/wp\/v2\/pages\/3753\/revisions\/19279"}],"up":[{"embeddable":true,"href":"https:\/\/www.sbfisica.org.br\/v1\/sbf\/wp-json\/wp\/v2\/pages\/8328"}],"wp:featuredmedia":[{"embeddable":true,"href":"https:\/\/www.sbfisica.org.br\/v1\/sbf\/wp-json\/wp\/v2\/media\/16567"}],"wp:attachment":[{"href":"https:\/\/www.sbfisica.org.br\/v1\/sbf\/wp-json\/wp\/v2\/media?parent=3753"}],"curies":[{"name":"wp","href":"https:\/\/api.w.org\/{rel}","templated":true}]}}