{"id":3595,"date":"2017-10-27T10:58:02","date_gmt":"2017-10-27T12:58:02","guid":{"rendered":"https:\/\/sbfisica.org.br\/v1\/sbf\/2017\/10\/27\/ato-fisica-atomica-e-molecular\/"},"modified":"2025-07-01T13:00:49","modified_gmt":"2025-07-01T16:00:49","slug":"ato-fisica-atomica-e-molecular","status":"publish","type":"page","link":"https:\/\/www.sbfisica.org.br\/v1\/sbf\/comissoes\/comissoes-de-area\/ato-fisica-atomica-e-molecular\/","title":{"rendered":"ATO: F\u00edsica At\u00f4mica e Molecular"},"content":{"rendered":"\t\t<div data-elementor-type=\"wp-page\" data-elementor-id=\"3595\" class=\"elementor elementor-3595\" data-elementor-settings=\"{&quot;ha_cmc_init_switcher&quot;:&quot;no&quot;}\" data-elementor-post-type=\"page\">\n\t\t\t\t\t\t<section class=\"elementor-section elementor-top-section elementor-element elementor-element-c18e5bf banner-page elementor-section-boxed elementor-section-height-default elementor-section-height-default\" data-id=\"c18e5bf\" data-element_type=\"section\" data-e-type=\"section\" data-settings=\"{&quot;background_background&quot;:&quot;classic&quot;,&quot;_ha_eqh_enable&quot;:false}\">\n\t\t\t\t\t\t\t<div class=\"elementor-background-overlay\"><\/div>\n\t\t\t\t\t\t\t<div class=\"elementor-container elementor-column-gap-default\">\n\t\t\t\t\t<div class=\"elementor-column elementor-col-100 elementor-top-column elementor-element elementor-element-f71ae88\" data-id=\"f71ae88\" data-element_type=\"column\" data-e-type=\"column\">\n\t\t\t<div class=\"elementor-widget-wrap elementor-element-populated\">\n\t\t\t\t\t\t<div class=\"elementor-element elementor-element-8e510f4 elementor-widget elementor-widget-heading\" data-id=\"8e510f4\" data-element_type=\"widget\" data-e-type=\"widget\" data-widget_type=\"heading.default\">\n\t\t\t\t<div class=\"elementor-widget-container\">\n\t\t\t\t\t<h1 class=\"elementor-heading-title elementor-size-default\">ATO: F\u00edsica At\u00f4mica e Molecular<\/h1>\t\t\t\t<\/div>\n\t\t\t\t<\/div>\n\t\t\t\t\t<\/div>\n\t\t<\/div>\n\t\t\t\t\t<\/div>\n\t\t<\/section>\n\t\t\t\t<section class=\"elementor-section elementor-top-section elementor-element elementor-element-40dcada8 elementor-section-boxed elementor-section-height-default elementor-section-height-default\" data-id=\"40dcada8\" data-element_type=\"section\" data-e-type=\"section\" data-settings=\"{&quot;_ha_eqh_enable&quot;:false}\">\n\t\t\t\t\t\t<div class=\"elementor-container elementor-column-gap-default\">\n\t\t\t\t\t<div class=\"elementor-column elementor-col-100 elementor-top-column elementor-element elementor-element-153fe711\" data-id=\"153fe711\" data-element_type=\"column\" data-e-type=\"column\">\n\t\t\t<div class=\"elementor-widget-wrap elementor-element-populated\">\n\t\t\t\t\t\t<div class=\"elementor-element elementor-element-8c74a4d elementor-widget elementor-widget-heading\" data-id=\"8c74a4d\" data-element_type=\"widget\" data-e-type=\"widget\" data-widget_type=\"heading.default\">\n\t\t\t\t<div class=\"elementor-widget-container\">\n\t\t\t\t\t<h2 class=\"elementor-heading-title elementor-size-default\">Composi\u00e7\u00e3o:<\/h2>\t\t\t\t<\/div>\n\t\t\t\t<\/div>\n\t\t\t\t<div class=\"elementor-element elementor-element-43173ea8 elementor-widget elementor-widget-text-editor\" data-id=\"43173ea8\" data-element_type=\"widget\" data-e-type=\"widget\" data-widget_type=\"text-editor.default\">\n\t\t\t\t<div class=\"elementor-widget-container\">\n\t\t\t\t\t\t\t\t\t<p>Luiz Gustavo Marcassa<br><span style=\"color: var( --e-global-color-text ); font-family: var( --e-global-typography-text-font-family ), raleway; font-weight: var( --e-global-typography-text-font-weight );\">Roberto Rivelino de Melo Moreno<br><\/span><span style=\"color: var( --e-global-color-text ); font-family: var( --e-global-typography-text-font-family ), raleway;\">Daniel Felinto Pires Barbosa&nbsp;<br><\/span>Lauro Tomio<br>Claudio Lenz Cesar<\/p>\n<p><a href=\"\/v1\/sbf\/wp-content\/uploads\/2022\/05\/regATO.pdf\" target=\"_blank\" rel=\"noopener noreferrer\">Regimento ATO<\/a>&nbsp;(PDF)<\/p>\n<p><a href=\"\/v1\/sbf\/wp-content\/uploads\/2022\/05\/Documento-de-area-ATO.pdf\" target=\"_blank\" rel=\"noopener noreferrer\">Documento de \u00c1rea<\/a><\/p>\n<p><a href=\"\/v1\/sbf\/wp-content\/uploads\/2022\/05\/ATO-2019.pdf\" target=\"_blank\" rel=\"noopener\">Relat\u00f3rio 2019<\/a>&nbsp;(PDF)<\/p>\t\t\t\t\t\t\t\t<\/div>\n\t\t\t\t<\/div>\n\t\t\t\t\t<\/div>\n\t\t<\/div>\n\t\t\t\t\t<\/div>\n\t\t<\/section>\n\t\t\t\t<\/div>\n\t\t","protected":false},"excerpt":{"rendered":"<p>ATO: F\u00edsica At\u00f4mica e Molecular Composi\u00e7\u00e3o: Luiz Gustavo MarcassaRoberto Rivelino de Melo MorenoDaniel Felinto Pires Barbosa&nbsp;Lauro TomioClaudio Lenz Cesar Regimento ATO&nbsp;(PDF) Documento de \u00c1rea Relat\u00f3rio 2019&nbsp;(PDF)<\/p>\n","protected":false},"author":4,"featured_media":16567,"parent":8578,"menu_order":1,"comment_status":"open","ping_status":"closed","template":"elementor_header_footer","meta":{"footnotes":""},"class_list":["post-3595","page","type-page","status-publish","has-post-thumbnail","hentry"],"aioseo_notices":[],"_links":{"self":[{"href":"https:\/\/www.sbfisica.org.br\/v1\/sbf\/wp-json\/wp\/v2\/pages\/3595","targetHints":{"allow":["GET"]}}],"collection":[{"href":"https:\/\/www.sbfisica.org.br\/v1\/sbf\/wp-json\/wp\/v2\/pages"}],"about":[{"href":"https:\/\/www.sbfisica.org.br\/v1\/sbf\/wp-json\/wp\/v2\/types\/page"}],"author":[{"embeddable":true,"href":"https:\/\/www.sbfisica.org.br\/v1\/sbf\/wp-json\/wp\/v2\/users\/4"}],"replies":[{"embeddable":true,"href":"https:\/\/www.sbfisica.org.br\/v1\/sbf\/wp-json\/wp\/v2\/comments?post=3595"}],"version-history":[{"count":39,"href":"https:\/\/www.sbfisica.org.br\/v1\/sbf\/wp-json\/wp\/v2\/pages\/3595\/revisions"}],"predecessor-version":[{"id":28257,"href":"https:\/\/www.sbfisica.org.br\/v1\/sbf\/wp-json\/wp\/v2\/pages\/3595\/revisions\/28257"}],"up":[{"embeddable":true,"href":"https:\/\/www.sbfisica.org.br\/v1\/sbf\/wp-json\/wp\/v2\/pages\/8578"}],"wp:featuredmedia":[{"embeddable":true,"href":"https:\/\/www.sbfisica.org.br\/v1\/sbf\/wp-json\/wp\/v2\/media\/16567"}],"wp:attachment":[{"href":"https:\/\/www.sbfisica.org.br\/v1\/sbf\/wp-json\/wp\/v2\/media?parent=3595"}],"curies":[{"name":"wp","href":"https:\/\/api.w.org\/{rel}","templated":true}]}}