{"id":3594,"date":"2017-10-27T10:57:32","date_gmt":"2017-10-27T12:57:32","guid":{"rendered":"https:\/\/sbfisica.org.br\/v1\/sbf\/2017\/10\/27\/bio-fisica-biologica\/"},"modified":"2025-07-30T11:32:25","modified_gmt":"2025-07-30T14:32:25","slug":"bio-fisica-biologica","status":"publish","type":"page","link":"https:\/\/www.sbfisica.org.br\/v1\/sbf\/comissoes\/comissoes-de-area\/bio-fisica-biologica\/","title":{"rendered":"BIO: F\u00edsica Biol\u00f3gica"},"content":{"rendered":"<style>.elementor-3594 .elementor-element.elementor-element-c4d445a:not(.elementor-motion-effects-element-type-background), .elementor-3594 .elementor-element.elementor-element-c4d445a > .elementor-motion-effects-container > .elementor-motion-effects-layer{background-color:#FAF9F6;background-image:url(\"https:\/\/www.sbfisica.org.br\/v1\/sbf\/wp-content\/uploads\/2022\/05\/macro-photography-of-the-multicolored-round-drops-2021-10-16-18-36-47-utc-scaled.jpg\");background-position:center center;background-repeat:no-repeat;background-size:cover;}.elementor-3594 .elementor-element.elementor-element-c4d445a > .elementor-background-overlay{background-color:transparent;background-image:linear-gradient(40deg, var( --e-global-color-secondary ) 50%, #FFFFFF00 70%);opacity:0.8;transition:background 0.3s, border-radius 0.3s, opacity 0.3s;}.elementor-3594 .elementor-element.elementor-element-c4d445a{transition:background 0.3s, border 0.3s, border-radius 0.3s, box-shadow 0.3s;margin-top:0%;margin-bottom:3%;padding:120px 0px 120px 0px;}.elementor-widget-heading .elementor-heading-title{font-family:var( --e-global-typography-primary-font-family ), raleway;font-weight:var( --e-global-typography-primary-font-weight );color:var( --e-global-color-primary );}.elementor-3594 .elementor-element.elementor-element-f7a47f8{text-align:start;}.elementor-3594 .elementor-element.elementor-element-f7a47f8 .elementor-heading-title{font-family:\"Kanit\", raleway;font-size:50px;font-weight:600;color:#FFFFFF;}.elementor-3594 .elementor-element.elementor-element-a8dbd6b .elementor-heading-title{color:var( --e-global-color-secondary );}.elementor-widget-text-editor{font-family:var( --e-global-typography-text-font-family ), raleway;font-weight:var( --e-global-typography-text-font-weight );color:var( --e-global-color-text );}.elementor-widget-text-editor.elementor-drop-cap-view-stacked .elementor-drop-cap{background-color:var( --e-global-color-primary );}.elementor-widget-text-editor.elementor-drop-cap-view-framed .elementor-drop-cap, .elementor-widget-text-editor.elementor-drop-cap-view-default .elementor-drop-cap{color:var( --e-global-color-primary );border-color:var( --e-global-color-primary );}@media(max-width:1024px){.elementor-3594 .elementor-element.elementor-element-f7a47f8 .elementor-heading-title{font-size:40px;}}@media(min-width:1025px){.elementor-3594 .elementor-element.elementor-element-c4d445a:not(.elementor-motion-effects-element-type-background), .elementor-3594 .elementor-element.elementor-element-c4d445a > .elementor-motion-effects-container > .elementor-motion-effects-layer{background-attachment:scroll;}}@media(max-width:767px){.elementor-3594 .elementor-element.elementor-element-c4d445a{padding:50px 0px 50px 0px;}.elementor-3594 .elementor-element.elementor-element-f7a47f8 .elementor-heading-title{font-size:25px;}}<\/style>\t\t<div data-elementor-type=\"wp-page\" data-elementor-id=\"3594\" class=\"elementor elementor-3594\" data-elementor-settings=\"{&quot;ha_cmc_init_switcher&quot;:&quot;no&quot;}\" data-elementor-post-type=\"page\">\n\t\t\t\t\t\t<section class=\"elementor-section elementor-top-section elementor-element elementor-element-c4d445a banner-page elementor-section-boxed elementor-section-height-default elementor-section-height-default\" data-id=\"c4d445a\" data-element_type=\"section\" data-settings=\"{&quot;background_background&quot;:&quot;classic&quot;,&quot;_ha_eqh_enable&quot;:false}\">\n\t\t\t\t\t\t\t<div class=\"elementor-background-overlay\"><\/div>\n\t\t\t\t\t\t\t<div class=\"elementor-container elementor-column-gap-default\">\n\t\t\t\t\t<div class=\"elementor-column elementor-col-100 elementor-top-column elementor-element elementor-element-3b8daa3\" data-id=\"3b8daa3\" data-element_type=\"column\">\n\t\t\t<div class=\"elementor-widget-wrap elementor-element-populated\">\n\t\t\t\t\t\t<div class=\"elementor-element elementor-element-f7a47f8 elementor-widget elementor-widget-heading\" data-id=\"f7a47f8\" data-element_type=\"widget\" data-widget_type=\"heading.default\">\n\t\t\t\t<div class=\"elementor-widget-container\">\n\t\t\t\t\t<h1 class=\"elementor-heading-title elementor-size-default\">BIO: F\u00edsica Biol\u00f3gica<\/h1>\t\t\t\t<\/div>\n\t\t\t\t<\/div>\n\t\t\t\t\t<\/div>\n\t\t<\/div>\n\t\t\t\t\t<\/div>\n\t\t<\/section>\n\t\t\t\t<section class=\"elementor-section elementor-top-section elementor-element elementor-element-57ad06e0 elementor-section-boxed elementor-section-height-default elementor-section-height-default\" data-id=\"57ad06e0\" data-element_type=\"section\" data-settings=\"{&quot;_ha_eqh_enable&quot;:false}\">\n\t\t\t\t\t\t<div class=\"elementor-container elementor-column-gap-default\">\n\t\t\t\t\t<div class=\"elementor-column elementor-col-100 elementor-top-column elementor-element elementor-element-c9407b0\" data-id=\"c9407b0\" data-element_type=\"column\">\n\t\t\t<div class=\"elementor-widget-wrap elementor-element-populated\">\n\t\t\t\t\t\t<div class=\"elementor-element elementor-element-a8dbd6b elementor-widget elementor-widget-heading\" data-id=\"a8dbd6b\" data-element_type=\"widget\" data-widget_type=\"heading.default\">\n\t\t\t\t<div class=\"elementor-widget-container\">\n\t\t\t\t\t<h2 class=\"elementor-heading-title elementor-size-default\">Composi\u00e7\u00e3o:<\/h2>\t\t\t\t<\/div>\n\t\t\t\t<\/div>\n\t\t\t\t<div class=\"elementor-element elementor-element-63867bb7 elementor-widget elementor-widget-text-editor\" data-id=\"63867bb7\" data-element_type=\"widget\" data-widget_type=\"text-editor.default\">\n\t\t\t\t<div class=\"elementor-widget-container\">\n\t\t\t\t\t\t\t\t\t<p>Leonardo Gregory Brunnet\u00a0<br \/>Marcelo Lobato Martins\u00a0<br \/>Francisco Jos\u00e9 Pereira Lopes<br \/>Mendeli Henning Vainstein<\/p><p><a href=\"https:\/\/www.sbfisica.org.br\/v1\/arquivos_diversos\/CA-regimentos\/regBIO.pdf\" target=\"_blank\" rel=\"noopener noreferrer\">Regimento BIO<\/a>\u00a0(PDF)<\/p><p>4\u00aa Confer\u00eancia Nacional de Ci\u00eancia, Tecnologia e Inova\u00e7\u00e3o<a href=\"https:\/\/www.sbfisica.org.br\/v1\/arquivos_diversos\/4CNCTeI\/biologica.pdf\" target=\"_blank\" rel=\"noopener noreferrer\"><br \/>Documento de \u00c1rea &#8211; F\u00edsica Biol\u00f3gica<\/a>\u00a0(PDF)<\/p><p><a href=\"https:\/\/sbfisica.org.br\/v1\/sbf\/wp-content\/uploads\/2022\/08\/BIO-2019.pdf\" target=\"_blank\" rel=\"noopener\">Relat\u00f3rio 2019<\/a>\u00a0(PDF)\u00a0<\/p><p>Site:\u00a0<a href=\"https:\/\/sites.google.com\/view\/bio-sbf\/in%C3%ADcio\/webin%C3%A1rios\" target=\"_blank\" rel=\"noopener\">Comiss\u00e3o de F\u00edsica Biol\u00f3gica &#8211; SBF &#8211; Webin\u00e1rios<\/a><\/p>\t\t\t\t\t\t\t\t<\/div>\n\t\t\t\t<\/div>\n\t\t\t\t\t<\/div>\n\t\t<\/div>\n\t\t\t\t\t<\/div>\n\t\t<\/section>\n\t\t\t\t<\/div>\n\t\t","protected":false},"excerpt":{"rendered":"<p>BIO: F\u00edsica Biol\u00f3gica Composi\u00e7\u00e3o: Leonardo Gregory Brunnet\u00a0Marcelo Lobato Martins\u00a0Francisco Jos\u00e9 Pereira LopesMendeli Henning Vainstein Regimento BIO\u00a0(PDF) 4\u00aa Confer\u00eancia Nacional de Ci\u00eancia, Tecnologia e Inova\u00e7\u00e3oDocumento de \u00c1rea &#8211; F\u00edsica Biol\u00f3gica\u00a0(PDF) Relat\u00f3rio 2019\u00a0(PDF)\u00a0 Site:\u00a0Comiss\u00e3o de F\u00edsica Biol\u00f3gica &#8211; SBF &#8211; Webin\u00e1rios<\/p>\n","protected":false},"author":4,"featured_media":16567,"parent":8578,"menu_order":2,"comment_status":"open","ping_status":"closed","template":"elementor_header_footer","meta":{"footnotes":""},"class_list":["post-3594","page","type-page","status-publish","has-post-thumbnail","hentry"],"aioseo_notices":[],"_links":{"self":[{"href":"https:\/\/www.sbfisica.org.br\/v1\/sbf\/wp-json\/wp\/v2\/pages\/3594","targetHints":{"allow":["GET"]}}],"collection":[{"href":"https:\/\/www.sbfisica.org.br\/v1\/sbf\/wp-json\/wp\/v2\/pages"}],"about":[{"href":"https:\/\/www.sbfisica.org.br\/v1\/sbf\/wp-json\/wp\/v2\/types\/page"}],"author":[{"embeddable":true,"href":"https:\/\/www.sbfisica.org.br\/v1\/sbf\/wp-json\/wp\/v2\/users\/4"}],"replies":[{"embeddable":true,"href":"https:\/\/www.sbfisica.org.br\/v1\/sbf\/wp-json\/wp\/v2\/comments?post=3594"}],"version-history":[{"count":52,"href":"https:\/\/www.sbfisica.org.br\/v1\/sbf\/wp-json\/wp\/v2\/pages\/3594\/revisions"}],"predecessor-version":[{"id":28189,"href":"https:\/\/www.sbfisica.org.br\/v1\/sbf\/wp-json\/wp\/v2\/pages\/3594\/revisions\/28189"}],"up":[{"embeddable":true,"href":"https:\/\/www.sbfisica.org.br\/v1\/sbf\/wp-json\/wp\/v2\/pages\/8578"}],"wp:featuredmedia":[{"embeddable":true,"href":"https:\/\/www.sbfisica.org.br\/v1\/sbf\/wp-json\/wp\/v2\/media\/16567"}],"wp:attachment":[{"href":"https:\/\/www.sbfisica.org.br\/v1\/sbf\/wp-json\/wp\/v2\/media?parent=3594"}],"curies":[{"name":"wp","href":"https:\/\/api.w.org\/{rel}","templated":true}]}}