{"id":3593,"date":"2017-10-27T10:56:49","date_gmt":"2017-10-27T12:56:49","guid":{"rendered":"https:\/\/sbfisica.org.br\/v1\/sbf\/2017\/10\/27\/est-fisica-estatistica-e-computacional\/"},"modified":"2025-07-01T13:01:25","modified_gmt":"2025-07-01T16:01:25","slug":"est-fisica-estatistica-e-computacional","status":"publish","type":"page","link":"https:\/\/www.sbfisica.org.br\/v1\/sbf\/comissoes\/comissoes-de-area\/est-fisica-estatistica-e-computacional\/","title":{"rendered":"EST: F\u00edsica Estat\u00edstica e Computacional"},"content":{"rendered":"<style>.elementor-3593 .elementor-element.elementor-element-818ef64:not(.elementor-motion-effects-element-type-background), .elementor-3593 .elementor-element.elementor-element-818ef64 > .elementor-motion-effects-container > .elementor-motion-effects-layer{background-image:url(\"https:\/\/www.sbfisica.org.br\/v1\/sbf\/wp-content\/uploads\/2022\/06\/hacker-hands-using-laptop-computer-to-code-2022-05-08-22-14-49-utc-scaled.jpg\");background-position:0% 73%;background-repeat:no-repeat;background-size:cover;}.elementor-3593 .elementor-element.elementor-element-818ef64 > .elementor-background-overlay{background-color:transparent;background-image:linear-gradient(40deg, var( --e-global-color-secondary ) 40%, #FFFFFF00 100%);opacity:0.8;transition:background 0.3s, border-radius 0.3s, opacity 0.3s;}.elementor-3593 .elementor-element.elementor-element-818ef64{transition:background 0.3s, border 0.3s, border-radius 0.3s, box-shadow 0.3s;margin-top:0%;margin-bottom:3%;padding:120px 0px 120px 0px;}.elementor-widget-heading .elementor-heading-title{font-family:var( --e-global-typography-primary-font-family ), raleway;font-weight:var( --e-global-typography-primary-font-weight );color:var( --e-global-color-primary );}.elementor-3593 .elementor-element.elementor-element-52e9c40{text-align:start;}.elementor-3593 .elementor-element.elementor-element-52e9c40 .elementor-heading-title{font-family:\"Kanit\", raleway;font-size:50px;font-weight:600;color:var( --e-global-color-primary );}.elementor-3593 .elementor-element.elementor-element-8d2758f .elementor-heading-title{color:var( --e-global-color-secondary );}.elementor-widget-text-editor{font-family:var( --e-global-typography-text-font-family ), raleway;font-weight:var( --e-global-typography-text-font-weight );color:var( --e-global-color-text );}.elementor-widget-text-editor.elementor-drop-cap-view-stacked .elementor-drop-cap{background-color:var( --e-global-color-primary );}.elementor-widget-text-editor.elementor-drop-cap-view-framed .elementor-drop-cap, .elementor-widget-text-editor.elementor-drop-cap-view-default .elementor-drop-cap{color:var( --e-global-color-primary );border-color:var( --e-global-color-primary );}@media(min-width:1025px){.elementor-3593 .elementor-element.elementor-element-818ef64:not(.elementor-motion-effects-element-type-background), .elementor-3593 .elementor-element.elementor-element-818ef64 > .elementor-motion-effects-container > .elementor-motion-effects-layer{background-attachment:scroll;}}@media(max-width:1024px){.elementor-3593 .elementor-element.elementor-element-818ef64:not(.elementor-motion-effects-element-type-background), .elementor-3593 .elementor-element.elementor-element-818ef64 > .elementor-motion-effects-container > .elementor-motion-effects-layer{background-position:0% -77px;}.elementor-3593 .elementor-element.elementor-element-52e9c40 .elementor-heading-title{font-size:40px;}}@media(max-width:767px){.elementor-3593 .elementor-element.elementor-element-818ef64:not(.elementor-motion-effects-element-type-background), .elementor-3593 .elementor-element.elementor-element-818ef64 > .elementor-motion-effects-container > .elementor-motion-effects-layer{background-position:0% -31px;}.elementor-3593 .elementor-element.elementor-element-818ef64{padding:50px 0px 50px 0px;}.elementor-3593 .elementor-element.elementor-element-52e9c40 .elementor-heading-title{font-size:25px;}}<\/style>\t\t<div data-elementor-type=\"wp-page\" data-elementor-id=\"3593\" class=\"elementor elementor-3593\" data-elementor-settings=\"{&quot;ha_cmc_init_switcher&quot;:&quot;no&quot;}\" data-elementor-post-type=\"page\">\n\t\t\t\t\t\t<section class=\"elementor-section elementor-top-section elementor-element elementor-element-818ef64 banner-page elementor-section-boxed elementor-section-height-default elementor-section-height-default\" data-id=\"818ef64\" data-element_type=\"section\" data-settings=\"{&quot;background_background&quot;:&quot;classic&quot;,&quot;_ha_eqh_enable&quot;:false}\">\n\t\t\t\t\t\t\t<div class=\"elementor-background-overlay\"><\/div>\n\t\t\t\t\t\t\t<div class=\"elementor-container elementor-column-gap-default\">\n\t\t\t\t\t<div class=\"elementor-column elementor-col-100 elementor-top-column elementor-element elementor-element-d6f5b77\" data-id=\"d6f5b77\" data-element_type=\"column\">\n\t\t\t<div class=\"elementor-widget-wrap elementor-element-populated\">\n\t\t\t\t\t\t<div class=\"elementor-element elementor-element-52e9c40 elementor-widget elementor-widget-heading\" data-id=\"52e9c40\" data-element_type=\"widget\" data-widget_type=\"heading.default\">\n\t\t\t\t<div class=\"elementor-widget-container\">\n\t\t\t\t\t<h1 class=\"elementor-heading-title elementor-size-default\">EST: F\u00edsica Estat\u00edstica e Computacional<\/h1>\t\t\t\t<\/div>\n\t\t\t\t<\/div>\n\t\t\t\t\t<\/div>\n\t\t<\/div>\n\t\t\t\t\t<\/div>\n\t\t<\/section>\n\t\t\t\t<section class=\"elementor-section elementor-top-section elementor-element elementor-element-15fc8bc6 elementor-section-boxed elementor-section-height-default elementor-section-height-default\" data-id=\"15fc8bc6\" data-element_type=\"section\" data-settings=\"{&quot;_ha_eqh_enable&quot;:false}\">\n\t\t\t\t\t\t<div class=\"elementor-container elementor-column-gap-default\">\n\t\t\t\t\t<div class=\"elementor-column elementor-col-100 elementor-top-column elementor-element elementor-element-7db7bb2\" data-id=\"7db7bb2\" data-element_type=\"column\">\n\t\t\t<div class=\"elementor-widget-wrap elementor-element-populated\">\n\t\t\t\t\t\t<div class=\"elementor-element elementor-element-8d2758f elementor-widget elementor-widget-heading\" data-id=\"8d2758f\" data-element_type=\"widget\" data-widget_type=\"heading.default\">\n\t\t\t\t<div class=\"elementor-widget-container\">\n\t\t\t\t\t<h2 class=\"elementor-heading-title elementor-size-default\">Composi\u00e7\u00e3o:<\/h2>\t\t\t\t<\/div>\n\t\t\t\t<\/div>\n\t\t\t\t<div class=\"elementor-element elementor-element-33c885f1 elementor-widget elementor-widget-text-editor\" data-id=\"33c885f1\" data-element_type=\"widget\" data-widget_type=\"text-editor.default\">\n\t\t\t\t<div class=\"elementor-widget-container\">\n\t\t\t\t\t\t\t\t\t<p><span style=\"font-weight: 400;\">Carlos Eduardo Fiore dos Santos<br>Fernanda Selingardi Matias<\/span><span style=\"font-weight: 400;\"><br><\/span>Fabio David Alves Aar\u00e3o Reis<br>Edson Denis Leonel<br>Suani Tavares Rubim de Pinho<\/p>\n<p><a href=\"\/v1\/sbf\/wp-content\/uploads\/2022\/05\/regEST.pdf\" target=\"_blank\" rel=\"noopener noreferrer\">Regimento EST<\/a>&nbsp;(PDF)<\/p>\n<p><a href=\"\/v1\/sbf\/wp-content\/uploads\/2022\/05\/estatistica-e-computacional.pdf\" target=\"_blank\" rel=\"noopener noreferrer\">Documento de \u00c1rea \u2013 F\u00edsica Estat\u00edstica e Computacional (2010)<\/a><\/p>\n<p><a href=\"\/v1\/sbf\/wp-content\/uploads\/2022\/05\/consultaEST.pdf\" target=\"_blank\" rel=\"noopener noreferrer\">Consulta sobre o Encontro Nacional da \u00e1rea EST<\/a><\/p>\n<p><a href=\"\/v1\/sbf\/wp-content\/uploads\/2023\/08\/Relatorio-da-comissao-de-area-de-Fisica-Estatistica-e-Computacional-2021.pdf\" target=\"_blank\" rel=\"noopener\">Relat\u00f3rio 2021<\/a> (PDF)<br><a href=\"\/v1\/sbf\/wp-content\/uploads\/2022\/05\/EST-2020.pdf\" target=\"_blank\" rel=\"noopener\">Relat\u00f3rio 2020<\/a> (PDF)<br><a href=\"\/v1\/sbf\/wp-content\/uploads\/2022\/05\/EST-2019.pdf\" target=\"_blank\" rel=\"noopener\">Relat\u00f3rio 2019<\/a> (PDF)&nbsp;<\/p>\t\t\t\t\t\t\t\t<\/div>\n\t\t\t\t<\/div>\n\t\t\t\t\t<\/div>\n\t\t<\/div>\n\t\t\t\t\t<\/div>\n\t\t<\/section>\n\t\t\t\t<\/div>\n\t\t","protected":false},"excerpt":{"rendered":"<p>EST: F\u00edsica Estat\u00edstica e Computacional Composi\u00e7\u00e3o: Carlos Eduardo Fiore dos SantosFernanda Selingardi MatiasFabio David Alves Aar\u00e3o ReisEdson Denis LeonelSuani Tavares Rubim de Pinho Regimento EST&nbsp;(PDF) Documento de \u00c1rea \u2013 F\u00edsica Estat\u00edstica e Computacional (2010) Consulta sobre o Encontro Nacional da \u00e1rea EST Relat\u00f3rio 2021 (PDF)Relat\u00f3rio 2020 (PDF)Relat\u00f3rio 2019 (PDF)&nbsp;<\/p>\n","protected":false},"author":4,"featured_media":16567,"parent":8578,"menu_order":3,"comment_status":"open","ping_status":"closed","template":"elementor_header_footer","meta":{"footnotes":""},"class_list":["post-3593","page","type-page","status-publish","has-post-thumbnail","hentry"],"aioseo_notices":[],"_links":{"self":[{"href":"https:\/\/www.sbfisica.org.br\/v1\/sbf\/wp-json\/wp\/v2\/pages\/3593","targetHints":{"allow":["GET"]}}],"collection":[{"href":"https:\/\/www.sbfisica.org.br\/v1\/sbf\/wp-json\/wp\/v2\/pages"}],"about":[{"href":"https:\/\/www.sbfisica.org.br\/v1\/sbf\/wp-json\/wp\/v2\/types\/page"}],"author":[{"embeddable":true,"href":"https:\/\/www.sbfisica.org.br\/v1\/sbf\/wp-json\/wp\/v2\/users\/4"}],"replies":[{"embeddable":true,"href":"https:\/\/www.sbfisica.org.br\/v1\/sbf\/wp-json\/wp\/v2\/comments?post=3593"}],"version-history":[{"count":36,"href":"https:\/\/www.sbfisica.org.br\/v1\/sbf\/wp-json\/wp\/v2\/pages\/3593\/revisions"}],"predecessor-version":[{"id":27732,"href":"https:\/\/www.sbfisica.org.br\/v1\/sbf\/wp-json\/wp\/v2\/pages\/3593\/revisions\/27732"}],"up":[{"embeddable":true,"href":"https:\/\/www.sbfisica.org.br\/v1\/sbf\/wp-json\/wp\/v2\/pages\/8578"}],"wp:featuredmedia":[{"embeddable":true,"href":"https:\/\/www.sbfisica.org.br\/v1\/sbf\/wp-json\/wp\/v2\/media\/16567"}],"wp:attachment":[{"href":"https:\/\/www.sbfisica.org.br\/v1\/sbf\/wp-json\/wp\/v2\/media?parent=3593"}],"curies":[{"name":"wp","href":"https:\/\/api.w.org\/{rel}","templated":true}]}}