{"id":3592,"date":"2017-10-27T10:56:16","date_gmt":"2017-10-27T12:56:16","guid":{"rendered":"https:\/\/sbfisica.org.br\/v1\/sbf\/2017\/10\/27\/fem-fisica-na-empresa\/"},"modified":"2025-07-01T13:01:52","modified_gmt":"2025-07-01T16:01:52","slug":"fem-fisica-na-empresa","status":"publish","type":"page","link":"https:\/\/www.sbfisica.org.br\/v1\/sbf\/comissoes\/comissoes-de-area\/fem-fisica-na-empresa\/","title":{"rendered":"FEM: F\u00edsica na Empresa"},"content":{"rendered":"<style>.elementor-3592 .elementor-element.elementor-element-ae01240:not(.elementor-motion-effects-element-type-background), .elementor-3592 .elementor-element.elementor-element-ae01240 > .elementor-motion-effects-container > .elementor-motion-effects-layer{background-color:#FAF9F6;background-image:url(\"https:\/\/www.sbfisica.org.br\/v1\/sbf\/wp-content\/uploads\/2022\/05\/trader-analysing-financial-graph-and-stock-statist-2021-08-28-07-16-32-utc-scaled.jpg\");background-position:center center;background-repeat:no-repeat;background-size:cover;}.elementor-3592 .elementor-element.elementor-element-ae01240 > .elementor-background-overlay{background-color:transparent;background-image:linear-gradient(40deg, var( --e-global-color-secondary ) 50%, #FFFFFF00 70%);opacity:0.8;transition:background 0.3s, border-radius 0.3s, opacity 0.3s;}.elementor-3592 .elementor-element.elementor-element-ae01240{transition:background 0.3s, border 0.3s, border-radius 0.3s, box-shadow 0.3s;margin-top:0%;margin-bottom:3%;padding:120px 0px 120px 0px;}.elementor-widget-heading .elementor-heading-title{font-family:var( --e-global-typography-primary-font-family ), raleway;font-weight:var( --e-global-typography-primary-font-weight );color:var( --e-global-color-primary );}.elementor-3592 .elementor-element.elementor-element-8677a08{text-align:start;}.elementor-3592 .elementor-element.elementor-element-8677a08 .elementor-heading-title{font-family:\"Kanit\", raleway;font-size:50px;font-weight:600;color:#FFFFFF;}.elementor-3592 .elementor-element.elementor-element-7db48de .elementor-heading-title{color:var( --e-global-color-secondary );}.elementor-widget-text-editor{font-family:var( --e-global-typography-text-font-family ), raleway;font-weight:var( --e-global-typography-text-font-weight );color:var( --e-global-color-text );}.elementor-widget-text-editor.elementor-drop-cap-view-stacked .elementor-drop-cap{background-color:var( --e-global-color-primary );}.elementor-widget-text-editor.elementor-drop-cap-view-framed .elementor-drop-cap, .elementor-widget-text-editor.elementor-drop-cap-view-default .elementor-drop-cap{color:var( --e-global-color-primary );border-color:var( --e-global-color-primary );}@media(max-width:1024px){.elementor-3592 .elementor-element.elementor-element-8677a08 .elementor-heading-title{font-size:40px;}}@media(min-width:1025px){.elementor-3592 .elementor-element.elementor-element-ae01240:not(.elementor-motion-effects-element-type-background), .elementor-3592 .elementor-element.elementor-element-ae01240 > .elementor-motion-effects-container > .elementor-motion-effects-layer{background-attachment:scroll;}}@media(max-width:767px){.elementor-3592 .elementor-element.elementor-element-ae01240{padding:50px 0px 50px 0px;}.elementor-3592 .elementor-element.elementor-element-8677a08 .elementor-heading-title{font-size:25px;}}<\/style>\t\t<div data-elementor-type=\"wp-page\" data-elementor-id=\"3592\" class=\"elementor elementor-3592\" data-elementor-settings=\"{&quot;ha_cmc_init_switcher&quot;:&quot;no&quot;}\" data-elementor-post-type=\"page\">\n\t\t\t\t\t\t<section class=\"elementor-section elementor-top-section elementor-element elementor-element-ae01240 banner-page elementor-section-boxed elementor-section-height-default elementor-section-height-default\" data-id=\"ae01240\" data-element_type=\"section\" data-settings=\"{&quot;background_background&quot;:&quot;classic&quot;,&quot;_ha_eqh_enable&quot;:false}\">\n\t\t\t\t\t\t\t<div class=\"elementor-background-overlay\"><\/div>\n\t\t\t\t\t\t\t<div class=\"elementor-container elementor-column-gap-default\">\n\t\t\t\t\t<div class=\"elementor-column elementor-col-100 elementor-top-column elementor-element elementor-element-7933a11\" data-id=\"7933a11\" data-element_type=\"column\">\n\t\t\t<div class=\"elementor-widget-wrap elementor-element-populated\">\n\t\t\t\t\t\t<div class=\"elementor-element elementor-element-8677a08 elementor-widget elementor-widget-heading\" data-id=\"8677a08\" data-element_type=\"widget\" data-widget_type=\"heading.default\">\n\t\t\t\t<div class=\"elementor-widget-container\">\n\t\t\t\t\t<h1 class=\"elementor-heading-title elementor-size-default\">FEM: F\u00edsica na Empresa<\/h1>\t\t\t\t<\/div>\n\t\t\t\t<\/div>\n\t\t\t\t\t<\/div>\n\t\t<\/div>\n\t\t\t\t\t<\/div>\n\t\t<\/section>\n\t\t\t\t<section class=\"elementor-section elementor-top-section elementor-element elementor-element-6c712c0e elementor-section-boxed elementor-section-height-default elementor-section-height-default\" data-id=\"6c712c0e\" data-element_type=\"section\" data-settings=\"{&quot;_ha_eqh_enable&quot;:false}\">\n\t\t\t\t\t\t<div class=\"elementor-container elementor-column-gap-default\">\n\t\t\t\t\t<div class=\"elementor-column elementor-col-100 elementor-top-column elementor-element elementor-element-5c7f16bc\" data-id=\"5c7f16bc\" data-element_type=\"column\">\n\t\t\t<div class=\"elementor-widget-wrap elementor-element-populated\">\n\t\t\t\t\t\t<div class=\"elementor-element elementor-element-7db48de elementor-widget elementor-widget-heading\" data-id=\"7db48de\" data-element_type=\"widget\" data-widget_type=\"heading.default\">\n\t\t\t\t<div class=\"elementor-widget-container\">\n\t\t\t\t\t<h2 class=\"elementor-heading-title elementor-size-default\">Composi\u00e7\u00e3o:<\/h2>\t\t\t\t<\/div>\n\t\t\t\t<\/div>\n\t\t\t\t<div class=\"elementor-element elementor-element-28622e06 elementor-widget elementor-widget-text-editor\" data-id=\"28622e06\" data-element_type=\"widget\" data-widget_type=\"text-editor.default\">\n\t\t\t\t<div class=\"elementor-widget-container\">\n\t\t\t\t\t\t\t\t\t<p>Vilson Rosa de Almeida<br>Adalberto Fazzio<br>Edson Suisso<br>Martha Sim\u00f5es Ribeiro<br>Susana Souza Lalic<\/p>\n<div><a href=\"\/v1\/sbf\/wp-content\/uploads\/2022\/05\/regFEM.pdf\" target=\"_blank\" rel=\"noopener noreferrer\">Regimento FEM<\/a>&nbsp;(PDF)&nbsp;<br><a href=\"\/v1\/sbf\/wp-content\/uploads\/2023\/07\/2023_06_30__FEM__Relatorio_Atividades__2018__a__2023.pdf\" target=\"_blank\" rel=\"noopener\">Relat\u00f3rio 2018-2023<\/a> (PDF)<\/div>\t\t\t\t\t\t\t\t<\/div>\n\t\t\t\t<\/div>\n\t\t\t\t\t<\/div>\n\t\t<\/div>\n\t\t\t\t\t<\/div>\n\t\t<\/section>\n\t\t\t\t<\/div>\n\t\t","protected":false},"excerpt":{"rendered":"<p>FEM: F\u00edsica na Empresa Composi\u00e7\u00e3o: Vilson Rosa de AlmeidaAdalberto FazzioEdson SuissoMartha Sim\u00f5es RibeiroSusana Souza Lalic Regimento FEM&nbsp;(PDF)&nbsp;Relat\u00f3rio 2018-2023 (PDF)<\/p>\n","protected":false},"author":4,"featured_media":16567,"parent":8578,"menu_order":4,"comment_status":"open","ping_status":"closed","template":"elementor_header_footer","meta":{"footnotes":""},"class_list":["post-3592","page","type-page","status-publish","has-post-thumbnail","hentry"],"aioseo_notices":[],"_links":{"self":[{"href":"https:\/\/www.sbfisica.org.br\/v1\/sbf\/wp-json\/wp\/v2\/pages\/3592","targetHints":{"allow":["GET"]}}],"collection":[{"href":"https:\/\/www.sbfisica.org.br\/v1\/sbf\/wp-json\/wp\/v2\/pages"}],"about":[{"href":"https:\/\/www.sbfisica.org.br\/v1\/sbf\/wp-json\/wp\/v2\/types\/page"}],"author":[{"embeddable":true,"href":"https:\/\/www.sbfisica.org.br\/v1\/sbf\/wp-json\/wp\/v2\/users\/4"}],"replies":[{"embeddable":true,"href":"https:\/\/www.sbfisica.org.br\/v1\/sbf\/wp-json\/wp\/v2\/comments?post=3592"}],"version-history":[{"count":45,"href":"https:\/\/www.sbfisica.org.br\/v1\/sbf\/wp-json\/wp\/v2\/pages\/3592\/revisions"}],"predecessor-version":[{"id":27735,"href":"https:\/\/www.sbfisica.org.br\/v1\/sbf\/wp-json\/wp\/v2\/pages\/3592\/revisions\/27735"}],"up":[{"embeddable":true,"href":"https:\/\/www.sbfisica.org.br\/v1\/sbf\/wp-json\/wp\/v2\/pages\/8578"}],"wp:featuredmedia":[{"embeddable":true,"href":"https:\/\/www.sbfisica.org.br\/v1\/sbf\/wp-json\/wp\/v2\/media\/16567"}],"wp:attachment":[{"href":"https:\/\/www.sbfisica.org.br\/v1\/sbf\/wp-json\/wp\/v2\/media?parent=3592"}],"curies":[{"name":"wp","href":"https:\/\/api.w.org\/{rel}","templated":true}]}}