{"id":3591,"date":"2017-10-27T10:55:46","date_gmt":"2017-10-27T12:55:46","guid":{"rendered":"https:\/\/sbfisica.org.br\/v1\/sbf\/2017\/10\/27\/fma-fisica-matematica\/"},"modified":"2025-07-21T10:20:14","modified_gmt":"2025-07-21T13:20:14","slug":"fma-fisica-matematica","status":"publish","type":"page","link":"https:\/\/www.sbfisica.org.br\/v1\/sbf\/comissoes\/comissoes-de-area\/fma-fisica-matematica\/","title":{"rendered":"FMA: F\u00edsica Matem\u00e1tica"},"content":{"rendered":"<style>.elementor-3591 .elementor-element.elementor-element-ded8551:not(.elementor-motion-effects-element-type-background), .elementor-3591 .elementor-element.elementor-element-ded8551 > .elementor-motion-effects-container > .elementor-motion-effects-layer{background-image:url(\"https:\/\/www.sbfisica.org.br\/v1\/sbf\/wp-content\/uploads\/2022\/06\/mathematical-calculations-2021-09-24-03-57-54-utc-scaled.jpg\");background-position:1% 34%;background-repeat:no-repeat;background-size:cover;}.elementor-3591 .elementor-element.elementor-element-ded8551 > .elementor-background-overlay{background-color:transparent;background-image:linear-gradient(40deg, var( --e-global-color-secondary ) 40%, #FFFFFF00 100%);opacity:0.8;transition:background 0.3s, border-radius 0.3s, opacity 0.3s;}.elementor-3591 .elementor-element.elementor-element-ded8551{transition:background 0.3s, border 0.3s, border-radius 0.3s, box-shadow 0.3s;margin-top:0%;margin-bottom:3%;padding:120px 0px 120px 0px;}.elementor-widget-heading .elementor-heading-title{font-family:var( --e-global-typography-primary-font-family ), raleway;font-weight:var( --e-global-typography-primary-font-weight );color:var( --e-global-color-primary );}.elementor-3591 .elementor-element.elementor-element-e10183c{text-align:start;}.elementor-3591 .elementor-element.elementor-element-e10183c .elementor-heading-title{font-family:\"Kanit\", raleway;font-size:50px;font-weight:600;color:var( --e-global-color-primary );}.elementor-3591 .elementor-element.elementor-element-252c1ab .elementor-heading-title{color:var( --e-global-color-secondary );}.elementor-widget-text-editor{font-family:var( --e-global-typography-text-font-family ), raleway;font-weight:var( --e-global-typography-text-font-weight );color:var( --e-global-color-text );}.elementor-widget-text-editor.elementor-drop-cap-view-stacked .elementor-drop-cap{background-color:var( --e-global-color-primary );}.elementor-widget-text-editor.elementor-drop-cap-view-framed .elementor-drop-cap, .elementor-widget-text-editor.elementor-drop-cap-view-default .elementor-drop-cap{color:var( --e-global-color-primary );border-color:var( --e-global-color-primary );}@media(min-width:1025px){.elementor-3591 .elementor-element.elementor-element-ded8551:not(.elementor-motion-effects-element-type-background), .elementor-3591 .elementor-element.elementor-element-ded8551 > .elementor-motion-effects-container > .elementor-motion-effects-layer{background-attachment:scroll;}}@media(max-width:1024px){.elementor-3591 .elementor-element.elementor-element-ded8551:not(.elementor-motion-effects-element-type-background), .elementor-3591 .elementor-element.elementor-element-ded8551 > .elementor-motion-effects-container > .elementor-motion-effects-layer{background-position:0% -77px;}.elementor-3591 .elementor-element.elementor-element-e10183c .elementor-heading-title{font-size:40px;}}@media(max-width:767px){.elementor-3591 .elementor-element.elementor-element-ded8551:not(.elementor-motion-effects-element-type-background), .elementor-3591 .elementor-element.elementor-element-ded8551 > .elementor-motion-effects-container > .elementor-motion-effects-layer{background-position:0% -31px;}.elementor-3591 .elementor-element.elementor-element-ded8551{padding:50px 0px 50px 0px;}.elementor-3591 .elementor-element.elementor-element-e10183c .elementor-heading-title{font-size:25px;}}<\/style>\t\t<div data-elementor-type=\"wp-page\" data-elementor-id=\"3591\" class=\"elementor elementor-3591\" data-elementor-settings=\"{&quot;ha_cmc_init_switcher&quot;:&quot;no&quot;}\" data-elementor-post-type=\"page\">\n\t\t\t\t\t\t<section class=\"elementor-section elementor-top-section elementor-element elementor-element-ded8551 banner-page elementor-section-boxed elementor-section-height-default elementor-section-height-default\" data-id=\"ded8551\" data-element_type=\"section\" data-settings=\"{&quot;background_background&quot;:&quot;classic&quot;,&quot;_ha_eqh_enable&quot;:false}\">\n\t\t\t\t\t\t\t<div class=\"elementor-background-overlay\"><\/div>\n\t\t\t\t\t\t\t<div class=\"elementor-container elementor-column-gap-default\">\n\t\t\t\t\t<div class=\"elementor-column elementor-col-100 elementor-top-column elementor-element elementor-element-d2fc28a\" data-id=\"d2fc28a\" data-element_type=\"column\">\n\t\t\t<div class=\"elementor-widget-wrap elementor-element-populated\">\n\t\t\t\t\t\t<div class=\"elementor-element elementor-element-e10183c elementor-widget elementor-widget-heading\" data-id=\"e10183c\" data-element_type=\"widget\" data-widget_type=\"heading.default\">\n\t\t\t\t<div class=\"elementor-widget-container\">\n\t\t\t\t\t<h1 class=\"elementor-heading-title elementor-size-default\">FMA: F\u00edsica Matem\u00e1tica<\/h1>\t\t\t\t<\/div>\n\t\t\t\t<\/div>\n\t\t\t\t\t<\/div>\n\t\t<\/div>\n\t\t\t\t\t<\/div>\n\t\t<\/section>\n\t\t\t\t<section class=\"elementor-section elementor-top-section elementor-element elementor-element-11199afb elementor-section-boxed elementor-section-height-default elementor-section-height-default\" data-id=\"11199afb\" data-element_type=\"section\" data-settings=\"{&quot;_ha_eqh_enable&quot;:false}\">\n\t\t\t\t\t\t<div class=\"elementor-container elementor-column-gap-default\">\n\t\t\t\t\t<div class=\"elementor-column elementor-col-100 elementor-top-column elementor-element elementor-element-5aab528d\" data-id=\"5aab528d\" data-element_type=\"column\">\n\t\t\t<div class=\"elementor-widget-wrap elementor-element-populated\">\n\t\t\t\t\t\t<div class=\"elementor-element elementor-element-252c1ab elementor-widget elementor-widget-heading\" data-id=\"252c1ab\" data-element_type=\"widget\" data-widget_type=\"heading.default\">\n\t\t\t\t<div class=\"elementor-widget-container\">\n\t\t\t\t\t<h2 class=\"elementor-heading-title elementor-size-default\">Composi\u00e7\u00e3o:<\/h2>\t\t\t\t<\/div>\n\t\t\t\t<\/div>\n\t\t\t\t<div class=\"elementor-element elementor-element-3504e824 elementor-widget elementor-widget-text-editor\" data-id=\"3504e824\" data-element_type=\"widget\" data-widget_type=\"text-editor.default\">\n\t\t\t\t<div class=\"elementor-widget-container\">\n\t\t\t\t\t\t\t\t\t<p>Ademir Eugenio Santana<br>Azadeh Mohammadi<br>Francesco Toppan &#8211;&nbsp;<b>Vice- coordenador<br><\/b>Jo\u00e3o Carlos Alves Barata<br>Maria Em\u00edlia Xavier Guimar\u00e3es &#8211;&nbsp;<span style=\"font-weight: 700;\">Coordenadora<\/span><\/p>\n<p><a href=\"\/v1\/sbf\/wp-content\/uploads\/2022\/05\/regFM.pdf\" target=\"_blank\" rel=\"noopener noreferrer\">Regimento FMA<\/a>&nbsp;(PDF)<\/p>\n<p><a href=\"\/v1\/sbf\/wp-content\/uploads\/2022\/05\/FMA-2020.pdf\" target=\"_blank\" rel=\"noopener\">Relat\u00f3rio 2020&nbsp;<\/a>(PDF)<\/p>\n<p><a href=\"\/v1\/sbf\/wp-content\/uploads\/2022\/05\/FMA-2019.pdf\" target=\"_blank\" rel=\"noopener\">Relat\u00f3rio 2019<\/a> (PDF)<\/p>\t\t\t\t\t\t\t\t<\/div>\n\t\t\t\t<\/div>\n\t\t\t\t\t<\/div>\n\t\t<\/div>\n\t\t\t\t\t<\/div>\n\t\t<\/section>\n\t\t\t\t<\/div>\n\t\t","protected":false},"excerpt":{"rendered":"<p>FMA: F\u00edsica Matem\u00e1tica Composi\u00e7\u00e3o: Ademir Eugenio SantanaAzadeh MohammadiFrancesco Toppan &#8211;&nbsp;Vice- coordenadorJo\u00e3o Carlos Alves BarataMaria Em\u00edlia Xavier Guimar\u00e3es &#8211;&nbsp;Coordenadora Regimento FMA&nbsp;(PDF) Relat\u00f3rio 2020&nbsp;(PDF) Relat\u00f3rio 2019 (PDF)<\/p>\n","protected":false},"author":4,"featured_media":16567,"parent":8578,"menu_order":5,"comment_status":"open","ping_status":"closed","template":"elementor_header_footer","meta":{"footnotes":""},"class_list":["post-3591","page","type-page","status-publish","has-post-thumbnail","hentry"],"aioseo_notices":[],"_links":{"self":[{"href":"https:\/\/www.sbfisica.org.br\/v1\/sbf\/wp-json\/wp\/v2\/pages\/3591","targetHints":{"allow":["GET"]}}],"collection":[{"href":"https:\/\/www.sbfisica.org.br\/v1\/sbf\/wp-json\/wp\/v2\/pages"}],"about":[{"href":"https:\/\/www.sbfisica.org.br\/v1\/sbf\/wp-json\/wp\/v2\/types\/page"}],"author":[{"embeddable":true,"href":"https:\/\/www.sbfisica.org.br\/v1\/sbf\/wp-json\/wp\/v2\/users\/4"}],"replies":[{"embeddable":true,"href":"https:\/\/www.sbfisica.org.br\/v1\/sbf\/wp-json\/wp\/v2\/comments?post=3591"}],"version-history":[{"count":29,"href":"https:\/\/www.sbfisica.org.br\/v1\/sbf\/wp-json\/wp\/v2\/pages\/3591\/revisions"}],"predecessor-version":[{"id":28034,"href":"https:\/\/www.sbfisica.org.br\/v1\/sbf\/wp-json\/wp\/v2\/pages\/3591\/revisions\/28034"}],"up":[{"embeddable":true,"href":"https:\/\/www.sbfisica.org.br\/v1\/sbf\/wp-json\/wp\/v2\/pages\/8578"}],"wp:featuredmedia":[{"embeddable":true,"href":"https:\/\/www.sbfisica.org.br\/v1\/sbf\/wp-json\/wp\/v2\/media\/16567"}],"wp:attachment":[{"href":"https:\/\/www.sbfisica.org.br\/v1\/sbf\/wp-json\/wp\/v2\/media?parent=3591"}],"curies":[{"name":"wp","href":"https:\/\/api.w.org\/{rel}","templated":true}]}}