{"id":3590,"date":"2017-10-27T10:55:13","date_gmt":"2017-10-27T12:55:13","guid":{"rendered":"https:\/\/sbfisica.org.br\/v1\/sbf\/2017\/10\/27\/fmc-fisica-da-materia-condensada-e-de-materiais\/"},"modified":"2025-07-01T13:15:27","modified_gmt":"2025-07-01T16:15:27","slug":"fmc-fisica-da-materia-condensada-e-de-materiais","status":"publish","type":"page","link":"https:\/\/www.sbfisica.org.br\/v1\/sbf\/comissoes\/comissoes-de-area\/fmc-fisica-da-materia-condensada-e-de-materiais\/","title":{"rendered":"FMC: F\u00edsica da Mat\u00e9ria Condensada e de Materiais"},"content":{"rendered":"<style>.elementor-3590 .elementor-element.elementor-element-07a48d5:not(.elementor-motion-effects-element-type-background), .elementor-3590 .elementor-element.elementor-element-07a48d5 > .elementor-motion-effects-container > .elementor-motion-effects-layer{background-color:#FAF9F6;background-image:url(\"https:\/\/www.sbfisica.org.br\/v1\/sbf\/wp-content\/uploads\/2022\/05\/close-up-of-the-structure-of-a-polyurethane-acoust-2022-05-03-12-13-36-utc-scaled.jpg\");background-position:center center;background-repeat:no-repeat;background-size:cover;}.elementor-3590 .elementor-element.elementor-element-07a48d5 > .elementor-background-overlay{background-color:transparent;background-image:linear-gradient(40deg, var( --e-global-color-secondary ) 50%, #FFFFFF00 70%);opacity:0.8;transition:background 0.3s, border-radius 0.3s, opacity 0.3s;}.elementor-3590 .elementor-element.elementor-element-07a48d5{transition:background 0.3s, border 0.3s, border-radius 0.3s, box-shadow 0.3s;margin-top:0%;margin-bottom:3%;padding:120px 0px 120px 0px;}.elementor-widget-heading .elementor-heading-title{font-family:var( --e-global-typography-primary-font-family ), raleway;font-weight:var( --e-global-typography-primary-font-weight );color:var( --e-global-color-primary );}.elementor-3590 .elementor-element.elementor-element-a026e0d{text-align:start;}.elementor-3590 .elementor-element.elementor-element-a026e0d .elementor-heading-title{font-family:\"Kanit\", raleway;font-size:50px;font-weight:600;color:#FFFFFF;}.elementor-3590 .elementor-element.elementor-element-c159a4b .elementor-heading-title{color:var( --e-global-color-secondary );}.elementor-widget-text-editor{font-family:var( --e-global-typography-text-font-family ), raleway;font-weight:var( --e-global-typography-text-font-weight );color:var( --e-global-color-text );}.elementor-widget-text-editor.elementor-drop-cap-view-stacked .elementor-drop-cap{background-color:var( --e-global-color-primary );}.elementor-widget-text-editor.elementor-drop-cap-view-framed .elementor-drop-cap, .elementor-widget-text-editor.elementor-drop-cap-view-default .elementor-drop-cap{color:var( --e-global-color-primary );border-color:var( --e-global-color-primary );}@media(max-width:1024px){.elementor-3590 .elementor-element.elementor-element-a026e0d .elementor-heading-title{font-size:40px;}}@media(min-width:1025px){.elementor-3590 .elementor-element.elementor-element-07a48d5:not(.elementor-motion-effects-element-type-background), .elementor-3590 .elementor-element.elementor-element-07a48d5 > .elementor-motion-effects-container > .elementor-motion-effects-layer{background-attachment:scroll;}}@media(max-width:767px){.elementor-3590 .elementor-element.elementor-element-07a48d5{padding:50px 0px 50px 0px;}.elementor-3590 .elementor-element.elementor-element-a026e0d .elementor-heading-title{font-size:25px;}}<\/style>\t\t<div data-elementor-type=\"wp-page\" data-elementor-id=\"3590\" class=\"elementor elementor-3590\" data-elementor-settings=\"{&quot;ha_cmc_init_switcher&quot;:&quot;no&quot;}\" data-elementor-post-type=\"page\">\n\t\t\t\t\t\t<section class=\"elementor-section elementor-top-section elementor-element elementor-element-07a48d5 banner-page elementor-section-boxed elementor-section-height-default elementor-section-height-default\" data-id=\"07a48d5\" data-element_type=\"section\" data-settings=\"{&quot;background_background&quot;:&quot;classic&quot;,&quot;_ha_eqh_enable&quot;:false}\">\n\t\t\t\t\t\t\t<div class=\"elementor-background-overlay\"><\/div>\n\t\t\t\t\t\t\t<div class=\"elementor-container elementor-column-gap-default\">\n\t\t\t\t\t<div class=\"elementor-column elementor-col-100 elementor-top-column elementor-element elementor-element-d0ab391\" data-id=\"d0ab391\" data-element_type=\"column\">\n\t\t\t<div class=\"elementor-widget-wrap elementor-element-populated\">\n\t\t\t\t\t\t<div class=\"elementor-element elementor-element-a026e0d elementor-widget elementor-widget-heading\" data-id=\"a026e0d\" data-element_type=\"widget\" data-widget_type=\"heading.default\">\n\t\t\t\t<div class=\"elementor-widget-container\">\n\t\t\t\t\t<h1 class=\"elementor-heading-title elementor-size-default\">FMC: F\u00edsica da Mat\u00e9ria Condensada e de Materiais<\/h1>\t\t\t\t<\/div>\n\t\t\t\t<\/div>\n\t\t\t\t\t<\/div>\n\t\t<\/div>\n\t\t\t\t\t<\/div>\n\t\t<\/section>\n\t\t\t\t<section class=\"elementor-section elementor-top-section elementor-element elementor-element-2ca79129 elementor-section-boxed elementor-section-height-default elementor-section-height-default\" data-id=\"2ca79129\" data-element_type=\"section\" data-settings=\"{&quot;_ha_eqh_enable&quot;:false}\">\n\t\t\t\t\t\t<div class=\"elementor-container elementor-column-gap-default\">\n\t\t\t\t\t<div class=\"elementor-column elementor-col-100 elementor-top-column elementor-element elementor-element-2a3b8d48\" data-id=\"2a3b8d48\" data-element_type=\"column\">\n\t\t\t<div class=\"elementor-widget-wrap elementor-element-populated\">\n\t\t\t\t\t\t<div class=\"elementor-element elementor-element-c159a4b elementor-widget elementor-widget-heading\" data-id=\"c159a4b\" data-element_type=\"widget\" data-widget_type=\"heading.default\">\n\t\t\t\t<div class=\"elementor-widget-container\">\n\t\t\t\t\t<h2 class=\"elementor-heading-title elementor-size-default\">Composi\u00e7\u00e3o:<\/h2>\t\t\t\t<\/div>\n\t\t\t\t<\/div>\n\t\t\t\t<div class=\"elementor-element elementor-element-264104e6 elementor-widget elementor-widget-text-editor\" data-id=\"264104e6\" data-element_type=\"widget\" data-widget_type=\"text-editor.default\">\n\t\t\t\t<div class=\"elementor-widget-container\">\n\t\t\t\t\t\t\t\t\t<p>Andrea Brito Latge<br>Francisco Anacleto Barros Fidelis de Moura<br>Marco Cremona&nbsp;&#8211; <b>Coordenador<\/b><br>Teldo Anderson da Silva Pereira &#8211; <b>Vice- coordenador<\/b>.<br>Rubens Silva<\/p>\n<p><a href=\"\/v1\/sbf\/wp-content\/uploads\/2022\/05\/regFMC.pdf\" target=\"_blank\" rel=\"noopener noreferrer\">Regimento FMC<\/a> (PDF)<\/p>\n<p><a href=\"\/v1\/sbf\/wp-content\/uploads\/2022\/05\/FMC-2020.pdf\" target=\"_blank\" rel=\"noopener\">Relat\u00f3rio 2020<\/a> (PDF)<br><a href=\"\/v1\/sbf\/wp-content\/uploads\/2022\/05\/FMC-2019.pdf\" target=\"_blank\" rel=\"noopener\"><br>Relat\u00f3rio 2019 <\/a>(PDF)<\/p>\n<p><a href=\"http:\/\/www.sbfisica.org.br\/fmc-online\" target=\"_blank\" rel=\"noopener\">FMC-Online<\/a><\/p>\n<p>Links relacionados:<a href=\"\/v1\/sbf\/premios\/premio-joaquim-da-costa-ribeiro\/\"><br>Pr\u00eamio Joaquim da Costa Ribeiro<\/a><br><a href=\"\/v1\/sbf\/premios\/premio-jose-leite-lopes\/\">Pr\u00eamio SBF de Melhor Tese em F\u00edsica da Mat\u00e9ria Condensada<\/a><br><a href=\"http:\/\/www.sbfisica.org.br\/~eosbf\/2020\/index.php\/pt\/\">Encontro de Outono da Sociedade Brasileira de F\u00edsica<\/a><\/p>\t\t\t\t\t\t\t\t<\/div>\n\t\t\t\t<\/div>\n\t\t\t\t\t<\/div>\n\t\t<\/div>\n\t\t\t\t\t<\/div>\n\t\t<\/section>\n\t\t\t\t<\/div>\n\t\t","protected":false},"excerpt":{"rendered":"<p>FMC: F\u00edsica da Mat\u00e9ria Condensada e de Materiais Composi\u00e7\u00e3o: Andrea Brito LatgeFrancisco Anacleto Barros Fidelis de MouraMarco Cremona&nbsp;&#8211; CoordenadorTeldo Anderson da Silva Pereira &#8211; Vice- coordenador.Rubens Silva Regimento FMC (PDF) Relat\u00f3rio 2020 (PDF)Relat\u00f3rio 2019 (PDF) FMC-Online Links relacionados:Pr\u00eamio Joaquim da Costa RibeiroPr\u00eamio SBF de Melhor Tese em F\u00edsica da Mat\u00e9ria CondensadaEncontro de Outono da Sociedade [&hellip;]<\/p>\n","protected":false},"author":4,"featured_media":16567,"parent":8578,"menu_order":6,"comment_status":"open","ping_status":"closed","template":"elementor_header_footer","meta":{"footnotes":""},"class_list":["post-3590","page","type-page","status-publish","has-post-thumbnail","hentry"],"aioseo_notices":[],"_links":{"self":[{"href":"https:\/\/www.sbfisica.org.br\/v1\/sbf\/wp-json\/wp\/v2\/pages\/3590","targetHints":{"allow":["GET"]}}],"collection":[{"href":"https:\/\/www.sbfisica.org.br\/v1\/sbf\/wp-json\/wp\/v2\/pages"}],"about":[{"href":"https:\/\/www.sbfisica.org.br\/v1\/sbf\/wp-json\/wp\/v2\/types\/page"}],"author":[{"embeddable":true,"href":"https:\/\/www.sbfisica.org.br\/v1\/sbf\/wp-json\/wp\/v2\/users\/4"}],"replies":[{"embeddable":true,"href":"https:\/\/www.sbfisica.org.br\/v1\/sbf\/wp-json\/wp\/v2\/comments?post=3590"}],"version-history":[{"count":32,"href":"https:\/\/www.sbfisica.org.br\/v1\/sbf\/wp-json\/wp\/v2\/pages\/3590\/revisions"}],"predecessor-version":[{"id":27747,"href":"https:\/\/www.sbfisica.org.br\/v1\/sbf\/wp-json\/wp\/v2\/pages\/3590\/revisions\/27747"}],"up":[{"embeddable":true,"href":"https:\/\/www.sbfisica.org.br\/v1\/sbf\/wp-json\/wp\/v2\/pages\/8578"}],"wp:featuredmedia":[{"embeddable":true,"href":"https:\/\/www.sbfisica.org.br\/v1\/sbf\/wp-json\/wp\/v2\/media\/16567"}],"wp:attachment":[{"href":"https:\/\/www.sbfisica.org.br\/v1\/sbf\/wp-json\/wp\/v2\/media?parent=3590"}],"curies":[{"name":"wp","href":"https:\/\/api.w.org\/{rel}","templated":true}]}}