{"id":3589,"date":"2017-10-27T10:54:32","date_gmt":"2017-10-27T12:54:32","guid":{"rendered":"https:\/\/sbfisica.org.br\/v1\/sbf\/2017\/10\/27\/med-fisica-medica\/"},"modified":"2025-08-04T14:57:03","modified_gmt":"2025-08-04T17:57:03","slug":"med-fisica-medica","status":"publish","type":"page","link":"https:\/\/www.sbfisica.org.br\/v1\/sbf\/comissoes\/comissoes-de-area\/med-fisica-medica\/","title":{"rendered":"MED: F\u00edsica M\u00e9dica"},"content":{"rendered":"\t\t<div data-elementor-type=\"wp-page\" data-elementor-id=\"3589\" class=\"elementor elementor-3589\" data-elementor-settings=\"{&quot;ha_cmc_init_switcher&quot;:&quot;no&quot;}\" data-elementor-post-type=\"page\">\n\t\t\t\t\t\t<section class=\"elementor-section elementor-top-section elementor-element elementor-element-88e9db1 banner-page elementor-section-boxed elementor-section-height-default elementor-section-height-default\" data-id=\"88e9db1\" data-element_type=\"section\" data-e-type=\"section\" data-settings=\"{&quot;background_background&quot;:&quot;classic&quot;,&quot;_ha_eqh_enable&quot;:false}\">\n\t\t\t\t\t\t\t<div class=\"elementor-background-overlay\"><\/div>\n\t\t\t\t\t\t\t<div class=\"elementor-container elementor-column-gap-default\">\n\t\t\t\t\t<div class=\"elementor-column elementor-col-100 elementor-top-column elementor-element elementor-element-1729ed6\" data-id=\"1729ed6\" data-element_type=\"column\" data-e-type=\"column\">\n\t\t\t<div class=\"elementor-widget-wrap elementor-element-populated\">\n\t\t\t\t\t\t<div class=\"elementor-element elementor-element-bca5ae1 elementor-widget elementor-widget-heading\" data-id=\"bca5ae1\" data-element_type=\"widget\" data-e-type=\"widget\" data-widget_type=\"heading.default\">\n\t\t\t\t<div class=\"elementor-widget-container\">\n\t\t\t\t\t<h1 class=\"elementor-heading-title elementor-size-default\">MED: F\u00edsica M\u00e9dica<\/h1>\t\t\t\t<\/div>\n\t\t\t\t<\/div>\n\t\t\t\t\t<\/div>\n\t\t<\/div>\n\t\t\t\t\t<\/div>\n\t\t<\/section>\n\t\t\t\t<section class=\"elementor-section elementor-top-section elementor-element elementor-element-55552b11 elementor-section-boxed elementor-section-height-default elementor-section-height-default\" data-id=\"55552b11\" data-element_type=\"section\" data-e-type=\"section\" data-settings=\"{&quot;_ha_eqh_enable&quot;:false}\">\n\t\t\t\t\t\t<div class=\"elementor-container elementor-column-gap-default\">\n\t\t\t\t\t<div class=\"elementor-column elementor-col-100 elementor-top-column elementor-element elementor-element-63f41c\" data-id=\"63f41c\" data-element_type=\"column\" data-e-type=\"column\">\n\t\t\t<div class=\"elementor-widget-wrap elementor-element-populated\">\n\t\t\t\t\t\t<div class=\"elementor-element elementor-element-18803938 elementor-widget elementor-widget-text-editor\" data-id=\"18803938\" data-element_type=\"widget\" data-e-type=\"widget\" data-widget_type=\"text-editor.default\">\n\t\t\t\t<div class=\"elementor-widget-container\">\n\t\t\t\t\t\t\t\t\t<h2>Composi\u00e7\u00e3o<\/h2><ul><li>Mariana Zancan Tonel<\/li><li><strong>Paulo Roberto Costa &#8211; Coordenador<\/strong><\/li><li>Susana Souza Lalic<\/li><li>Simone Coutinho Cardoso<\/li><li>Theo Zeferino Pavan<\/li><\/ul><h2>Documentos<\/h2><ul><li><a href=\"\/v1\/sbf\/wp-content\/uploads\/2022\/05\/regMED.pdf\" target=\"_blank\" rel=\"noopener noreferrer\">Regimento MED<\/a>\u00a0(PDF)<\/li><\/ul><h3>4\u00aa Confer\u00eancia Nacional de Ci\u00eancia, Tecnologia e Inova\u00e7\u00e3o<\/h3><ul><li><a href=\"\/v1\/sbf\/wp-content\/uploads\/2022\/05\/medica.pdf\" target=\"_blank\" rel=\"noopener noreferrer\">Documento de \u00c1rea &#8211; F\u00edsica M\u00e9dica<\/a>\u00a0(PDF)<\/li><\/ul><h2>Relat\u00f3rios<\/h2><ul><li><a href=\"\/v1\/sbf\/wp-content\/uploads\/2022\/05\/MED-2020.pdf\" target=\"_blank\" rel=\"noopener\">Relat\u00f3rio 2020<\/a> (PDF)<\/li><li><a href=\"\/v1\/sbf\/wp-content\/uploads\/2022\/05\/MED-2019.pdf\" target=\"_blank\" rel=\"noopener\">Relat\u00f3rio 2019<\/a> (PDF)<\/li><\/ul>\t\t\t\t\t\t\t\t<\/div>\n\t\t\t\t<\/div>\n\t\t\t\t\t<\/div>\n\t\t<\/div>\n\t\t\t\t\t<\/div>\n\t\t<\/section>\n\t\t\t\t<\/div>\n\t\t","protected":false},"excerpt":{"rendered":"<p>MED: F\u00edsica M\u00e9dica Composi\u00e7\u00e3o Mariana Zancan Tonel Paulo Roberto Costa &#8211; Coordenador Susana Souza Lalic Simone Coutinho Cardoso Theo Zeferino Pavan Documentos Regimento MED\u00a0(PDF) 4\u00aa Confer\u00eancia Nacional de Ci\u00eancia, Tecnologia e Inova\u00e7\u00e3o Documento de \u00c1rea &#8211; F\u00edsica M\u00e9dica\u00a0(PDF) Relat\u00f3rios Relat\u00f3rio 2020 (PDF) Relat\u00f3rio 2019 (PDF)<\/p>\n","protected":false},"author":4,"featured_media":16567,"parent":8578,"menu_order":7,"comment_status":"open","ping_status":"closed","template":"elementor_header_footer","meta":{"footnotes":""},"class_list":["post-3589","page","type-page","status-publish","has-post-thumbnail","hentry"],"aioseo_notices":[],"_links":{"self":[{"href":"https:\/\/www.sbfisica.org.br\/v1\/sbf\/wp-json\/wp\/v2\/pages\/3589","targetHints":{"allow":["GET"]}}],"collection":[{"href":"https:\/\/www.sbfisica.org.br\/v1\/sbf\/wp-json\/wp\/v2\/pages"}],"about":[{"href":"https:\/\/www.sbfisica.org.br\/v1\/sbf\/wp-json\/wp\/v2\/types\/page"}],"author":[{"embeddable":true,"href":"https:\/\/www.sbfisica.org.br\/v1\/sbf\/wp-json\/wp\/v2\/users\/4"}],"replies":[{"embeddable":true,"href":"https:\/\/www.sbfisica.org.br\/v1\/sbf\/wp-json\/wp\/v2\/comments?post=3589"}],"version-history":[{"count":39,"href":"https:\/\/www.sbfisica.org.br\/v1\/sbf\/wp-json\/wp\/v2\/pages\/3589\/revisions"}],"predecessor-version":[{"id":28252,"href":"https:\/\/www.sbfisica.org.br\/v1\/sbf\/wp-json\/wp\/v2\/pages\/3589\/revisions\/28252"}],"up":[{"embeddable":true,"href":"https:\/\/www.sbfisica.org.br\/v1\/sbf\/wp-json\/wp\/v2\/pages\/8578"}],"wp:featuredmedia":[{"embeddable":true,"href":"https:\/\/www.sbfisica.org.br\/v1\/sbf\/wp-json\/wp\/v2\/media\/16567"}],"wp:attachment":[{"href":"https:\/\/www.sbfisica.org.br\/v1\/sbf\/wp-json\/wp\/v2\/media?parent=3589"}],"curies":[{"name":"wp","href":"https:\/\/api.w.org\/{rel}","templated":true}]}}