{"id":3588,"date":"2017-10-27T10:53:49","date_gmt":"2017-10-27T12:53:49","guid":{"rendered":"https:\/\/sbfisica.org.br\/v1\/sbf\/2017\/10\/27\/nuc-fisica-nuclear-e-aplicacoes\/"},"modified":"2025-07-04T10:48:25","modified_gmt":"2025-07-04T13:48:25","slug":"nuc-fisica-nuclear-e-aplicacoes","status":"publish","type":"page","link":"https:\/\/www.sbfisica.org.br\/v1\/sbf\/comissoes\/comissoes-de-area\/nuc-fisica-nuclear-e-aplicacoes\/","title":{"rendered":"NUC: F\u00edsica Nuclear e Aplica\u00e7\u00f5es"},"content":{"rendered":"<style>.elementor-3588 .elementor-element.elementor-element-d7d8b07:not(.elementor-motion-effects-element-type-background), .elementor-3588 .elementor-element.elementor-element-d7d8b07 > .elementor-motion-effects-container > .elementor-motion-effects-layer{background-color:#FAF9F6;background-image:url(\"https:\/\/www.sbfisica.org.br\/v1\/sbf\/wp-content\/uploads\/2022\/05\/a-doctor-with-a-patient-s-x-ray-film-2021-08-29-19-51-05-utc-scaled.jpg\");background-position:center center;background-repeat:no-repeat;background-size:cover;}.elementor-3588 .elementor-element.elementor-element-d7d8b07 > .elementor-background-overlay{background-color:transparent;background-image:linear-gradient(40deg, var( --e-global-color-secondary ) 50%, #FFFFFF00 70%);opacity:0.8;transition:background 0.3s, border-radius 0.3s, opacity 0.3s;}.elementor-3588 .elementor-element.elementor-element-d7d8b07{transition:background 0.3s, border 0.3s, border-radius 0.3s, box-shadow 0.3s;margin-top:0%;margin-bottom:3%;padding:120px 0px 120px 0px;}.elementor-widget-heading .elementor-heading-title{font-family:var( --e-global-typography-primary-font-family ), raleway;font-weight:var( --e-global-typography-primary-font-weight );color:var( --e-global-color-primary );}.elementor-3588 .elementor-element.elementor-element-ba6d27f{text-align:start;}.elementor-3588 .elementor-element.elementor-element-ba6d27f .elementor-heading-title{font-family:\"Kanit\", raleway;font-size:50px;font-weight:600;color:#FFFFFF;}.elementor-3588 .elementor-element.elementor-element-b1923c9 .elementor-heading-title{color:var( --e-global-color-secondary );}.elementor-widget-text-editor{font-family:var( --e-global-typography-text-font-family ), raleway;font-weight:var( --e-global-typography-text-font-weight );color:var( --e-global-color-text );}.elementor-widget-text-editor.elementor-drop-cap-view-stacked .elementor-drop-cap{background-color:var( --e-global-color-primary );}.elementor-widget-text-editor.elementor-drop-cap-view-framed .elementor-drop-cap, .elementor-widget-text-editor.elementor-drop-cap-view-default .elementor-drop-cap{color:var( --e-global-color-primary );border-color:var( --e-global-color-primary );}@media(max-width:1024px){.elementor-3588 .elementor-element.elementor-element-ba6d27f .elementor-heading-title{font-size:40px;}}@media(min-width:1025px){.elementor-3588 .elementor-element.elementor-element-d7d8b07:not(.elementor-motion-effects-element-type-background), .elementor-3588 .elementor-element.elementor-element-d7d8b07 > .elementor-motion-effects-container > .elementor-motion-effects-layer{background-attachment:scroll;}}@media(max-width:767px){.elementor-3588 .elementor-element.elementor-element-d7d8b07{padding:50px 0px 50px 0px;}.elementor-3588 .elementor-element.elementor-element-ba6d27f .elementor-heading-title{font-size:25px;}}<\/style>\t\t<div data-elementor-type=\"wp-page\" data-elementor-id=\"3588\" class=\"elementor elementor-3588\" data-elementor-settings=\"{&quot;ha_cmc_init_switcher&quot;:&quot;no&quot;}\" data-elementor-post-type=\"page\">\n\t\t\t\t\t\t<section class=\"elementor-section elementor-top-section elementor-element elementor-element-d7d8b07 banner-page elementor-section-boxed elementor-section-height-default elementor-section-height-default\" data-id=\"d7d8b07\" data-element_type=\"section\" data-settings=\"{&quot;background_background&quot;:&quot;classic&quot;,&quot;_ha_eqh_enable&quot;:false}\">\n\t\t\t\t\t\t\t<div class=\"elementor-background-overlay\"><\/div>\n\t\t\t\t\t\t\t<div class=\"elementor-container elementor-column-gap-default\">\n\t\t\t\t\t<div class=\"elementor-column elementor-col-100 elementor-top-column elementor-element elementor-element-cd74be3\" data-id=\"cd74be3\" data-element_type=\"column\">\n\t\t\t<div class=\"elementor-widget-wrap elementor-element-populated\">\n\t\t\t\t\t\t<div class=\"elementor-element elementor-element-ba6d27f elementor-widget elementor-widget-heading\" data-id=\"ba6d27f\" data-element_type=\"widget\" data-widget_type=\"heading.default\">\n\t\t\t\t<div class=\"elementor-widget-container\">\n\t\t\t\t\t<h1 class=\"elementor-heading-title elementor-size-default\">NUC: F\u00edsica Nuclear e Aplica\u00e7\u00f5es<\/h1>\t\t\t\t<\/div>\n\t\t\t\t<\/div>\n\t\t\t\t\t<\/div>\n\t\t<\/div>\n\t\t\t\t\t<\/div>\n\t\t<\/section>\n\t\t\t\t<section class=\"elementor-section elementor-top-section elementor-element elementor-element-59e72b2f elementor-section-boxed elementor-section-height-default elementor-section-height-default\" data-id=\"59e72b2f\" data-element_type=\"section\" data-settings=\"{&quot;_ha_eqh_enable&quot;:false}\">\n\t\t\t\t\t\t<div class=\"elementor-container elementor-column-gap-default\">\n\t\t\t\t\t<div class=\"elementor-column elementor-col-100 elementor-top-column elementor-element elementor-element-6bbcfc80\" data-id=\"6bbcfc80\" data-element_type=\"column\">\n\t\t\t<div class=\"elementor-widget-wrap elementor-element-populated\">\n\t\t\t\t\t\t<div class=\"elementor-element elementor-element-b1923c9 elementor-widget elementor-widget-heading\" data-id=\"b1923c9\" data-element_type=\"widget\" data-widget_type=\"heading.default\">\n\t\t\t\t<div class=\"elementor-widget-container\">\n\t\t\t\t\t<h2 class=\"elementor-heading-title elementor-size-default\">Composi\u00e7\u00e3o:<\/h2>\t\t\t\t<\/div>\n\t\t\t\t<\/div>\n\t\t\t\t<div class=\"elementor-element elementor-element-61c17dc3 elementor-widget elementor-widget-text-editor\" data-id=\"61c17dc3\" data-element_type=\"widget\" data-widget_type=\"text-editor.default\">\n\t\t\t\t<div class=\"elementor-widget-container\">\n\t\t\t\t\t\t\t\t\t<p>Magno Val\u00e9rio Trindade Machado<br>Frederico Antonio Genezini<br>Leandro Romero Gasques &#8211; <b>Coordenador<\/b><br>Gabriel Silveira Denicol &#8211;&nbsp;<b>Vice-coordenador<\/b><br>Marcia de Almeida Rizzutto<\/p>\n<p><a href=\"\/v1\/sbf\/wp-content\/uploads\/2022\/05\/regNUC.pdf\" target=\"_blank\" rel=\"noopener noreferrer\">Regimento NUC<\/a>&nbsp;(PDF)<\/p>\n<p>4\u00aa Confer\u00eancia Nacional de Ci\u00eancia, Tecnologia e Inova\u00e7\u00e3o<a href=\"\/v1\/sbf\/wp-content\/uploads\/2022\/05\/nuclear.pdf\" target=\"_blank\" rel=\"noopener noreferrer\"><br>Documento de \u00c1rea &#8211; F\u00edsica Nuclear e suas Aplica\u00e7\u00f5es<\/a>&nbsp;(PDF)<\/p>\n<p><a href=\"\/v1\/sbf\/wp-content\/uploads\/2022\/05\/NUC-2020.pdf\" target=\"_blank\" rel=\"noopener\">Relat\u00f3rio 2020<\/a>&nbsp;(PDF)<br><a href=\"\/v1\/sbf\/wp-content\/uploads\/2022\/05\/NUC-2019.pdf\" target=\"_blank\" rel=\"noopener\">Relat\u00f3rio 2019<\/a> (PDF)<\/p>\t\t\t\t\t\t\t\t<\/div>\n\t\t\t\t<\/div>\n\t\t\t\t\t<\/div>\n\t\t<\/div>\n\t\t\t\t\t<\/div>\n\t\t<\/section>\n\t\t\t\t<\/div>\n\t\t","protected":false},"excerpt":{"rendered":"<p>NUC: F\u00edsica Nuclear e Aplica\u00e7\u00f5es Composi\u00e7\u00e3o: Magno Val\u00e9rio Trindade MachadoFrederico Antonio GeneziniLeandro Romero Gasques &#8211; CoordenadorGabriel Silveira Denicol &#8211;&nbsp;Vice-coordenadorMarcia de Almeida Rizzutto Regimento NUC&nbsp;(PDF) 4\u00aa Confer\u00eancia Nacional de Ci\u00eancia, Tecnologia e Inova\u00e7\u00e3oDocumento de \u00c1rea &#8211; F\u00edsica Nuclear e suas Aplica\u00e7\u00f5es&nbsp;(PDF) Relat\u00f3rio 2020&nbsp;(PDF)Relat\u00f3rio 2019 (PDF)<\/p>\n","protected":false},"author":4,"featured_media":16567,"parent":8578,"menu_order":8,"comment_status":"open","ping_status":"closed","template":"elementor_header_footer","meta":{"footnotes":""},"class_list":["post-3588","page","type-page","status-publish","has-post-thumbnail","hentry"],"aioseo_notices":[],"_links":{"self":[{"href":"https:\/\/www.sbfisica.org.br\/v1\/sbf\/wp-json\/wp\/v2\/pages\/3588","targetHints":{"allow":["GET"]}}],"collection":[{"href":"https:\/\/www.sbfisica.org.br\/v1\/sbf\/wp-json\/wp\/v2\/pages"}],"about":[{"href":"https:\/\/www.sbfisica.org.br\/v1\/sbf\/wp-json\/wp\/v2\/types\/page"}],"author":[{"embeddable":true,"href":"https:\/\/www.sbfisica.org.br\/v1\/sbf\/wp-json\/wp\/v2\/users\/4"}],"replies":[{"embeddable":true,"href":"https:\/\/www.sbfisica.org.br\/v1\/sbf\/wp-json\/wp\/v2\/comments?post=3588"}],"version-history":[{"count":30,"href":"https:\/\/www.sbfisica.org.br\/v1\/sbf\/wp-json\/wp\/v2\/pages\/3588\/revisions"}],"predecessor-version":[{"id":27826,"href":"https:\/\/www.sbfisica.org.br\/v1\/sbf\/wp-json\/wp\/v2\/pages\/3588\/revisions\/27826"}],"up":[{"embeddable":true,"href":"https:\/\/www.sbfisica.org.br\/v1\/sbf\/wp-json\/wp\/v2\/pages\/8578"}],"wp:featuredmedia":[{"embeddable":true,"href":"https:\/\/www.sbfisica.org.br\/v1\/sbf\/wp-json\/wp\/v2\/media\/16567"}],"wp:attachment":[{"href":"https:\/\/www.sbfisica.org.br\/v1\/sbf\/wp-json\/wp\/v2\/media?parent=3588"}],"curies":[{"name":"wp","href":"https:\/\/api.w.org\/{rel}","templated":true}]}}