{"id":3585,"date":"2017-10-27T10:50:16","date_gmt":"2017-10-27T12:50:16","guid":{"rendered":"https:\/\/sbfisica.org.br\/v1\/sbf\/2017\/10\/27\/pla-fisica-de-plasmas\/"},"modified":"2025-08-04T14:57:05","modified_gmt":"2025-08-04T17:57:05","slug":"pla-fisica-de-plasmas","status":"publish","type":"page","link":"https:\/\/www.sbfisica.org.br\/v1\/sbf\/comissoes\/comissoes-de-area\/pla-fisica-de-plasmas\/","title":{"rendered":"PLA: F\u00edsica de Plasmas"},"content":{"rendered":"<style>.elementor-3585 .elementor-element.elementor-element-f23c263:not(.elementor-motion-effects-element-type-background), .elementor-3585 .elementor-element.elementor-element-f23c263 > .elementor-motion-effects-container > .elementor-motion-effects-layer{background-color:#FAF9F6;background-image:url(\"https:\/\/www.sbfisica.org.br\/v1\/sbf\/wp-content\/uploads\/2022\/05\/finger-touch-electric-plasma-ball-on-a-dark-backgr-2022-02-04-16-01-30-utc-scaled.jpg\");background-position:bottom right;background-repeat:no-repeat;background-size:cover;}.elementor-3585 .elementor-element.elementor-element-f23c263 > .elementor-background-overlay{background-color:transparent;background-image:linear-gradient(40deg, var( --e-global-color-secondary ) 50%, #FFFFFF00 70%);opacity:0.8;transition:background 0.3s, border-radius 0.3s, opacity 0.3s;}.elementor-3585 .elementor-element.elementor-element-f23c263{transition:background 0.3s, border 0.3s, border-radius 0.3s, box-shadow 0.3s;margin-top:0%;margin-bottom:3%;padding:120px 0px 120px 0px;}.elementor-widget-heading .elementor-heading-title{font-family:var( --e-global-typography-primary-font-family ), raleway;font-weight:var( --e-global-typography-primary-font-weight );color:var( --e-global-color-primary );}.elementor-3585 .elementor-element.elementor-element-180ad47{text-align:start;}.elementor-3585 .elementor-element.elementor-element-180ad47 .elementor-heading-title{font-family:\"Kanit\", raleway;font-size:50px;font-weight:600;color:#FFFFFF;}.elementor-3585 .elementor-element.elementor-element-a81c95c .elementor-heading-title{color:var( --e-global-color-secondary );}.elementor-widget-text-editor{font-family:var( --e-global-typography-text-font-family ), raleway;font-weight:var( --e-global-typography-text-font-weight );color:var( --e-global-color-text );}.elementor-widget-text-editor.elementor-drop-cap-view-stacked .elementor-drop-cap{background-color:var( --e-global-color-primary );}.elementor-widget-text-editor.elementor-drop-cap-view-framed .elementor-drop-cap, .elementor-widget-text-editor.elementor-drop-cap-view-default .elementor-drop-cap{color:var( --e-global-color-primary );border-color:var( --e-global-color-primary );}@media(max-width:1024px){.elementor-3585 .elementor-element.elementor-element-180ad47 .elementor-heading-title{font-size:40px;}}@media(min-width:1025px){.elementor-3585 .elementor-element.elementor-element-f23c263:not(.elementor-motion-effects-element-type-background), .elementor-3585 .elementor-element.elementor-element-f23c263 > .elementor-motion-effects-container > .elementor-motion-effects-layer{background-attachment:scroll;}}@media(max-width:767px){.elementor-3585 .elementor-element.elementor-element-f23c263{padding:50px 0px 50px 0px;}.elementor-3585 .elementor-element.elementor-element-180ad47 .elementor-heading-title{font-size:25px;}}\/* Start custom CSS for text-editor, class: .elementor-element-48cf4cc0 *\/ul {\r\n    list-style-type: disc !Important;\r\n}\/* End custom CSS *\/<\/style>\t\t<div data-elementor-type=\"wp-page\" data-elementor-id=\"3585\" class=\"elementor elementor-3585\" data-elementor-settings=\"{&quot;ha_cmc_init_switcher&quot;:&quot;no&quot;}\" data-elementor-post-type=\"page\">\n\t\t\t\t\t\t<section class=\"elementor-section elementor-top-section elementor-element elementor-element-f23c263 banner-page elementor-section-boxed elementor-section-height-default elementor-section-height-default\" data-id=\"f23c263\" data-element_type=\"section\" data-settings=\"{&quot;background_background&quot;:&quot;classic&quot;,&quot;_ha_eqh_enable&quot;:false}\">\n\t\t\t\t\t\t\t<div class=\"elementor-background-overlay\"><\/div>\n\t\t\t\t\t\t\t<div class=\"elementor-container elementor-column-gap-default\">\n\t\t\t\t\t<div class=\"elementor-column elementor-col-100 elementor-top-column elementor-element elementor-element-2c4129e\" data-id=\"2c4129e\" data-element_type=\"column\">\n\t\t\t<div class=\"elementor-widget-wrap elementor-element-populated\">\n\t\t\t\t\t\t<div class=\"elementor-element elementor-element-180ad47 elementor-widget elementor-widget-heading\" data-id=\"180ad47\" data-element_type=\"widget\" data-widget_type=\"heading.default\">\n\t\t\t\t<div class=\"elementor-widget-container\">\n\t\t\t\t\t<h1 class=\"elementor-heading-title elementor-size-default\">PLA: F\u00edsica de Plasmas<\/h1>\t\t\t\t<\/div>\n\t\t\t\t<\/div>\n\t\t\t\t\t<\/div>\n\t\t<\/div>\n\t\t\t\t\t<\/div>\n\t\t<\/section>\n\t\t\t\t<section class=\"elementor-section elementor-top-section elementor-element elementor-element-65a2b48 elementor-section-boxed elementor-section-height-default elementor-section-height-default\" data-id=\"65a2b48\" data-element_type=\"section\" data-settings=\"{&quot;_ha_eqh_enable&quot;:false}\">\n\t\t\t\t\t\t<div class=\"elementor-container elementor-column-gap-default\">\n\t\t\t\t\t<div class=\"elementor-column elementor-col-100 elementor-top-column elementor-element elementor-element-2df6b99b\" data-id=\"2df6b99b\" data-element_type=\"column\">\n\t\t\t<div class=\"elementor-widget-wrap elementor-element-populated\">\n\t\t\t\t\t\t<div class=\"elementor-element elementor-element-a81c95c elementor-widget elementor-widget-heading\" data-id=\"a81c95c\" data-element_type=\"widget\" data-widget_type=\"heading.default\">\n\t\t\t\t<div class=\"elementor-widget-container\">\n\t\t\t\t\t<h2 class=\"elementor-heading-title elementor-size-default\">Composi\u00e7\u00e3o:<\/h2>\t\t\t\t<\/div>\n\t\t\t\t<\/div>\n\t\t\t\t<div class=\"elementor-element elementor-element-48cf4cc0 elementor-widget elementor-widget-text-editor\" data-id=\"48cf4cc0\" data-element_type=\"widget\" data-widget_type=\"text-editor.default\">\n\t\t\t\t<div class=\"elementor-widget-container\">\n\t\t\t\t\t\t\t\t\t<ul><li><strong>Gustavo Paganini Canal &#8211; Coordenador<\/strong><\/li><li><strong>Konstantin Georgiev Kostov &#8211; Vice-coordenador<\/strong><\/li><li>Luiz Fernando Ziebell<\/li><li>Ricardo Luiz Viana<\/li><li>Wanderley Pires de S\u00e1<\/li><\/ul><p><a href=\"\/v1\/sbf\/wp-content\/uploads\/2022\/05\/regPLA.pdf\" target=\"_blank\" rel=\"noreferrer noopener\">Regimento PLA\u00a0<\/a>(PDF)<\/p><h3>4\u00aa Confer\u00eancia Nacional de Ci\u00eancia, Tecnologia e Inova\u00e7\u00e3o<\/h3><ul><li><a href=\"\/v1\/sbf\/wp-content\/uploads\/2022\/05\/plasmas.pdf\" target=\"_blank\" rel=\"noopener noreferrer\">Documento de \u00c1rea &#8211; F\u00edsica de Plasmas<\/a>\u00a0(PDF)<\/li><\/ul><h3>Relat\u00f3rios<\/h3><ul><li><a href=\"https:\/\/www.sbfisica.org.br\/v1\/sbf\/wp-content\/uploads\/2024\/08\/Relatorio_Plasmas_SBF_2023-rev.pdf\">Relat\u00f3rio 2023<\/a> (PDF)<\/li><li><a href=\"https:\/\/www.sbfisica.org.br\/v1\/sbf\/wp-content\/uploads\/2024\/08\/PLA-2022.pdf\">Relat\u00f3rio 2022<\/a> (PDF)<\/li><li><a href=\"\/v1\/sbf\/wp-content\/uploads\/2022\/05\/PLA-2020.pdf\" target=\"_blank\" rel=\"noopener\">Relat\u00f3rio 2020<\/a> (PDF)<\/li><li><a href=\"\/v1\/sbf\/wp-content\/uploads\/2022\/05\/PLA-2019.pdf\" target=\"_blank\" rel=\"noopener\">Relat\u00f3rio 2019<\/a> (PDF)<\/li><\/ul>\t\t\t\t\t\t\t\t<\/div>\n\t\t\t\t<\/div>\n\t\t\t\t\t<\/div>\n\t\t<\/div>\n\t\t\t\t\t<\/div>\n\t\t<\/section>\n\t\t\t\t<\/div>\n\t\t","protected":false},"excerpt":{"rendered":"<p>PLA: F\u00edsica de Plasmas Composi\u00e7\u00e3o: Gustavo Paganini Canal &#8211; Coordenador Konstantin Georgiev Kostov &#8211; Vice-coordenador Luiz Fernando Ziebell Ricardo Luiz Viana Wanderley Pires de S\u00e1 Regimento PLA\u00a0(PDF) 4\u00aa Confer\u00eancia Nacional de Ci\u00eancia, Tecnologia e Inova\u00e7\u00e3o Documento de \u00c1rea &#8211; F\u00edsica de Plasmas\u00a0(PDF) Relat\u00f3rios Relat\u00f3rio 2023 (PDF) Relat\u00f3rio 2022 (PDF) Relat\u00f3rio 2020 (PDF) Relat\u00f3rio 2019 (PDF)<\/p>\n","protected":false},"author":4,"featured_media":16567,"parent":8578,"menu_order":11,"comment_status":"open","ping_status":"closed","template":"elementor_header_footer","meta":{"footnotes":""},"class_list":["post-3585","page","type-page","status-publish","has-post-thumbnail","hentry"],"aioseo_notices":[],"_links":{"self":[{"href":"https:\/\/www.sbfisica.org.br\/v1\/sbf\/wp-json\/wp\/v2\/pages\/3585","targetHints":{"allow":["GET"]}}],"collection":[{"href":"https:\/\/www.sbfisica.org.br\/v1\/sbf\/wp-json\/wp\/v2\/pages"}],"about":[{"href":"https:\/\/www.sbfisica.org.br\/v1\/sbf\/wp-json\/wp\/v2\/types\/page"}],"author":[{"embeddable":true,"href":"https:\/\/www.sbfisica.org.br\/v1\/sbf\/wp-json\/wp\/v2\/users\/4"}],"replies":[{"embeddable":true,"href":"https:\/\/www.sbfisica.org.br\/v1\/sbf\/wp-json\/wp\/v2\/comments?post=3585"}],"version-history":[{"count":63,"href":"https:\/\/www.sbfisica.org.br\/v1\/sbf\/wp-json\/wp\/v2\/pages\/3585\/revisions"}],"predecessor-version":[{"id":28255,"href":"https:\/\/www.sbfisica.org.br\/v1\/sbf\/wp-json\/wp\/v2\/pages\/3585\/revisions\/28255"}],"up":[{"embeddable":true,"href":"https:\/\/www.sbfisica.org.br\/v1\/sbf\/wp-json\/wp\/v2\/pages\/8578"}],"wp:featuredmedia":[{"embeddable":true,"href":"https:\/\/www.sbfisica.org.br\/v1\/sbf\/wp-json\/wp\/v2\/media\/16567"}],"wp:attachment":[{"href":"https:\/\/www.sbfisica.org.br\/v1\/sbf\/wp-json\/wp\/v2\/media?parent=3585"}],"curies":[{"name":"wp","href":"https:\/\/api.w.org\/{rel}","templated":true}]}}