{"id":31338,"date":"2026-04-24T18:39:33","date_gmt":"2026-04-24T21:39:33","guid":{"rendered":"https:\/\/www.sbfisica.org.br\/v1\/sbf\/?page_id=31338"},"modified":"2026-04-27T19:26:51","modified_gmt":"2026-04-27T22:26:51","slug":"premio-tese-de-doutorado-em-fisica-do-espirito-santo","status":"publish","type":"page","link":"https:\/\/www.sbfisica.org.br\/v1\/sbf\/secretaria-de-divisao-estadual-es\/premio-tese-de-doutorado-em-fisica-do-espirito-santo\/","title":{"rendered":"Pr\u00eamio Tese de Doutorado em F\u00edsica do Esp\u00edrito Santo"},"content":{"rendered":"<style>.elementor-31338 .elementor-element.elementor-element-da35c98:not(.elementor-motion-effects-element-type-background), .elementor-31338 .elementor-element.elementor-element-da35c98 > .elementor-motion-effects-container > .elementor-motion-effects-layer{background-color:#FAF9F6;background-image:url(\"https:\/\/www.sbfisica.org.br\/v1\/sbf\/wp-content\/uploads\/2026\/04\/Banner-Premio-Teses-fundo.png\");background-position:bottom center;background-repeat:no-repeat;background-size:cover;}.elementor-31338 .elementor-element.elementor-element-da35c98 > .elementor-background-overlay{background-color:transparent;background-image:linear-gradient(40deg, var( --e-global-color-secondary ) 50%, #FFFFFF00 70%);opacity:0.8;transition:background 0.3s, border-radius 0.3s, opacity 0.3s;}.elementor-31338 .elementor-element.elementor-element-da35c98{transition:background 0.3s, border 0.3s, border-radius 0.3s, box-shadow 0.3s;margin-top:0%;margin-bottom:3%;padding:120px 0px 120px 0px;}.elementor-widget-heading .elementor-heading-title{font-family:var( --e-global-typography-primary-font-family ), raleway;font-weight:var( --e-global-typography-primary-font-weight );color:var( --e-global-color-primary );}.elementor-31338 .elementor-element.elementor-element-25fcbb0{text-align:start;}.elementor-31338 .elementor-element.elementor-element-25fcbb0 .elementor-heading-title{font-family:\"Kanit\", raleway;font-size:50px;font-weight:600;color:var( --e-global-color-primary );}.elementor-31338 .elementor-element.elementor-element-e82648d{margin-top:0em;margin-bottom:0em;padding:0em 0em 2em 0em;}.elementor-31338 .elementor-element.elementor-element-8499bcd .elementor-heading-title{color:#0096E1;}.elementor-widget-text-editor{font-family:var( --e-global-typography-text-font-family ), raleway;font-weight:var( --e-global-typography-text-font-weight );color:var( --e-global-color-text );}.elementor-widget-text-editor.elementor-drop-cap-view-stacked .elementor-drop-cap{background-color:var( --e-global-color-primary );}.elementor-widget-text-editor.elementor-drop-cap-view-framed .elementor-drop-cap, .elementor-widget-text-editor.elementor-drop-cap-view-default .elementor-drop-cap{color:var( --e-global-color-primary );border-color:var( --e-global-color-primary );}.elementor-widget-button .elementor-button{background-color:var( --e-global-color-accent );font-family:var( --e-global-typography-accent-font-family ), raleway;font-weight:var( --e-global-typography-accent-font-weight );}.elementor-31338 .elementor-element.elementor-element-eb0e585 .elementor-button{background-color:#F09BBE;}.elementor-31338 .elementor-element.elementor-element-eb0e585 > .elementor-widget-container{margin:0px 0px 20px 0px;}.elementor-31338 .elementor-element.elementor-element-eb0e585 .elementor-button:hover, .elementor-31338 .elementor-element.elementor-element-eb0e585 .elementor-button:focus{color:#FFFFFF;}.elementor-31338 .elementor-element.elementor-element-eb0e585 .elementor-button:hover svg, .elementor-31338 .elementor-element.elementor-element-eb0e585 .elementor-button:focus svg{fill:#FFFFFF;}.elementor-31338 .elementor-element.elementor-element-bf450be .elementor-heading-title{color:#0096E1;}.elementor-widget-accordion .elementor-accordion-icon, .elementor-widget-accordion .elementor-accordion-title{color:var( --e-global-color-primary );}.elementor-widget-accordion .elementor-accordion-icon svg{fill:var( --e-global-color-primary );}.elementor-widget-accordion .elementor-active .elementor-accordion-icon, .elementor-widget-accordion .elementor-active .elementor-accordion-title{color:var( --e-global-color-accent );}.elementor-widget-accordion .elementor-active .elementor-accordion-icon svg{fill:var( --e-global-color-accent );}.elementor-widget-accordion .elementor-accordion-title{font-family:var( --e-global-typography-primary-font-family ), raleway;font-weight:var( --e-global-typography-primary-font-weight );}.elementor-widget-accordion .elementor-tab-content{color:var( --e-global-color-text );font-family:var( --e-global-typography-text-font-family ), raleway;font-weight:var( --e-global-typography-text-font-weight );}.elementor-31338 .elementor-element.elementor-element-dbc1a15 .elementor-accordion-item{border-color:var( --e-global-color-e604687 );}.elementor-31338 .elementor-element.elementor-element-dbc1a15 .elementor-accordion-item .elementor-tab-content{border-block-start-color:var( --e-global-color-e604687 );}.elementor-31338 .elementor-element.elementor-element-dbc1a15 .elementor-accordion-item .elementor-tab-title.elementor-active{border-block-end-color:var( --e-global-color-e604687 );}.elementor-31338 .elementor-element.elementor-element-dbc1a15 .elementor-accordion-icon, .elementor-31338 .elementor-element.elementor-element-dbc1a15 .elementor-accordion-title{color:var( --e-global-color-secondary );}.elementor-31338 .elementor-element.elementor-element-dbc1a15 .elementor-accordion-icon svg{fill:var( --e-global-color-secondary );}.elementor-31338 .elementor-element.elementor-element-dbc1a15 .elementor-active .elementor-accordion-icon, .elementor-31338 .elementor-element.elementor-element-dbc1a15 .elementor-active .elementor-accordion-title{color:#0096E1;}.elementor-31338 .elementor-element.elementor-element-dbc1a15 .elementor-active .elementor-accordion-icon svg{fill:#0096E1;}.elementor-31338 .elementor-element.elementor-element-dbc1a15 .elementor-accordion-title{-webkit-text-stroke-color:#000;stroke:#000;}.elementor-31338 .elementor-element.elementor-element-dbc1a15 .elementor-tab-title .elementor-accordion-icon i:before{color:var( --e-global-color-secondary );}.elementor-31338 .elementor-element.elementor-element-dbc1a15 .elementor-tab-title .elementor-accordion-icon svg{fill:var( --e-global-color-secondary );}.elementor-31338 .elementor-element.elementor-element-dbc1a15 .elementor-tab-title.elementor-active .elementor-accordion-icon i:before{color:#5995F3;}.elementor-31338 .elementor-element.elementor-element-dbc1a15 .elementor-tab-title.elementor-active .elementor-accordion-icon svg{fill:#5995F3;}.elementor-31338 .elementor-element.elementor-element-dbc1a15 .elementor-accordion-icon{margin-inline-end:0px;}.elementor-31338 .elementor-element.elementor-element-dbc1a15 .elementor-tab-content{padding:3% 0% 3% 7%;}.elementor-widget-image .widget-image-caption{color:var( --e-global-color-text );font-family:var( --e-global-typography-text-font-family ), raleway;font-weight:var( --e-global-typography-text-font-weight );}@media(min-width:768px){.elementor-31338 .elementor-element.elementor-element-0438649{width:54.737%;}.elementor-31338 .elementor-element.elementor-element-6d389e1{width:45.219%;}}@media(min-width:1025px){.elementor-31338 .elementor-element.elementor-element-da35c98:not(.elementor-motion-effects-element-type-background), .elementor-31338 .elementor-element.elementor-element-da35c98 > .elementor-motion-effects-container > .elementor-motion-effects-layer{background-attachment:scroll;}}@media(max-width:1024px){.elementor-31338 .elementor-element.elementor-element-25fcbb0 .elementor-heading-title{font-size:40px;}}@media(max-width:767px){.elementor-31338 .elementor-element.elementor-element-da35c98{padding:50px 0px 50px 0px;}.elementor-31338 .elementor-element.elementor-element-25fcbb0 .elementor-heading-title{font-size:25px;}.elementor-31338 .elementor-element.elementor-element-dbc1a15 .elementor-tab-content{padding:2em 0em 0em 3em;}}\/* Start custom CSS for accordion, class: .elementor-element-dbc1a15 *\/.bullet ul li {\r\n    list-style: disc;\r\n}\/* End custom CSS *\/<\/style>\t\t<div data-elementor-type=\"wp-page\" data-elementor-id=\"31338\" class=\"elementor elementor-31338\" data-elementor-settings=\"{&quot;ha_cmc_init_switcher&quot;:&quot;no&quot;}\" data-elementor-post-type=\"page\">\n\t\t\t\t\t\t<section class=\"elementor-section elementor-top-section elementor-element elementor-element-da35c98 banner-page elementor-section-boxed elementor-section-height-default elementor-section-height-default\" data-id=\"da35c98\" data-element_type=\"section\" data-settings=\"{&quot;background_background&quot;:&quot;classic&quot;,&quot;_ha_eqh_enable&quot;:false}\">\n\t\t\t\t\t\t\t<div class=\"elementor-background-overlay\"><\/div>\n\t\t\t\t\t\t\t<div class=\"elementor-container elementor-column-gap-default\">\n\t\t\t\t\t<div class=\"elementor-column elementor-col-100 elementor-top-column elementor-element elementor-element-7977f11\" data-id=\"7977f11\" data-element_type=\"column\">\n\t\t\t<div class=\"elementor-widget-wrap elementor-element-populated\">\n\t\t\t\t\t\t<div class=\"elementor-element elementor-element-25fcbb0 elementor-widget elementor-widget-heading\" data-id=\"25fcbb0\" data-element_type=\"widget\" data-widget_type=\"heading.default\">\n\t\t\t\t<div class=\"elementor-widget-container\">\n\t\t\t\t\t<h1 class=\"elementor-heading-title elementor-size-default\">Pr\u00eamio Tese de Doutorado em F\u00edsica\ndo Esp\u00edrito Santo<\/h1>\t\t\t\t<\/div>\n\t\t\t\t<\/div>\n\t\t\t\t\t<\/div>\n\t\t<\/div>\n\t\t\t\t\t<\/div>\n\t\t<\/section>\n\t\t\t\t<section class=\"elementor-section elementor-top-section elementor-element elementor-element-e82648d elementor-reverse-mobile elementor-section-boxed elementor-section-height-default elementor-section-height-default\" data-id=\"e82648d\" data-element_type=\"section\" data-settings=\"{&quot;_ha_eqh_enable&quot;:false}\">\n\t\t\t\t\t\t<div class=\"elementor-container elementor-column-gap-default\">\n\t\t\t\t\t<div class=\"elementor-column elementor-col-50 elementor-top-column elementor-element elementor-element-0438649\" data-id=\"0438649\" data-element_type=\"column\">\n\t\t\t<div class=\"elementor-widget-wrap elementor-element-populated\">\n\t\t\t\t\t\t<div class=\"elementor-element elementor-element-8499bcd elementor-widget elementor-widget-heading\" data-id=\"8499bcd\" data-element_type=\"widget\" data-widget_type=\"heading.default\">\n\t\t\t\t<div class=\"elementor-widget-container\">\n\t\t\t\t\t<h2 class=\"elementor-heading-title elementor-size-default\">Sobre o pr\u00eamio<\/h2>\t\t\t\t<\/div>\n\t\t\t\t<\/div>\n\t\t\t\t<div class=\"elementor-element elementor-element-cd6a6a9 elementor-widget elementor-widget-text-editor\" data-id=\"cd6a6a9\" data-element_type=\"widget\" data-widget_type=\"text-editor.default\">\n\t\t\t\t<div class=\"elementor-widget-container\">\n\t\t\t\t\t\t\t\t\t<p>lO Pr\u00eamio de Melhor Tese de Doutorado em F\u00edsica do Esp\u00edrito Santo foi criado pela Secretaria Estadual da Sociedade Brasileira de F\u00edsica no Estado do Esp\u00edrito Santo (SBF-ES) com o prop\u00f3sito de estimular e valorizar o trabalho de excel\u00eancia e padr\u00e3o internacional em F\u00edsica, que culminou com a apresenta\u00e7\u00e3o e aprova\u00e7\u00e3o de uma tese de doutoramento em um programa de P\u00f3s-Gradua\u00e7\u00e3o em F\u00edsica ou Astronomia reconhecido pela CAPES no estado do Esp\u00edrito Santo. As teses premiadas dever\u00e3o conter resultados originais que tenham contribu\u00eddo significativamente para o avan\u00e7o do conhecimento da natureza e de suas propriedades.<\/p><p>As inscri\u00e7\u00f5es devem ser realizadas at\u00e9 1 de julho de 2026.<\/p>\t\t\t\t\t\t\t\t<\/div>\n\t\t\t\t<\/div>\n\t\t\t\t<div class=\"elementor-element elementor-element-eb0e585 elementor-widget elementor-widget-button\" data-id=\"eb0e585\" data-element_type=\"widget\" data-widget_type=\"button.default\">\n\t\t\t\t<div class=\"elementor-widget-container\">\n\t\t\t\t\t\t\t\t\t<div class=\"elementor-button-wrapper\">\n\t\t\t\t\t<a class=\"elementor-button elementor-button-link elementor-size-sm\" href=\"https:\/\/www.sbfisica.org.br\/v1\/sbf\/wp-content\/uploads\/2026\/04\/Regulamento-Melhor-Tese-de-Doutoramento-ES-SBF-Regional.pdf\">\n\t\t\t\t\t\t<span class=\"elementor-button-content-wrapper\">\n\t\t\t\t\t\t\t\t\t<span class=\"elementor-button-text\">Baixe o regulamento<\/span>\n\t\t\t\t\t<\/span>\n\t\t\t\t\t<\/a>\n\t\t\t\t<\/div>\n\t\t\t\t\t\t\t\t<\/div>\n\t\t\t\t<\/div>\n\t\t\t\t<div class=\"elementor-element elementor-element-bf450be elementor-widget elementor-widget-heading\" data-id=\"bf450be\" data-element_type=\"widget\" data-widget_type=\"heading.default\">\n\t\t\t\t<div class=\"elementor-widget-container\">\n\t\t\t\t\t<h2 class=\"elementor-heading-title elementor-size-default\">Premiados<\/h2>\t\t\t\t<\/div>\n\t\t\t\t<\/div>\n\t\t\t\t<div class=\"elementor-element elementor-element-dbc1a15 bullet elementor-widget elementor-widget-accordion\" data-id=\"dbc1a15\" data-element_type=\"widget\" data-widget_type=\"accordion.default\">\n\t\t\t\t<div class=\"elementor-widget-container\">\n\t\t\t\t\t\t\t<div class=\"elementor-accordion\">\n\t\t\t\t\t\t\t<div class=\"elementor-accordion-item\">\n\t\t\t\t\t<div id=\"elementor-tab-title-2301\" class=\"elementor-tab-title\" data-tab=\"1\" role=\"button\" aria-controls=\"elementor-tab-content-2301\" aria-expanded=\"false\">\n\t\t\t\t\t\t\t\t\t\t\t\t\t<span class=\"elementor-accordion-icon elementor-accordion-icon-left\" aria-hidden=\"true\">\n\t\t\t\t\t\t\t\t\t\t\t\t\t\t\t<span class=\"elementor-accordion-icon-closed\"><i class=\"fas fa-plus\"><\/i><\/span>\n\t\t\t\t\t\t\t\t<span class=\"elementor-accordion-icon-opened\"><i class=\"fas fa-minus\"><\/i><\/span>\n\t\t\t\t\t\t\t\t\t\t\t\t\t\t<\/span>\n\t\t\t\t\t\t\t\t\t\t\t\t<a class=\"elementor-accordion-title\" tabindex=\"0\">Premiados de 2026<\/a>\n\t\t\t\t\t<\/div>\n\t\t\t\t\t<div id=\"elementor-tab-content-2301\" class=\"elementor-tab-content elementor-clearfix\" data-tab=\"1\" role=\"region\" aria-labelledby=\"elementor-tab-title-2301\"><p><b>&#8211;<\/b><\/p><\/div>\n\t\t\t\t<\/div>\n\t\t\t\t\t\t\t\t<\/div>\n\t\t\t\t\t\t<\/div>\n\t\t\t\t<\/div>\n\t\t\t\t\t<\/div>\n\t\t<\/div>\n\t\t\t\t<div class=\"elementor-column elementor-col-50 elementor-top-column elementor-element elementor-element-6d389e1\" data-id=\"6d389e1\" data-element_type=\"column\">\n\t\t\t<div class=\"elementor-widget-wrap elementor-element-populated\">\n\t\t\t\t\t\t<div class=\"elementor-element elementor-element-485379c elementor-widget elementor-widget-image\" data-id=\"485379c\" data-element_type=\"widget\" data-widget_type=\"image.default\">\n\t\t\t\t<div class=\"elementor-widget-container\">\n\t\t\t\t\t\t\t\t\t\t\t\t\t\t\t<img fetchpriority=\"high\" decoding=\"async\" width=\"900\" height=\"900\" src=\"https:\/\/www.sbfisica.org.br\/v1\/sbf\/wp-content\/uploads\/2026\/04\/ES-atomo-transp-1024x1024.png\" class=\"attachment-large size-large wp-image-31341\" alt=\"\" \/>\t\t\t\t\t\t\t\t\t\t\t\t\t\t\t<\/div>\n\t\t\t\t<\/div>\n\t\t\t\t\t<\/div>\n\t\t<\/div>\n\t\t\t\t\t<\/div>\n\t\t<\/section>\n\t\t\t\t<\/div>\n\t\t","protected":false},"excerpt":{"rendered":"<p>Pr\u00eamio Tese de Doutorado em F\u00edsica do Esp\u00edrito Santo Sobre o pr\u00eamio lO Pr\u00eamio de Melhor Tese de Doutorado em F\u00edsica do Esp\u00edrito Santo foi criado pela Secretaria Estadual da Sociedade Brasileira de F\u00edsica no Estado do Esp\u00edrito Santo (SBF-ES) com o prop\u00f3sito de estimular e valorizar o trabalho de excel\u00eancia e padr\u00e3o internacional em [&hellip;]<\/p>\n","protected":false},"author":12,"featured_media":16567,"parent":28594,"menu_order":0,"comment_status":"closed","ping_status":"closed","template":"elementor_header_footer","meta":{"footnotes":""},"class_list":["post-31338","page","type-page","status-publish","has-post-thumbnail","hentry"],"aioseo_notices":[],"_links":{"self":[{"href":"https:\/\/www.sbfisica.org.br\/v1\/sbf\/wp-json\/wp\/v2\/pages\/31338","targetHints":{"allow":["GET"]}}],"collection":[{"href":"https:\/\/www.sbfisica.org.br\/v1\/sbf\/wp-json\/wp\/v2\/pages"}],"about":[{"href":"https:\/\/www.sbfisica.org.br\/v1\/sbf\/wp-json\/wp\/v2\/types\/page"}],"author":[{"embeddable":true,"href":"https:\/\/www.sbfisica.org.br\/v1\/sbf\/wp-json\/wp\/v2\/users\/12"}],"replies":[{"embeddable":true,"href":"https:\/\/www.sbfisica.org.br\/v1\/sbf\/wp-json\/wp\/v2\/comments?post=31338"}],"version-history":[{"count":25,"href":"https:\/\/www.sbfisica.org.br\/v1\/sbf\/wp-json\/wp\/v2\/pages\/31338\/revisions"}],"predecessor-version":[{"id":31377,"href":"https:\/\/www.sbfisica.org.br\/v1\/sbf\/wp-json\/wp\/v2\/pages\/31338\/revisions\/31377"}],"up":[{"embeddable":true,"href":"https:\/\/www.sbfisica.org.br\/v1\/sbf\/wp-json\/wp\/v2\/pages\/28594"}],"wp:featuredmedia":[{"embeddable":true,"href":"https:\/\/www.sbfisica.org.br\/v1\/sbf\/wp-json\/wp\/v2\/media\/16567"}],"wp:attachment":[{"href":"https:\/\/www.sbfisica.org.br\/v1\/sbf\/wp-json\/wp\/v2\/media?parent=31338"}],"curies":[{"name":"wp","href":"https:\/\/api.w.org\/{rel}","templated":true}]}}