{"id":30368,"date":"2026-02-24T11:57:47","date_gmt":"2026-02-24T14:57:47","guid":{"rendered":"https:\/\/www.sbfisica.org.br\/v1\/sbf\/?page_id=30368"},"modified":"2026-02-24T12:51:29","modified_gmt":"2026-02-24T15:51:29","slug":"parceria-sbf-aps-de-intercambio-cientifico-brasil-eua","status":"publish","type":"page","link":"https:\/\/www.sbfisica.org.br\/v1\/sbf\/parceria-sbf-aps-de-intercambio-cientifico-brasil-eua\/","title":{"rendered":"Parceria SBF-APS de Interc\u00e2mbio Cient\u00edfico Brasil-EUA"},"content":{"rendered":"<style>.elementor-30368 .elementor-element.elementor-element-927903f:not(.elementor-motion-effects-element-type-background), .elementor-30368 .elementor-element.elementor-element-927903f > .elementor-motion-effects-container > .elementor-motion-effects-layer{background-image:url(\"https:\/\/www.sbfisica.org.br\/v1\/sbf\/wp-content\/uploads\/2026\/02\/SBF-APS.jpg\");background-position:center center;}.elementor-30368 .elementor-element.elementor-element-927903f > .elementor-container{min-height:350px;}.elementor-30368 .elementor-element.elementor-element-927903f{transition:background 0.3s, border 0.3s, border-radius 0.3s, box-shadow 0.3s;}.elementor-30368 .elementor-element.elementor-element-927903f > .elementor-background-overlay{transition:background 0.3s, border-radius 0.3s, opacity 0.3s;}.elementor-30368 .elementor-element.elementor-element-6aa002f{margin-top:60px;margin-bottom:0px;padding:0px 0px 0px 0px;}.elementor-widget-heading .elementor-heading-title{font-family:var( --e-global-typography-primary-font-family ), raleway;font-weight:var( --e-global-typography-primary-font-weight );color:var( --e-global-color-primary );}.elementor-30368 .elementor-element.elementor-element-c3ce5a8{text-align:center;}.elementor-30368 .elementor-element.elementor-element-c3ce5a8 .elementor-heading-title{font-family:\"Kanit\", raleway;font-size:49px;font-weight:600;color:#063267;}.elementor-widget-text-editor{font-family:var( --e-global-typography-text-font-family ), raleway;font-weight:var( --e-global-typography-text-font-weight );color:var( --e-global-color-text );}.elementor-widget-text-editor.elementor-drop-cap-view-stacked .elementor-drop-cap{background-color:var( --e-global-color-primary );}.elementor-widget-text-editor.elementor-drop-cap-view-framed .elementor-drop-cap, .elementor-widget-text-editor.elementor-drop-cap-view-default .elementor-drop-cap{color:var( --e-global-color-primary );border-color:var( --e-global-color-primary );}.elementor-30368 .elementor-element.elementor-element-cc38608{margin-top:30px;margin-bottom:0px;padding:0px 0px 0px 0px;}.elementor-30368 .elementor-element.elementor-element-b7416e0 .elementor-heading-title{color:var( --e-global-color-secondary );}@media(max-width:767px){.elementor-30368 .elementor-element.elementor-element-927903f:not(.elementor-motion-effects-element-type-background), .elementor-30368 .elementor-element.elementor-element-927903f > .elementor-motion-effects-container > .elementor-motion-effects-layer{background-image:url(\"https:\/\/www.sbfisica.org.br\/v1\/sbf\/wp-content\/uploads\/2026\/02\/SBF-APS.jpg\");background-size:450px auto;}.elementor-30368 .elementor-element.elementor-element-927903f > .elementor-container{min-height:104px;}}\/* Start custom CSS for text-editor, class: .elementor-element-8f09c6d *\/ul {\r\n    list-style-type: disc !important;\r\n}\/* End custom CSS *\/<\/style>\t\t<div data-elementor-type=\"wp-page\" data-elementor-id=\"30368\" class=\"elementor elementor-30368\" data-elementor-settings=\"{&quot;ha_cmc_init_switcher&quot;:&quot;no&quot;}\" data-elementor-post-type=\"page\">\n\t\t\t\t\t\t<section class=\"elementor-section elementor-top-section elementor-element elementor-element-927903f elementor-section-full_width elementor-section-height-min-height elementor-section-items-stretch elementor-section-height-default\" data-id=\"927903f\" data-element_type=\"section\" data-settings=\"{&quot;background_background&quot;:&quot;classic&quot;,&quot;_ha_eqh_enable&quot;:false}\">\n\t\t\t\t\t\t<div class=\"elementor-container elementor-column-gap-default\">\n\t\t\t\t\t<div class=\"elementor-column elementor-col-100 elementor-top-column elementor-element elementor-element-b2ee8bf\" data-id=\"b2ee8bf\" data-element_type=\"column\">\n\t\t\t<div class=\"elementor-widget-wrap\">\n\t\t\t\t\t\t\t<\/div>\n\t\t<\/div>\n\t\t\t\t\t<\/div>\n\t\t<\/section>\n\t\t\t\t<section class=\"elementor-section elementor-top-section elementor-element elementor-element-6aa002f elementor-section-boxed elementor-section-height-default elementor-section-height-default\" data-id=\"6aa002f\" data-element_type=\"section\" data-settings=\"{&quot;_ha_eqh_enable&quot;:false}\">\n\t\t\t\t\t\t<div class=\"elementor-container elementor-column-gap-default\">\n\t\t\t\t\t<div class=\"elementor-column elementor-col-100 elementor-top-column elementor-element elementor-element-5c79068\" data-id=\"5c79068\" data-element_type=\"column\">\n\t\t\t<div class=\"elementor-widget-wrap elementor-element-populated\">\n\t\t\t\t\t\t<div class=\"elementor-element elementor-element-c3ce5a8 elementor-widget elementor-widget-heading\" data-id=\"c3ce5a8\" data-element_type=\"widget\" data-widget_type=\"heading.default\">\n\t\t\t\t<div class=\"elementor-widget-container\">\n\t\t\t\t\t<h2 class=\"elementor-heading-title elementor-size-default\">Parceria SBF-APS de Interc\u00e2mbio Cient\u00edfico Brasil-EUA<\/h2>\t\t\t\t<\/div>\n\t\t\t\t<\/div>\n\t\t\t\t<div class=\"elementor-element elementor-element-2752450 elementor-widget elementor-widget-text-editor\" data-id=\"2752450\" data-element_type=\"widget\" data-widget_type=\"text-editor.default\">\n\t\t\t\t<div class=\"elementor-widget-container\">\n\t\t\t\t\t\t\t\t\t<p class=\"MsoNormal\">Com vig\u00eancia de 2011 at\u00e9 2019, a Sociedade Brasileira de F\u00edsica (SBF) manteve parceria com a American Physical Society (APS), promovendo o interc\u00e2mbio Brasil-EUA. Juntas, as institui\u00e7\u00f5es incentivaram a troca de experi\u00eancias entre estudantes de p\u00f3s-gradua\u00e7\u00e3o \u2013 e orientadores \u2013, e a realiza\u00e7\u00e3o de cursos e palestras por profissionais de F\u00edsica de ambos os pa\u00edses, incentivando a integra\u00e7\u00e3o cient\u00edfica e profissional.<\/p><p class=\"MsoNormal\">Por meio do <b>Programa Visitas de Estudantes de F\u00edsica Brasil-EUA<\/b>, foram oferecidas bolsas de viagem de at\u00e9 US$ 3 mil para uma variedade de oportunidades em F\u00edsica, tais como: 1) participar de cursos de curta dura\u00e7\u00e3o ou escolas de ver\u00e3o; 2) visita a um professor na sua \u00e1rea espec\u00edfica de pesquisa; 3) trabalho tempor\u00e1rio em laborat\u00f3rios; ou 4) proposta de atividade submetida por professores e alunos previamente aprovada pela banca de sele\u00e7\u00e3o do programa.<\/p><p class=\"MsoNormal\">J\u00e1 o <b>Programa C\u00e1tedras Brasil-EUA<\/b> patrocinava profissionais de F\u00edsica do Brasil e dos Estados Unidos para que viajassem ao pa\u00eds participante e ministrassem cursos de curta dura\u00e7\u00e3o ou realizassem s\u00e9rie de palestras com tema proposto pelas pessoas candidatas. A esses, era oferecido aux\u00edlio de at\u00e9 US$ 4 mil.<\/p><p><span style=\"font-size: 11.0pt; line-height: 107%; font-family: 'Aptos',sans-serif; mso-ascii-theme-font: minor-latin; mso-fareast-font-family: Aptos; mso-fareast-theme-font: minor-latin; mso-hansi-theme-font: minor-latin; mso-bidi-font-family: 'Times New Roman'; mso-bidi-theme-font: minor-bidi; mso-ansi-language: PT-BR; mso-fareast-language: EN-US; mso-bidi-language: AR-SA;\">Nos primeiros cinco anos de atividade, o acordo contou com o apoio financeiro do Conselho Nacional de Desenvolvimento Cient\u00edfico e Tecnol\u00f3gico (CNPq). Nos anos subsequentes, ap\u00f3s o CNPq descontinuar seu apoio, os programas foram mantidos com verbas pr\u00f3prias da SBF, de 2015 at\u00e9 2019, quando ocorreu a \u00faltima viagem de selecionados.<\/span><\/p>\t\t\t\t\t\t\t\t<\/div>\n\t\t\t\t<\/div>\n\t\t\t\t\t<\/div>\n\t\t<\/div>\n\t\t\t\t\t<\/div>\n\t\t<\/section>\n\t\t\t\t<section class=\"elementor-section elementor-top-section elementor-element elementor-element-cc38608 elementor-section-boxed elementor-section-height-default elementor-section-height-default\" data-id=\"cc38608\" data-element_type=\"section\" data-settings=\"{&quot;_ha_eqh_enable&quot;:false}\">\n\t\t\t\t\t\t<div class=\"elementor-container elementor-column-gap-default\">\n\t\t\t\t\t<div class=\"elementor-column elementor-col-100 elementor-top-column elementor-element elementor-element-71adf46\" data-id=\"71adf46\" data-element_type=\"column\">\n\t\t\t<div class=\"elementor-widget-wrap elementor-element-populated\">\n\t\t\t\t\t\t<div class=\"elementor-element elementor-element-b7416e0 elementor-widget elementor-widget-heading\" data-id=\"b7416e0\" data-element_type=\"widget\" data-widget_type=\"heading.default\">\n\t\t\t\t<div class=\"elementor-widget-container\">\n\t\t\t\t\t<h3 class=\"elementor-heading-title elementor-size-default\">Publica\u00e7\u00f5es e Documentos Relacionados<\/h3>\t\t\t\t<\/div>\n\t\t\t\t<\/div>\n\t\t\t\t<div class=\"elementor-element elementor-element-8f09c6d elementor-widget elementor-widget-text-editor\" data-id=\"8f09c6d\" data-element_type=\"widget\" data-widget_type=\"text-editor.default\">\n\t\t\t\t<div class=\"elementor-widget-container\">\n\t\t\t\t\t\t\t\t\t<ul><li class=\"MsoNormal\">Resultados da sele\u00e7\u00e3o 2018, vig\u00eancia 2019 &#8211; <a style=\"background-color: #faf9f6;\" href=\"https:\/\/www.sbfisica.org.br\/v1\/sbf\/programa-de-intercambio-sbf-aps-divulga-projetos-selecionados-para-2019\/\">Programa de Interc\u00e2mbio SBF-APS divulga projetos selecionados| Sociedade Brasileira de F\u00edsica<\/a><\/li><li>Sele\u00e7\u00e3o 2018 &#8211; <a href=\"https:\/\/www.sbfisica.org.br\/v1\/sbf\/programa-de-intercambio-brasil-eua-setima-chamada\/\">PROGRAMA DE INTERC\u00c2MBIO BRASIL \u2013 EUA (S\u00e9tima chamada)| Sociedade Brasileira de F\u00edsica<\/a><\/li><li>Resultados Sele\u00e7\u00e3o 2016 &#8211; <a href=\"https:\/\/www.sbfisica.org.br\/v1\/sbf\/resultado-do-programa-de-intercambio-sbf-aps\/\">Resultado do Programa de Interc\u00e2mbio SBF-APS| Sociedade Brasileira de F\u00edsica<\/a><\/li><li>Resultados Sele\u00e7\u00e3o 2015 &#8211; <a href=\"https:\/\/www.sbfisica.org.br\/v1\/sbf\/resultado-do-programa-de-intercambio-sbf-aps-2\/\">Resultado do Programa de Interc\u00e2mbio SBF-APS| Sociedade Brasileira de F\u00edsica<\/a><\/li><li>Documento abertura 2011 &#8211; <a href=\"https:\/\/www.sbfisica.org.br\/v1\/arquivos_diversos\/relatorios\/2011\/3d_SBF-APS_anuncio.pdf\">SBF-APS_Ad Feb_2011.pdf<\/a><\/li><\/ul><h4>Modalidades de Interc\u00e2mbio<\/h4><ul><li>Interc\u00e2mbio &#8211; <a href=\"https:\/\/www.sbfisica.org.br\/v1\/sbf\/wp-content\/uploads\/2022\/08\/aps-sbf-estudantes.pdf\">PROGRAMA DE INTERC\u00c2MBIO BRASIL &#8211; EUA <\/a><\/li><li>C\u00e1tedra &#8211; <a href=\"https:\/\/www.sbfisica.org.br\/v1\/sbf\/wp-content\/uploads\/2022\/08\/aps-sbf-catetras.pdf\">PROGRAMA DE INTERC\u00c2MBIO BRASIL &#8211; EUA <\/a><\/li><\/ul><h4>Na m\u00eddia<\/h4><ul><li>SBF &#8211; <a href=\"https:\/\/www.sbfisica.org.br\/v1\/sbf\/dr-olaf-van-t-erve-nrl-eua-visita-o-brasil-no-programa-da-aps-sbf\/\">Dr. Olaf van \u00b4t Erve (NRL-EUA) visita o Brasil no programa da APS-SBF| Sociedade Brasileira de F\u00edsica<\/a><\/li><li>USP (2011) &#8211; <a href=\"https:\/\/www2.ifsc.usp.br\/portal-ifsc\/intercambio-entre-docentes-e-alunos-de-fisica-dos-eua-e-brasil\/\">Interc\u00e2mbio entre docentes e alunos de f\u00edsica dos EUA e Brasil &#8211; Portal IFSC<\/a><\/li><\/ul>\t\t\t\t\t\t\t\t<\/div>\n\t\t\t\t<\/div>\n\t\t\t\t\t<\/div>\n\t\t<\/div>\n\t\t\t\t\t<\/div>\n\t\t<\/section>\n\t\t\t\t<\/div>\n\t\t","protected":false},"excerpt":{"rendered":"<p>Parceria SBF-APS de Interc\u00e2mbio Cient\u00edfico Brasil-EUA Com vig\u00eancia de 2011 at\u00e9 2019, a Sociedade Brasileira de F\u00edsica (SBF) manteve parceria com a American Physical Society (APS), promovendo o interc\u00e2mbio Brasil-EUA. Juntas, as institui\u00e7\u00f5es incentivaram a troca de experi\u00eancias entre estudantes de p\u00f3s-gradua\u00e7\u00e3o \u2013 e orientadores \u2013, e a realiza\u00e7\u00e3o de cursos e palestras por profissionais [&hellip;]<\/p>\n","protected":false},"author":12,"featured_media":16567,"parent":0,"menu_order":0,"comment_status":"closed","ping_status":"closed","template":"elementor_header_footer","meta":{"footnotes":""},"class_list":["post-30368","page","type-page","status-publish","has-post-thumbnail","hentry"],"aioseo_notices":[],"_links":{"self":[{"href":"https:\/\/www.sbfisica.org.br\/v1\/sbf\/wp-json\/wp\/v2\/pages\/30368","targetHints":{"allow":["GET"]}}],"collection":[{"href":"https:\/\/www.sbfisica.org.br\/v1\/sbf\/wp-json\/wp\/v2\/pages"}],"about":[{"href":"https:\/\/www.sbfisica.org.br\/v1\/sbf\/wp-json\/wp\/v2\/types\/page"}],"author":[{"embeddable":true,"href":"https:\/\/www.sbfisica.org.br\/v1\/sbf\/wp-json\/wp\/v2\/users\/12"}],"replies":[{"embeddable":true,"href":"https:\/\/www.sbfisica.org.br\/v1\/sbf\/wp-json\/wp\/v2\/comments?post=30368"}],"version-history":[{"count":51,"href":"https:\/\/www.sbfisica.org.br\/v1\/sbf\/wp-json\/wp\/v2\/pages\/30368\/revisions"}],"predecessor-version":[{"id":30426,"href":"https:\/\/www.sbfisica.org.br\/v1\/sbf\/wp-json\/wp\/v2\/pages\/30368\/revisions\/30426"}],"wp:featuredmedia":[{"embeddable":true,"href":"https:\/\/www.sbfisica.org.br\/v1\/sbf\/wp-json\/wp\/v2\/media\/16567"}],"wp:attachment":[{"href":"https:\/\/www.sbfisica.org.br\/v1\/sbf\/wp-json\/wp\/v2\/media?parent=30368"}],"curies":[{"name":"wp","href":"https:\/\/api.w.org\/{rel}","templated":true}]}}