{"id":28616,"date":"2025-09-03T21:19:13","date_gmt":"2025-09-04T00:19:13","guid":{"rendered":"https:\/\/www.sbfisica.org.br\/v1\/sbf\/?page_id=28616"},"modified":"2026-04-01T17:15:32","modified_gmt":"2026-04-01T20:15:32","slug":"contato-sec-de-divisao-estadual-es","status":"publish","type":"page","link":"https:\/\/www.sbfisica.org.br\/v1\/sbf\/secretaria-de-divisao-estadual-es\/contato-sec-de-divisao-estadual-es\/","title":{"rendered":"Contato &#8211; Sec. de Divis\u00e3o Estadual &#8211; ES"},"content":{"rendered":"<style>.elementor-28616 .elementor-element.elementor-element-da35c98:not(.elementor-motion-effects-element-type-background), .elementor-28616 .elementor-element.elementor-element-da35c98 > .elementor-motion-effects-container > .elementor-motion-effects-layer{background-color:#FAF9F6;background-image:url(\"https:\/\/www.sbfisica.org.br\/v1\/sbf\/wp-content\/uploads\/2025\/09\/Espirito-Santo-Regional_SBF.jpg\");background-position:center center;background-repeat:no-repeat;background-size:cover;}.elementor-28616 .elementor-element.elementor-element-da35c98 > .elementor-background-overlay{background-color:transparent;background-image:linear-gradient(40deg, var( --e-global-color-secondary ) 50%, #FFFFFF00 70%);opacity:0.8;transition:background 0.3s, border-radius 0.3s, opacity 0.3s;}.elementor-28616 .elementor-element.elementor-element-da35c98{transition:background 0.3s, border 0.3s, border-radius 0.3s, box-shadow 0.3s;margin-top:0%;margin-bottom:3%;padding:120px 0px 120px 0px;}.elementor-widget-heading .elementor-heading-title{font-family:var( --e-global-typography-primary-font-family ), raleway;font-weight:var( --e-global-typography-primary-font-weight );color:var( --e-global-color-primary );}.elementor-28616 .elementor-element.elementor-element-25fcbb0{text-align:start;}.elementor-28616 .elementor-element.elementor-element-25fcbb0 .elementor-heading-title{font-family:\"Kanit\", raleway;font-size:50px;font-weight:600;color:var( --e-global-color-primary );}.elementor-28616 .elementor-element.elementor-element-e82648d{margin-top:0em;margin-bottom:0em;padding:0em 0em 2em 0em;}.elementor-28616 .elementor-element.elementor-element-8499bcd .elementor-heading-title{color:#063267;}.elementor-widget-text-editor{font-family:var( --e-global-typography-text-font-family ), raleway;font-weight:var( --e-global-typography-text-font-weight );color:var( --e-global-color-text );}.elementor-widget-text-editor.elementor-drop-cap-view-stacked .elementor-drop-cap{background-color:var( --e-global-color-primary );}.elementor-widget-text-editor.elementor-drop-cap-view-framed .elementor-drop-cap, .elementor-widget-text-editor.elementor-drop-cap-view-default .elementor-drop-cap{color:var( --e-global-color-primary );border-color:var( --e-global-color-primary );}.elementor-28616 .elementor-element.elementor-element-bf450be .elementor-heading-title{color:#063267;}.elementor-widget-accordion .elementor-accordion-icon, .elementor-widget-accordion .elementor-accordion-title{color:var( --e-global-color-primary );}.elementor-widget-accordion .elementor-accordion-icon svg{fill:var( --e-global-color-primary );}.elementor-widget-accordion .elementor-active .elementor-accordion-icon, .elementor-widget-accordion .elementor-active .elementor-accordion-title{color:var( --e-global-color-accent );}.elementor-widget-accordion .elementor-active .elementor-accordion-icon svg{fill:var( --e-global-color-accent );}.elementor-widget-accordion .elementor-accordion-title{font-family:var( --e-global-typography-primary-font-family ), raleway;font-weight:var( --e-global-typography-primary-font-weight );}.elementor-widget-accordion .elementor-tab-content{color:var( --e-global-color-text );font-family:var( --e-global-typography-text-font-family ), raleway;font-weight:var( --e-global-typography-text-font-weight );}.elementor-28616 .elementor-element.elementor-element-dbc1a15 .elementor-accordion-item{border-color:var( --e-global-color-e604687 );}.elementor-28616 .elementor-element.elementor-element-dbc1a15 .elementor-accordion-item .elementor-tab-content{border-block-start-color:var( --e-global-color-e604687 );}.elementor-28616 .elementor-element.elementor-element-dbc1a15 .elementor-accordion-item .elementor-tab-title.elementor-active{border-block-end-color:var( --e-global-color-e604687 );}.elementor-28616 .elementor-element.elementor-element-dbc1a15 .elementor-accordion-icon, .elementor-28616 .elementor-element.elementor-element-dbc1a15 .elementor-accordion-title{color:var( --e-global-color-secondary );}.elementor-28616 .elementor-element.elementor-element-dbc1a15 .elementor-accordion-icon svg{fill:var( --e-global-color-secondary );}.elementor-28616 .elementor-element.elementor-element-dbc1a15 .elementor-active .elementor-accordion-icon, .elementor-28616 .elementor-element.elementor-element-dbc1a15 .elementor-active .elementor-accordion-title{color:var( --e-global-color-accent );}.elementor-28616 .elementor-element.elementor-element-dbc1a15 .elementor-active .elementor-accordion-icon svg{fill:var( --e-global-color-accent );}.elementor-28616 .elementor-element.elementor-element-dbc1a15 .elementor-tab-title .elementor-accordion-icon i:before{color:var( --e-global-color-secondary );}.elementor-28616 .elementor-element.elementor-element-dbc1a15 .elementor-tab-title .elementor-accordion-icon svg{fill:var( --e-global-color-secondary );}.elementor-28616 .elementor-element.elementor-element-dbc1a15 .elementor-tab-title.elementor-active .elementor-accordion-icon i:before{color:var( --e-global-color-accent );}.elementor-28616 .elementor-element.elementor-element-dbc1a15 .elementor-tab-title.elementor-active .elementor-accordion-icon svg{fill:var( --e-global-color-accent );}.elementor-28616 .elementor-element.elementor-element-dbc1a15 .elementor-accordion-icon{margin-inline-end:0px;}.elementor-28616 .elementor-element.elementor-element-dbc1a15 .elementor-tab-content{padding:3% 0% 3% 7%;}.elementor-28616 .elementor-element.elementor-element-4d4c01f .elementor-heading-title{color:#063267;}.elementor-28616 .elementor-element.elementor-element-6f5166b > .elementor-widget-container{margin:0px 0px 0px 0px;padding:0px 0px 0px 0px;}.elementor-widget-ha-wpform .wpforms-field input, .elementor-widget-ha-wpform .wpforms-field-textarea textarea{font-family:var( --e-global-typography-text-font-family ), raleway;font-weight:var( --e-global-typography-text-font-weight );}.elementor-widget-ha-wpform .wpforms-field-container label.wpforms-field-label{font-family:var( --e-global-typography-text-font-family ), raleway;font-weight:var( --e-global-typography-text-font-weight );}.elementor-widget-ha-wpform .wpforms-field-sublabel{font-family:var( --e-global-typography-text-font-family ), raleway;font-weight:var( --e-global-typography-text-font-weight );}.elementor-widget-ha-wpform .wpforms-field-description{font-family:var( --e-global-typography-text-font-family ), raleway;font-weight:var( --e-global-typography-text-font-weight );}.elementor-widget-ha-wpform .wpforms-submit{font-family:var( --e-global-typography-accent-font-family ), raleway;font-weight:var( --e-global-typography-accent-font-weight );}.elementor-28616 .elementor-element.elementor-element-7d0aa6e .wpforms-submit-container{text-align:center;}.elementor-28616 .elementor-element.elementor-element-7d0aa6e > .elementor-widget-container{margin:0px 0px 0px 0px;padding:0px 0px 0px 0px;}.elementor-28616 .elementor-element.elementor-element-7d0aa6e .wpforms-field:not(.wpforms-submit), .wpforms-field-required:not(.wpforms-submit){padding:0px 0px 24px 0px;}.elementor-28616 .elementor-element.elementor-element-7d0aa6e .wpforms-field input{padding:0px 0px 0px 0px;}.elementor-28616 .elementor-element.elementor-element-7d0aa6e .wpforms-field textarea{padding:0px 0px 0px 0px;}.elementor-28616 .elementor-element.elementor-element-7d0aa6e .wpforms-submit{margin:0px 0px 0px 0px;padding:0px 24px 0px 24px;}.elementor-28616 .elementor-element.elementor-element-7d0aa6e .wpforms-container .wpforms-submit:hover, .elementor-28616 .elementor-element.elementor-element-7d0aa6e .wpforms-container .wpforms-submit:focus{color:#FFFFFF;background-color:var( --e-global-color-secondary );}@media(min-width:768px){.elementor-28616 .elementor-element.elementor-element-0438649{width:54.737%;}.elementor-28616 .elementor-element.elementor-element-6d389e1{width:45.219%;}}@media(min-width:1025px){.elementor-28616 .elementor-element.elementor-element-da35c98:not(.elementor-motion-effects-element-type-background), .elementor-28616 .elementor-element.elementor-element-da35c98 > .elementor-motion-effects-container > .elementor-motion-effects-layer{background-attachment:scroll;}}@media(max-width:1024px){.elementor-28616 .elementor-element.elementor-element-25fcbb0 .elementor-heading-title{font-size:40px;}}@media(max-width:767px){.elementor-28616 .elementor-element.elementor-element-da35c98{padding:50px 0px 50px 0px;}.elementor-28616 .elementor-element.elementor-element-25fcbb0 .elementor-heading-title{font-size:25px;}.elementor-28616 .elementor-element.elementor-element-dbc1a15 .elementor-tab-content{padding:2em 0em 0em 3em;}}\/* Start custom CSS for accordion, class: .elementor-element-dbc1a15 *\/.bullet ul li {\r\n    list-style: disc;\r\n}\/* End custom CSS *\/\n\/* Start custom CSS for ha-wpform, class: .elementor-element-7d0aa6e *\/div.wpforms-container-full .wpforms-form input.wpforms-field-medium, div.wpforms-container-full .wpforms-form select.wpforms-field-medium, div.wpforms-container-full .wpforms-form .wpforms-field-row.wpforms-field-medium {\r\n    max-width: 100% !Important;\r\n}\r\n\r\ndiv.wpforms-container-full {\r\n   margin: 0px auto !Important;\r\n}\/* End custom CSS *\/<\/style>\t\t<div data-elementor-type=\"wp-page\" data-elementor-id=\"28616\" class=\"elementor elementor-28616\" data-elementor-settings=\"{&quot;ha_cmc_init_switcher&quot;:&quot;no&quot;}\" data-elementor-post-type=\"page\">\n\t\t\t\t\t\t<section class=\"elementor-section elementor-top-section elementor-element elementor-element-da35c98 banner-page elementor-section-boxed elementor-section-height-default elementor-section-height-default\" data-id=\"da35c98\" data-element_type=\"section\" data-settings=\"{&quot;background_background&quot;:&quot;classic&quot;,&quot;_ha_eqh_enable&quot;:false}\">\n\t\t\t\t\t\t\t<div class=\"elementor-background-overlay\"><\/div>\n\t\t\t\t\t\t\t<div class=\"elementor-container elementor-column-gap-default\">\n\t\t\t\t\t<div class=\"elementor-column elementor-col-100 elementor-top-column elementor-element elementor-element-7977f11\" data-id=\"7977f11\" data-element_type=\"column\">\n\t\t\t<div class=\"elementor-widget-wrap elementor-element-populated\">\n\t\t\t\t\t\t<div class=\"elementor-element elementor-element-25fcbb0 elementor-widget elementor-widget-heading\" data-id=\"25fcbb0\" data-element_type=\"widget\" data-widget_type=\"heading.default\">\n\t\t\t\t<div class=\"elementor-widget-container\">\n\t\t\t\t\t<h1 class=\"elementor-heading-title elementor-size-default\">Contato - ES<\/h1>\t\t\t\t<\/div>\n\t\t\t\t<\/div>\n\t\t\t\t\t<\/div>\n\t\t<\/div>\n\t\t\t\t\t<\/div>\n\t\t<\/section>\n\t\t\t\t<section class=\"elementor-section elementor-top-section elementor-element elementor-element-e82648d elementor-reverse-mobile elementor-section-boxed elementor-section-height-default elementor-section-height-default\" data-id=\"e82648d\" data-element_type=\"section\" data-settings=\"{&quot;_ha_eqh_enable&quot;:false}\">\n\t\t\t\t\t\t<div class=\"elementor-container elementor-column-gap-default\">\n\t\t\t\t\t<div class=\"elementor-column elementor-col-50 elementor-top-column elementor-element elementor-element-0438649\" data-id=\"0438649\" data-element_type=\"column\">\n\t\t\t<div class=\"elementor-widget-wrap elementor-element-populated\">\n\t\t\t\t\t\t<div class=\"elementor-element elementor-element-8499bcd elementor-widget elementor-widget-heading\" data-id=\"8499bcd\" data-element_type=\"widget\" data-widget_type=\"heading.default\">\n\t\t\t\t<div class=\"elementor-widget-container\">\n\t\t\t\t\t<h2 class=\"elementor-heading-title elementor-size-default\">Gest\u00e3o Julho\/2024 a Julho\/2026<\/h2>\t\t\t\t<\/div>\n\t\t\t\t<\/div>\n\t\t\t\t<div class=\"elementor-element elementor-element-cd6a6a9 elementor-widget elementor-widget-text-editor\" data-id=\"cd6a6a9\" data-element_type=\"widget\" data-widget_type=\"text-editor.default\">\n\t\t\t\t<div class=\"elementor-widget-container\">\n\t\t\t\t\t\t\t\t\t<p><strong>ESP\u00cdRITO SANTO (ES)<\/strong><\/p><p><strong>Secret\u00e1rio: <\/strong>J\u00falio C\u00e9sar Fabris<\/p><p><strong>Membros:<\/strong><\/p><ul><li>Adriano Mesquita Oliveira (IFES &#8211; Guarapari)<\/li><li>Edson Passamani Caetano (UFES, Campus Vit\u00f3ria)<\/li><li>Fernando Pansini (UFES, Campus Vit\u00f3ria)<\/li><li>Jaziel Goulart Coelho (UFES, Campus Vit\u00f3ria)<\/li><li>Paula Guimar\u00e3es Oliveira (SEDU\/ES)<\/li><li>Wendel S. Paz (UFES, Campus Vit\u00f3ria)<\/li><li>Wiliam Ricaldi (UFES, Campus S\u00e3o Mateus)<\/li><\/ul><p><a href=\"https:\/\/www.sbfisica.org.br\/v1\/sbf\/wp-content\/uploads\/2024\/09\/secretaria-estadual-2024-ES.pdf\">Propostas (PDF)<\/a><\/p>\t\t\t\t\t\t\t\t<\/div>\n\t\t\t\t<\/div>\n\t\t\t\t<div class=\"elementor-element elementor-element-bf450be elementor-widget elementor-widget-heading\" data-id=\"bf450be\" data-element_type=\"widget\" data-widget_type=\"heading.default\">\n\t\t\t\t<div class=\"elementor-widget-container\">\n\t\t\t\t\t<h2 class=\"elementor-heading-title elementor-size-default\">Gest\u00e3o Anterior<\/h2>\t\t\t\t<\/div>\n\t\t\t\t<\/div>\n\t\t\t\t<div class=\"elementor-element elementor-element-dbc1a15 bullet elementor-widget elementor-widget-accordion\" data-id=\"dbc1a15\" data-element_type=\"widget\" data-widget_type=\"accordion.default\">\n\t\t\t\t<div class=\"elementor-widget-container\">\n\t\t\t\t\t\t\t<div class=\"elementor-accordion\">\n\t\t\t\t\t\t\t<div class=\"elementor-accordion-item\">\n\t\t\t\t\t<div id=\"elementor-tab-title-2301\" class=\"elementor-tab-title\" data-tab=\"1\" role=\"button\" aria-controls=\"elementor-tab-content-2301\" aria-expanded=\"false\">\n\t\t\t\t\t\t\t\t\t\t\t\t\t<span class=\"elementor-accordion-icon elementor-accordion-icon-left\" aria-hidden=\"true\">\n\t\t\t\t\t\t\t\t\t\t\t\t\t\t\t<span class=\"elementor-accordion-icon-closed\"><i class=\"fas fa-plus\"><\/i><\/span>\n\t\t\t\t\t\t\t\t<span class=\"elementor-accordion-icon-opened\"><i class=\"fas fa-minus\"><\/i><\/span>\n\t\t\t\t\t\t\t\t\t\t\t\t\t\t<\/span>\n\t\t\t\t\t\t\t\t\t\t\t\t<a class=\"elementor-accordion-title\" tabindex=\"0\">Julho\/2022 a Julho\/2024<\/a>\n\t\t\t\t\t<\/div>\n\t\t\t\t\t<div id=\"elementor-tab-content-2301\" class=\"elementor-tab-content elementor-clearfix\" data-tab=\"1\" role=\"region\" aria-labelledby=\"elementor-tab-title-2301\"><p><strong>ESP\u00cdRITO SANTO (ES)<\/strong><\/p><p><strong>Secret\u00e1rio: <\/strong>J\u00falio C\u00e9sar Fabris<br \/><a href=\"\/v1\/sbf\/wp-content\/uploads\/2022\/08\/secretaria-estadual-espirito-santo.pdf\" target=\"_blank\" rel=\"noopener\">Proposta (PDF)<\/a><br \/><strong>I Encontro Capixaba de F\u00edsica\/SBF<\/strong><br \/><a href=\"\/v1\/sbf\/wp-content\/uploads\/2023\/02\/I-Encontro-Capixaba-da-SBF-2022-Banner.pdf\" target=\"_blank\" rel=\"noopener\">Banner<\/a> &#8211; <a href=\"\/v1\/sbf\/wp-content\/uploads\/2023\/02\/I-Encontro-Capixaba-da-SBF-2022-Programacao.pdf\" target=\"_blank\" rel=\"noopener\">Programa<\/a> &#8211; <a href=\"\/v1\/sbf\/wp-content\/uploads\/2023\/02\/I-Encontro-Capixaba-da-SBF-2022-Relatorio.pdf\" target=\"_blank\" rel=\"noopener\">Relat\u00f3rio<\/a><\/p><\/div>\n\t\t\t\t<\/div>\n\t\t\t\t\t\t\t\t<\/div>\n\t\t\t\t\t\t<\/div>\n\t\t\t\t<\/div>\n\t\t\t\t\t<\/div>\n\t\t<\/div>\n\t\t\t\t<div class=\"elementor-column elementor-col-50 elementor-top-column elementor-element elementor-element-6d389e1\" data-id=\"6d389e1\" data-element_type=\"column\">\n\t\t\t<div class=\"elementor-widget-wrap elementor-element-populated\">\n\t\t\t\t\t\t<div class=\"elementor-element elementor-element-4d4c01f elementor-widget elementor-widget-heading\" data-id=\"4d4c01f\" data-element_type=\"widget\" data-widget_type=\"heading.default\">\n\t\t\t\t<div class=\"elementor-widget-container\">\n\t\t\t\t\t<h2 class=\"elementor-heading-title elementor-size-default\">Este formul\u00e1rio ser\u00e1 ativado em breve<\/h2>\t\t\t\t<\/div>\n\t\t\t\t<\/div>\n\t\t\t\t<div class=\"elementor-element elementor-element-6f5166b elementor-widget elementor-widget-text-editor\" data-id=\"6f5166b\" data-element_type=\"widget\" data-widget_type=\"text-editor.default\">\n\t\t\t\t<div class=\"elementor-widget-container\">\n\t\t\t\t\t\t\t\t\t<p>No momento este formul\u00e1rio est\u00e1 inativo, mas em breve voc\u00ea poder\u00e1 entrar em contato com a Divis\u00e3o Estadual do Esp\u00edrito Santo e participar ainda mais de nossa Sociedade Brasileira de F\u00edsica.<\/p>\t\t\t\t\t\t\t\t<\/div>\n\t\t\t\t<\/div>\n\t\t\t\t<div class=\"elementor-element elementor-element-7d0aa6e ha-form-btn--center elementor-widget elementor-widget-ha-wpform happy-addon ha-wpform\" data-id=\"7d0aa6e\" data-element_type=\"widget\" data-widget_type=\"ha-wpform.default\">\n\t\t\t\t<div class=\"elementor-widget-container\">\n\t\t\t\t\t<div class=\"wpforms-container wpforms-container-full\" id=\"wpforms-30700\"><form id=\"wpforms-form-30700\" class=\"wpforms-validate wpforms-form wpforms-ajax-form\" data-formid=\"30700\" method=\"post\" enctype=\"multipart\/form-data\" action=\"\/v1\/sbf\/wp-json\/wp\/v2\/pages\/28616\" data-token=\"655c49a846080e7d8feb9ec7621dbb57\" data-token-time=\"1776527571\"><noscript class=\"wpforms-error-noscript\">Ative o JavaScript no seu navegador para preencher este formul\u00e1rio.<\/noscript><div class=\"wpforms-field-container\">\t\t<div id=\"wpforms-30700-field_4-container\"\n\t\t\tclass=\"wpforms-field wpforms-field-text\"\n\t\t\tdata-field-type=\"text\"\n\t\t\tdata-field-id=\"4\"\n\t\t\t>\n\t\t\t<label class=\"wpforms-field-label\" for=\"wpforms-30700-field_4\" >ou E-mail completo<\/label>\n\t\t\t<input type=\"text\" id=\"wpforms-30700-field_4\" class=\"wpforms-field-medium\" name=\"wpforms[fields][4]\" >\n\t\t<\/div>\n\t\t<div id=\"wpforms-30700-field_5-container\" class=\"wpforms-field wpforms-field-text\" data-field-id=\"5\"><label class=\"wpforms-field-label\" for=\"wpforms-30700-field_5\">Assunto <span class=\"wpforms-required-label\">*<\/span><\/label><input type=\"text\" id=\"wpforms-30700-field_5\" class=\"wpforms-field-medium wpforms-field-required\" name=\"wpforms[fields][5]\" required><div class=\"wpforms-field-description\">Escreva o motivo de seu contato.<\/div><\/div><div id=\"wpforms-30700-field_1-container\" class=\"wpforms-field wpforms-field-name\" data-field-id=\"1\"><label class=\"wpforms-field-label\" for=\"wpforms-30700-field_1\">Nome completo <span class=\"wpforms-required-label\">*<\/span><\/label><input type=\"text\" id=\"wpforms-30700-field_1\" class=\"wpforms-field-medium wpforms-field-required\" name=\"wpforms[fields][1]\" required><\/div><div id=\"wpforms-30700-field_2-container\" class=\"wpforms-field wpforms-field-email\" data-field-id=\"2\"><label class=\"wpforms-field-label\" for=\"wpforms-30700-field_2\">E-mail <span class=\"wpforms-required-label\">*<\/span><\/label><input type=\"email\" id=\"wpforms-30700-field_2\" class=\"wpforms-field-medium wpforms-field-required\" name=\"wpforms[fields][2]\" spellcheck=\"false\" required><\/div><div id=\"wpforms-30700-field_3-container\" class=\"wpforms-field wpforms-field-textarea\" data-field-id=\"3\"><label class=\"wpforms-field-label\" for=\"wpforms-30700-field_3\">Coment\u00e1rio ou Mensagem <span class=\"wpforms-required-label\">*<\/span><\/label><textarea id=\"wpforms-30700-field_3\" class=\"wpforms-field-medium wpforms-field-required\" name=\"wpforms[fields][3]\" required><\/textarea><\/div><script>\n\t\t\t\t( function() {\n\t\t\t\t\tconst style = document.createElement( 'style' );\n\t\t\t\t\tstyle.appendChild( document.createTextNode( '#wpforms-30700-field_4-container { position: absolute !important; overflow: hidden !important; display: inline !important; height: 1px !important; width: 1px !important; z-index: -1000 !important; padding: 0 !important; } #wpforms-30700-field_4-container input { visibility: hidden; } #wpforms-conversational-form-page #wpforms-30700-field_4-container label { counter-increment: none; }' ) );\n\t\t\t\t\tdocument.head.appendChild( style );\n\t\t\t\t\tdocument.currentScript?.remove();\n\t\t\t\t} )();\n\t\t\t<\/script><\/div><!-- .wpforms-field-container --><div class=\"wpforms-submit-container\" ><input type=\"hidden\" name=\"wpforms[id]\" value=\"30700\"><input type=\"hidden\" name=\"page_title\" value=\"\"><input type=\"hidden\" name=\"page_url\" value=\"https:\/\/www.sbfisica.org.br\/v1\/sbf\/wp-json\/wp\/v2\/pages\/28616\"><input type=\"hidden\" name=\"url_referer\" value=\"\"><button type=\"submit\" name=\"wpforms[submit]\" id=\"wpforms-submit-30700\" class=\"wpforms-submit\" data-alt-text=\"Enviando\u2026\" data-submit-text=\"Enviar\" aria-live=\"assertive\" value=\"wpforms-submit\">Enviar<\/button><img decoding=\"async\" data-src=\"https:\/\/www.sbfisica.org.br\/v1\/sbf\/wp-content\/plugins\/wpforms-lite\/assets\/images\/submit-spin.svg\" class=\"wpforms-submit-spinner lazyload\" style=\"--smush-placeholder-width: 26px; --smush-placeholder-aspect-ratio: 26\/26;display: none;\" width=\"26\" height=\"26\" alt=\"Carregando\" src=\"data:image\/svg+xml;base64,PHN2ZyB3aWR0aD0iMSIgaGVpZ2h0PSIxIiB4bWxucz0iaHR0cDovL3d3dy53My5vcmcvMjAwMC9zdmciPjwvc3ZnPg==\"><\/div><\/form><\/div>  <!-- .wpforms-container -->\t\t\t\t<\/div>\n\t\t\t\t<\/div>\n\t\t\t\t\t<\/div>\n\t\t<\/div>\n\t\t\t\t\t<\/div>\n\t\t<\/section>\n\t\t\t\t<\/div>\n\t\t","protected":false},"excerpt":{"rendered":"<p>Contato &#8211; ES Gest\u00e3o Julho\/2024 a Julho\/2026 ESP\u00cdRITO SANTO (ES) Secret\u00e1rio: J\u00falio C\u00e9sar Fabris Membros: Adriano Mesquita Oliveira (IFES &#8211; Guarapari) Edson Passamani Caetano (UFES, Campus Vit\u00f3ria) Fernando Pansini (UFES, Campus Vit\u00f3ria) Jaziel Goulart Coelho (UFES, Campus Vit\u00f3ria) Paula Guimar\u00e3es Oliveira (SEDU\/ES) Wendel S. Paz (UFES, Campus Vit\u00f3ria) Wiliam Ricaldi (UFES, Campus S\u00e3o Mateus) Propostas [&hellip;]<\/p>\n","protected":false},"author":12,"featured_media":16567,"parent":28594,"menu_order":0,"comment_status":"closed","ping_status":"closed","template":"elementor_header_footer","meta":{"footnotes":""},"class_list":["post-28616","page","type-page","status-publish","has-post-thumbnail","hentry"],"aioseo_notices":[],"_links":{"self":[{"href":"https:\/\/www.sbfisica.org.br\/v1\/sbf\/wp-json\/wp\/v2\/pages\/28616","targetHints":{"allow":["GET"]}}],"collection":[{"href":"https:\/\/www.sbfisica.org.br\/v1\/sbf\/wp-json\/wp\/v2\/pages"}],"about":[{"href":"https:\/\/www.sbfisica.org.br\/v1\/sbf\/wp-json\/wp\/v2\/types\/page"}],"author":[{"embeddable":true,"href":"https:\/\/www.sbfisica.org.br\/v1\/sbf\/wp-json\/wp\/v2\/users\/12"}],"replies":[{"embeddable":true,"href":"https:\/\/www.sbfisica.org.br\/v1\/sbf\/wp-json\/wp\/v2\/comments?post=28616"}],"version-history":[{"count":25,"href":"https:\/\/www.sbfisica.org.br\/v1\/sbf\/wp-json\/wp\/v2\/pages\/28616\/revisions"}],"predecessor-version":[{"id":30983,"href":"https:\/\/www.sbfisica.org.br\/v1\/sbf\/wp-json\/wp\/v2\/pages\/28616\/revisions\/30983"}],"up":[{"embeddable":true,"href":"https:\/\/www.sbfisica.org.br\/v1\/sbf\/wp-json\/wp\/v2\/pages\/28594"}],"wp:featuredmedia":[{"embeddable":true,"href":"https:\/\/www.sbfisica.org.br\/v1\/sbf\/wp-json\/wp\/v2\/media\/16567"}],"wp:attachment":[{"href":"https:\/\/www.sbfisica.org.br\/v1\/sbf\/wp-json\/wp\/v2\/media?parent=28616"}],"curies":[{"name":"wp","href":"https:\/\/api.w.org\/{rel}","templated":true}]}}