{"id":27296,"date":"2025-06-06T12:46:34","date_gmt":"2025-06-06T15:46:34","guid":{"rendered":"https:\/\/www.sbfisica.org.br\/v1\/sbf\/?page_id=27296"},"modified":"2025-06-06T13:10:20","modified_gmt":"2025-06-06T16:10:20","slug":"contato-webminicursos","status":"publish","type":"page","link":"https:\/\/www.sbfisica.org.br\/v1\/sbf\/webminicursos-sbf\/contato-webminicursos\/","title":{"rendered":"Contato Webminicursos"},"content":{"rendered":"<style>.elementor-27296 .elementor-element.elementor-element-0096367:not(.elementor-motion-effects-element-type-background), .elementor-27296 .elementor-element.elementor-element-0096367 > .elementor-motion-effects-container > .elementor-motion-effects-layer{background-color:#FAF9F6;}.elementor-27296 .elementor-element.elementor-element-0096367 > .elementor-background-overlay{background-color:transparent;background-image:linear-gradient(40deg, var( --e-global-color-secondary ) 50%, #FFFFFF00 70%);opacity:0.8;transition:background 0.3s, border-radius 0.3s, opacity 0.3s;}.elementor-27296 .elementor-element.elementor-element-0096367{transition:background 0.3s, border 0.3s, border-radius 0.3s, box-shadow 0.3s;margin-top:0%;margin-bottom:3%;padding:120px 0px 120px 0px;}.elementor-widget-heading .elementor-heading-title{font-family:var( --e-global-typography-primary-font-family ), raleway;font-weight:var( --e-global-typography-primary-font-weight );color:var( --e-global-color-primary );}.elementor-27296 .elementor-element.elementor-element-2e11d49{text-align:start;}.elementor-27296 .elementor-element.elementor-element-2e11d49 .elementor-heading-title{font-family:\"Kanit\", raleway;font-size:50px;font-weight:600;color:#FFFFFF;}.elementor-widget-text-editor{font-family:var( --e-global-typography-text-font-family ), raleway;font-weight:var( --e-global-typography-text-font-weight );color:var( --e-global-color-text );}.elementor-widget-text-editor.elementor-drop-cap-view-stacked .elementor-drop-cap{background-color:var( --e-global-color-primary );}.elementor-widget-text-editor.elementor-drop-cap-view-framed .elementor-drop-cap, .elementor-widget-text-editor.elementor-drop-cap-view-default .elementor-drop-cap{color:var( --e-global-color-primary );border-color:var( --e-global-color-primary );}@media(max-width:1024px){.elementor-27296 .elementor-element.elementor-element-2e11d49 .elementor-heading-title{font-size:40px;}}@media(max-width:767px){.elementor-27296 .elementor-element.elementor-element-0096367{padding:50px 0px 50px 0px;}.elementor-27296 .elementor-element.elementor-element-2e11d49 .elementor-heading-title{font-size:25px;}}\/* Start custom CSS for wpforms, class: .elementor-element-98c55db *\/#wpforms-submit-27293 {\r\n    background-color: #eee;\r\n    padding: 1px 30px;\r\n}\r\n\r\n#wpforms-submit-27293:hover {\r\n    background-color: #063267;\r\n    color: #ffffff;\r\n    padding: 1px 30px;\r\n}\/* End custom CSS *\/<\/style>\t\t<div data-elementor-type=\"wp-page\" data-elementor-id=\"27296\" class=\"elementor elementor-27296\" data-elementor-settings=\"{&quot;ha_cmc_init_switcher&quot;:&quot;no&quot;}\" data-elementor-post-type=\"page\">\n\t\t\t\t\t\t<section class=\"elementor-section elementor-top-section elementor-element elementor-element-0096367 banner-page elementor-section-boxed elementor-section-height-default elementor-section-height-default\" data-id=\"0096367\" data-element_type=\"section\" data-settings=\"{&quot;background_background&quot;:&quot;classic&quot;,&quot;_ha_eqh_enable&quot;:false}\">\n\t\t\t\t\t\t\t<div class=\"elementor-background-overlay\"><\/div>\n\t\t\t\t\t\t\t<div class=\"elementor-container elementor-column-gap-default\">\n\t\t\t\t\t<div class=\"elementor-column elementor-col-100 elementor-top-column elementor-element elementor-element-640bed3\" data-id=\"640bed3\" data-element_type=\"column\">\n\t\t\t<div class=\"elementor-widget-wrap elementor-element-populated\">\n\t\t\t\t\t\t<div class=\"elementor-element elementor-element-2e11d49 elementor-widget elementor-widget-heading\" data-id=\"2e11d49\" data-element_type=\"widget\" data-widget_type=\"heading.default\">\n\t\t\t\t<div class=\"elementor-widget-container\">\n\t\t\t\t\t<h1 class=\"elementor-heading-title elementor-size-default\">Contato Webminicursos<\/h1>\t\t\t\t<\/div>\n\t\t\t\t<\/div>\n\t\t\t\t\t<\/div>\n\t\t<\/div>\n\t\t\t\t\t<\/div>\n\t\t<\/section>\n\t\t\t\t<section class=\"elementor-section elementor-top-section elementor-element elementor-element-5733d83 elementor-section-boxed elementor-section-height-default elementor-section-height-default\" data-id=\"5733d83\" data-element_type=\"section\" data-settings=\"{&quot;_ha_eqh_enable&quot;:false}\">\n\t\t\t\t\t\t<div class=\"elementor-container elementor-column-gap-default\">\n\t\t\t\t\t<div class=\"elementor-column elementor-col-100 elementor-top-column elementor-element elementor-element-17430a4\" data-id=\"17430a4\" data-element_type=\"column\">\n\t\t\t<div class=\"elementor-widget-wrap elementor-element-populated\">\n\t\t\t\t\t\t<div class=\"elementor-element elementor-element-0273228 elementor-widget elementor-widget-text-editor\" data-id=\"0273228\" data-element_type=\"widget\" data-widget_type=\"text-editor.default\">\n\t\t\t\t<div class=\"elementor-widget-container\">\n\t\t\t\t\t\t\t\t\t<p>Tem alguma d\u00favida ou sugest\u00e3o sobre a submiss\u00e3o de cursos, cursos ofertados ou realizados. Preencha o formul\u00e1rio e entre em contato com a gente. Ficaremos felizes em falar com voc\u00ea!<\/p><p><!-- \/wp:list-item --><\/p><p><!-- \/wp:list --><\/p>\t\t\t\t\t\t\t\t<\/div>\n\t\t\t\t<\/div>\n\t\t\t\t\t<\/div>\n\t\t<\/div>\n\t\t\t\t\t<\/div>\n\t\t<\/section>\n\t\t\t\t<section class=\"elementor-section elementor-top-section elementor-element elementor-element-1738fcb elementor-section-boxed elementor-section-height-default elementor-section-height-default\" data-id=\"1738fcb\" data-element_type=\"section\" data-settings=\"{&quot;_ha_eqh_enable&quot;:false}\">\n\t\t\t\t\t\t<div class=\"elementor-container elementor-column-gap-default\">\n\t\t\t\t\t<div class=\"elementor-column elementor-col-100 elementor-top-column elementor-element elementor-element-18cb685\" data-id=\"18cb685\" data-element_type=\"column\">\n\t\t\t<div class=\"elementor-widget-wrap elementor-element-populated\">\n\t\t\t\t\t\t<div class=\"elementor-element elementor-element-98c55db elementor-widget elementor-widget-wpforms\" data-id=\"98c55db\" data-element_type=\"widget\" data-widget_type=\"wpforms.default\">\n\t\t\t\t<div class=\"elementor-widget-container\">\n\t\t\t\t\t<div class=\"wpforms-container wpforms-container-full\" id=\"wpforms-27293\"><form id=\"wpforms-form-27293\" class=\"wpforms-validate wpforms-form wpforms-ajax-form\" data-formid=\"27293\" method=\"post\" enctype=\"multipart\/form-data\" action=\"\/v1\/sbf\/wp-json\/wp\/v2\/pages\/27296\" data-token=\"34b6c4e93e13ec18adf376055edd37c9\" data-token-time=\"1777622534\"><noscript class=\"wpforms-error-noscript\">Ative o JavaScript no seu navegador para preencher este formul\u00e1rio.<\/noscript><div class=\"wpforms-field-container\"><div id=\"wpforms-27293-field_5-container\" class=\"wpforms-field wpforms-field-text\" data-field-id=\"5\"><label class=\"wpforms-field-label\" for=\"wpforms-27293-field_5\">Assunto <span class=\"wpforms-required-label\">*<\/span><\/label><input type=\"text\" id=\"wpforms-27293-field_5\" class=\"wpforms-field-medium wpforms-field-required\" name=\"wpforms[fields][5]\" required><div class=\"wpforms-field-description\">Escreva o motivo de seu contato.<\/div><\/div><div id=\"wpforms-27293-field_1-container\" class=\"wpforms-field wpforms-field-name\" data-field-id=\"1\"><label class=\"wpforms-field-label\" for=\"wpforms-27293-field_1\">Nome completo <span class=\"wpforms-required-label\">*<\/span><\/label><input type=\"text\" id=\"wpforms-27293-field_1\" class=\"wpforms-field-medium wpforms-field-required\" name=\"wpforms[fields][1]\" required><\/div><div id=\"wpforms-27293-field_2-container\" class=\"wpforms-field wpforms-field-email\" data-field-id=\"2\"><label class=\"wpforms-field-label\" for=\"wpforms-27293-field_2\">E-mail <span class=\"wpforms-required-label\">*<\/span><\/label><input type=\"email\" id=\"wpforms-27293-field_2\" class=\"wpforms-field-medium wpforms-field-required\" name=\"wpforms[fields][2]\" spellcheck=\"false\" required><\/div>\t\t<div id=\"wpforms-27293-field_4-container\"\n\t\t\tclass=\"wpforms-field wpforms-field-text\"\n\t\t\tdata-field-type=\"text\"\n\t\t\tdata-field-id=\"4\"\n\t\t\t>\n\t\t\t<label class=\"wpforms-field-label\" for=\"wpforms-27293-field_4\" >completo Nome E-mail<\/label>\n\t\t\t<input type=\"text\" id=\"wpforms-27293-field_4\" class=\"wpforms-field-medium\" name=\"wpforms[fields][4]\" >\n\t\t<\/div>\n\t\t<div id=\"wpforms-27293-field_3-container\" class=\"wpforms-field wpforms-field-textarea\" data-field-id=\"3\"><label class=\"wpforms-field-label\" for=\"wpforms-27293-field_3\">Coment\u00e1rio ou Mensagem <span class=\"wpforms-required-label\">*<\/span><\/label><textarea id=\"wpforms-27293-field_3\" class=\"wpforms-field-medium wpforms-field-required\" name=\"wpforms[fields][3]\" required><\/textarea><\/div><script>\n\t\t\t\t( function() {\n\t\t\t\t\tconst style = document.createElement( 'style' );\n\t\t\t\t\tstyle.appendChild( document.createTextNode( '#wpforms-27293-field_4-container { position: absolute !important; overflow: hidden !important; display: inline !important; height: 1px !important; width: 1px !important; z-index: -1000 !important; padding: 0 !important; } #wpforms-27293-field_4-container input { visibility: hidden; } #wpforms-conversational-form-page #wpforms-27293-field_4-container label { counter-increment: none; }' ) );\n\t\t\t\t\tdocument.head.appendChild( style );\n\t\t\t\t\tdocument.currentScript?.remove();\n\t\t\t\t} )();\n\t\t\t<\/script><\/div><!-- .wpforms-field-container --><div class=\"wpforms-submit-container\" ><input type=\"hidden\" name=\"wpforms[id]\" value=\"27293\"><input type=\"hidden\" name=\"page_title\" value=\"\"><input type=\"hidden\" name=\"page_url\" value=\"https:\/\/www.sbfisica.org.br\/v1\/sbf\/wp-json\/wp\/v2\/pages\/27296\"><input type=\"hidden\" name=\"url_referer\" value=\"\"><button type=\"submit\" name=\"wpforms[submit]\" id=\"wpforms-submit-27293\" class=\"wpforms-submit\" data-alt-text=\"Enviando\u2026\" data-submit-text=\"Enviar\" aria-live=\"assertive\" value=\"wpforms-submit\">Enviar<\/button><img decoding=\"async\" data-src=\"https:\/\/www.sbfisica.org.br\/v1\/sbf\/wp-content\/plugins\/wpforms-lite\/assets\/images\/submit-spin.svg\" class=\"wpforms-submit-spinner lazyload\" style=\"--smush-placeholder-width: 26px; --smush-placeholder-aspect-ratio: 26\/26;display: none;\" width=\"26\" height=\"26\" alt=\"Carregando\" src=\"data:image\/svg+xml;base64,PHN2ZyB3aWR0aD0iMSIgaGVpZ2h0PSIxIiB4bWxucz0iaHR0cDovL3d3dy53My5vcmcvMjAwMC9zdmciPjwvc3ZnPg==\"><\/div><\/form><\/div>  <!-- .wpforms-container -->\t\t\t\t<\/div>\n\t\t\t\t<\/div>\n\t\t\t\t\t<\/div>\n\t\t<\/div>\n\t\t\t\t\t<\/div>\n\t\t<\/section>\n\t\t\t\t<\/div>\n\t\t","protected":false},"excerpt":{"rendered":"<p>Contato Webminicursos Tem alguma d\u00favida ou sugest\u00e3o sobre a submiss\u00e3o de cursos, cursos ofertados ou realizados. Preencha o formul\u00e1rio e entre em contato com a gente. Ficaremos felizes em falar com voc\u00ea! Ative o JavaScript no seu navegador para preencher este formul\u00e1rio.Assunto *Escreva o motivo de seu contato.Nome completo *E-mail *Coment\u00e1rio ou Mensagem * Enviar<\/p>\n","protected":false},"author":12,"featured_media":16567,"parent":27127,"menu_order":0,"comment_status":"closed","ping_status":"closed","template":"elementor_header_footer","meta":{"footnotes":""},"class_list":["post-27296","page","type-page","status-publish","has-post-thumbnail","hentry"],"aioseo_notices":[],"_links":{"self":[{"href":"https:\/\/www.sbfisica.org.br\/v1\/sbf\/wp-json\/wp\/v2\/pages\/27296","targetHints":{"allow":["GET"]}}],"collection":[{"href":"https:\/\/www.sbfisica.org.br\/v1\/sbf\/wp-json\/wp\/v2\/pages"}],"about":[{"href":"https:\/\/www.sbfisica.org.br\/v1\/sbf\/wp-json\/wp\/v2\/types\/page"}],"author":[{"embeddable":true,"href":"https:\/\/www.sbfisica.org.br\/v1\/sbf\/wp-json\/wp\/v2\/users\/12"}],"replies":[{"embeddable":true,"href":"https:\/\/www.sbfisica.org.br\/v1\/sbf\/wp-json\/wp\/v2\/comments?post=27296"}],"version-history":[{"count":19,"href":"https:\/\/www.sbfisica.org.br\/v1\/sbf\/wp-json\/wp\/v2\/pages\/27296\/revisions"}],"predecessor-version":[{"id":27317,"href":"https:\/\/www.sbfisica.org.br\/v1\/sbf\/wp-json\/wp\/v2\/pages\/27296\/revisions\/27317"}],"up":[{"embeddable":true,"href":"https:\/\/www.sbfisica.org.br\/v1\/sbf\/wp-json\/wp\/v2\/pages\/27127"}],"wp:featuredmedia":[{"embeddable":true,"href":"https:\/\/www.sbfisica.org.br\/v1\/sbf\/wp-json\/wp\/v2\/media\/16567"}],"wp:attachment":[{"href":"https:\/\/www.sbfisica.org.br\/v1\/sbf\/wp-json\/wp\/v2\/media?parent=27296"}],"curies":[{"name":"wp","href":"https:\/\/api.w.org\/{rel}","templated":true}]}}