{"id":27287,"date":"2025-06-06T12:32:36","date_gmt":"2025-06-06T15:32:36","guid":{"rendered":"https:\/\/www.sbfisica.org.br\/v1\/sbf\/?page_id=27287"},"modified":"2025-06-06T12:37:49","modified_gmt":"2025-06-06T15:37:49","slug":"instrucoes-de-submissao-e-codigo-de-conduta","status":"publish","type":"page","link":"https:\/\/www.sbfisica.org.br\/v1\/sbf\/webminicursos-sbf\/instrucoes-de-submissao-e-codigo-de-conduta\/","title":{"rendered":"Instru\u00e7\u00f5es de Submiss\u00e3o e C\u00f3digo de Conduta"},"content":{"rendered":"<style>.elementor-27287 .elementor-element.elementor-element-8ec044c:not(.elementor-motion-effects-element-type-background), .elementor-27287 .elementor-element.elementor-element-8ec044c > .elementor-motion-effects-container > .elementor-motion-effects-layer{background-color:#FAF9F6;}.elementor-27287 .elementor-element.elementor-element-8ec044c > .elementor-background-overlay{background-color:transparent;background-image:linear-gradient(40deg, var( --e-global-color-secondary ) 50%, #FFFFFF00 70%);opacity:0.8;transition:background 0.3s, border-radius 0.3s, opacity 0.3s;}.elementor-27287 .elementor-element.elementor-element-8ec044c{transition:background 0.3s, border 0.3s, border-radius 0.3s, box-shadow 0.3s;margin-top:0%;margin-bottom:3%;padding:120px 0px 120px 0px;}.elementor-widget-heading .elementor-heading-title{font-family:var( --e-global-typography-primary-font-family ), raleway;font-weight:var( --e-global-typography-primary-font-weight );color:var( --e-global-color-primary );}.elementor-27287 .elementor-element.elementor-element-c59bc65{text-align:start;}.elementor-27287 .elementor-element.elementor-element-c59bc65 .elementor-heading-title{font-family:\"Kanit\", raleway;font-size:50px;font-weight:600;color:#FFFFFF;}.elementor-widget-text-editor{font-family:var( --e-global-typography-text-font-family ), raleway;font-weight:var( --e-global-typography-text-font-weight );color:var( --e-global-color-text );}.elementor-widget-text-editor.elementor-drop-cap-view-stacked .elementor-drop-cap{background-color:var( --e-global-color-primary );}.elementor-widget-text-editor.elementor-drop-cap-view-framed .elementor-drop-cap, .elementor-widget-text-editor.elementor-drop-cap-view-default .elementor-drop-cap{color:var( --e-global-color-primary );border-color:var( --e-global-color-primary );}@media(max-width:1024px){.elementor-27287 .elementor-element.elementor-element-c59bc65 .elementor-heading-title{font-size:40px;}}@media(max-width:767px){.elementor-27287 .elementor-element.elementor-element-8ec044c{padding:50px 0px 50px 0px;}.elementor-27287 .elementor-element.elementor-element-c59bc65 .elementor-heading-title{font-size:25px;}}<\/style>\t\t<div data-elementor-type=\"wp-page\" data-elementor-id=\"27287\" class=\"elementor elementor-27287\" data-elementor-settings=\"{&quot;ha_cmc_init_switcher&quot;:&quot;no&quot;}\" data-elementor-post-type=\"page\">\n\t\t\t\t\t\t<section class=\"elementor-section elementor-top-section elementor-element elementor-element-8ec044c banner-page elementor-section-boxed elementor-section-height-default elementor-section-height-default\" data-id=\"8ec044c\" data-element_type=\"section\" data-settings=\"{&quot;background_background&quot;:&quot;classic&quot;,&quot;_ha_eqh_enable&quot;:false}\">\n\t\t\t\t\t\t\t<div class=\"elementor-background-overlay\"><\/div>\n\t\t\t\t\t\t\t<div class=\"elementor-container elementor-column-gap-default\">\n\t\t\t\t\t<div class=\"elementor-column elementor-col-100 elementor-top-column elementor-element elementor-element-670644e\" data-id=\"670644e\" data-element_type=\"column\">\n\t\t\t<div class=\"elementor-widget-wrap elementor-element-populated\">\n\t\t\t\t\t\t<div class=\"elementor-element elementor-element-c59bc65 elementor-widget elementor-widget-heading\" data-id=\"c59bc65\" data-element_type=\"widget\" data-widget_type=\"heading.default\">\n\t\t\t\t<div class=\"elementor-widget-container\">\n\t\t\t\t\t<h1 class=\"elementor-heading-title elementor-size-default\">Instru\u00e7\u00f5es de Submiss\u00e3o e C\u00f3digo de Conduta<\/h1>\t\t\t\t<\/div>\n\t\t\t\t<\/div>\n\t\t\t\t\t<\/div>\n\t\t<\/div>\n\t\t\t\t\t<\/div>\n\t\t<\/section>\n\t\t\t\t<section class=\"elementor-section elementor-top-section elementor-element elementor-element-5dead0c3 elementor-section-boxed elementor-section-height-default elementor-section-height-default\" data-id=\"5dead0c3\" data-element_type=\"section\" data-settings=\"{&quot;_ha_eqh_enable&quot;:false}\">\n\t\t\t\t\t\t<div class=\"elementor-container elementor-column-gap-default\">\n\t\t\t\t\t<div class=\"elementor-column elementor-col-100 elementor-top-column elementor-element elementor-element-1d490261\" data-id=\"1d490261\" data-element_type=\"column\">\n\t\t\t<div class=\"elementor-widget-wrap elementor-element-populated\">\n\t\t\t\t\t\t<div class=\"elementor-element elementor-element-2f192326 elementor-widget elementor-widget-text-editor\" data-id=\"2f192326\" data-element_type=\"widget\" data-widget_type=\"text-editor.default\">\n\t\t\t\t<div class=\"elementor-widget-container\">\n\t\t\t\t\t\t\t\t\t\n<p>Os minicursos s\u00e3o voltados a estudantes de gradua\u00e7\u00e3o ou p\u00f3s-gradua\u00e7\u00e3o, profissionais da ind\u00fastria, do mercado financeiro, professores do ensino m\u00e9dio e demais p\u00fablico com interesse na F\u00edsica e suas vertentes. Os valores de cada webminicurso podem variar de acordo com o tema e carga hor\u00e1ria oferecida.<\/p>\n\n<h2 class=\"wp-block-heading\">Informa\u00e7\u00f5es necess\u00e1rias na proposta<\/h2>\n\n<ul class=\"wp-block-list\">\n<li>T\u00edtulo.<\/li>\n\n<li>\u00c1rea de interesse. (At\u00f4mica e Molecular; Biol\u00f3gica; Estat\u00edstica e Computacional; F\u00edsica na Empresa; F\u00edsica Matem\u00e1tica; Mat\u00e9ria Condensada e de Materiais; F\u00edsica M\u00e9dica; Nuclear e Aplica\u00e7\u00f5es; \u00d3tica e Fot\u00f4nica; Ensino de F\u00edsica; Plasmas; Part\u00edculas e Campos; ou Ci\u00eancia e Tecnologias de Informa\u00e7\u00e3o Qu\u00e2ntica.<\/li>\n\n<li>Ementa.<\/li>\n\n<li>N\u00famero m\u00e1ximo de participantes (se aplicado).<\/li>\n\n<li>Datas e hor\u00e1rios previstos para a realiza\u00e7\u00e3o das aulas (respeitando indica\u00e7\u00f5es da chamada de submiss\u00e3o).<\/li>\n\n<li>Carga hor\u00e1ria (m\u00ednima de 6 h e m\u00e1xima de 20h).<\/li>\n\n<li>Enviar arquivo em formato PDF para <a href=\"mailto:biamattos@sbfisica.org.br\">biamattos@sbfisica.org.br<\/a>.<\/li>\n<\/ul>\n\n<h2 class=\"wp-block-heading\">Prazo de submiss\u00e3o<\/h2>\n\n<p>O prazo de submiss\u00e3o de webminicursos \u00e9 flex\u00edvel, cabendo \u00e0s pessoas interessadas consultar o per\u00edodo adequado de acordo com a divulga\u00e7\u00e3o publicada pela SBF. D\u00favidas podem ser encaminhadas por meio de nosso formul\u00e1rio de contato ou diretamente para <a href=\"mailto:cursos.sbf@sbfisica.org.br\">cursos.sbf@sbfisica.org.br<\/a>.<\/p>\n\n<h2 class=\"wp-block-heading\">C\u00f3digo de Conduta<\/h2>\n\n<p>\u00c9 pol\u00edtica da Sociedade Brasileira de F\u00edsica (SBF) que todas as pessoas no evento, incluindo participantes, pessoas convidadas, equipes de vendas, equipe de apoio, pessoas tercerizadas, pessoas volunt\u00e1rias e todas as demais partes interessadas nas reuni\u00f5es SBF, sejam tratadas e tamb\u00e9m se comportem de maneira profissional, acolhedora, e livre de qualquer forma de discrimina\u00e7\u00e3o, ass\u00e9dio moral, ass\u00e9dio sexual, importuna\u00e7\u00e3o sexual, retalia\u00e7\u00e3o, viol\u00eancia f\u00edsica ou verbal.<\/p>\n\n<p>As pessoas participantes dever\u00e3o tratar umas \u00e0s outras com respeito e considera\u00e7\u00e3o para criar um ambiente acad\u00eamico, inclusivo e profissional nas reuni\u00f5es da SBF. A cria\u00e7\u00e3o de um ambiente de apoio para permitir a discuss\u00e3o cient\u00edfica em eventos \u00e9 responsabilidade de todas as pessoas participantes.<\/p>\n\n<p>As pessoas participantes evitar\u00e3o quaisquer a\u00e7\u00f5es ou declara\u00e7\u00f5es inadequadas com base em caracter\u00edsticas individuais como idade, ra\u00e7a, etnia, orienta\u00e7\u00e3o sexual, identidade de g\u00eanero, express\u00e3o de g\u00eanero, estado civil, nacionalidade, filia\u00e7\u00e3o pol\u00edtica, status de habilidade, hist\u00f3rico educacional ou qualquer outra caracter\u00edstica protegida por lei. Comportamento perturbador ou de ass\u00e9dio de qualquer tipo n\u00e3o ser\u00e1 tolerado. O ass\u00e9dio inclui, mas n\u00e3o se limita a, comportamento e linguagem inadequados ou intimidantes, piadas ou coment\u00e1rios indesejados, toques ou aten\u00e7\u00e3o indesejados, imagens ofensivas, fotografia sem permiss\u00e3o e persegui\u00e7\u00e3o.<\/p>\n\n<p>Viola\u00e7\u00f5es a este c\u00f3digo de pol\u00edtica de conduta devem ser relatadas \u00e0 comiss\u00e3o de organiza\u00e7\u00e3o do evento. As san\u00e7\u00f5es podem variar de advert\u00eancia verbal \u00e0 expuls\u00e3o da reuni\u00e3o sem reembolso e, se necess\u00e1rio, notifica\u00e7\u00e3o \u00e0s autoridades apropriadas. Qualquer retalia\u00e7\u00e3o por reclama\u00e7\u00f5es de conduta inadequada n\u00e3o ser\u00e1 tolerada. Se qualquer participante observar coment\u00e1rios ou a\u00e7\u00f5es inadequadas e a interven\u00e7\u00e3o pessoal lhe parecer apropriada e segura, essa pessoa deve levar em considera\u00e7\u00e3o todas as partes antes de intervir.<\/p>\n\n<h2 class=\"wp-block-heading\">Justi\u00e7a, Equidade, Diversidade e Inclus\u00e3o (Jedi)<\/h2>\n\n<p>A Comiss\u00e3o Jedi da SBF elaborou um documento com <a title=\"\" href=\"https:\/\/www.sbfisica.org.br\/\/v1\/sbf\/wp-content\/uploads\/2022\/08\/recomendacoes-para-eventos-e-codigo-de-conduta.pdf\">recomenda\u00e7\u00f5es para organizadores de cursos e eventos<\/a>. O material resulta do compromisso firmado pela SBF no enfrentamento \u00e0 desigualdade, ao ass\u00e9dio, \u00e0 discrimina\u00e7\u00e3o e \u00e0s opress\u00f5es sistem\u00e1ticas que ocorrem no meio cient\u00edfico.<\/p>\n\n<ul class=\"wp-block-list\">\n<li><a title=\"\" href=\"https:\/\/www.sbfisica.org.br\/\/v1\/sbf\/wp-content\/uploads\/2022\/08\/recomendacoes-para-eventos-e-codigo-de-conduta.pdf\">Baixe o documento elaborado pela Comiss\u00e3o Jedi. (PDF)<\/a><\/li>\n<\/ul>\n\t\t\t\t\t\t\t\t<\/div>\n\t\t\t\t<\/div>\n\t\t\t\t\t<\/div>\n\t\t<\/div>\n\t\t\t\t\t<\/div>\n\t\t<\/section>\n\t\t\t\t<\/div>\n\t\t","protected":false},"excerpt":{"rendered":"<p>Instru\u00e7\u00f5es de Submiss\u00e3o e C\u00f3digo de Conduta Os minicursos s\u00e3o voltados a estudantes de gradua\u00e7\u00e3o ou p\u00f3s-gradua\u00e7\u00e3o, profissionais da ind\u00fastria, do mercado financeiro, professores do ensino m\u00e9dio e demais p\u00fablico com interesse na F\u00edsica e suas vertentes. Os valores de cada webminicurso podem variar de acordo com o tema e carga hor\u00e1ria oferecida. Informa\u00e7\u00f5es necess\u00e1rias [&hellip;]<\/p>\n","protected":false},"author":12,"featured_media":16567,"parent":27127,"menu_order":0,"comment_status":"closed","ping_status":"closed","template":"elementor_header_footer","meta":{"footnotes":""},"class_list":["post-27287","page","type-page","status-publish","has-post-thumbnail","hentry"],"aioseo_notices":[],"_links":{"self":[{"href":"https:\/\/www.sbfisica.org.br\/v1\/sbf\/wp-json\/wp\/v2\/pages\/27287","targetHints":{"allow":["GET"]}}],"collection":[{"href":"https:\/\/www.sbfisica.org.br\/v1\/sbf\/wp-json\/wp\/v2\/pages"}],"about":[{"href":"https:\/\/www.sbfisica.org.br\/v1\/sbf\/wp-json\/wp\/v2\/types\/page"}],"author":[{"embeddable":true,"href":"https:\/\/www.sbfisica.org.br\/v1\/sbf\/wp-json\/wp\/v2\/users\/12"}],"replies":[{"embeddable":true,"href":"https:\/\/www.sbfisica.org.br\/v1\/sbf\/wp-json\/wp\/v2\/comments?post=27287"}],"version-history":[{"count":4,"href":"https:\/\/www.sbfisica.org.br\/v1\/sbf\/wp-json\/wp\/v2\/pages\/27287\/revisions"}],"predecessor-version":[{"id":27292,"href":"https:\/\/www.sbfisica.org.br\/v1\/sbf\/wp-json\/wp\/v2\/pages\/27287\/revisions\/27292"}],"up":[{"embeddable":true,"href":"https:\/\/www.sbfisica.org.br\/v1\/sbf\/wp-json\/wp\/v2\/pages\/27127"}],"wp:featuredmedia":[{"embeddable":true,"href":"https:\/\/www.sbfisica.org.br\/v1\/sbf\/wp-json\/wp\/v2\/media\/16567"}],"wp:attachment":[{"href":"https:\/\/www.sbfisica.org.br\/v1\/sbf\/wp-json\/wp\/v2\/media?parent=27287"}],"curies":[{"name":"wp","href":"https:\/\/api.w.org\/{rel}","templated":true}]}}