{"id":25846,"date":"2025-03-18T14:49:01","date_gmt":"2025-03-18T17:49:01","guid":{"rendered":"https:\/\/www.sbfisica.org.br\/v1\/sbf\/?page_id=25846"},"modified":"2025-03-19T16:22:53","modified_gmt":"2025-03-19T19:22:53","slug":"diretrizes-de-publicacao","status":"publish","type":"page","link":"https:\/\/www.sbfisica.org.br\/v1\/sbf\/rbef\/diretrizes-de-publicacao\/","title":{"rendered":"Diretrizes de Publica\u00e7\u00e3o"},"content":{"rendered":"<style>.elementor-25846 .elementor-element.elementor-element-78dfaba{margin-top:30px;margin-bottom:30px;}.elementor-25846 .elementor-element.elementor-element-61f8d58 > .elementor-element-populated{margin:0px 0px 0px 0px;--e-column-margin-right:0px;--e-column-margin-left:0px;padding:0px 0px 0px 0px;}.elementor-widget-image .widget-image-caption{color:var( --e-global-color-text );font-family:var( --e-global-typography-text-font-family ), raleway;font-weight:var( --e-global-typography-text-font-weight );}.elementor-25846 .elementor-element.elementor-element-ccbc927 img{width:100%;max-width:100%;}.elementor-widget-heading .elementor-heading-title{font-family:var( --e-global-typography-primary-font-family ), raleway;font-weight:var( --e-global-typography-primary-font-weight );color:var( --e-global-color-primary );}.elementor-25846 .elementor-element.elementor-element-1f52434{text-align:start;}.elementor-25846 .elementor-element.elementor-element-1f52434 .elementor-heading-title{font-family:\"Kanit\", raleway;font-size:50px;font-weight:600;-webkit-text-stroke-color:#000;stroke:#000;color:#000000;}.elementor-widget-text-editor{font-family:var( --e-global-typography-text-font-family ), raleway;font-weight:var( --e-global-typography-text-font-weight );color:var( --e-global-color-text );}.elementor-widget-text-editor.elementor-drop-cap-view-stacked .elementor-drop-cap{background-color:var( --e-global-color-primary );}.elementor-widget-text-editor.elementor-drop-cap-view-framed .elementor-drop-cap, .elementor-widget-text-editor.elementor-drop-cap-view-default .elementor-drop-cap{color:var( --e-global-color-primary );border-color:var( --e-global-color-primary );}@media(max-width:1024px){.elementor-25846 .elementor-element.elementor-element-1f52434 .elementor-heading-title{font-size:40px;}}@media(max-width:767px){.elementor-25846 .elementor-element.elementor-element-1f52434 .elementor-heading-title{font-size:25px;}}<\/style>\t\t<div data-elementor-type=\"wp-page\" data-elementor-id=\"25846\" class=\"elementor elementor-25846\" data-elementor-settings=\"{&quot;ha_cmc_init_switcher&quot;:&quot;no&quot;}\" data-elementor-post-type=\"page\">\n\t\t\t\t\t\t<section class=\"elementor-section elementor-top-section elementor-element elementor-element-78dfaba elementor-section-boxed elementor-section-height-default elementor-section-height-default\" data-id=\"78dfaba\" data-element_type=\"section\" data-settings=\"{&quot;_ha_eqh_enable&quot;:false}\">\n\t\t\t\t\t\t<div class=\"elementor-container elementor-column-gap-default\">\n\t\t\t\t\t<div class=\"elementor-column elementor-col-100 elementor-top-column elementor-element elementor-element-61f8d58\" data-id=\"61f8d58\" data-element_type=\"column\">\n\t\t\t<div class=\"elementor-widget-wrap elementor-element-populated\">\n\t\t\t\t\t\t<div class=\"elementor-element elementor-element-ccbc927 elementor-widget elementor-widget-image\" data-id=\"ccbc927\" data-element_type=\"widget\" data-widget_type=\"image.default\">\n\t\t\t\t<div class=\"elementor-widget-container\">\n\t\t\t\t\t\t\t\t\t\t\t\t\t\t\t<img fetchpriority=\"high\" decoding=\"async\" width=\"767\" height=\"270\" src=\"https:\/\/www.sbfisica.org.br\/v1\/sbf\/wp-content\/uploads\/2025\/03\/destaque-diretrizes-2.png\" class=\"attachment-full size-full wp-image-25878\" alt=\"\" \/>\t\t\t\t\t\t\t\t\t\t\t\t\t\t\t<\/div>\n\t\t\t\t<\/div>\n\t\t\t\t\t<\/div>\n\t\t<\/div>\n\t\t\t\t\t<\/div>\n\t\t<\/section>\n\t\t\t\t<section class=\"elementor-section elementor-top-section elementor-element elementor-element-1d528c1 elementor-section-boxed elementor-section-height-default elementor-section-height-default\" data-id=\"1d528c1\" data-element_type=\"section\" data-settings=\"{&quot;_ha_eqh_enable&quot;:false}\">\n\t\t\t\t\t\t<div class=\"elementor-container elementor-column-gap-default\">\n\t\t\t\t\t<div class=\"elementor-column elementor-col-100 elementor-top-column elementor-element elementor-element-5383349f\" data-id=\"5383349f\" data-element_type=\"column\">\n\t\t\t<div class=\"elementor-widget-wrap elementor-element-populated\">\n\t\t\t\t\t\t<div class=\"elementor-element elementor-element-1f52434 elementor-widget elementor-widget-heading\" data-id=\"1f52434\" data-element_type=\"widget\" data-widget_type=\"heading.default\">\n\t\t\t\t<div class=\"elementor-widget-container\">\n\t\t\t\t\t<h2 class=\"elementor-heading-title elementor-size-default\">Diretrizes para Publica\u00e7\u00e3o<\/h2>\t\t\t\t<\/div>\n\t\t\t\t<\/div>\n\t\t\t\t<div class=\"elementor-element elementor-element-4d3f4bdb elementor-widget elementor-widget-text-editor\" data-id=\"4d3f4bdb\" data-element_type=\"widget\" data-widget_type=\"text-editor.default\">\n\t\t\t\t<div class=\"elementor-widget-container\">\n\t\t\t\t\t\t\t\t\t\n<p>Qualquer artigo submetido dentro dos objetivos da revista ser\u00e1 considerado para publica\u00e7\u00e3o, desde que n\u00e3o tenha sido publicado ou aceito em outra revista. Todos os artigos ser\u00e3o revisados por pares, sob a responsabilidade dos editores, por meio de an\u00e1lises detalhadas do texto.<\/p>\n\n<p>Os arquivos dos artigos poder\u00e3o ser submetidos em <strong>formatos do tipo .tex e .doc<\/strong>, mas n\u00e3o em formato .pdf (o pr\u00f3prio sistema de submiss\u00e3o gera um arquivo tipo .pdf). Arquivos no formato .doc devem ter suas equa\u00e7\u00f5es inseridas utilizando a ferramenta de equa\u00e7\u00f5es do Word. Arquivos no formato .tex devem estar de acordo com as seguintes recomenda\u00e7\u00f5es: estar em UTF-8 com acentos; declara\u00e7\u00f5es de classes, estilos e outros comandos devem estar no pre\u00e2mbulo; n\u00e3o deve ser utilizado o pacote TikZ; o texto final deve ser limpo, sem trechos de artigos comentados; as refer\u00eancias devem ser colocadas no formato \\bibitem.<\/p>\n\n<p>Os autores devem se registrar no sistema eletr\u00f4nico de submiss\u00e3o, fornecendo todas as informa\u00e7\u00f5es solicitadas. O autor submissor deve providenciar o ORCID ID (Open Researcher and Contributor ID,\u00a0<a href=\"http:\/\/orcid.org\/\">http:\/\/orcid.org<\/a>) no momento da submiss\u00e3o, colocando-o no perfil do usu\u00e1rio no sistema de submiss\u00e3o. N\u00f3s encorajamos fortemente que os coautores fa\u00e7am o mesmo. Dentro da \u00e1rea do usu\u00e1rio, al\u00e9m de submeter o seu artigo, os autores poder\u00e3o acompanhar o processo editorial desde a submiss\u00e3o at\u00e9 a eventual publica\u00e7\u00e3o. Embora haja um autor correspondente, todos os outros autores dividem a responsabilidade pelo conte\u00fado dos manuscritos submetidos.<\/p>\n\n<p>Aceitam-se artigos em portugu\u00eas, espanhol e ingl\u00eas. Os autores devem indicar a se\u00e7\u00e3o mais apropriada para o seu artigo. Al\u00e9m do t\u00edtulo, do resumo e das palavras-chave na l\u00edngua de reda\u00e7\u00e3o do artigo, os autores devem registrar no texto as vers\u00f5es desses itens em portugu\u00eas ou ingl\u00eas, conforme o caso. Isto \u00e9, os t\u00edtulos, os resumos e as palavras-chave devem ser bil\u00edngues. As refer\u00eancias completas devem ser dadas no final do artigo, seguindo a ordem de apresenta\u00e7\u00e3o no texto. Devem ser dados com clareza os nomes dos autores (incluir\u00a0<em>et al.<\/em>\u00a0somente ap\u00f3s o d\u00e9cimo autor), o nome completo do peri\u00f3dico, n\u00famero do volume (em negrito), n\u00famero da p\u00e1gina e ano da publica\u00e7\u00e3o (entre par\u00eanteses). As refer\u00eancias a livros publicados devem apresentar o t\u00edtulo em it\u00e1lico, a editora, cidade da editora e ano da publica\u00e7\u00e3o.<\/p>\n\n<p>Exemplos:<\/p>\n\n<ul class=\"wp-block-list\">\n<li>Peri\u00f3dico: J.A. Silva, Phys. Rev. B\u00a0<strong>26<\/strong>, 15\u00a0(1982).<\/li>\n\n<li>Livro: J.A. Silva,\u00a0<em>Nome do Livro<\/em>\u00a0(Nome da Editora, Cidade, Ano), v. 2.<\/li>\n\n<li>Cap\u00edtulo de livro: J.A. Silva, in\u00a0<em>Nome do Livro<\/em>, editado por C. Brown (Nome da Editora, Cidade, Ano).<\/li>\n\n<li>Proceedings: J.A. Silva, in\u00a0<em>Anais do XXXIV Simp\u00f3sio Nacional de Ensino de F\u00edsica<\/em>, Cidade, Ano, editado por C. Brown (Nome da Editora, Cidade, Ano).<\/li>\n\n<li>Teses: J.A. Silva,\u00a0<em>Nome da Tese<\/em>. Tese de Doutorado, Universidade\u00a0(Ano).<\/li>\n\n<li>Preprint: P.J. Miranda, M.S. Baptista and S.E.S. Pinto, arXiv:1306.2537 (2013).<\/li>\n<\/ul>\n\n<p>As equa\u00e7\u00f5es devem ser enviadas no corpo do artigo e mencionadas como &#8220;equa\u00e7\u00e3o (1)&#8221;.<\/p>\n\n<p>Havendo d\u00favidas, os autores devem consultar artigos publicados nos fasc\u00edculos mais recentes da Rev. Bras. Ens. F\u00eds. As provas dos artigos aceitos ser\u00e3o enviadas aos autores para verifica\u00e7\u00e3o.<\/p>\n\n<p>Todos os artigos submetidos est\u00e3o sujeitos a uma verifica\u00e7\u00e3o inicial e a um processo de avalia\u00e7\u00e3o por pares. As submiss\u00f5es que n\u00e3o estiverem de acordo com as normas da revista, ou que contiverem ilustra\u00e7\u00f5es e texto de dif\u00edcil leitura ou reprodu\u00e7\u00e3o, ser\u00e3o devolvidas aos autores para as devidas corre\u00e7\u00f5es antes do processo de avalia\u00e7\u00e3o. Os artigos aceitos editorialmente ser\u00e3o publicados pelo SciELO de maneira continuada, <em>on-line<\/em>, sob a licen\u00e7a &#8220;creative commons&#8221;. N\u00e3o h\u00e1 qualquer taxa para submiss\u00e3o ou publica\u00e7\u00e3o dos artigos.<\/p>\n\n<p>A\u00a0<strong>Rev. Bras. Ens. F\u00eds.<\/strong> est\u00e1 dividida em se\u00e7\u00f5es espec\u00edficas. Na se\u00e7\u00e3o de &#8220;Artigos Gerais&#8221;, ser\u00e3o aceitas contribui\u00e7\u00f5es de F\u00edsica te\u00f3rica, computacional ou experimental, abordando temas de F\u00edsica sob um ponto de vista did\u00e1tico, e procurando considerar aspectos pouco discutidos em textos cl\u00e1ssicos ou assuntos de pesquisa escritos em n\u00edvel acess\u00edvel a n\u00e3o especialistas. Os artigos da se\u00e7\u00e3o &#8220;Produtos e Materiais Did\u00e1ticos para o Ensino de F\u00edsica&#8221; devem dar visibilidade aos trabalhos de desenvolvimento em ensino de f\u00edsica, referindo-se a inova\u00e7\u00f5es did\u00e1ticas ou a trabalhos estreitamente relacionados ao desenvolvimento de materiais did\u00e1ticos. A se\u00e7\u00e3o de &#8220;Pesquisa em Ensino de F\u00edsica&#8221; \u00e9 destinada \u00e0 divulga\u00e7\u00e3o de trabalhos de pesquisa em ensino de F\u00edsica de maneira ampla, envolvendo quest\u00f5es de fundamenta\u00e7\u00e3o e metodologia de pesquisa educacional com relev\u00e2ncia. A se\u00e7\u00e3o de &#8220;Hist\u00f3ria da F\u00edsica e Ci\u00eancias Afins&#8221; est\u00e1 aberta de maneira ampla aos pesquisadores da \u00e1rea no Brasil, com \u00eanfase em resultados que tenham implica\u00e7\u00f5es no ensino de F\u00edsica. A revista tamb\u00e9m publica &#8220;notas ao editor&#8221;, \u201c<em>resource letters\u201d<\/em> e resenhas de livros de f\u00edsica. Tradu\u00e7\u00f5es a artigos cl\u00e1ssicos ou de relev\u00e2ncia cient\u00edfica poder\u00e3o ser admitidos, desde que como material suplementar, devendo o texto principal conter informa\u00e7\u00f5es relevantes e in\u00e9ditas acerca do material traduzido, bem como desenvolvimentos (coment\u00e1rios, corre\u00e7\u00f5es ou complementa\u00e7\u00f5es) in\u00e9ditas.<\/p>\n\t\t\t\t\t\t\t\t<\/div>\n\t\t\t\t<\/div>\n\t\t\t\t\t<\/div>\n\t\t<\/div>\n\t\t\t\t\t<\/div>\n\t\t<\/section>\n\t\t\t\t<\/div>\n\t\t","protected":false},"excerpt":{"rendered":"<p>Diretrizes para Publica\u00e7\u00e3o Qualquer artigo submetido dentro dos objetivos da revista ser\u00e1 considerado para publica\u00e7\u00e3o, desde que n\u00e3o tenha sido publicado ou aceito em outra revista. Todos os artigos ser\u00e3o revisados por pares, sob a responsabilidade dos editores, por meio de an\u00e1lises detalhadas do texto. Os arquivos dos artigos poder\u00e3o ser submetidos em formatos do [&hellip;]<\/p>\n","protected":false},"author":12,"featured_media":25848,"parent":25834,"menu_order":0,"comment_status":"closed","ping_status":"closed","template":"elementor_header_footer","meta":{"footnotes":""},"class_list":["post-25846","page","type-page","status-publish","has-post-thumbnail","hentry"],"aioseo_notices":[],"_links":{"self":[{"href":"https:\/\/www.sbfisica.org.br\/v1\/sbf\/wp-json\/wp\/v2\/pages\/25846","targetHints":{"allow":["GET"]}}],"collection":[{"href":"https:\/\/www.sbfisica.org.br\/v1\/sbf\/wp-json\/wp\/v2\/pages"}],"about":[{"href":"https:\/\/www.sbfisica.org.br\/v1\/sbf\/wp-json\/wp\/v2\/types\/page"}],"author":[{"embeddable":true,"href":"https:\/\/www.sbfisica.org.br\/v1\/sbf\/wp-json\/wp\/v2\/users\/12"}],"replies":[{"embeddable":true,"href":"https:\/\/www.sbfisica.org.br\/v1\/sbf\/wp-json\/wp\/v2\/comments?post=25846"}],"version-history":[{"count":10,"href":"https:\/\/www.sbfisica.org.br\/v1\/sbf\/wp-json\/wp\/v2\/pages\/25846\/revisions"}],"predecessor-version":[{"id":25881,"href":"https:\/\/www.sbfisica.org.br\/v1\/sbf\/wp-json\/wp\/v2\/pages\/25846\/revisions\/25881"}],"up":[{"embeddable":true,"href":"https:\/\/www.sbfisica.org.br\/v1\/sbf\/wp-json\/wp\/v2\/pages\/25834"}],"wp:featuredmedia":[{"embeddable":true,"href":"https:\/\/www.sbfisica.org.br\/v1\/sbf\/wp-json\/wp\/v2\/media\/25848"}],"wp:attachment":[{"href":"https:\/\/www.sbfisica.org.br\/v1\/sbf\/wp-json\/wp\/v2\/media?parent=25846"}],"curies":[{"name":"wp","href":"https:\/\/api.w.org\/{rel}","templated":true}]}}