{"id":23706,"date":"2024-09-04T18:47:44","date_gmt":"2024-09-04T21:47:44","guid":{"rendered":"https:\/\/www.sbfisica.org.br\/v1\/sbf\/?page_id=23706"},"modified":"2024-12-09T16:02:06","modified_gmt":"2024-12-09T19:02:06","slug":"o-verifisica","status":"publish","type":"page","link":"https:\/\/www.sbfisica.org.br\/v1\/sbf\/verifisica\/o-verifisica\/","title":{"rendered":"O VeriF\u00edsica"},"content":{"rendered":"<style>.elementor-23706 .elementor-element.elementor-element-7fddaa4:not(.elementor-motion-effects-element-type-background), .elementor-23706 .elementor-element.elementor-element-7fddaa4 > .elementor-motion-effects-container > .elementor-motion-effects-layer{background-color:var( --e-global-color-247ad3a );}.elementor-23706 .elementor-element.elementor-element-7fddaa4{transition:background 0.3s, border 0.3s, border-radius 0.3s, box-shadow 0.3s;margin-top:40px;margin-bottom:40px;}.elementor-23706 .elementor-element.elementor-element-7fddaa4 > .elementor-background-overlay{transition:background 0.3s, border-radius 0.3s, opacity 0.3s;}.elementor-widget-heading .elementor-heading-title{font-family:var( --e-global-typography-primary-font-family ), raleway;font-weight:var( --e-global-typography-primary-font-weight );color:var( --e-global-color-primary );}.elementor-23706 .elementor-element.elementor-element-eca1777 .elementor-heading-title{color:var( --e-global-color-e604687 );}.elementor-widget-text-editor{font-family:var( --e-global-typography-text-font-family ), raleway;font-weight:var( --e-global-typography-text-font-weight );color:var( --e-global-color-text );}.elementor-widget-text-editor.elementor-drop-cap-view-stacked .elementor-drop-cap{background-color:var( --e-global-color-primary );}.elementor-widget-text-editor.elementor-drop-cap-view-framed .elementor-drop-cap, .elementor-widget-text-editor.elementor-drop-cap-view-default .elementor-drop-cap{color:var( --e-global-color-primary );border-color:var( --e-global-color-primary );}.elementor-23706 .elementor-element.elementor-element-a187b8c{color:var( --e-global-color-text );}.elementor-23706 .elementor-element.elementor-element-9b4e164:not(.elementor-motion-effects-element-type-background), .elementor-23706 .elementor-element.elementor-element-9b4e164 > .elementor-motion-effects-container > .elementor-motion-effects-layer{background-color:#E9E9E9;}.elementor-23706 .elementor-element.elementor-element-9b4e164{transition:background 0.3s, border 0.3s, border-radius 0.3s, box-shadow 0.3s;margin-top:40px;margin-bottom:40px;padding:20px 0px 10px 0px;}.elementor-23706 .elementor-element.elementor-element-9b4e164 > .elementor-background-overlay{transition:background 0.3s, border-radius 0.3s, opacity 0.3s;}.elementor-23706 .elementor-element.elementor-element-05a0ce1 .elementor-heading-title{color:var( --e-global-color-e604687 );}.elementor-23706 .elementor-element.elementor-element-2e5f6d7{color:var( --e-global-color-text );}.elementor-23706 .elementor-element.elementor-element-a75a938:not(.elementor-motion-effects-element-type-background), .elementor-23706 .elementor-element.elementor-element-a75a938 > .elementor-motion-effects-container > .elementor-motion-effects-layer{background-color:var( --e-global-color-247ad3a );}.elementor-23706 .elementor-element.elementor-element-a75a938{transition:background 0.3s, border 0.3s, border-radius 0.3s, box-shadow 0.3s;margin-top:40px;margin-bottom:40px;}.elementor-23706 .elementor-element.elementor-element-a75a938 > .elementor-background-overlay{transition:background 0.3s, border-radius 0.3s, opacity 0.3s;}.elementor-23706 .elementor-element.elementor-element-6343908 .elementor-heading-title{color:var( --e-global-color-e604687 );}.elementor-23706 .elementor-element.elementor-element-2b8b5f9{color:var( --e-global-color-text );}\/* Start custom CSS for section, class: .elementor-element-a75a938 *\/.elementor-kit-5022 a {\r\n    font-weight: normal;\r\n}\/* End custom CSS *\/<\/style>\t\t<div data-elementor-type=\"wp-page\" data-elementor-id=\"23706\" class=\"elementor elementor-23706\" data-elementor-settings=\"{&quot;ha_cmc_init_switcher&quot;:&quot;no&quot;}\" data-elementor-post-type=\"page\">\n\t\t\t\t\t\t<section class=\"elementor-section elementor-top-section elementor-element elementor-element-7fddaa4 elementor-section-boxed elementor-section-height-default elementor-section-height-default\" data-id=\"7fddaa4\" data-element_type=\"section\" data-settings=\"{&quot;background_background&quot;:&quot;classic&quot;,&quot;_ha_eqh_enable&quot;:false}\">\n\t\t\t\t\t\t<div class=\"elementor-container elementor-column-gap-default\">\n\t\t\t\t\t<div class=\"elementor-column elementor-col-100 elementor-top-column elementor-element elementor-element-2c4809d\" data-id=\"2c4809d\" data-element_type=\"column\">\n\t\t\t<div class=\"elementor-widget-wrap elementor-element-populated\">\n\t\t\t\t\t\t<div class=\"elementor-element elementor-element-eca1777 elementor-widget elementor-widget-heading\" data-id=\"eca1777\" data-element_type=\"widget\" data-widget_type=\"heading.default\">\n\t\t\t\t<div class=\"elementor-widget-container\">\n\t\t\t\t\t<h2 class=\"elementor-heading-title elementor-size-default\">QUEM SOMOS<\/h2>\t\t\t\t<\/div>\n\t\t\t\t<\/div>\n\t\t\t\t<div class=\"elementor-element elementor-element-a187b8c elementor-widget elementor-widget-text-editor\" data-id=\"a187b8c\" data-element_type=\"widget\" data-widget_type=\"text-editor.default\">\n\t\t\t\t<div class=\"elementor-widget-container\">\n\t\t\t\t\t\t\t\t\t<p>Criada em 2020, a VeriF\u00edsica surgiu em resposta a uma demanda apresentada aos professores membros e associados da SBF. Diariamente o p\u00fablico leigo e pesquisador se deparava com diversas not\u00edcias que se utilizam indevidamente de termos da F\u00edsica para divulgar conte\u00fados duvidosos.<\/p><p>Assim, formou-se uma comiss\u00e3o de checagem de not\u00edcias envolvendo a F\u00edsica, criada pela SBF, a VeriF\u00edsica. Uma resposta \u00e0 prolifera\u00e7\u00e3o de pseudoci\u00eancias e combate ao negacionismo cient\u00edfico.<\/p><p>Toda informa\u00e7\u00e3o que estiver de acordo com nosso crit\u00e9rios ser\u00e1 analisada por especialistas na \u00e1rea da F\u00edsica abordada e receber\u00e1 um veredito: <strong>verdadeiro<\/strong>, <strong>incompleto<\/strong> (dados incompletos que podem induzir o leitor ao erro), <strong>desconexo<\/strong> (quando itens que ilustram o texto n\u00e3o correspondem ao conte\u00fado), <strong>especulativo<\/strong> (exerc\u00edcio de futurologia que dificulta a defini\u00e7\u00e3o de \u201ccerto\u201d ou \u201cerrado\u201d) e <strong>falso<\/strong>.<\/p><p>Com exce\u00e7\u00e3o da defini\u00e7\u00e3o de &#8220;verdadeiro&#8221; todos outros conte\u00fados enquadram-se como desinforma\u00e7\u00e3o ou informa\u00e7\u00e3o falsa, por\u00e9m, as subcategoriza\u00e7\u00f5es s\u00e3o aplicadas para ilustrar da melhor forma como a informa\u00e7\u00e3o pode ser manipulada na tentativa de convencer o p\u00fablico a respeito de uma ideia. As defini\u00e7\u00f5es adotadas t\u00eam como refer\u00eancia o <a href=\"https:\/\/firstdraftnews.org\/long-form-article\/understanding-information-disorder\/\">guia para compreens\u00e3o\u00a0 da desordem informativa<\/a> da pesquisadora e fundadora da organiza\u00e7\u00e3o <a href=\"https:\/\/firstdraftnews.org\/about\/\">First Draft<\/a> e do <a href=\"https:\/\/sites.brown.edu\/informationfutures\/\">Information Future Lab<\/a>, a professora <a href=\"https:\/\/clairewardle.com\/about\/\">Claire Wardle<\/a>.<\/p><p>Damos prefer\u00eancia aos t\u00f3picos que tratem de assuntos relacionados \u00e0 F\u00edsica e que tenham repercuss\u00e3o nos meios de difus\u00e3o de informa\u00e7\u00e3o da atualidade \u2013 m\u00eddia tradicional, independente e redes sociais.<\/p>\t\t\t\t\t\t\t\t<\/div>\n\t\t\t\t<\/div>\n\t\t\t\t\t<\/div>\n\t\t<\/div>\n\t\t\t\t\t<\/div>\n\t\t<\/section>\n\t\t\t\t<section class=\"elementor-section elementor-top-section elementor-element elementor-element-9b4e164 elementor-section-boxed elementor-section-height-default elementor-section-height-default\" data-id=\"9b4e164\" data-element_type=\"section\" data-settings=\"{&quot;background_background&quot;:&quot;classic&quot;,&quot;_ha_eqh_enable&quot;:false}\">\n\t\t\t\t\t\t<div class=\"elementor-container elementor-column-gap-default\">\n\t\t\t\t\t<div class=\"elementor-column elementor-col-100 elementor-top-column elementor-element elementor-element-901ceb8\" data-id=\"901ceb8\" data-element_type=\"column\">\n\t\t\t<div class=\"elementor-widget-wrap elementor-element-populated\">\n\t\t\t\t\t\t<div class=\"elementor-element elementor-element-05a0ce1 elementor-widget elementor-widget-heading\" data-id=\"05a0ce1\" data-element_type=\"widget\" data-widget_type=\"heading.default\">\n\t\t\t\t<div class=\"elementor-widget-container\">\n\t\t\t\t\t<h2 class=\"elementor-heading-title elementor-size-default\">COORDENA\u00c7\u00c3O<\/h2>\t\t\t\t<\/div>\n\t\t\t\t<\/div>\n\t\t\t\t<div class=\"elementor-element elementor-element-2e5f6d7 elementor-widget elementor-widget-text-editor\" data-id=\"2e5f6d7\" data-element_type=\"widget\" data-widget_type=\"text-editor.default\">\n\t\t\t\t<div class=\"elementor-widget-container\">\n\t\t\t\t\t\t\t\t\t<h4>Prof. Rog\u00e9rio Rosenfeld (IFT\/Unesp)<\/h4><ul><li><strong>Contato:<\/strong> <a href=\"mailto:rogerio.rosenfeld@unesp.br\">rogerio.rosenfeld@unesp.br<\/a>.<\/li><li><strong>Curr\u00edculo Lattes:<\/strong> <a href=\"http:\/\/lattes.cnpq.br\/6604074224038905\">http:\/\/lattes.cnpq.br\/6604074224038905<\/a>.<\/li><\/ul>\t\t\t\t\t\t\t\t<\/div>\n\t\t\t\t<\/div>\n\t\t\t\t\t<\/div>\n\t\t<\/div>\n\t\t\t\t\t<\/div>\n\t\t<\/section>\n\t\t\t\t<section class=\"elementor-section elementor-top-section elementor-element elementor-element-a75a938 elementor-section-boxed elementor-section-height-default elementor-section-height-default\" data-id=\"a75a938\" data-element_type=\"section\" data-settings=\"{&quot;background_background&quot;:&quot;classic&quot;,&quot;_ha_eqh_enable&quot;:false}\">\n\t\t\t\t\t\t<div class=\"elementor-container elementor-column-gap-default\">\n\t\t\t\t\t<div class=\"elementor-column elementor-col-100 elementor-top-column elementor-element elementor-element-826e06d\" data-id=\"826e06d\" data-element_type=\"column\">\n\t\t\t<div class=\"elementor-widget-wrap elementor-element-populated\">\n\t\t\t\t\t\t<div class=\"elementor-element elementor-element-6343908 elementor-widget elementor-widget-heading\" data-id=\"6343908\" data-element_type=\"widget\" data-widget_type=\"heading.default\">\n\t\t\t\t<div class=\"elementor-widget-container\">\n\t\t\t\t\t<h2 class=\"elementor-heading-title elementor-size-default\">EQUIPE<\/h2>\t\t\t\t<\/div>\n\t\t\t\t<\/div>\n\t\t\t\t<div class=\"elementor-element elementor-element-2b8b5f9 elementor-widget elementor-widget-text-editor\" data-id=\"2b8b5f9\" data-element_type=\"widget\" data-widget_type=\"text-editor.default\">\n\t\t\t\t<div class=\"elementor-widget-container\">\n\t\t\t\t\t\t\t\t\t<h4>Adilson Jesus Aparecido de Oliveira (Ufscar)<\/h4><ul><li><strong>Contato:<\/strong> <a href=\"mailto:adilson@df.ufscar.br\">adilson@df.ufscar.br<\/a>.<\/li><\/ul><hr \/><h4>Antonio C. C. Guimar\u00e3es (UFRJ)<\/h4><ul><li><strong>Contato:<\/strong> <a href=\"mailto:aguimaraes@macae.ufrj.br\">aguimaraes@macae.ufrj.br<\/a>.<\/li><\/ul><hr \/><h4>Arandi Ginane Bezerra Jr (UTFPR)<\/h4><ul><li><strong>Contato:<\/strong> <a href=\"mailto:arandi@utfpr.edu.br\">arandi@utfpr.edu.br<\/a>.<\/li><li><strong>Curr\u00edculo Lattes:<\/strong> <a href=\"http:\/\/lattes.cnpq.br\/7811492311173264\">http:\/\/lattes.cnpq.br\/7811492311173264<\/a>.<\/li><\/ul><hr \/><h4>Belita Koiller (UFRJ)<\/h4><ul><li><strong>Contato:<\/strong> <a href=\"mailto:bkoiller@gmail.com\">bkoiller@gmail.com<\/a>.<\/li><li><strong>Curr\u00edculo Lattes:<\/strong> <a href=\"http:\/\/lattes.cnpq.br\/7598434387418698\">http:\/\/lattes.cnpq.br\/7598434387418698<\/a>.<\/li><\/ul><hr \/><h4>Emanuel Chimanski (Brookhaven National Laboratory)<\/h4><ul><li><strong>Contato:<\/strong> <a href=\"mailto:evchimanski@gmail.com\">evchimanski@gmail.com<\/a>.<\/li><li><strong>Curr\u00edculo Lattes:<\/strong> <a href=\"http:\/\/lattes.cnpq.br\/6166792774275216\">http:\/\/lattes.cnpq.br\/6166792774275216<\/a>.<\/li><\/ul><hr \/><h4>F\u00e1bio Telles (Col\u00e9gio Estadual Helena Matheus, CEHM, Bahia)<\/h4><ul><li><strong>Contato:<\/strong> <a href=\"mailto:teles_cdb@hotmail.com\">teles_cdb@hotmail.com<\/a>.<\/li><li><strong>Curr\u00edculo Lattes:<\/strong> <a href=\"http:\/\/lattes.cnpq.br\/3841107146286487\">http:\/\/lattes.cnpq.br\/3841107146286487<\/a>.<\/li><\/ul><hr \/><h4>Hugo Andrade (UFPE)<\/h4><ul><li><strong>Contato:<\/strong> <a href=\"mailto:hugo.andrade.ufpe@gmail.com\">hugo.andrade.ufpe@gmail.com<\/a>.<\/li><\/ul><hr \/><h4>Juliana Celestino (UERJ)<\/h4><ul><li><strong>Contato:<\/strong> <a href=\"mailto:juliana.efei@gmail.com\">juliana.efei@gmail.com<\/a>.<\/li><li><strong>Curr\u00edculo Lattes:<\/strong> <a href=\"http:\/\/lattes.cnpq.br\/6967348968095705\">http:\/\/lattes.cnpq.br\/6967348968095705<\/a>.<\/li><\/ul><hr \/><h4>Marcelo Girardi Schappo (IFSC)<\/h4><ul><li><strong>Contato:<\/strong> <a href=\"mailto:marceloschappo@hotmail.com\">marceloschappo@hotmail.com<\/a>.<\/li><li><strong>Curr\u00edculo Lattes:<\/strong> <a href=\"http:\/\/lattes.cnpq.br\/8685622760352932\">http:\/\/lattes.cnpq.br\/8685622760352932<\/a>.<\/li><\/ul><hr \/><h4>Valdir Guimar\u00e3es (IFUSP)<\/h4><ul><li><strong>Contato:<\/strong> <a href=\"mailto:valdirg@if.usp.br\">valdirg@if.usp.br<\/a>.<\/li><li><strong>Curr\u00edculo Lattes:<\/strong> <a href=\"http:\/\/lattes.cnpq.br\/6388053331640145\">http:\/\/lattes.cnpq.br\/6388053331640145<\/a>.<\/li><\/ul><hr \/><h4>William da Silva Oliveira (UFRJ)<\/h4><ul><li><strong>Contato:<\/strong> <a href=\"mailto:wiliamoliveira@pos.if.ufrj.br\">wiliamoliveira@pos.if.ufrj.br<\/a>.<\/li><li><strong>Curr\u00edculo Lattes:<\/strong> <a href=\"http:\/\/lattes.cnpq.br\/5026053799204343\">http:\/\/lattes.cnpq.br\/5026053799204343<\/a>.<\/li><\/ul>\t\t\t\t\t\t\t\t<\/div>\n\t\t\t\t<\/div>\n\t\t\t\t\t<\/div>\n\t\t<\/div>\n\t\t\t\t\t<\/div>\n\t\t<\/section>\n\t\t\t\t<\/div>\n\t\t","protected":false},"excerpt":{"rendered":"<p>QUEM SOMOS Criada em 2020, a VeriF\u00edsica surgiu em resposta a uma demanda apresentada aos professores membros e associados da SBF. Diariamente o p\u00fablico leigo e pesquisador se deparava com diversas not\u00edcias que se utilizam indevidamente de termos da F\u00edsica para divulgar conte\u00fados duvidosos. Assim, formou-se uma comiss\u00e3o de checagem de not\u00edcias envolvendo a F\u00edsica, [&hellip;]<\/p>\n","protected":false},"author":12,"featured_media":16567,"parent":23420,"menu_order":0,"comment_status":"closed","ping_status":"closed","template":"elementor_header_footer","meta":{"footnotes":""},"class_list":["post-23706","page","type-page","status-publish","has-post-thumbnail","hentry"],"aioseo_notices":[],"_links":{"self":[{"href":"https:\/\/www.sbfisica.org.br\/v1\/sbf\/wp-json\/wp\/v2\/pages\/23706","targetHints":{"allow":["GET"]}}],"collection":[{"href":"https:\/\/www.sbfisica.org.br\/v1\/sbf\/wp-json\/wp\/v2\/pages"}],"about":[{"href":"https:\/\/www.sbfisica.org.br\/v1\/sbf\/wp-json\/wp\/v2\/types\/page"}],"author":[{"embeddable":true,"href":"https:\/\/www.sbfisica.org.br\/v1\/sbf\/wp-json\/wp\/v2\/users\/12"}],"replies":[{"embeddable":true,"href":"https:\/\/www.sbfisica.org.br\/v1\/sbf\/wp-json\/wp\/v2\/comments?post=23706"}],"version-history":[{"count":52,"href":"https:\/\/www.sbfisica.org.br\/v1\/sbf\/wp-json\/wp\/v2\/pages\/23706\/revisions"}],"predecessor-version":[{"id":25039,"href":"https:\/\/www.sbfisica.org.br\/v1\/sbf\/wp-json\/wp\/v2\/pages\/23706\/revisions\/25039"}],"up":[{"embeddable":true,"href":"https:\/\/www.sbfisica.org.br\/v1\/sbf\/wp-json\/wp\/v2\/pages\/23420"}],"wp:featuredmedia":[{"embeddable":true,"href":"https:\/\/www.sbfisica.org.br\/v1\/sbf\/wp-json\/wp\/v2\/media\/16567"}],"wp:attachment":[{"href":"https:\/\/www.sbfisica.org.br\/v1\/sbf\/wp-json\/wp\/v2\/media?parent=23706"}],"curies":[{"name":"wp","href":"https:\/\/api.w.org\/{rel}","templated":true}]}}