{"id":20960,"date":"2023-06-29T15:03:25","date_gmt":"2023-06-29T18:03:25","guid":{"rendered":"https:\/\/www.sbfisica.org.br\/v1\/sbf-wp2027\/?page_id=20960"},"modified":"2025-07-07T12:00:37","modified_gmt":"2025-07-07T15:00:37","slug":"tiq-ciencia-e-tecnologias-de-informacao-quantica","status":"publish","type":"page","link":"https:\/\/www.sbfisica.org.br\/v1\/sbf\/comissoes\/comissoes-de-area\/tiq-ciencia-e-tecnologias-de-informacao-quantica\/","title":{"rendered":"TIQ: Ci\u00eancia e Tecnologias de Informa\u00e7\u00e3o Qu\u00e2ntica"},"content":{"rendered":"<style>.elementor-20960 .elementor-element.elementor-element-5cc2755:not(.elementor-motion-effects-element-type-background), .elementor-20960 .elementor-element.elementor-element-5cc2755 > .elementor-motion-effects-container > .elementor-motion-effects-layer{background-image:url(\"https:\/\/www.sbfisica.org.br\/v1\/sbf\/wp-content\/uploads\/2022\/05\/molecular-structure-abstract-science-background-3d-illustration.jpg\");background-position:center center;background-repeat:no-repeat;background-size:cover;}.elementor-20960 .elementor-element.elementor-element-5cc2755 > .elementor-background-overlay{background-color:transparent;background-image:linear-gradient(40deg, var( --e-global-color-secondary ) 50%, #F2295B00 70%);opacity:0.8;transition:background 0.3s, border-radius 0.3s, opacity 0.3s;}.elementor-20960 .elementor-element.elementor-element-5cc2755{transition:background 0.3s, border 0.3s, border-radius 0.3s, box-shadow 0.3s;margin-top:0px;margin-bottom:0px;padding:120px 0px 120px 0px;}.elementor-widget-heading .elementor-heading-title{font-family:var( --e-global-typography-primary-font-family ), raleway;font-weight:var( --e-global-typography-primary-font-weight );color:var( --e-global-color-primary );}.elementor-20960 .elementor-element.elementor-element-60e7176{text-align:start;}.elementor-20960 .elementor-element.elementor-element-60e7176 .elementor-heading-title{font-family:\"Kanit\", raleway;font-size:50px;font-weight:600;}.elementor-20960 .elementor-element.elementor-element-542be6a > .elementor-element-populated{transition:background 0.3s, border 0.3s, border-radius 0.3s, box-shadow 0.3s;}.elementor-20960 .elementor-element.elementor-element-542be6a > .elementor-element-populated > .elementor-background-overlay{transition:background 0.3s, border-radius 0.3s, opacity 0.3s;}.elementor-20960 .elementor-element.elementor-element-fe8e4cc .elementor-heading-title{color:var( --e-global-color-secondary );}.elementor-widget-text-editor{font-family:var( --e-global-typography-text-font-family ), raleway;font-weight:var( --e-global-typography-text-font-weight );color:var( --e-global-color-text );}.elementor-widget-text-editor.elementor-drop-cap-view-stacked .elementor-drop-cap{background-color:var( --e-global-color-primary );}.elementor-widget-text-editor.elementor-drop-cap-view-framed .elementor-drop-cap, .elementor-widget-text-editor.elementor-drop-cap-view-default .elementor-drop-cap{color:var( --e-global-color-primary );border-color:var( --e-global-color-primary );}.elementor-20960 .elementor-element.elementor-element-a64c2bf{font-family:var( --e-global-typography-text-font-family ), raleway;font-weight:var( --e-global-typography-text-font-weight );text-shadow:0px 0px 0px rgba(0,0,0,0.3);color:var( --e-global-color-text );}@media(min-width:1025px){.elementor-20960 .elementor-element.elementor-element-5cc2755:not(.elementor-motion-effects-element-type-background), .elementor-20960 .elementor-element.elementor-element-5cc2755 > .elementor-motion-effects-container > .elementor-motion-effects-layer{background-attachment:scroll;}}<\/style>\t\t<div data-elementor-type=\"wp-page\" data-elementor-id=\"20960\" class=\"elementor elementor-20960\" data-elementor-settings=\"{&quot;ha_cmc_init_switcher&quot;:&quot;no&quot;}\" data-elementor-post-type=\"page\">\n\t\t\t\t\t\t<section class=\"elementor-section elementor-top-section elementor-element elementor-element-5cc2755 banner-page elementor-section-boxed elementor-section-height-default elementor-section-height-default\" data-id=\"5cc2755\" data-element_type=\"section\" data-settings=\"{&quot;background_background&quot;:&quot;classic&quot;,&quot;_ha_eqh_enable&quot;:false}\">\n\t\t\t\t\t\t\t<div class=\"elementor-background-overlay\"><\/div>\n\t\t\t\t\t\t\t<div class=\"elementor-container elementor-column-gap-default\">\n\t\t\t\t\t<div class=\"elementor-column elementor-col-100 elementor-top-column elementor-element elementor-element-7f60a41\" data-id=\"7f60a41\" data-element_type=\"column\">\n\t\t\t<div class=\"elementor-widget-wrap elementor-element-populated\">\n\t\t\t\t\t\t<div class=\"elementor-element elementor-element-60e7176 elementor-widget elementor-widget-heading\" data-id=\"60e7176\" data-element_type=\"widget\" data-widget_type=\"heading.default\">\n\t\t\t\t<div class=\"elementor-widget-container\">\n\t\t\t\t\t<h1 class=\"elementor-heading-title elementor-size-default\">TIQ: Ci\u00eancia e Tecnologias de Informa\u00e7\u00e3o Qu\u00e2ntica<\/h1>\t\t\t\t<\/div>\n\t\t\t\t<\/div>\n\t\t\t\t\t<\/div>\n\t\t<\/div>\n\t\t\t\t\t<\/div>\n\t\t<\/section>\n\t\t\t\t<section class=\"elementor-section elementor-top-section elementor-element elementor-element-cbe1238 elementor-section-boxed elementor-section-height-default elementor-section-height-default\" data-id=\"cbe1238\" data-element_type=\"section\" data-settings=\"{&quot;_ha_eqh_enable&quot;:false}\">\n\t\t\t\t\t\t<div class=\"elementor-container elementor-column-gap-default\">\n\t\t\t\t\t<div class=\"elementor-column elementor-col-100 elementor-top-column elementor-element elementor-element-542be6a\" data-id=\"542be6a\" data-element_type=\"column\" data-settings=\"{&quot;background_background&quot;:&quot;classic&quot;}\">\n\t\t\t<div class=\"elementor-widget-wrap elementor-element-populated\">\n\t\t\t\t\t\t<div class=\"elementor-element elementor-element-fe8e4cc elementor-widget elementor-widget-heading\" data-id=\"fe8e4cc\" data-element_type=\"widget\" data-widget_type=\"heading.default\">\n\t\t\t\t<div class=\"elementor-widget-container\">\n\t\t\t\t\t<h2 class=\"elementor-heading-title elementor-size-default\"><br>Composi\u00e7\u00e3o:<\/h2>\t\t\t\t<\/div>\n\t\t\t\t<\/div>\n\t\t\t\t<div class=\"elementor-element elementor-element-a64c2bf elementor-widget elementor-widget-text-editor\" data-id=\"a64c2bf\" data-element_type=\"widget\" data-widget_type=\"text-editor.default\">\n\t\t\t\t<div class=\"elementor-widget-container\">\n\t\t\t\t\t\t\t\t\t<p>Eduardo Duzzioni<br>Fernando Bandeira de Melo<br>Lucas Chibebe Celeri&nbsp;&#8211;&nbsp;<span style=\"font-weight: 700;\">Vice-coordenador<\/span><br>Marcelo Terra Cunha &#8211; <b>Coordenador<\/b><br>Rafael Souto Araujo<\/p>\n<p><span style=\"color: var( --e-global-color-text ); font-family: var( --e-global-typography-text-font-family ), raleway; font-weight: var( --e-global-typography-text-font-weight );\"><a href=\"https:\/\/sbfisica.org.br\/v1\/sbf\/wp-content\/uploads\/2023\/09\/RegimentoCTIQ.pdf\" target=\"_blank\" rel=\"noopener\">Regimento TIQ<\/a>&nbsp;(PDF)<\/span><\/p>\t\t\t\t\t\t\t\t<\/div>\n\t\t\t\t<\/div>\n\t\t\t\t\t<\/div>\n\t\t<\/div>\n\t\t\t\t\t<\/div>\n\t\t<\/section>\n\t\t\t\t<\/div>\n\t\t","protected":false},"excerpt":{"rendered":"<p>TIQ: Ci\u00eancia e Tecnologias de Informa\u00e7\u00e3o Qu\u00e2ntica Composi\u00e7\u00e3o: Eduardo DuzzioniFernando Bandeira de MeloLucas Chibebe Celeri&nbsp;&#8211;&nbsp;Vice-coordenadorMarcelo Terra Cunha &#8211; CoordenadorRafael Souto Araujo Regimento TIQ&nbsp;(PDF)<\/p>\n","protected":false},"author":3,"featured_media":16567,"parent":8578,"menu_order":0,"comment_status":"closed","ping_status":"closed","template":"elementor_header_footer","meta":{"footnotes":""},"class_list":["post-20960","page","type-page","status-publish","has-post-thumbnail","hentry"],"aioseo_notices":[],"_links":{"self":[{"href":"https:\/\/www.sbfisica.org.br\/v1\/sbf\/wp-json\/wp\/v2\/pages\/20960","targetHints":{"allow":["GET"]}}],"collection":[{"href":"https:\/\/www.sbfisica.org.br\/v1\/sbf\/wp-json\/wp\/v2\/pages"}],"about":[{"href":"https:\/\/www.sbfisica.org.br\/v1\/sbf\/wp-json\/wp\/v2\/types\/page"}],"author":[{"embeddable":true,"href":"https:\/\/www.sbfisica.org.br\/v1\/sbf\/wp-json\/wp\/v2\/users\/3"}],"replies":[{"embeddable":true,"href":"https:\/\/www.sbfisica.org.br\/v1\/sbf\/wp-json\/wp\/v2\/comments?post=20960"}],"version-history":[{"count":29,"href":"https:\/\/www.sbfisica.org.br\/v1\/sbf\/wp-json\/wp\/v2\/pages\/20960\/revisions"}],"predecessor-version":[{"id":27911,"href":"https:\/\/www.sbfisica.org.br\/v1\/sbf\/wp-json\/wp\/v2\/pages\/20960\/revisions\/27911"}],"up":[{"embeddable":true,"href":"https:\/\/www.sbfisica.org.br\/v1\/sbf\/wp-json\/wp\/v2\/pages\/8578"}],"wp:featuredmedia":[{"embeddable":true,"href":"https:\/\/www.sbfisica.org.br\/v1\/sbf\/wp-json\/wp\/v2\/media\/16567"}],"wp:attachment":[{"href":"https:\/\/www.sbfisica.org.br\/v1\/sbf\/wp-json\/wp\/v2\/media?parent=20960"}],"curies":[{"name":"wp","href":"https:\/\/api.w.org\/{rel}","templated":true}]}}