{"id":15362,"date":"2022-06-13T17:38:17","date_gmt":"2022-06-13T20:38:17","guid":{"rendered":"https:\/\/sbfisica.org.br\/v1\/sbf\/?page_id=15362"},"modified":"2024-04-03T11:28:50","modified_gmt":"2024-04-03T14:28:50","slug":"cursos","status":"publish","type":"page","link":"https:\/\/www.sbfisica.org.br\/v1\/sbf\/eventos\/cursos\/","title":{"rendered":"Cursos"},"content":{"rendered":"<style>.elementor-15362 .elementor-element.elementor-element-e7f625f:not(.elementor-motion-effects-element-type-background), .elementor-15362 .elementor-element.elementor-element-e7f625f > .elementor-motion-effects-container > .elementor-motion-effects-layer{background-color:#FAF9F6;background-image:url(\"https:\/\/www.sbfisica.org.br\/v1\/sbf\/wp-content\/uploads\/2022\/05\/stylish-young-african-american-male-in-shirt-and-e-2021-08-31-05-14-26-utc-1-scaled.jpg\");background-position:bottom center;background-repeat:no-repeat;background-size:cover;}.elementor-15362 .elementor-element.elementor-element-e7f625f > .elementor-background-overlay{background-color:transparent;background-image:linear-gradient(40deg, #063267 50%, #FFFFFF00 70%);opacity:0.8;transition:background 0.3s, border-radius 0.3s, opacity 0.3s;}.elementor-15362 .elementor-element.elementor-element-e7f625f .elementor-background-overlay{filter:brightness( 100% ) contrast( 100% ) saturate( 100% ) blur( 0px ) hue-rotate( 0deg );}.elementor-15362 .elementor-element.elementor-element-e7f625f{transition:background 0.3s, border 0.3s, border-radius 0.3s, box-shadow 0.3s;margin-top:0%;margin-bottom:3%;padding:120px 0px 120px 0px;}.elementor-widget-heading .elementor-heading-title{font-family:var( --e-global-typography-primary-font-family ), raleway;font-weight:var( --e-global-typography-primary-font-weight );color:var( --e-global-color-primary );}.elementor-15362 .elementor-element.elementor-element-6597964{text-align:start;}.elementor-15362 .elementor-element.elementor-element-6597964 .elementor-heading-title{font-family:\"Kanit\", raleway;font-size:50px;font-weight:600;color:#FFFFFF;}.elementor-15362 .elementor-element.elementor-element-ef758a0:not(.elementor-motion-effects-element-type-background), .elementor-15362 .elementor-element.elementor-element-ef758a0 > .elementor-motion-effects-container > .elementor-motion-effects-layer{background-color:var( --e-global-color-247ad3a );}.elementor-15362 .elementor-element.elementor-element-ef758a0{transition:background 0.3s, border 0.3s, border-radius 0.3s, box-shadow 0.3s;padding:0px 0px 50px 0px;}.elementor-15362 .elementor-element.elementor-element-ef758a0 > .elementor-background-overlay{transition:background 0.3s, border-radius 0.3s, opacity 0.3s;}.elementor-15362 .elementor-element.elementor-element-6cfee22 > .elementor-widget-container{background-color:var( --e-global-color-primary );margin:0px 0px 20px 0px;border-radius:8px 8px 8px 8px;box-shadow:0px 0px 10px 0px rgba(0, 0, 0, 0.2);}.elementor-15362 .elementor-element.elementor-element-6cfee22.ha-has-bg-overlay:hover > .elementor-widget-container::before{transition:background 0.3s;}.elementor-15362 .elementor-element.elementor-element-6cfee22 .gsc-career .box-content .box-information{color:var( --e-global-color-da3b823 );font-family:var( --e-global-typography-text-font-family ), raleway;font-weight:var( --e-global-typography-text-font-weight );}.elementor-15362 .elementor-element.elementor-element-724943d > .elementor-widget-container{background-color:var( --e-global-color-primary );margin:0px 0px 20px 0px;border-radius:8px 8px 8px 8px;box-shadow:0px 0px 10px 0px rgba(0, 0, 0, 0.2);}.elementor-15362 .elementor-element.elementor-element-724943d.ha-has-bg-overlay:hover > .elementor-widget-container::before{transition:background 0.3s;}.elementor-15362 .elementor-element.elementor-element-724943d .gsc-career .box-content .box-information{color:var( --e-global-color-da3b823 );font-family:var( --e-global-typography-text-font-family ), raleway;font-weight:var( --e-global-typography-text-font-weight );}.elementor-15362 .elementor-element.elementor-element-5ff7e0b .elementor-heading-title{color:#1D3682;}.elementor-15362 .elementor-element.elementor-element-e802348 > .elementor-widget-container{background-color:var( --e-global-color-primary );margin:0px 0px 20px 0px;border-radius:8px 8px 8px 8px;box-shadow:0px 0px 10px 0px rgba(0, 0, 0, 0.2);}.elementor-15362 .elementor-element.elementor-element-e802348.ha-has-bg-overlay:hover > .elementor-widget-container::before{transition:background 0.3s;}.elementor-15362 .elementor-element.elementor-element-e802348 .gsc-career .box-content .box-information{color:var( --e-global-color-da3b823 );font-family:var( --e-global-typography-text-font-family ), raleway;font-weight:var( --e-global-typography-text-font-weight );}@media(max-width:1024px){.elementor-15362 .elementor-element.elementor-element-6597964 .elementor-heading-title{font-size:40px;}}@media(min-width:1025px){.elementor-15362 .elementor-element.elementor-element-e7f625f:not(.elementor-motion-effects-element-type-background), .elementor-15362 .elementor-element.elementor-element-e7f625f > .elementor-motion-effects-container > .elementor-motion-effects-layer{background-attachment:scroll;}}@media(max-width:767px){.elementor-15362 .elementor-element.elementor-element-e7f625f{padding:50px 0px 50px 0px;}.elementor-15362 .elementor-element.elementor-element-6597964 .elementor-heading-title{font-size:25px;}}<\/style>\t\t<div data-elementor-type=\"wp-page\" data-elementor-id=\"15362\" class=\"elementor elementor-15362\" data-elementor-settings=\"{&quot;ha_cmc_init_switcher&quot;:&quot;no&quot;}\" data-elementor-post-type=\"page\">\n\t\t\t\t\t\t<section class=\"elementor-section elementor-top-section elementor-element elementor-element-e7f625f banner-page elementor-section-boxed elementor-section-height-default elementor-section-height-default\" data-id=\"e7f625f\" data-element_type=\"section\" data-settings=\"{&quot;background_background&quot;:&quot;classic&quot;,&quot;_ha_eqh_enable&quot;:false}\">\n\t\t\t\t\t\t\t<div class=\"elementor-background-overlay\"><\/div>\n\t\t\t\t\t\t\t<div class=\"elementor-container elementor-column-gap-default\">\n\t\t\t\t\t<div class=\"elementor-column elementor-col-100 elementor-top-column elementor-element elementor-element-47ded6a\" data-id=\"47ded6a\" data-element_type=\"column\">\n\t\t\t<div class=\"elementor-widget-wrap elementor-element-populated\">\n\t\t\t\t\t\t<div class=\"elementor-element elementor-element-6597964 elementor-widget elementor-widget-heading\" data-id=\"6597964\" data-element_type=\"widget\" data-widget_type=\"heading.default\">\n\t\t\t\t<div class=\"elementor-widget-container\">\n\t\t\t\t\t<h1 class=\"elementor-heading-title elementor-size-default\">Cursos<\/h1>\t\t\t\t<\/div>\n\t\t\t\t<\/div>\n\t\t\t\t\t<\/div>\n\t\t<\/div>\n\t\t\t\t\t<\/div>\n\t\t<\/section>\n\t\t\t\t<section class=\"elementor-section elementor-top-section elementor-element elementor-element-ef758a0 elementor-section-boxed elementor-section-height-default elementor-section-height-default\" data-id=\"ef758a0\" data-element_type=\"section\" data-settings=\"{&quot;background_background&quot;:&quot;classic&quot;,&quot;_ha_eqh_enable&quot;:&quot;yes&quot;,&quot;_ha_eqh_widget&quot;:[&quot;gva-career-block&quot;],&quot;_ha_eqh_to&quot;:&quot;widget&quot;,&quot;_ha_eqh_disable_on_tablet&quot;:&quot;no&quot;,&quot;_ha_eqh_disable_on_mobile&quot;:&quot;yes&quot;}\">\n\t\t\t\t\t\t<div class=\"elementor-container elementor-column-gap-default\">\n\t\t\t\t\t<div class=\"elementor-column elementor-col-50 elementor-top-column elementor-element elementor-element-d497b50\" data-id=\"d497b50\" data-element_type=\"column\">\n\t\t\t<div class=\"elementor-widget-wrap elementor-element-populated\">\n\t\t\t\t\t\t<div data-ha-element-link=\"{&quot;url&quot;:&quot;http:\\\/\\\/www1.fisica.org.br\\\/~cursos\\\/index.php\\\/minicurso-11&quot;,&quot;is_external&quot;:&quot;on&quot;,&quot;nofollow&quot;:&quot;&quot;}\" style=\"cursor: pointer\" class=\"elementor-element elementor-element-6cfee22 ha-has-bg-overlay elementor-widget elementor-widget-gva-career-block\" data-id=\"6cfee22\" data-element_type=\"widget\" data-widget_type=\"gva-career-block.default\">\n\t\t\t\t<div class=\"elementor-widget-container\">\n\t\t\t\t\t<div class=\"gva-element-gva-career-block gva-element\">   <div class=\"gsc-career\">\r\n               <div class=\"image-box\"><img decoding=\"async\" data-src=\"https:\/\/sbfisica.org.br\/v1\/sbf\/wp-content\/uploads\/2022\/06\/logo-cursos-sbf.png\" alt=\"Arte e Ci\u00eancia na Forma\u00e7\u00f5es de Professores(as) de F\u00edsica\" src=\"data:image\/svg+xml;base64,PHN2ZyB3aWR0aD0iMSIgaGVpZ2h0PSIxIiB4bWxucz0iaHR0cDovL3d3dy53My5vcmcvMjAwMC9zdmciPjwvc3ZnPg==\" class=\"lazyload\" \/><\/div>\r\n      \r\n      <div class=\"box-content clearfix\">\r\n                              <h2 class=\"title\">\r\n              <a href=\"http:\/\/www1.fisica.org.br\/~cursos\/index.php\/minicurso-11\" target=\"_blank\">Arte e Ci\u00eancia na Forma\u00e7\u00f5es de Professores(as) de F\u00edsica<\/a>            <\/h2>\r\n                  <div class=\"box-information clearfix\">\r\n            <ul>\r\n                                          <\/ul>\r\n         <\/div>\r\n      <\/div>   \r\n   <\/div>\r\n<\/div>\t\t\t\t<\/div>\n\t\t\t\t<\/div>\n\t\t\t\t<div data-ha-element-link=\"{&quot;url&quot;:&quot;https:\\\/\\\/www1.fisica.org.br\\\/~cursos\\\/index.php\\\/minicurso-13&quot;,&quot;is_external&quot;:&quot;on&quot;,&quot;nofollow&quot;:&quot;&quot;}\" style=\"cursor: pointer\" class=\"elementor-element elementor-element-724943d ha-has-bg-overlay elementor-widget elementor-widget-gva-career-block\" data-id=\"724943d\" data-element_type=\"widget\" data-widget_type=\"gva-career-block.default\">\n\t\t\t\t<div class=\"elementor-widget-container\">\n\t\t\t\t\t<div class=\"gva-element-gva-career-block gva-element\">   <div class=\"gsc-career\">\r\n               <div class=\"image-box\"><img decoding=\"async\" data-src=\"https:\/\/sbfisica.org.br\/v1\/sbf\/wp-content\/uploads\/2022\/06\/logo-cursos-sbf.png\" alt=\"F\u00edsica e Sociedade\" src=\"data:image\/svg+xml;base64,PHN2ZyB3aWR0aD0iMSIgaGVpZ2h0PSIxIiB4bWxucz0iaHR0cDovL3d3dy53My5vcmcvMjAwMC9zdmciPjwvc3ZnPg==\" class=\"lazyload\" \/><\/div>\r\n      \r\n      <div class=\"box-content clearfix\">\r\n                              <h2 class=\"title\">\r\n              <a href=\"https:\/\/www1.fisica.org.br\/~cursos\/index.php\/minicurso-13\" target=\"_blank\">F\u00edsica e Sociedade<\/a>            <\/h2>\r\n                  <div class=\"box-information clearfix\">\r\n            <ul>\r\n                                          <\/ul>\r\n         <\/div>\r\n      <\/div>   \r\n   <\/div>\r\n<\/div>\t\t\t\t<\/div>\n\t\t\t\t<\/div>\n\t\t\t\t<div data-ha-element-link=\"{&quot;url&quot;:&quot;http:\\\/\\\/www1.fisica.org.br\\\/~cursos\\\/index.php&quot;,&quot;is_external&quot;:&quot;&quot;,&quot;nofollow&quot;:&quot;&quot;}\" style=\"cursor: pointer\" class=\"elementor-element elementor-element-5ff7e0b elementor-widget elementor-widget-heading\" data-id=\"5ff7e0b\" data-element_type=\"widget\" data-widget_type=\"heading.default\">\n\t\t\t\t<div class=\"elementor-widget-container\">\n\t\t\t\t\t<h4 class=\"elementor-heading-title elementor-size-default\"><a href=\"http:\/\/www1.fisica.org.br\/~cursos\/index.php\">Cursos anteriores<\/a><\/h4>\t\t\t\t<\/div>\n\t\t\t\t<\/div>\n\t\t\t\t\t<\/div>\n\t\t<\/div>\n\t\t\t\t<div class=\"elementor-column elementor-col-50 elementor-top-column elementor-element elementor-element-655a905\" data-id=\"655a905\" data-element_type=\"column\">\n\t\t\t<div class=\"elementor-widget-wrap elementor-element-populated\">\n\t\t\t\t\t\t<div data-ha-element-link=\"{&quot;url&quot;:&quot;http:\\\/\\\/www1.fisica.org.br\\\/~cursos\\\/index.php\\\/minicurso-12&quot;,&quot;is_external&quot;:&quot;on&quot;,&quot;nofollow&quot;:&quot;&quot;}\" style=\"cursor: pointer\" class=\"elementor-element elementor-element-e802348 ha-has-bg-overlay elementor-widget elementor-widget-gva-career-block\" data-id=\"e802348\" data-element_type=\"widget\" data-widget_type=\"gva-career-block.default\">\n\t\t\t\t<div class=\"elementor-widget-container\">\n\t\t\t\t\t<div class=\"gva-element-gva-career-block gva-element\">   <div class=\"gsc-career\">\r\n               <div class=\"image-box\"><img decoding=\"async\" data-src=\"https:\/\/sbfisica.org.br\/v1\/sbf\/wp-content\/uploads\/2022\/06\/logo-cursos-sbf.png\" alt=\"Los Alamos Primer: a primeira transposi\u00e7\u00e3o did\u00e1tica sobre a hist\u00f3ria do desenvolvimento da bomba at\u00f4mica\" src=\"data:image\/svg+xml;base64,PHN2ZyB3aWR0aD0iMSIgaGVpZ2h0PSIxIiB4bWxucz0iaHR0cDovL3d3dy53My5vcmcvMjAwMC9zdmciPjwvc3ZnPg==\" class=\"lazyload\" \/><\/div>\r\n      \r\n      <div class=\"box-content clearfix\">\r\n                              <h2 class=\"title\">\r\n              <a href=\"http:\/\/www1.fisica.org.br\/~cursos\/index.php\/minicurso-12\" target=\"_blank\">Los Alamos Primer: a primeira transposi\u00e7\u00e3o did\u00e1tica sobre a hist\u00f3ria do desenvolvimento da bomba at\u00f4mica<\/a>            <\/h2>\r\n                  <div class=\"box-information clearfix\">\r\n            <ul>\r\n                                          <\/ul>\r\n         <\/div>\r\n      <\/div>   \r\n   <\/div>\r\n<\/div>\t\t\t\t<\/div>\n\t\t\t\t<\/div>\n\t\t\t\t\t<\/div>\n\t\t<\/div>\n\t\t\t\t\t<\/div>\n\t\t<\/section>\n\t\t\t\t<\/div>\n\t\t","protected":false},"excerpt":{"rendered":"<p>Cursos Arte e Ci\u00eancia na Forma\u00e7\u00f5es de Professores(as) de F\u00edsica F\u00edsica e Sociedade Cursos anteriores Los Alamos Primer: a primeira transposi\u00e7\u00e3o did\u00e1tica sobre a hist\u00f3ria do desenvolvimento da bomba at\u00f4mica<\/p>\n","protected":false},"author":10,"featured_media":16567,"parent":7972,"menu_order":15,"comment_status":"open","ping_status":"closed","template":"elementor_header_footer","meta":{"footnotes":""},"class_list":["post-15362","page","type-page","status-publish","has-post-thumbnail","hentry"],"aioseo_notices":[],"_links":{"self":[{"href":"https:\/\/www.sbfisica.org.br\/v1\/sbf\/wp-json\/wp\/v2\/pages\/15362","targetHints":{"allow":["GET"]}}],"collection":[{"href":"https:\/\/www.sbfisica.org.br\/v1\/sbf\/wp-json\/wp\/v2\/pages"}],"about":[{"href":"https:\/\/www.sbfisica.org.br\/v1\/sbf\/wp-json\/wp\/v2\/types\/page"}],"author":[{"embeddable":true,"href":"https:\/\/www.sbfisica.org.br\/v1\/sbf\/wp-json\/wp\/v2\/users\/10"}],"replies":[{"embeddable":true,"href":"https:\/\/www.sbfisica.org.br\/v1\/sbf\/wp-json\/wp\/v2\/comments?post=15362"}],"version-history":[{"count":68,"href":"https:\/\/www.sbfisica.org.br\/v1\/sbf\/wp-json\/wp\/v2\/pages\/15362\/revisions"}],"predecessor-version":[{"id":21933,"href":"https:\/\/www.sbfisica.org.br\/v1\/sbf\/wp-json\/wp\/v2\/pages\/15362\/revisions\/21933"}],"up":[{"embeddable":true,"href":"https:\/\/www.sbfisica.org.br\/v1\/sbf\/wp-json\/wp\/v2\/pages\/7972"}],"wp:featuredmedia":[{"embeddable":true,"href":"https:\/\/www.sbfisica.org.br\/v1\/sbf\/wp-json\/wp\/v2\/media\/16567"}],"wp:attachment":[{"href":"https:\/\/www.sbfisica.org.br\/v1\/sbf\/wp-json\/wp\/v2\/media?parent=15362"}],"curies":[{"name":"wp","href":"https:\/\/api.w.org\/{rel}","templated":true}]}}