{"id":10116,"date":"2022-05-14T23:20:17","date_gmt":"2022-05-15T02:20:17","guid":{"rendered":"https:\/\/sbfisica.org.br\/v1\/sbf\/?page_id=10116"},"modified":"2022-06-23T23:35:46","modified_gmt":"2022-06-24T02:35:46","slug":"mapa-do-site","status":"publish","type":"page","link":"https:\/\/www.sbfisica.org.br\/v1\/sbf\/mapa-do-site\/","title":{"rendered":"Mapa do Site"},"content":{"rendered":"<style>.elementor-10116 .elementor-element.elementor-element-58fc4106:not(.elementor-motion-effects-element-type-background), .elementor-10116 .elementor-element.elementor-element-58fc4106 > .elementor-motion-effects-container > .elementor-motion-effects-layer{background-color:#FAF9F6;background-image:url(\"https:\/\/www.sbfisica.org.br\/v1\/sbf\/wp-content\/uploads\/2022\/05\/newton-s-cradle-2021-08-26-22-30-01-utc-scaled.jpg\");background-position:center center;background-repeat:no-repeat;background-size:cover;}.elementor-10116 .elementor-element.elementor-element-58fc4106 > .elementor-background-overlay{background-color:transparent;background-image:linear-gradient(40deg, #063267 50%, #FFFFFF00 70%);opacity:0.9;transition:background 0.3s, border-radius 0.3s, opacity 0.3s;}.elementor-10116 .elementor-element.elementor-element-58fc4106 .elementor-background-overlay{filter:brightness( 100% ) contrast( 100% ) saturate( 100% ) blur( 0px ) hue-rotate( 0deg );}.elementor-10116 .elementor-element.elementor-element-58fc4106{transition:background 0.3s, border 0.3s, border-radius 0.3s, box-shadow 0.3s;margin-top:0%;margin-bottom:3%;padding:120px 0px 120px 0px;}.elementor-widget-heading .elementor-heading-title{font-family:var( --e-global-typography-primary-font-family ), raleway;font-weight:var( --e-global-typography-primary-font-weight );color:var( --e-global-color-primary );}.elementor-10116 .elementor-element.elementor-element-66855243{text-align:start;}.elementor-10116 .elementor-element.elementor-element-66855243 .elementor-heading-title{font-family:\"Kanit\", raleway;font-size:50px;font-weight:600;color:#FFFFFF;}.elementor-widget-sitemap .elementor-sitemap-title{color:var( --e-global-color-primary );font-family:var( --e-global-typography-primary-font-family ), raleway;font-weight:var( --e-global-typography-primary-font-weight );}.elementor-widget-sitemap .elementor-sitemap-item, .elementor-widget-sitemap span.elementor-sitemap-list, .elementor-widget-sitemap .elementor-sitemap-item a{color:var( --e-global-color-text );font-family:var( --e-global-typography-text-font-family ), raleway;font-weight:var( --e-global-typography-text-font-weight );}.elementor-widget-sitemap .elementor-sitemap-item{color:var( --e-global-color-text );}.elementor-10116 .elementor-element.elementor-element-d49271f .elementor-sitemap-section{flex-basis:calc( 1 \/ 2 * 100% );}.elementor-10116 .elementor-element.elementor-element-d49271f .elementor-sitemap-title{color:var( --e-global-color-secondary );}.elementor-10116 .elementor-element.elementor-element-d49271f .elementor-sitemap-item, .elementor-10116 .elementor-element.elementor-element-d49271f span.elementor-sitemap-list, .elementor-10116 .elementor-element.elementor-element-d49271f .elementor-sitemap-item a{font-family:\"Open Sans\", raleway;font-weight:400;text-decoration:underline;}.elementor-10116 .elementor-element.elementor-element-d49271f .elementor-sitemap-list, .elementor-10116 .elementor-element.elementor-element-d49271f .elementor-sitemap-list .children{list-style-type:disc;}:root{--page-title-display:none;}@media(max-width:1024px){.elementor-10116 .elementor-element.elementor-element-66855243 .elementor-heading-title{font-size:40px;}.elementor-10116 .elementor-element.elementor-element-d49271f .elementor-sitemap-section{flex-basis:calc( 1 \/ 2 * 100% );}}@media(min-width:1025px){.elementor-10116 .elementor-element.elementor-element-58fc4106:not(.elementor-motion-effects-element-type-background), .elementor-10116 .elementor-element.elementor-element-58fc4106 > .elementor-motion-effects-container > .elementor-motion-effects-layer{background-attachment:scroll;}}@media(max-width:767px){.elementor-10116 .elementor-element.elementor-element-58fc4106{padding:50px 0px 50px 0px;}.elementor-10116 .elementor-element.elementor-element-66855243 .elementor-heading-title{font-size:25px;}.elementor-10116 .elementor-element.elementor-element-d49271f .elementor-sitemap-section{flex-basis:calc( 1 \/ 1 * 100% );}}\/* Start custom CSS for sitemap, class: .elementor-element-d49271f *\/.elementor-sitemap-item  a:hover {\n    color: #A60707;\n}\/* End custom CSS *\/<\/style>\t\t<div data-elementor-type=\"wp-page\" data-elementor-id=\"10116\" class=\"elementor elementor-10116\" data-elementor-settings=\"{&quot;ha_cmc_init_switcher&quot;:&quot;no&quot;}\" data-elementor-post-type=\"page\">\n\t\t\t\t\t\t<section class=\"elementor-section elementor-top-section elementor-element elementor-element-58fc4106 elementor-section-boxed elementor-section-height-default elementor-section-height-default\" data-id=\"58fc4106\" data-element_type=\"section\" data-settings=\"{&quot;background_background&quot;:&quot;classic&quot;,&quot;_ha_eqh_enable&quot;:false}\">\n\t\t\t\t\t\t\t<div class=\"elementor-background-overlay\"><\/div>\n\t\t\t\t\t\t\t<div class=\"elementor-container elementor-column-gap-default\">\n\t\t\t\t\t<div class=\"elementor-column elementor-col-100 elementor-top-column elementor-element elementor-element-2e3b0479\" data-id=\"2e3b0479\" data-element_type=\"column\">\n\t\t\t<div class=\"elementor-widget-wrap elementor-element-populated\">\n\t\t\t\t\t\t<div class=\"elementor-element elementor-element-66855243 elementor-widget elementor-widget-heading\" data-id=\"66855243\" data-element_type=\"widget\" data-widget_type=\"heading.default\">\n\t\t\t\t<div class=\"elementor-widget-container\">\n\t\t\t\t\t<h1 class=\"elementor-heading-title elementor-size-default\">Mapa do Site<\/h1>\t\t\t\t<\/div>\n\t\t\t\t<\/div>\n\t\t\t\t\t<\/div>\n\t\t<\/div>\n\t\t\t\t\t<\/div>\n\t\t<\/section>\n\t\t\t\t<section class=\"elementor-section elementor-top-section elementor-element elementor-element-27c2fd7 elementor-section-boxed elementor-section-height-default elementor-section-height-default\" data-id=\"27c2fd7\" data-element_type=\"section\" data-settings=\"{&quot;_ha_eqh_enable&quot;:false}\">\n\t\t\t\t\t\t<div class=\"elementor-container elementor-column-gap-default\">\n\t\t\t\t\t<div class=\"elementor-column elementor-col-100 elementor-top-column elementor-element elementor-element-0eb4db4\" data-id=\"0eb4db4\" data-element_type=\"column\">\n\t\t\t<div class=\"elementor-widget-wrap elementor-element-populated\">\n\t\t\t\t\t\t<div class=\"elementor-element elementor-element-d49271f elementor-widget elementor-widget-sitemap\" data-id=\"d49271f\" data-element_type=\"widget\" data-widget_type=\"sitemap.default\">\n\t\t\t\t<div class=\"elementor-widget-container\">\n\t\t\t\t\t<div class=\"elementor-sitemap-wrap\"><div class=\"elementor-sitemap-section\"><h2 class=\"elementor-sitemap-title elementor-sitemap-page-title\">P\u00e1ginas<\/h2><ul class=\"elementor-sitemap-list elementor-sitemap-page-list\"><li class=\"elementor-sitemap-item elementor-sitemap-item-page page_item page-item-3549\"><a href=\"https:\/\/www.sbfisica.org.br\/v1\/sbf\/anuncios-da-sbf\/\">An\u00fancios<\/a><\/li><li class=\"elementor-sitemap-item elementor-sitemap-item-page page_item page-item-14997\"><a href=\"https:\/\/www.sbfisica.org.br\/v1\/sbf\/boletim\/\">Boletim<\/a><ul class='children'><li class=\"elementor-sitemap-item elementor-sitemap-item-page page_item page-item-4569\"><a href=\"https:\/\/www.sbfisica.org.br\/v1\/sbf\/boletim\/boletim-eletronico\/\">Boletim Eletr\u00f4nico<\/a><\/li><li class=\"elementor-sitemap-item elementor-sitemap-item-page page_item page-item-9899\"><a href=\"https:\/\/www.sbfisica.org.br\/v1\/sbf\/boletim\/boletins-impressos\/\">Boletins Impressos<\/a><\/li><\/ul><\/li><li class=\"elementor-sitemap-item elementor-sitemap-item-page page_item page-item-7950\"><a href=\"https:\/\/www.sbfisica.org.br\/v1\/sbf\/socios\/\">S\u00f3cios<\/a><ul class='children'><li class=\"elementor-sitemap-item elementor-sitemap-item-page page_item page-item-7993\"><a href=\"https:\/\/www.sbfisica.org.br\/v1\/sbf\/socios\/seja-socio\/\">Seja S\u00f3cio<\/a><\/li><li class=\"elementor-sitemap-item elementor-sitemap-item-page page_item page-item-8315\"><a href=\"https:\/\/www.sbfisica.org.br\/v1\/sbf\/socios\/beneficios\/\">Benef\u00edcios<\/a><ul class='children'><li class=\"elementor-sitemap-item elementor-sitemap-item-page page_item page-item-3755\"><a href=\"https:\/\/www.sbfisica.org.br\/v1\/sbf\/socios\/beneficios\/assistencia-pessoal\/\">Assist\u00eancia Pessoal<\/a><\/li><li class=\"elementor-sitemap-item elementor-sitemap-item-page page_item page-item-8328\"><a href=\"https:\/\/www.sbfisica.org.br\/v1\/sbf\/socios\/beneficios\/plano-saude-dental\/\">Plano de Sa\u00fade Dental<\/a><ul class='children'><li class=\"elementor-sitemap-item elementor-sitemap-item-page page_item page-item-3753\"><a href=\"https:\/\/www.sbfisica.org.br\/v1\/sbf\/socios\/beneficios\/plano-saude-dental\/antigo-plano\/\">Plano Antigo<\/a><\/li><li class=\"elementor-sitemap-item elementor-sitemap-item-page page_item page-item-4416\"><a href=\"https:\/\/www.sbfisica.org.br\/v1\/sbf\/socios\/beneficios\/plano-saude-dental\/comunicados-ransom\/\">Comunicados Ransom<\/a><\/li><li class=\"elementor-sitemap-item elementor-sitemap-item-page page_item page-item-8334\"><a href=\"https:\/\/www.sbfisica.org.br\/v1\/sbf\/socios\/beneficios\/plano-saude-dental\/regras-do-plano\/\">Regras do Plano<\/a><\/li><li class=\"elementor-sitemap-item elementor-sitemap-item-page page_item page-item-8339\"><a href=\"https:\/\/www.sbfisica.org.br\/v1\/sbf\/socios\/beneficios\/plano-saude-dental\/opcoes-de-cobertura\/\">Op\u00e7\u00f5es de Cobertura<\/a><\/li><\/ul><\/li><\/ul><\/li><\/ul><\/li><li class=\"elementor-sitemap-item elementor-sitemap-item-page page_item page-item-7972\"><a href=\"https:\/\/www.sbfisica.org.br\/v1\/sbf\/eventos\/\">Eventos<\/a><ul class='children'><li class=\"elementor-sitemap-item elementor-sitemap-item-page page_item page-item-15362\"><a href=\"https:\/\/www.sbfisica.org.br\/v1\/sbf\/eventos\/cursos\/\">Cursos<\/a><\/li><li class=\"elementor-sitemap-item elementor-sitemap-item-page page_item page-item-3538\"><a href=\"https:\/\/www.sbfisica.org.br\/v1\/sbf\/eventos\/eventos-realizados\/\">Eventos realizados<\/a><\/li><li class=\"elementor-sitemap-item elementor-sitemap-item-page page_item page-item-7983\"><a href=\"https:\/\/www.sbfisica.org.br\/v1\/sbf\/eventos\/instrucoes-para-organizadores\/\">Instru\u00e7\u00f5es para organizadores<\/a><\/li><li class=\"elementor-sitemap-item elementor-sitemap-item-page page_item page-item-19577\"><a href=\"https:\/\/www.sbfisica.org.br\/v1\/sbf\/eventos\/calendario-de-atividades\/\">Calend\u00e1rio de Atividades<\/a><\/li><li class=\"elementor-sitemap-item elementor-sitemap-item-page page_item page-item-7162\"><a href=\"https:\/\/www.sbfisica.org.br\/v1\/sbf\/eventos\/calendario-de-eventos\/\">Calend\u00e1rio de Eventos<\/a><\/li><\/ul><\/li><li class=\"elementor-sitemap-item elementor-sitemap-item-page page_item page-item-15434\"><a href=\"https:\/\/www.sbfisica.org.br\/v1\/sbf\/politica-de-privacidade\/\">Pol\u00edtica de Privacidade<\/a><\/li><li class=\"elementor-sitemap-item elementor-sitemap-item-page page_item page-item-23884\"><a href=\"https:\/\/www.sbfisica.org.br\/v1\/sbf\/fisica-ao-vivo\/\">F\u00edsica ao Vivo<\/a><\/li><li class=\"elementor-sitemap-item elementor-sitemap-item-page page_item page-item-7249\"><a href=\"https:\/\/www.sbfisica.org.br\/v1\/sbf\/sobre-nos\/\">A Sociedade Brasileira de F\u00edsica?<\/a><ul class='children'><li class=\"elementor-sitemap-item elementor-sitemap-item-page page_item page-item-3565\"><a href=\"https:\/\/www.sbfisica.org.br\/v1\/sbf\/sobre-nos\/diretrizes-eticas\/\">Diretrizes \u00c9ticas<\/a><\/li><li class=\"elementor-sitemap-item elementor-sitemap-item-page page_item page-item-4919\"><a href=\"https:\/\/www.sbfisica.org.br\/v1\/sbf\/sobre-nos\/secretarios-de-divisoes-estaduais\/\">Secret\u00e1rios de Divis\u00f5es Estaduais<\/a><\/li><li class=\"elementor-sitemap-item elementor-sitemap-item-page page_item page-item-5442\"><a href=\"https:\/\/www.sbfisica.org.br\/v1\/sbf\/sobre-nos\/estatutos-atas-relatorios\/\">Estatutos, Atas e Relat\u00f3rios<\/a><ul class='children'><li class=\"elementor-sitemap-item elementor-sitemap-item-page page_item page-item-3564\"><a href=\"https:\/\/www.sbfisica.org.br\/v1\/sbf\/sobre-nos\/estatutos-atas-relatorios\/estatuto-da-sbf\/\">Estatuto da SBF<\/a><\/li><li class=\"elementor-sitemap-item elementor-sitemap-item-page page_item page-item-3566\"><a href=\"https:\/\/www.sbfisica.org.br\/v1\/sbf\/sobre-nos\/estatutos-atas-relatorios\/atas-das-reunioes\/\">Atas das Reuni\u00f5es<\/a><\/li><li class=\"elementor-sitemap-item elementor-sitemap-item-page page_item page-item-4159\"><a href=\"https:\/\/www.sbfisica.org.br\/v1\/sbf\/sobre-nos\/estatutos-atas-relatorios\/relatorios\/\">Relat\u00f3rios<\/a><\/li><\/ul><\/li><li class=\"elementor-sitemap-item elementor-sitemap-item-page page_item page-item-612\"><a href=\"https:\/\/www.sbfisica.org.br\/v1\/sbf\/sobre-nos\/historia\/\">Hist\u00f3ria<\/a><\/li><li class=\"elementor-sitemap-item elementor-sitemap-item-page page_item page-item-7052\"><a href=\"https:\/\/www.sbfisica.org.br\/v1\/sbf\/sobre-nos\/sociedades-parceiras\/\">Sociedades Parceiras<\/a><\/li><li class=\"elementor-sitemap-item elementor-sitemap-item-page page_item page-item-10461\"><a href=\"https:\/\/www.sbfisica.org.br\/v1\/sbf\/sobre-nos\/diretoria\/\">Diretoria<\/a><\/li><\/ul><\/li><li class=\"elementor-sitemap-item elementor-sitemap-item-page page_item page-item-10073\"><a href=\"https:\/\/www.sbfisica.org.br\/v1\/sbf\/premios\/\">Premia\u00e7\u00f5es<\/a><ul class='children'><li class=\"elementor-sitemap-item elementor-sitemap-item-page page_item page-item-4364\"><a href=\"https:\/\/www.sbfisica.org.br\/v1\/sbf\/premios\/premio-joaquim-da-costa-ribeiro\/\">Pr\u00eamio Joaquim da Costa Ribeiro<\/a><\/li><li class=\"elementor-sitemap-item elementor-sitemap-item-page page_item page-item-4600\"><a href=\"https:\/\/www.sbfisica.org.br\/v1\/sbf\/premios\/premio-ernesto-hamburger\/\">Pr\u00eamio Ernesto Hamburger<\/a><\/li><li class=\"elementor-sitemap-item elementor-sitemap-item-page page_item page-item-4855\"><a href=\"https:\/\/www.sbfisica.org.br\/v1\/sbf\/premios\/premio-jose-leite-lopes\/\">Pr\u00eamio Jos\u00e9 Leite Lopes<\/a><\/li><li class=\"elementor-sitemap-item elementor-sitemap-item-page page_item page-item-4858\"><a href=\"https:\/\/www.sbfisica.org.br\/v1\/sbf\/premios\/premio-anselmo-salles-paschoa\/\">Pr\u00eamio Anselmo Salles Paschoa<\/a><\/li><li class=\"elementor-sitemap-item elementor-sitemap-item-page page_item page-item-8063\"><a href=\"https:\/\/www.sbfisica.org.br\/v1\/sbf\/premios\/premio-carolina-nemes\/\">Pr\u00eamio Carolina Nemes?<\/a><\/li><\/ul><\/li><li class=\"elementor-sitemap-item elementor-sitemap-item-page page_item page-item-610\"><a href=\"https:\/\/www.sbfisica.org.br\/v1\/sbf\/contato\/\">Contato<\/a><\/li><li class=\"elementor-sitemap-item elementor-sitemap-item-page page_item page-item-23420\"><a href=\"https:\/\/www.sbfisica.org.br\/v1\/sbf\/verifisica\/\">VeriF\u00edsica<\/a><ul class='children'><li class=\"elementor-sitemap-item elementor-sitemap-item-page page_item page-item-23706\"><a href=\"https:\/\/www.sbfisica.org.br\/v1\/sbf\/verifisica\/o-verifisica\/\">O VeriF\u00edsica<\/a><\/li><\/ul><\/li><li class=\"elementor-sitemap-item elementor-sitemap-item-page page_item page-item-8322\"><a href=\"https:\/\/www.sbfisica.org.br\/v1\/sbf\/comissoes\/\">Comiss\u00f5es<\/a><ul class='children'><li class=\"elementor-sitemap-item elementor-sitemap-item-page page_item page-item-8543\"><a href=\"https:\/\/www.sbfisica.org.br\/v1\/sbf\/comissoes\/grupos-de-trabalho\/\">Grupos de Trabalho<\/a><\/li><li class=\"elementor-sitemap-item elementor-sitemap-item-page page_item page-item-8578\"><a href=\"https:\/\/www.sbfisica.org.br\/v1\/sbf\/comissoes\/comissoes-de-area\/\">Comiss\u00f5es de \u00c1rea<\/a><ul class='children'><li class=\"elementor-sitemap-item elementor-sitemap-item-page page_item page-item-4056\"><a href=\"https:\/\/www.sbfisica.org.br\/v1\/sbf\/comissoes\/comissoes-de-area\/ca-ptc-fisica-de-particulas-e-campos\/\">PTC: F\u00edsica de Part\u00edculas e Campos<\/a><\/li><li class=\"elementor-sitemap-item elementor-sitemap-item-page page_item page-item-3585\"><a href=\"https:\/\/www.sbfisica.org.br\/v1\/sbf\/comissoes\/comissoes-de-area\/pla-fisica-de-plasmas\/\">PLA: F\u00edsica de Plasmas<\/a><\/li><li class=\"elementor-sitemap-item elementor-sitemap-item-page page_item page-item-3586\"><a href=\"https:\/\/www.sbfisica.org.br\/v1\/sbf\/comissoes\/comissoes-de-area\/pef-pesquisa-em-ensino-de-fisica\/\">PEF: Pesquisa em Ensino de F\u00edsica<\/a><\/li><li class=\"elementor-sitemap-item elementor-sitemap-item-page page_item page-item-3587\"><a href=\"https:\/\/www.sbfisica.org.br\/v1\/sbf\/comissoes\/comissoes-de-area\/oti-otica-e-fotonica\/\">OTI: \u00d3tica e Fot\u00f4nica<\/a><\/li><li class=\"elementor-sitemap-item elementor-sitemap-item-page page_item page-item-3588\"><a href=\"https:\/\/www.sbfisica.org.br\/v1\/sbf\/comissoes\/comissoes-de-area\/nuc-fisica-nuclear-e-aplicacoes\/\">NUC: F\u00edsica Nuclear e Aplica\u00e7\u00f5es<\/a><\/li><li class=\"elementor-sitemap-item elementor-sitemap-item-page page_item page-item-3589\"><a href=\"https:\/\/www.sbfisica.org.br\/v1\/sbf\/comissoes\/comissoes-de-area\/med-fisica-medica\/\">MED: F\u00edsica M\u00e9dica<\/a><\/li><li class=\"elementor-sitemap-item elementor-sitemap-item-page page_item page-item-3590\"><a href=\"https:\/\/www.sbfisica.org.br\/v1\/sbf\/comissoes\/comissoes-de-area\/fmc-fisica-da-materia-condensada-e-de-materiais\/\">FMC: F\u00edsica da Mat\u00e9ria Condensada e de Materiais<\/a><\/li><li class=\"elementor-sitemap-item elementor-sitemap-item-page page_item page-item-3591\"><a href=\"https:\/\/www.sbfisica.org.br\/v1\/sbf\/comissoes\/comissoes-de-area\/fma-fisica-matematica\/\">FMA: F\u00edsica Matem\u00e1tica<\/a><\/li><li class=\"elementor-sitemap-item elementor-sitemap-item-page page_item page-item-3592\"><a href=\"https:\/\/www.sbfisica.org.br\/v1\/sbf\/comissoes\/comissoes-de-area\/fem-fisica-na-empresa\/\">FEM: F\u00edsica na Empresa<\/a><\/li><li class=\"elementor-sitemap-item elementor-sitemap-item-page page_item page-item-3593\"><a href=\"https:\/\/www.sbfisica.org.br\/v1\/sbf\/comissoes\/comissoes-de-area\/est-fisica-estatistica-e-computacional\/\">EST: F\u00edsica Estat\u00edstica e Computacional<\/a><\/li><li class=\"elementor-sitemap-item elementor-sitemap-item-page page_item page-item-3594\"><a href=\"https:\/\/www.sbfisica.org.br\/v1\/sbf\/comissoes\/comissoes-de-area\/bio-fisica-biologica\/\">BIO: F\u00edsica Biol\u00f3gica<\/a><\/li><li class=\"elementor-sitemap-item elementor-sitemap-item-page page_item page-item-3595\"><a href=\"https:\/\/www.sbfisica.org.br\/v1\/sbf\/comissoes\/comissoes-de-area\/ato-fisica-atomica-e-molecular\/\">ATO: F\u00edsica At\u00f4mica e Molecular<\/a><\/li><li class=\"elementor-sitemap-item elementor-sitemap-item-page page_item page-item-20960\"><a href=\"https:\/\/www.sbfisica.org.br\/v1\/sbf\/comissoes\/comissoes-de-area\/tiq-ciencia-e-tecnologias-de-informacao-quantica\/\">TIQ: Ci\u00eancia e Tecnologias de Informa\u00e7\u00e3o Qu\u00e2ntica<\/a><\/li><\/ul><\/li><\/ul><\/li><li class=\"elementor-sitemap-item elementor-sitemap-item-page page_item page-item-25992\"><a href=\"https:\/\/www.sbfisica.org.br\/v1\/sbf\/especial-ano-quantico\/\">Especial Ano Qu\u00e2ntico<\/a><ul class='children'><li class=\"elementor-sitemap-item elementor-sitemap-item-page page_item page-item-26045\"><a href=\"https:\/\/www.sbfisica.org.br\/v1\/sbf\/especial-ano-quantico\/ano-quantico\/\">Ano Qu\u00e2ntico?<\/a><\/li><\/ul><\/li><li class=\"elementor-sitemap-item elementor-sitemap-item-page page_item page-item-7310\"><a href=\"https:\/\/www.sbfisica.org.br\/v1\/sbf\/doe\/\">Doe<\/a><\/li><li class=\"elementor-sitemap-item elementor-sitemap-item-page page_item page-item-7832\"><a href=\"https:\/\/www.sbfisica.org.br\/v1\/sbf\/publicacoes\/\">Publica\u00e7\u00f5es<\/a><ul class='children'><li class=\"elementor-sitemap-item elementor-sitemap-item-page page_item page-item-3580\"><a href=\"https:\/\/www.sbfisica.org.br\/v1\/sbf\/publicacoes\/livros-e-estudos\/\">Livros e Estudos<\/a><\/li><li class=\"elementor-sitemap-item elementor-sitemap-item-page page_item page-item-7867\"><a href=\"https:\/\/www.sbfisica.org.br\/v1\/sbf\/publicacoes\/revistas\/\">Revistas<\/a><\/li><\/ul><\/li><li class=\"elementor-sitemap-item elementor-sitemap-item-page page_item page-item-30368\"><a href=\"https:\/\/www.sbfisica.org.br\/v1\/sbf\/parceria-sbf-aps-de-intercambio-cientifico-brasil-eua\/\">Parceria SBF-APS de Interc\u00e2mbio Cient\u00edfico Brasil-EUA<\/a><\/li><li class=\"elementor-sitemap-item elementor-sitemap-item-page page_item page-item-15012\"><a href=\"https:\/\/www.sbfisica.org.br\/v1\/sbf\/noticias\/\">Not\u00edcias<\/a><\/li><li class=\"elementor-sitemap-item elementor-sitemap-item-page page_item page-item-28594\"><a href=\"https:\/\/www.sbfisica.org.br\/v1\/sbf\/secretaria-de-divisao-estadual-es\/\">Secretaria de Divis\u00e3o Estadual &#8211; ES<\/a><ul class='children'><li class=\"elementor-sitemap-item elementor-sitemap-item-page page_item page-item-28605\"><a href=\"https:\/\/www.sbfisica.org.br\/v1\/sbf\/secretaria-de-divisao-estadual-es\/membros-sec-divisao-estadual-espirito-santo\/\">Membros &#8211; Sec. Divis\u00e3o Estadual Esp\u00edrito Santo<\/a><\/li><li class=\"elementor-sitemap-item elementor-sitemap-item-page page_item page-item-28616\"><a href=\"https:\/\/www.sbfisica.org.br\/v1\/sbf\/secretaria-de-divisao-estadual-es\/contato-sec-de-divisao-estadual-es\/\">Contato &#8211; Sec. de Divis\u00e3o Estadual &#8211; ES<\/a><\/li><li class=\"elementor-sitemap-item elementor-sitemap-item-page page_item page-item-30684\"><a href=\"https:\/\/www.sbfisica.org.br\/v1\/sbf\/secretaria-de-divisao-estadual-es\/arquivo-artigos-sec-divisao-estadual-espirito-santo\/\">Arquivo de artigos da Sec. de Divis\u00e3o Estadual do Esp\u00edrito Santo<\/a><\/li><li class=\"elementor-sitemap-item elementor-sitemap-item-page page_item page-item-30693\"><a href=\"https:\/\/www.sbfisica.org.br\/v1\/sbf\/secretaria-de-divisao-estadual-es\/arquivo-eventos-secretaria-divisao-estadual-espirito-santo\/\">Arquivo de eventos da Sec. de Divis\u00e3o Estadual do Esp\u00edrito Santo<\/a><\/li><\/ul><\/li><li class=\"elementor-sitemap-item elementor-sitemap-item-page page_item page-item-8150\"><a href=\"https:\/\/www.sbfisica.org.br\/v1\/sbf\/ensino\/\">Ensino<\/a><\/li><li class=\"elementor-sitemap-item elementor-sitemap-item-page page_item page-item-25834\"><a href=\"https:\/\/www.sbfisica.org.br\/v1\/sbf\/rbef\/\">RBEF<\/a><ul class='children'><li class=\"elementor-sitemap-item elementor-sitemap-item-page page_item page-item-29256\"><a href=\"https:\/\/www.sbfisica.org.br\/v1\/sbf\/rbef\/edicoes-da-rbef\/\">Edi\u00e7\u00f5es da RBEF<\/a><\/li><li class=\"elementor-sitemap-item elementor-sitemap-item-page page_item page-item-25840\"><a href=\"https:\/\/www.sbfisica.org.br\/v1\/sbf\/rbef\/sobre-a-rbef\/\">Sobre a RBEF<\/a><\/li><li class=\"elementor-sitemap-item elementor-sitemap-item-page page_item page-item-25846\"><a href=\"https:\/\/www.sbfisica.org.br\/v1\/sbf\/rbef\/diretrizes-de-publicacao\/\">Diretrizes de Publica\u00e7\u00e3o<\/a><\/li><\/ul><\/li><li class=\"elementor-sitemap-item elementor-sitemap-item-page page_item page-item-27127\"><a href=\"https:\/\/www.sbfisica.org.br\/v1\/sbf\/webminicursos-sbf\/\">Webminicursos SBF<\/a><ul class='children'><li class=\"elementor-sitemap-item elementor-sitemap-item-page page_item page-item-27287\"><a href=\"https:\/\/www.sbfisica.org.br\/v1\/sbf\/webminicursos-sbf\/instrucoes-de-submissao-e-codigo-de-conduta\/\">Instru\u00e7\u00f5es de Submiss\u00e3o e C\u00f3digo de Conduta<\/a><\/li><li class=\"elementor-sitemap-item elementor-sitemap-item-page page_item page-item-27296\"><a href=\"https:\/\/www.sbfisica.org.br\/v1\/sbf\/webminicursos-sbf\/contato-webminicursos\/\">Contato Webminicursos<\/a><\/li><\/ul><\/li><\/ul><\/div><\/div>\t\t\t\t<\/div>\n\t\t\t\t<\/div>\n\t\t\t\t\t<\/div>\n\t\t<\/div>\n\t\t\t\t\t<\/div>\n\t\t<\/section>\n\t\t\t\t<\/div>\n\t\t","protected":false},"excerpt":{"rendered":"<p>Mapa do Site<\/p>\n","protected":false},"author":10,"featured_media":16567,"parent":0,"menu_order":0,"comment_status":"closed","ping_status":"closed","template":"elementor_header_footer","meta":{"footnotes":""},"class_list":["post-10116","page","type-page","status-publish","has-post-thumbnail","hentry"],"aioseo_notices":[],"_links":{"self":[{"href":"https:\/\/www.sbfisica.org.br\/v1\/sbf\/wp-json\/wp\/v2\/pages\/10116","targetHints":{"allow":["GET"]}}],"collection":[{"href":"https:\/\/www.sbfisica.org.br\/v1\/sbf\/wp-json\/wp\/v2\/pages"}],"about":[{"href":"https:\/\/www.sbfisica.org.br\/v1\/sbf\/wp-json\/wp\/v2\/types\/page"}],"author":[{"embeddable":true,"href":"https:\/\/www.sbfisica.org.br\/v1\/sbf\/wp-json\/wp\/v2\/users\/10"}],"replies":[{"embeddable":true,"href":"https:\/\/www.sbfisica.org.br\/v1\/sbf\/wp-json\/wp\/v2\/comments?post=10116"}],"version-history":[{"count":32,"href":"https:\/\/www.sbfisica.org.br\/v1\/sbf\/wp-json\/wp\/v2\/pages\/10116\/revisions"}],"predecessor-version":[{"id":12169,"href":"https:\/\/www.sbfisica.org.br\/v1\/sbf\/wp-json\/wp\/v2\/pages\/10116\/revisions\/12169"}],"wp:featuredmedia":[{"embeddable":true,"href":"https:\/\/www.sbfisica.org.br\/v1\/sbf\/wp-json\/wp\/v2\/media\/16567"}],"wp:attachment":[{"href":"https:\/\/www.sbfisica.org.br\/v1\/sbf\/wp-json\/wp\/v2\/media?parent=10116"}],"curies":[{"name":"wp","href":"https:\/\/api.w.org\/{rel}","templated":true}]}}